{"id":5637,"date":"2023-06-14T13:19:56","date_gmt":"2023-06-14T13:19:56","guid":{"rendered":"https:\/\/nivegy.com\/?post_type=product&#038;p=5637"},"modified":"2024-06-29T07:23:02","modified_gmt":"2024-06-29T07:23:02","slug":"kellerei-dombi","status":"publish","type":"product","link":"https:\/\/nivegy.com\/de\/termek\/kellerei-dombi\/","title":{"rendered":"Kellerei Dombi"},"content":{"rendered":"<p><strong>Die Familie Dombi lebt und bewirtschaftet seit Generationen das wundersch\u00f6ne Balaton-Oberland, denn auch ihre Vorfahren waren in <a href=\"https:\/\/maps.app.goo.gl\/gtmzxEgs3arPSYrU6\">Szentantalfa<\/a> und Mencshely ans\u00e4ssig.<\/strong><\/p>\n<p>Die Familie Dombi bem\u00fcht sich, die Werte ihrer Eltern und Vorfahren in Bezug auf Familie, Gemeinschaft und Freundschaft zu bewahren. Sie m\u00f6chten auch die Traditionen der Landwirtschaft, des Weinbaus und der Weinherstellung weitergeben.<\/p>\n<p>Neben dem Genuss ihrer edlen Weine bieten sie eine ersehnte ruhige Idylle, aber auch den lauten, fr\u00f6hlichen L\u00e4rm des Zusammenkommens von Freunden.Die treibende Kraft hinter ihrem Anwesen sind die Familie und enge Freunde. Sie streben danach, die Arbeit zu einer gemeinsamen Erfahrung zu machen. Diese ist der Herstellung von Qualit\u00e4tsweinen mit einem einzigartigen Charakter untergeordnet.\u00a0Aus diesem Grund sind ihre Weine nur in begrenzten Flaschenmengen erh\u00e4ltlich.<\/p>\n<p>Die Kellerei Dombi ist ein 6 Hektar gro\u00dfes Weingut in Szentantalfa. Die Weinberge erstrecken sich von Hegyest\u0171 \u00fcber die <a href=\"https:\/\/nivegy.com\/de\/termek\/heiliger-blasius\/\">Kirchenruine Heiliger Blasius<\/a> (Szent Bal\u00e1zs) bis zum oberen Ende des Tals und nach Pirkanc in Balatoncsics\u00f3. Diese kann man leicht an einem Nachmittag mit dem Fahrrad umrunden und Wanderfreunde k\u00f6nnen aus einer Vielzahl von Wanderwegen w\u00e4hlen.<\/p>\n<p>Das Gut ist wie auch das Nivegy-Tal das ganze Jahr \u00fcber ge\u00f6ffnet.<\/p>\n<h4>Weinauswahl<\/h4>\n<p>Bergwein Welschriesling, Blaufr\u00e4nkisch Ros\u00e9, Blaufr\u00e4nkisch Rot, Welschriesling, Traminer<\/p>\n<p>Sonstiges: Traubensaft und Marmelade aus den Fr\u00fcchten des Gutes<\/p>\n","protected":false},"excerpt":{"rendered":"<p>Die Familie Dombi lebt und bewirtschaftet seit Generationen das wundersch\u00f6ne Balaton-Oberland, denn auch ihre Vorfahren waren in Szentantalfa und Mencshely ans\u00e4ssig. Die Familie Dombi bem\u00fcht sich, die Werte ihrer Eltern und Vorfahren in Bezug auf Familie, Gemeinschaft und Freundschaft zu bewahren. Sie m\u00f6chten auch die Traditionen der Landwirtschaft, des Weinbaus und der Weinherstellung weitergeben. Neben [&hellip;]<\/p>\n","protected":false},"featured_media":3295,"comment_status":"closed","ping_status":"closed","template":"","meta":{"_acf_changed":false},"product_brand":[],"product_cat":[480],"product_tag":[],"class_list":{"0":"post-5637","1":"product","2":"type-product","3":"status-publish","4":"has-post-thumbnail","6":"product_cat-keller","8":"first","9":"instock","10":"shipping-taxable","11":"product-type-simple"},"acf":[],"yoast_head":"<!-- This site is optimized with the Yoast SEO plugin v27.4 - https:\/\/yoast.com\/product\/yoast-seo-wordpress\/ -->\n<title>Kellerei Dombi - Nivegy.com<\/title>\n<meta name=\"description\" content=\"Neben dem Genuss der edlen Weine des Kellerei Dombi findest du hier die ersehnte, ruhige Idylle, aber auch den lauten, fr\u00f6hlichen L\u00e4rm von Freundestreffen.\" \/>\n<meta name=\"robots\" content=\"index, follow, max-snippet:-1, max-image-preview:large, max-video-preview:-1\" \/>\n<link rel=\"canonical\" href=\"https:\/\/nivegy.com\/de\/termek\/kellerei-dombi\/\" \/>\n<meta property=\"og:locale\" content=\"de_DE\" \/>\n<meta property=\"og:type\" content=\"article\" \/>\n<meta property=\"og:title\" content=\"Kellerei Dombi - Nivegy.com\" \/>\n<meta property=\"og:description\" content=\"Neben dem Genuss der edlen Weine des Kellerei Dombi findest du hier die ersehnte, ruhige Idylle, aber auch den lauten, fr\u00f6hlichen L\u00e4rm von Freundestreffen.\" \/>\n<meta property=\"og:url\" content=\"https:\/\/nivegy.com\/de\/termek\/kellerei-dombi\/\" \/>\n<meta property=\"og:site_name\" content=\"Nivegy.com\" \/>\n<meta property=\"article:publisher\" content=\"https:\/\/www.facebook.com\/nivegy\" \/>\n<meta property=\"article:modified_time\" content=\"2024-06-29T07:23:02+00:00\" \/>\n<meta property=\"og:image\" content=\"https:\/\/nivegy.com\/wp-content\/uploads\/2023\/06\/P-Dombi-1.1.webp\" \/>\n\t<meta property=\"og:image:width\" content=\"1000\" \/>\n\t<meta property=\"og:image:height\" content=\"1000\" \/>\n\t<meta property=\"og:image:type\" content=\"image\/webp\" \/>\n<meta name=\"twitter:card\" content=\"summary_large_image\" \/>\n<meta name=\"twitter:label1\" content=\"Gesch\u00e4tzte Lesezeit\" \/>\n\t<meta name=\"twitter:data1\" content=\"2\u00a0Minuten\" \/>\n<script type=\"application\/ld+json\" class=\"yoast-schema-graph\">{\"@context\":\"https:\\\/\\\/schema.org\",\"@graph\":[{\"@type\":\"WebPage\",\"@id\":\"https:\\\/\\\/nivegy.com\\\/de\\\/termek\\\/kellerei-dombi\\\/\",\"url\":\"https:\\\/\\\/nivegy.com\\\/de\\\/termek\\\/kellerei-dombi\\\/\",\"name\":\"Kellerei Dombi - Nivegy.com\",\"isPartOf\":{\"@id\":\"https:\\\/\\\/nivegy.com\\\/#website\"},\"primaryImageOfPage\":{\"@id\":\"https:\\\/\\\/nivegy.com\\\/de\\\/termek\\\/kellerei-dombi\\\/#primaryimage\"},\"image\":{\"@id\":\"https:\\\/\\\/nivegy.com\\\/de\\\/termek\\\/kellerei-dombi\\\/#primaryimage\"},\"thumbnailUrl\":\"https:\\\/\\\/nivegy.com\\\/wp-content\\\/uploads\\\/2023\\\/06\\\/P-Dombi-1.1.webp\",\"datePublished\":\"2023-06-14T13:19:56+00:00\",\"dateModified\":\"2024-06-29T07:23:02+00:00\",\"description\":\"Neben dem Genuss der edlen Weine des Kellerei Dombi findest du hier die ersehnte, ruhige Idylle, aber auch den lauten, fr\u00f6hlichen L\u00e4rm von Freundestreffen.\",\"breadcrumb\":{\"@id\":\"https:\\\/\\\/nivegy.com\\\/de\\\/termek\\\/kellerei-dombi\\\/#breadcrumb\"},\"inLanguage\":\"de\",\"potentialAction\":[{\"@type\":\"ReadAction\",\"target\":[\"https:\\\/\\\/nivegy.com\\\/de\\\/termek\\\/kellerei-dombi\\\/\"]}]},{\"@type\":\"ImageObject\",\"inLanguage\":\"de\",\"@id\":\"https:\\\/\\\/nivegy.com\\\/de\\\/termek\\\/kellerei-dombi\\\/#primaryimage\",\"url\":\"https:\\\/\\\/nivegy.com\\\/wp-content\\\/uploads\\\/2023\\\/06\\\/P-Dombi-1.1.webp\",\"contentUrl\":\"https:\\\/\\\/nivegy.com\\\/wp-content\\\/uploads\\\/2023\\\/06\\\/P-Dombi-1.1.webp\",\"width\":1000,\"height\":1000,\"caption\":\"Dombi Pince\"},{\"@type\":\"BreadcrumbList\",\"@id\":\"https:\\\/\\\/nivegy.com\\\/de\\\/termek\\\/kellerei-dombi\\\/#breadcrumb\",\"itemListElement\":[{\"@type\":\"ListItem\",\"position\":1,\"name\":\"Kezd\u0151lap\",\"item\":\"https:\\\/\\\/nivegy.com\\\/de\\\/\"},{\"@type\":\"ListItem\",\"position\":2,\"name\":\"Kellerei Dombi\"}]},{\"@type\":\"WebSite\",\"@id\":\"https:\\\/\\\/nivegy.com\\\/#website\",\"url\":\"https:\\\/\\\/nivegy.com\\\/\",\"name\":\"Nivegy.com\",\"description\":\"Egy v\u00f6lgy, \u00f6t falu, v\u00e9gtelen csoda\",\"potentialAction\":[{\"@type\":\"SearchAction\",\"target\":{\"@type\":\"EntryPoint\",\"urlTemplate\":\"https:\\\/\\\/nivegy.com\\\/?s={search_term_string}\"},\"query-input\":{\"@type\":\"PropertyValueSpecification\",\"valueRequired\":true,\"valueName\":\"search_term_string\"}}],\"inLanguage\":\"de\"}]}<\/script>\n<!-- \/ Yoast SEO plugin. -->","yoast_head_json":{"title":"Kellerei Dombi - Nivegy.com","description":"Neben dem Genuss der edlen Weine des Kellerei Dombi findest du hier die ersehnte, ruhige Idylle, aber auch den lauten, fr\u00f6hlichen L\u00e4rm von Freundestreffen.","robots":{"index":"index","follow":"follow","max-snippet":"max-snippet:-1","max-image-preview":"max-image-preview:large","max-video-preview":"max-video-preview:-1"},"canonical":"https:\/\/nivegy.com\/de\/termek\/kellerei-dombi\/","og_locale":"de_DE","og_type":"article","og_title":"Kellerei Dombi - Nivegy.com","og_description":"Neben dem Genuss der edlen Weine des Kellerei Dombi findest du hier die ersehnte, ruhige Idylle, aber auch den lauten, fr\u00f6hlichen L\u00e4rm von Freundestreffen.","og_url":"https:\/\/nivegy.com\/de\/termek\/kellerei-dombi\/","og_site_name":"Nivegy.com","article_publisher":"https:\/\/www.facebook.com\/nivegy","article_modified_time":"2024-06-29T07:23:02+00:00","og_image":[{"width":1000,"height":1000,"url":"https:\/\/nivegy.com\/wp-content\/uploads\/2023\/06\/P-Dombi-1.1.webp","type":"image\/webp"}],"twitter_card":"summary_large_image","twitter_misc":{"Gesch\u00e4tzte Lesezeit":"2\u00a0Minuten"},"schema":{"@context":"https:\/\/schema.org","@graph":[{"@type":"WebPage","@id":"https:\/\/nivegy.com\/de\/termek\/kellerei-dombi\/","url":"https:\/\/nivegy.com\/de\/termek\/kellerei-dombi\/","name":"Kellerei Dombi - Nivegy.com","isPartOf":{"@id":"https:\/\/nivegy.com\/#website"},"primaryImageOfPage":{"@id":"https:\/\/nivegy.com\/de\/termek\/kellerei-dombi\/#primaryimage"},"image":{"@id":"https:\/\/nivegy.com\/de\/termek\/kellerei-dombi\/#primaryimage"},"thumbnailUrl":"https:\/\/nivegy.com\/wp-content\/uploads\/2023\/06\/P-Dombi-1.1.webp","datePublished":"2023-06-14T13:19:56+00:00","dateModified":"2024-06-29T07:23:02+00:00","description":"Neben dem Genuss der edlen Weine des Kellerei Dombi findest du hier die ersehnte, ruhige Idylle, aber auch den lauten, fr\u00f6hlichen L\u00e4rm von Freundestreffen.","breadcrumb":{"@id":"https:\/\/nivegy.com\/de\/termek\/kellerei-dombi\/#breadcrumb"},"inLanguage":"de","potentialAction":[{"@type":"ReadAction","target":["https:\/\/nivegy.com\/de\/termek\/kellerei-dombi\/"]}]},{"@type":"ImageObject","inLanguage":"de","@id":"https:\/\/nivegy.com\/de\/termek\/kellerei-dombi\/#primaryimage","url":"https:\/\/nivegy.com\/wp-content\/uploads\/2023\/06\/P-Dombi-1.1.webp","contentUrl":"https:\/\/nivegy.com\/wp-content\/uploads\/2023\/06\/P-Dombi-1.1.webp","width":1000,"height":1000,"caption":"Dombi Pince"},{"@type":"BreadcrumbList","@id":"https:\/\/nivegy.com\/de\/termek\/kellerei-dombi\/#breadcrumb","itemListElement":[{"@type":"ListItem","position":1,"name":"Kezd\u0151lap","item":"https:\/\/nivegy.com\/de\/"},{"@type":"ListItem","position":2,"name":"Kellerei Dombi"}]},{"@type":"WebSite","@id":"https:\/\/nivegy.com\/#website","url":"https:\/\/nivegy.com\/","name":"Nivegy.com","description":"Egy v\u00f6lgy, \u00f6t falu, v\u00e9gtelen csoda","potentialAction":[{"@type":"SearchAction","target":{"@type":"EntryPoint","urlTemplate":"https:\/\/nivegy.com\/?s={search_term_string}"},"query-input":{"@type":"PropertyValueSpecification","valueRequired":true,"valueName":"search_term_string"}}],"inLanguage":"de"}]}},"_links":{"self":[{"href":"https:\/\/nivegy.com\/de\/wp-json\/wp\/v2\/product\/5637","targetHints":{"allow":["GET"]}}],"collection":[{"href":"https:\/\/nivegy.com\/de\/wp-json\/wp\/v2\/product"}],"about":[{"href":"https:\/\/nivegy.com\/de\/wp-json\/wp\/v2\/types\/product"}],"replies":[{"embeddable":true,"href":"https:\/\/nivegy.com\/de\/wp-json\/wp\/v2\/comments?post=5637"}],"wp:featuredmedia":[{"embeddable":true,"href":"https:\/\/nivegy.com\/de\/wp-json\/wp\/v2\/media\/3295"}],"wp:attachment":[{"href":"https:\/\/nivegy.com\/de\/wp-json\/wp\/v2\/media?parent=5637"}],"wp:term":[{"taxonomy":"product_brand","embeddable":true,"href":"https:\/\/nivegy.com\/de\/wp-json\/wp\/v2\/product_brand?post=5637"},{"taxonomy":"product_cat","embeddable":true,"href":"https:\/\/nivegy.com\/de\/wp-json\/wp\/v2\/product_cat?post=5637"},{"taxonomy":"product_tag","embeddable":true,"href":"https:\/\/nivegy.com\/de\/wp-json\/wp\/v2\/product_tag?post=5637"}],"curies":[{"name":"wp","href":"https:\/\/api.w.org\/{rel}","templated":true}]}}