{"id":5636,"date":"2023-06-14T12:58:50","date_gmt":"2023-06-14T12:58:50","guid":{"rendered":"https:\/\/nivegy.com\/?post_type=product&#038;p=5636"},"modified":"2024-06-29T06:38:07","modified_gmt":"2024-06-29T06:38:07","slug":"weinhaus-gergely","status":"publish","type":"product","link":"https:\/\/nivegy.com\/de\/termek\/weinhaus-gergely\/","title":{"rendered":"Weinhaus Gergely"},"content":{"rendered":"<p><strong>Das Weinhaus Gergely befindet sich in der N\u00e4he des Balatonufers, 7 km von Z\u00e1nka entfernt, im Herzen des Nivegy-Tals auf dem <a href=\"https:\/\/nivegy.com\/de\/termek\/heiliger-blasius\/\">Szent-Bal\u00e1zs<\/a>-Berg. Die Familienkellerei wurde von dem Vater, L\u00e1szl\u00f3 Szab\u00f3, vor mehr als 30 Jahren gegr\u00fcndet.<\/strong><\/p>\n<p>Die Tradition reicht sogar noch weiter zur\u00fcck, denn der Gro\u00dfvater v\u00e4terlicherseits besch\u00e4ftigte sich ebenfalls mit Weinbau. Sie bewirtschaften 25 Hektar Weinberge in den besten Weinbaugebieten, mit einem Durchschnittsalter von 10 Jahren. Entsprechend der Tradition der Weinbauregion bauen sie haupts\u00e4chlich wei\u00dfe Trauben an, aber auch eine kleine Menge roter Trauben. Vom Anbau der Trauben \u00fcber die Weinherstellung bis hin zur Vermarktung werden alle Arbeitsschritte vom Weinhaus Gergely durchgef\u00fchrt.<\/p>\n<p>Die Besucher k\u00f6nnen sowohl die k\u00f6stlichen <a href=\"http:\/\/gergelyborhaz.hu\/boraszat\/boraink\/\">Weine<\/a> als auch den Panoramablick auf den Balaton genie\u00dfen. Das saisonal ge\u00f6ffnete Restaurant bereichert dieses besondere Erlebnis im Balaton-Oberland.<\/p>\n<h4>Weinauswahl<\/h4>\n<p>Cabernet Sauvignon, Chardonnay, Furmint, Irsai Oliv\u00e9r, Juhfark, Blaufr\u00e4nkisch, Merlot, Muskat, Welschriesling, Pino Blanc, M\u00fcller-Thurgau, Sauvignon Blanc, Pinot Gris, Zweigelt<\/p>\n","protected":false},"excerpt":{"rendered":"<p>Das Weinhaus Gergely befindet sich in der N\u00e4he des Balatonufers, 7 km von Z\u00e1nka entfernt, im Herzen des Nivegy-Tals auf dem Szent-Bal\u00e1zs-Berg. Die Familienkellerei wurde von dem Vater, L\u00e1szl\u00f3 Szab\u00f3, vor mehr als 30 Jahren gegr\u00fcndet. Die Tradition reicht sogar noch weiter zur\u00fcck, denn der Gro\u00dfvater v\u00e4terlicherseits besch\u00e4ftigte sich ebenfalls mit Weinbau. Sie bewirtschaften 25 [&hellip;]<\/p>\n","protected":false},"featured_media":3296,"comment_status":"closed","ping_status":"closed","template":"","meta":{"_acf_changed":false},"product_brand":[],"product_cat":[480],"product_tag":[],"class_list":{"0":"post-5636","1":"product","2":"type-product","3":"status-publish","4":"has-post-thumbnail","6":"product_cat-keller","8":"first","9":"instock","10":"shipping-taxable","11":"product-type-simple"},"acf":[],"yoast_head":"<!-- This site is optimized with the Yoast SEO plugin v27.4 - https:\/\/yoast.com\/product\/yoast-seo-wordpress\/ -->\n<title>Weinhaus Gergely - Nivegy.com<\/title>\n<meta name=\"description\" content=\"Das Weinhaus Gergely befindet sich in der N\u00e4he des Balatonufers, 7 km von Z\u00e1nka entfernt, im Herzen des Nivegy-Tals auf dem Szent-Bal\u00e1zs-Berg.\" \/>\n<meta name=\"robots\" content=\"index, follow, max-snippet:-1, max-image-preview:large, max-video-preview:-1\" \/>\n<link rel=\"canonical\" href=\"https:\/\/nivegy.com\/de\/termek\/weinhaus-gergely\/\" \/>\n<meta property=\"og:locale\" content=\"de_DE\" \/>\n<meta property=\"og:type\" content=\"article\" \/>\n<meta property=\"og:title\" content=\"Weinhaus Gergely - Nivegy.com\" \/>\n<meta property=\"og:description\" content=\"Das Weinhaus Gergely befindet sich in der N\u00e4he des Balatonufers, 7 km von Z\u00e1nka entfernt, im Herzen des Nivegy-Tals auf dem Szent-Bal\u00e1zs-Berg.\" \/>\n<meta property=\"og:url\" content=\"https:\/\/nivegy.com\/de\/termek\/weinhaus-gergely\/\" \/>\n<meta property=\"og:site_name\" content=\"Nivegy.com\" \/>\n<meta property=\"article:publisher\" content=\"https:\/\/www.facebook.com\/nivegy\" \/>\n<meta property=\"article:modified_time\" content=\"2024-06-29T06:38:07+00:00\" \/>\n<meta property=\"og:image\" content=\"https:\/\/nivegy.com\/wp-content\/uploads\/2023\/06\/P-Gergely-Borhaz-1.1.webp\" \/>\n\t<meta property=\"og:image:width\" content=\"1000\" \/>\n\t<meta property=\"og:image:height\" content=\"1000\" \/>\n\t<meta property=\"og:image:type\" content=\"image\/webp\" \/>\n<meta name=\"twitter:card\" content=\"summary_large_image\" \/>\n<meta name=\"twitter:label1\" content=\"Gesch\u00e4tzte Lesezeit\" \/>\n\t<meta name=\"twitter:data1\" content=\"2\u00a0Minuten\" \/>\n<script type=\"application\/ld+json\" class=\"yoast-schema-graph\">{\"@context\":\"https:\\\/\\\/schema.org\",\"@graph\":[{\"@type\":\"WebPage\",\"@id\":\"https:\\\/\\\/nivegy.com\\\/de\\\/termek\\\/weinhaus-gergely\\\/\",\"url\":\"https:\\\/\\\/nivegy.com\\\/de\\\/termek\\\/weinhaus-gergely\\\/\",\"name\":\"Weinhaus Gergely - Nivegy.com\",\"isPartOf\":{\"@id\":\"https:\\\/\\\/nivegy.com\\\/#website\"},\"primaryImageOfPage\":{\"@id\":\"https:\\\/\\\/nivegy.com\\\/de\\\/termek\\\/weinhaus-gergely\\\/#primaryimage\"},\"image\":{\"@id\":\"https:\\\/\\\/nivegy.com\\\/de\\\/termek\\\/weinhaus-gergely\\\/#primaryimage\"},\"thumbnailUrl\":\"https:\\\/\\\/nivegy.com\\\/wp-content\\\/uploads\\\/2023\\\/06\\\/P-Gergely-Borhaz-1.1.webp\",\"datePublished\":\"2023-06-14T12:58:50+00:00\",\"dateModified\":\"2024-06-29T06:38:07+00:00\",\"description\":\"Das Weinhaus Gergely befindet sich in der N\u00e4he des Balatonufers, 7 km von Z\u00e1nka entfernt, im Herzen des Nivegy-Tals auf dem Szent-Bal\u00e1zs-Berg.\",\"breadcrumb\":{\"@id\":\"https:\\\/\\\/nivegy.com\\\/de\\\/termek\\\/weinhaus-gergely\\\/#breadcrumb\"},\"inLanguage\":\"de\",\"potentialAction\":[{\"@type\":\"ReadAction\",\"target\":[\"https:\\\/\\\/nivegy.com\\\/de\\\/termek\\\/weinhaus-gergely\\\/\"]}]},{\"@type\":\"ImageObject\",\"inLanguage\":\"de\",\"@id\":\"https:\\\/\\\/nivegy.com\\\/de\\\/termek\\\/weinhaus-gergely\\\/#primaryimage\",\"url\":\"https:\\\/\\\/nivegy.com\\\/wp-content\\\/uploads\\\/2023\\\/06\\\/P-Gergely-Borhaz-1.1.webp\",\"contentUrl\":\"https:\\\/\\\/nivegy.com\\\/wp-content\\\/uploads\\\/2023\\\/06\\\/P-Gergely-Borhaz-1.1.webp\",\"width\":1000,\"height\":1000,\"caption\":\"Gergely Borh\u00e1z\"},{\"@type\":\"BreadcrumbList\",\"@id\":\"https:\\\/\\\/nivegy.com\\\/de\\\/termek\\\/weinhaus-gergely\\\/#breadcrumb\",\"itemListElement\":[{\"@type\":\"ListItem\",\"position\":1,\"name\":\"Kezd\u0151lap\",\"item\":\"https:\\\/\\\/nivegy.com\\\/de\\\/\"},{\"@type\":\"ListItem\",\"position\":2,\"name\":\"Weinhaus Gergely\"}]},{\"@type\":\"WebSite\",\"@id\":\"https:\\\/\\\/nivegy.com\\\/#website\",\"url\":\"https:\\\/\\\/nivegy.com\\\/\",\"name\":\"Nivegy.com\",\"description\":\"Egy v\u00f6lgy, \u00f6t falu, v\u00e9gtelen csoda\",\"potentialAction\":[{\"@type\":\"SearchAction\",\"target\":{\"@type\":\"EntryPoint\",\"urlTemplate\":\"https:\\\/\\\/nivegy.com\\\/?s={search_term_string}\"},\"query-input\":{\"@type\":\"PropertyValueSpecification\",\"valueRequired\":true,\"valueName\":\"search_term_string\"}}],\"inLanguage\":\"de\"}]}<\/script>\n<!-- \/ Yoast SEO plugin. -->","yoast_head_json":{"title":"Weinhaus Gergely - Nivegy.com","description":"Das Weinhaus Gergely befindet sich in der N\u00e4he des Balatonufers, 7 km von Z\u00e1nka entfernt, im Herzen des Nivegy-Tals auf dem Szent-Bal\u00e1zs-Berg.","robots":{"index":"index","follow":"follow","max-snippet":"max-snippet:-1","max-image-preview":"max-image-preview:large","max-video-preview":"max-video-preview:-1"},"canonical":"https:\/\/nivegy.com\/de\/termek\/weinhaus-gergely\/","og_locale":"de_DE","og_type":"article","og_title":"Weinhaus Gergely - Nivegy.com","og_description":"Das Weinhaus Gergely befindet sich in der N\u00e4he des Balatonufers, 7 km von Z\u00e1nka entfernt, im Herzen des Nivegy-Tals auf dem Szent-Bal\u00e1zs-Berg.","og_url":"https:\/\/nivegy.com\/de\/termek\/weinhaus-gergely\/","og_site_name":"Nivegy.com","article_publisher":"https:\/\/www.facebook.com\/nivegy","article_modified_time":"2024-06-29T06:38:07+00:00","og_image":[{"width":1000,"height":1000,"url":"https:\/\/nivegy.com\/wp-content\/uploads\/2023\/06\/P-Gergely-Borhaz-1.1.webp","type":"image\/webp"}],"twitter_card":"summary_large_image","twitter_misc":{"Gesch\u00e4tzte Lesezeit":"2\u00a0Minuten"},"schema":{"@context":"https:\/\/schema.org","@graph":[{"@type":"WebPage","@id":"https:\/\/nivegy.com\/de\/termek\/weinhaus-gergely\/","url":"https:\/\/nivegy.com\/de\/termek\/weinhaus-gergely\/","name":"Weinhaus Gergely - Nivegy.com","isPartOf":{"@id":"https:\/\/nivegy.com\/#website"},"primaryImageOfPage":{"@id":"https:\/\/nivegy.com\/de\/termek\/weinhaus-gergely\/#primaryimage"},"image":{"@id":"https:\/\/nivegy.com\/de\/termek\/weinhaus-gergely\/#primaryimage"},"thumbnailUrl":"https:\/\/nivegy.com\/wp-content\/uploads\/2023\/06\/P-Gergely-Borhaz-1.1.webp","datePublished":"2023-06-14T12:58:50+00:00","dateModified":"2024-06-29T06:38:07+00:00","description":"Das Weinhaus Gergely befindet sich in der N\u00e4he des Balatonufers, 7 km von Z\u00e1nka entfernt, im Herzen des Nivegy-Tals auf dem Szent-Bal\u00e1zs-Berg.","breadcrumb":{"@id":"https:\/\/nivegy.com\/de\/termek\/weinhaus-gergely\/#breadcrumb"},"inLanguage":"de","potentialAction":[{"@type":"ReadAction","target":["https:\/\/nivegy.com\/de\/termek\/weinhaus-gergely\/"]}]},{"@type":"ImageObject","inLanguage":"de","@id":"https:\/\/nivegy.com\/de\/termek\/weinhaus-gergely\/#primaryimage","url":"https:\/\/nivegy.com\/wp-content\/uploads\/2023\/06\/P-Gergely-Borhaz-1.1.webp","contentUrl":"https:\/\/nivegy.com\/wp-content\/uploads\/2023\/06\/P-Gergely-Borhaz-1.1.webp","width":1000,"height":1000,"caption":"Gergely Borh\u00e1z"},{"@type":"BreadcrumbList","@id":"https:\/\/nivegy.com\/de\/termek\/weinhaus-gergely\/#breadcrumb","itemListElement":[{"@type":"ListItem","position":1,"name":"Kezd\u0151lap","item":"https:\/\/nivegy.com\/de\/"},{"@type":"ListItem","position":2,"name":"Weinhaus Gergely"}]},{"@type":"WebSite","@id":"https:\/\/nivegy.com\/#website","url":"https:\/\/nivegy.com\/","name":"Nivegy.com","description":"Egy v\u00f6lgy, \u00f6t falu, v\u00e9gtelen csoda","potentialAction":[{"@type":"SearchAction","target":{"@type":"EntryPoint","urlTemplate":"https:\/\/nivegy.com\/?s={search_term_string}"},"query-input":{"@type":"PropertyValueSpecification","valueRequired":true,"valueName":"search_term_string"}}],"inLanguage":"de"}]}},"_links":{"self":[{"href":"https:\/\/nivegy.com\/de\/wp-json\/wp\/v2\/product\/5636","targetHints":{"allow":["GET"]}}],"collection":[{"href":"https:\/\/nivegy.com\/de\/wp-json\/wp\/v2\/product"}],"about":[{"href":"https:\/\/nivegy.com\/de\/wp-json\/wp\/v2\/types\/product"}],"replies":[{"embeddable":true,"href":"https:\/\/nivegy.com\/de\/wp-json\/wp\/v2\/comments?post=5636"}],"wp:featuredmedia":[{"embeddable":true,"href":"https:\/\/nivegy.com\/de\/wp-json\/wp\/v2\/media\/3296"}],"wp:attachment":[{"href":"https:\/\/nivegy.com\/de\/wp-json\/wp\/v2\/media?parent=5636"}],"wp:term":[{"taxonomy":"product_brand","embeddable":true,"href":"https:\/\/nivegy.com\/de\/wp-json\/wp\/v2\/product_brand?post=5636"},{"taxonomy":"product_cat","embeddable":true,"href":"https:\/\/nivegy.com\/de\/wp-json\/wp\/v2\/product_cat?post=5636"},{"taxonomy":"product_tag","embeddable":true,"href":"https:\/\/nivegy.com\/de\/wp-json\/wp\/v2\/product_tag?post=5636"}],"curies":[{"name":"wp","href":"https:\/\/api.w.org\/{rel}","templated":true}]}}