{"id":5624,"date":"2023-06-14T12:47:22","date_gmt":"2023-06-14T12:47:22","guid":{"rendered":"https:\/\/nivegy.com\/?post_type=product&#038;p=5624"},"modified":"2024-06-29T06:26:00","modified_gmt":"2024-06-29T06:26:00","slug":"horvath-weinhaus","status":"publish","type":"product","link":"https:\/\/nivegy.com\/de\/termek\/horvath-weinhaus\/","title":{"rendered":"Weinhaus Horv\u00e1th"},"content":{"rendered":"<p><strong>Die Welt des Weinbaus und der Weinherstellung ist ein dominierendes Element im Leben der Familie Horv\u00e1th. Dies war auch der Beruf der Gro\u00dfeltern. Das Weinhaus Horv\u00e1th ist ein Familienunternehmen, das im Winter 1999 gegr\u00fcndet wurde.<\/strong><\/p>\n<p>Ihre Weinberge befinden sich haupts\u00e4chlich an den s\u00fcdlichen H\u00e4ngen des <a href=\"https:\/\/maps.app.goo.gl\/ZBc6aMPf5h3rvUvf8\">Tagyon<\/a>-Bergs, auf einer Fl\u00e4che von fast 18 Hektar, auf erstklassigen vulkanischen B\u00f6den, inmitten des Nivegy-Tals mit seinem hervorragenden Mikroklima. Die Weine werden mit traditionellen Holzfass- und reduktiven Technologien hergestellt. Im Keller, der nach modernen und schonenden technologischen Prinzipien arbeitet, werden durch kontrollierte G\u00e4rung und K\u00fchlung Weine erzeugt, die den hohen Qualit\u00e4tsanspr\u00fcchen der Weinbauregion entsprechen.<\/p>\n<p>Der Kauf von Wein ist eine Frage des Vertrauens. Dieses Vertrauen erlangt man durch die handwerkliche Art und Weise, in der der gesamte Prozess vom Anbau der Fr\u00fcchte bis zum Verkauf des Weins durchgef\u00fchrt wird. Das Weinhaus Horv\u00e1th hat es sich zum Ziel gesetzt, die lange Familientradition fortzusetzen und die Nat\u00fcrlichkeit des Weins zu bewahren. Anstelle von chemischen Substanzen wird eine physikalische Behandlung des Weins bevorzugt.<\/p>\n<h4>Weinauswahl<\/h4>\n<p>Cabernet Sauvignon, Furmint, Blaufr\u00e4nkisch Ros\u00e9, Muscat Cuv\u00e9e, Welschriesling, Pinot Noir, Riesling, Pinot Gris, Traminer<\/p>\n","protected":false},"excerpt":{"rendered":"<p>Die Welt des Weinbaus und der Weinherstellung ist ein dominierendes Element im Leben der Familie Horv\u00e1th. Dies war auch der Beruf der Gro\u00dfeltern. Das Weinhaus Horv\u00e1th ist ein Familienunternehmen, das im Winter 1999 gegr\u00fcndet wurde. Ihre Weinberge befinden sich haupts\u00e4chlich an den s\u00fcdlichen H\u00e4ngen des Tagyon-Bergs, auf einer Fl\u00e4che von fast 18 Hektar, auf erstklassigen [&hellip;]<\/p>\n","protected":false},"featured_media":3297,"comment_status":"closed","ping_status":"closed","template":"","meta":{"_acf_changed":false},"product_brand":[],"product_cat":[480],"product_tag":[],"class_list":{"0":"post-5624","1":"product","2":"type-product","3":"status-publish","4":"has-post-thumbnail","6":"product_cat-keller","8":"first","9":"instock","10":"shipping-taxable","11":"product-type-simple"},"acf":[],"yoast_head":"<!-- This site is optimized with the Yoast SEO plugin v27.4 - https:\/\/yoast.com\/product\/yoast-seo-wordpress\/ -->\n<title>Horv\u00e1th Weinhaus - Nivegy.com<\/title>\n<meta name=\"description\" content=\"Das Weinhaus Horv\u00e1th ist ein Familienunternehmen, das im Winter 1999 gegr\u00fcndet wurde. Die Welt des Weinbaus und der Weinherstellung ist ein ...\" \/>\n<meta name=\"robots\" content=\"index, follow, max-snippet:-1, max-image-preview:large, max-video-preview:-1\" \/>\n<link rel=\"canonical\" href=\"https:\/\/nivegy.com\/de\/termek\/horvath-weinhaus\/\" \/>\n<meta property=\"og:locale\" content=\"de_DE\" \/>\n<meta property=\"og:type\" content=\"article\" \/>\n<meta property=\"og:title\" content=\"Horv\u00e1th Weinhaus - Nivegy.com\" \/>\n<meta property=\"og:description\" content=\"Das Weinhaus Horv\u00e1th ist ein Familienunternehmen, das im Winter 1999 gegr\u00fcndet wurde. Die Welt des Weinbaus und der Weinherstellung ist ein ...\" \/>\n<meta property=\"og:url\" content=\"https:\/\/nivegy.com\/de\/termek\/horvath-weinhaus\/\" \/>\n<meta property=\"og:site_name\" content=\"Nivegy.com\" \/>\n<meta property=\"article:publisher\" content=\"https:\/\/www.facebook.com\/nivegy\" \/>\n<meta property=\"article:modified_time\" content=\"2024-06-29T06:26:00+00:00\" \/>\n<meta property=\"og:image\" content=\"https:\/\/nivegy.com\/wp-content\/uploads\/2023\/06\/P-Horvath-borhaz.webp\" \/>\n\t<meta property=\"og:image:width\" content=\"1000\" \/>\n\t<meta property=\"og:image:height\" content=\"1000\" \/>\n\t<meta property=\"og:image:type\" content=\"image\/webp\" \/>\n<meta name=\"twitter:card\" content=\"summary_large_image\" \/>\n<meta name=\"twitter:label1\" content=\"Gesch\u00e4tzte Lesezeit\" \/>\n\t<meta name=\"twitter:data1\" content=\"2\u00a0Minuten\" \/>\n<script type=\"application\/ld+json\" class=\"yoast-schema-graph\">{\"@context\":\"https:\\\/\\\/schema.org\",\"@graph\":[{\"@type\":\"WebPage\",\"@id\":\"https:\\\/\\\/nivegy.com\\\/de\\\/termek\\\/horvath-weinhaus\\\/\",\"url\":\"https:\\\/\\\/nivegy.com\\\/de\\\/termek\\\/horvath-weinhaus\\\/\",\"name\":\"Horv\u00e1th Weinhaus - Nivegy.com\",\"isPartOf\":{\"@id\":\"https:\\\/\\\/nivegy.com\\\/#website\"},\"primaryImageOfPage\":{\"@id\":\"https:\\\/\\\/nivegy.com\\\/de\\\/termek\\\/horvath-weinhaus\\\/#primaryimage\"},\"image\":{\"@id\":\"https:\\\/\\\/nivegy.com\\\/de\\\/termek\\\/horvath-weinhaus\\\/#primaryimage\"},\"thumbnailUrl\":\"https:\\\/\\\/nivegy.com\\\/wp-content\\\/uploads\\\/2023\\\/06\\\/P-Horvath-borhaz.webp\",\"datePublished\":\"2023-06-14T12:47:22+00:00\",\"dateModified\":\"2024-06-29T06:26:00+00:00\",\"description\":\"Das Weinhaus Horv\u00e1th ist ein Familienunternehmen, das im Winter 1999 gegr\u00fcndet wurde. Die Welt des Weinbaus und der Weinherstellung ist ein ...\",\"breadcrumb\":{\"@id\":\"https:\\\/\\\/nivegy.com\\\/de\\\/termek\\\/horvath-weinhaus\\\/#breadcrumb\"},\"inLanguage\":\"de\",\"potentialAction\":[{\"@type\":\"ReadAction\",\"target\":[\"https:\\\/\\\/nivegy.com\\\/de\\\/termek\\\/horvath-weinhaus\\\/\"]}]},{\"@type\":\"ImageObject\",\"inLanguage\":\"de\",\"@id\":\"https:\\\/\\\/nivegy.com\\\/de\\\/termek\\\/horvath-weinhaus\\\/#primaryimage\",\"url\":\"https:\\\/\\\/nivegy.com\\\/wp-content\\\/uploads\\\/2023\\\/06\\\/P-Horvath-borhaz.webp\",\"contentUrl\":\"https:\\\/\\\/nivegy.com\\\/wp-content\\\/uploads\\\/2023\\\/06\\\/P-Horvath-borhaz.webp\",\"width\":1000,\"height\":1000,\"caption\":\"Horv\u00e1th Borh\u00e1z Wine House\"},{\"@type\":\"BreadcrumbList\",\"@id\":\"https:\\\/\\\/nivegy.com\\\/de\\\/termek\\\/horvath-weinhaus\\\/#breadcrumb\",\"itemListElement\":[{\"@type\":\"ListItem\",\"position\":1,\"name\":\"Kezd\u0151lap\",\"item\":\"https:\\\/\\\/nivegy.com\\\/de\\\/\"},{\"@type\":\"ListItem\",\"position\":2,\"name\":\"Weinhaus Horv\u00e1th\"}]},{\"@type\":\"WebSite\",\"@id\":\"https:\\\/\\\/nivegy.com\\\/#website\",\"url\":\"https:\\\/\\\/nivegy.com\\\/\",\"name\":\"Nivegy.com\",\"description\":\"Egy v\u00f6lgy, \u00f6t falu, v\u00e9gtelen csoda\",\"potentialAction\":[{\"@type\":\"SearchAction\",\"target\":{\"@type\":\"EntryPoint\",\"urlTemplate\":\"https:\\\/\\\/nivegy.com\\\/?s={search_term_string}\"},\"query-input\":{\"@type\":\"PropertyValueSpecification\",\"valueRequired\":true,\"valueName\":\"search_term_string\"}}],\"inLanguage\":\"de\"}]}<\/script>\n<!-- \/ Yoast SEO plugin. -->","yoast_head_json":{"title":"Horv\u00e1th Weinhaus - Nivegy.com","description":"Das Weinhaus Horv\u00e1th ist ein Familienunternehmen, das im Winter 1999 gegr\u00fcndet wurde. Die Welt des Weinbaus und der Weinherstellung ist ein ...","robots":{"index":"index","follow":"follow","max-snippet":"max-snippet:-1","max-image-preview":"max-image-preview:large","max-video-preview":"max-video-preview:-1"},"canonical":"https:\/\/nivegy.com\/de\/termek\/horvath-weinhaus\/","og_locale":"de_DE","og_type":"article","og_title":"Horv\u00e1th Weinhaus - Nivegy.com","og_description":"Das Weinhaus Horv\u00e1th ist ein Familienunternehmen, das im Winter 1999 gegr\u00fcndet wurde. Die Welt des Weinbaus und der Weinherstellung ist ein ...","og_url":"https:\/\/nivegy.com\/de\/termek\/horvath-weinhaus\/","og_site_name":"Nivegy.com","article_publisher":"https:\/\/www.facebook.com\/nivegy","article_modified_time":"2024-06-29T06:26:00+00:00","og_image":[{"width":1000,"height":1000,"url":"https:\/\/nivegy.com\/wp-content\/uploads\/2023\/06\/P-Horvath-borhaz.webp","type":"image\/webp"}],"twitter_card":"summary_large_image","twitter_misc":{"Gesch\u00e4tzte Lesezeit":"2\u00a0Minuten"},"schema":{"@context":"https:\/\/schema.org","@graph":[{"@type":"WebPage","@id":"https:\/\/nivegy.com\/de\/termek\/horvath-weinhaus\/","url":"https:\/\/nivegy.com\/de\/termek\/horvath-weinhaus\/","name":"Horv\u00e1th Weinhaus - Nivegy.com","isPartOf":{"@id":"https:\/\/nivegy.com\/#website"},"primaryImageOfPage":{"@id":"https:\/\/nivegy.com\/de\/termek\/horvath-weinhaus\/#primaryimage"},"image":{"@id":"https:\/\/nivegy.com\/de\/termek\/horvath-weinhaus\/#primaryimage"},"thumbnailUrl":"https:\/\/nivegy.com\/wp-content\/uploads\/2023\/06\/P-Horvath-borhaz.webp","datePublished":"2023-06-14T12:47:22+00:00","dateModified":"2024-06-29T06:26:00+00:00","description":"Das Weinhaus Horv\u00e1th ist ein Familienunternehmen, das im Winter 1999 gegr\u00fcndet wurde. Die Welt des Weinbaus und der Weinherstellung ist ein ...","breadcrumb":{"@id":"https:\/\/nivegy.com\/de\/termek\/horvath-weinhaus\/#breadcrumb"},"inLanguage":"de","potentialAction":[{"@type":"ReadAction","target":["https:\/\/nivegy.com\/de\/termek\/horvath-weinhaus\/"]}]},{"@type":"ImageObject","inLanguage":"de","@id":"https:\/\/nivegy.com\/de\/termek\/horvath-weinhaus\/#primaryimage","url":"https:\/\/nivegy.com\/wp-content\/uploads\/2023\/06\/P-Horvath-borhaz.webp","contentUrl":"https:\/\/nivegy.com\/wp-content\/uploads\/2023\/06\/P-Horvath-borhaz.webp","width":1000,"height":1000,"caption":"Horv\u00e1th Borh\u00e1z Wine House"},{"@type":"BreadcrumbList","@id":"https:\/\/nivegy.com\/de\/termek\/horvath-weinhaus\/#breadcrumb","itemListElement":[{"@type":"ListItem","position":1,"name":"Kezd\u0151lap","item":"https:\/\/nivegy.com\/de\/"},{"@type":"ListItem","position":2,"name":"Weinhaus Horv\u00e1th"}]},{"@type":"WebSite","@id":"https:\/\/nivegy.com\/#website","url":"https:\/\/nivegy.com\/","name":"Nivegy.com","description":"Egy v\u00f6lgy, \u00f6t falu, v\u00e9gtelen csoda","potentialAction":[{"@type":"SearchAction","target":{"@type":"EntryPoint","urlTemplate":"https:\/\/nivegy.com\/?s={search_term_string}"},"query-input":{"@type":"PropertyValueSpecification","valueRequired":true,"valueName":"search_term_string"}}],"inLanguage":"de"}]}},"_links":{"self":[{"href":"https:\/\/nivegy.com\/de\/wp-json\/wp\/v2\/product\/5624","targetHints":{"allow":["GET"]}}],"collection":[{"href":"https:\/\/nivegy.com\/de\/wp-json\/wp\/v2\/product"}],"about":[{"href":"https:\/\/nivegy.com\/de\/wp-json\/wp\/v2\/types\/product"}],"replies":[{"embeddable":true,"href":"https:\/\/nivegy.com\/de\/wp-json\/wp\/v2\/comments?post=5624"}],"wp:featuredmedia":[{"embeddable":true,"href":"https:\/\/nivegy.com\/de\/wp-json\/wp\/v2\/media\/3297"}],"wp:attachment":[{"href":"https:\/\/nivegy.com\/de\/wp-json\/wp\/v2\/media?parent=5624"}],"wp:term":[{"taxonomy":"product_brand","embeddable":true,"href":"https:\/\/nivegy.com\/de\/wp-json\/wp\/v2\/product_brand?post=5624"},{"taxonomy":"product_cat","embeddable":true,"href":"https:\/\/nivegy.com\/de\/wp-json\/wp\/v2\/product_cat?post=5624"},{"taxonomy":"product_tag","embeddable":true,"href":"https:\/\/nivegy.com\/de\/wp-json\/wp\/v2\/product_tag?post=5624"}],"curies":[{"name":"wp","href":"https:\/\/api.w.org\/{rel}","templated":true}]}}