{"id":5619,"date":"2024-06-21T12:58:41","date_gmt":"2024-06-21T12:58:41","guid":{"rendered":"https:\/\/nivegy.com\/?post_type=product&#038;p=5619"},"modified":"2024-06-28T15:55:56","modified_gmt":"2024-06-28T15:55:56","slug":"gaestehaus-am-balazs-berg","status":"publish","type":"product","link":"https:\/\/nivegy.com\/de\/termek\/gaestehaus-am-balazs-berg\/","title":{"rendered":"G\u00e4stehaus am Bal\u00e1zs-Berg"},"content":{"rendered":"<p><strong>Das G\u00e4stehaus liegt auf dem Szent-Bal\u00e1zs-Berg im malerischen Nivegy-Tal in <a href=\"https:\/\/maps.app.goo.gl\/3EKDTsciWWKzZLhu5\">Szentantalfa<\/a>.<\/strong><\/p>\n<p>Das renovierte ehemalige Presshaus bietet gem\u00fctliche Unterkunft f\u00fcr 10 oder sogar 12 Personen in 5 Zimmern. Die Unterkunft verf\u00fcgt \u00fcber eine voll ausgestattete K\u00fcche mit Herd, Umluftofen, K\u00fchlschrank, Mikrowelle, Kaffeemaschine, Wasserkocher und Geschirrsp\u00fcler. Im Obergeschoss befinden sich 4 klimatisierte Schlafzimmer und 1 Badezimmer mit Toilette, w\u00e4hrend sich im Erdgeschoss ein weiteres Schlafzimmer, 1 Badezimmer und 1 separate zweite Toilette befinden. Das Badezimmer im Erdgeschoss verf\u00fcgt \u00fcber eine Sauna, die den G\u00e4sten ebenfalls zur Verf\u00fcgung steht.<\/p>\n<p>Im Innenhof befindet sich ein siebenb\u00fcrgisches Badefass, das bequem Platz f\u00fcr 8 Personen bietet. Vor dem Geb\u00e4ude erstreckt sich eine gro\u00dfe Terrasse mit Grillecke, Gartenm\u00f6beln, Sonnenschirm und einem herrlichen Blick auf den Balaton, Hegyest\u0171, Badacsony und die umliegenden Weinberge, H\u00fcgel und das Tal. Der nahe gelegene Aussichtspunkt auf\u00a0 die <a href=\"https:\/\/nivegy.com\/de\/termek\/heiliger-blasius\/\">Kirchenruine Heiliger Blasius<\/a> bietet einen fantastischen Panoramablick und ist ein ideales Wanderziel.<\/p>\n<p>Es gibt einen Privatparkplatz f\u00fcr bis zu 5 Autos. WLAN und Kabelfernsehen sind ebenfalls verf\u00fcgbar.<\/p>\n","protected":false},"excerpt":{"rendered":"<p>Das G\u00e4stehaus liegt auf dem Szent-Bal\u00e1zs-Berg im malerischen Nivegy-Tal in Szentantalfa. Das renovierte ehemalige Presshaus bietet gem\u00fctliche Unterkunft f\u00fcr 10 oder sogar 12 Personen in 5 Zimmern. Die Unterkunft verf\u00fcgt \u00fcber eine voll ausgestattete K\u00fcche mit Herd, Umluftofen, K\u00fchlschrank, Mikrowelle, Kaffeemaschine, Wasserkocher und Geschirrsp\u00fcler. Im Obergeschoss befinden sich 4 klimatisierte Schlafzimmer und 1 Badezimmer mit [&hellip;]<\/p>\n","protected":false},"featured_media":5496,"comment_status":"open","ping_status":"closed","template":"","meta":{"_acf_changed":false},"product_brand":[],"product_cat":[481],"product_tag":[],"class_list":{"0":"post-5619","1":"product","2":"type-product","3":"status-publish","4":"has-post-thumbnail","6":"product_cat-unterkunft","8":"first","9":"instock","10":"shipping-taxable","11":"product-type-simple"},"acf":[],"yoast_head":"<!-- This site is optimized with the Yoast SEO plugin v27.4 - https:\/\/yoast.com\/product\/yoast-seo-wordpress\/ -->\n<title>G\u00e4stehaus am Bal\u00e1zs-Berg - Nivegy.com<\/title>\n<meta name=\"description\" content=\"A Bal\u00e1zs-hegyi Vend\u00e9gh\u00e1z a Balaton parti fest\u0151i Nivegy-v\u00f6lgyben, Szentantalf\u00e1n a Szent Bal\u00e1zs-hegyen v\u00e1rja vend\u00e9geit. Maxim\u00e1lis l\u00e9tsz\u00e1m 10 + 2 f\u0151.\" \/>\n<meta name=\"robots\" content=\"index, follow, max-snippet:-1, max-image-preview:large, max-video-preview:-1\" \/>\n<link rel=\"canonical\" href=\"https:\/\/nivegy.com\/de\/termek\/gaestehaus-am-balazs-berg\/\" \/>\n<meta property=\"og:locale\" content=\"de_DE\" \/>\n<meta property=\"og:type\" content=\"article\" \/>\n<meta property=\"og:title\" content=\"G\u00e4stehaus am Bal\u00e1zs-Berg - Nivegy.com\" \/>\n<meta property=\"og:description\" content=\"A Bal\u00e1zs-hegyi Vend\u00e9gh\u00e1z a Balaton parti fest\u0151i Nivegy-v\u00f6lgyben, Szentantalf\u00e1n a Szent Bal\u00e1zs-hegyen v\u00e1rja vend\u00e9geit. Maxim\u00e1lis l\u00e9tsz\u00e1m 10 + 2 f\u0151.\" \/>\n<meta property=\"og:url\" content=\"https:\/\/nivegy.com\/de\/termek\/gaestehaus-am-balazs-berg\/\" \/>\n<meta property=\"og:site_name\" content=\"Nivegy.com\" \/>\n<meta property=\"article:publisher\" content=\"https:\/\/www.facebook.com\/nivegy\" \/>\n<meta property=\"article:modified_time\" content=\"2024-06-28T15:55:56+00:00\" \/>\n<meta property=\"og:image\" content=\"https:\/\/nivegy.com\/wp-content\/uploads\/2024\/05\/Balazs-hegyi-Vendeghaz.webp\" \/>\n\t<meta property=\"og:image:width\" content=\"1000\" \/>\n\t<meta property=\"og:image:height\" content=\"1000\" \/>\n\t<meta property=\"og:image:type\" content=\"image\/webp\" \/>\n<meta name=\"twitter:card\" content=\"summary_large_image\" \/>\n<meta name=\"twitter:label1\" content=\"Gesch\u00e4tzte Lesezeit\" \/>\n\t<meta name=\"twitter:data1\" content=\"2\u00a0Minuten\" \/>\n<script type=\"application\/ld+json\" class=\"yoast-schema-graph\">{\"@context\":\"https:\\\/\\\/schema.org\",\"@graph\":[{\"@type\":\"WebPage\",\"@id\":\"https:\\\/\\\/nivegy.com\\\/de\\\/termek\\\/gaestehaus-am-balazs-berg\\\/\",\"url\":\"https:\\\/\\\/nivegy.com\\\/de\\\/termek\\\/gaestehaus-am-balazs-berg\\\/\",\"name\":\"G\u00e4stehaus am Bal\u00e1zs-Berg - Nivegy.com\",\"isPartOf\":{\"@id\":\"https:\\\/\\\/nivegy.com\\\/#website\"},\"primaryImageOfPage\":{\"@id\":\"https:\\\/\\\/nivegy.com\\\/de\\\/termek\\\/gaestehaus-am-balazs-berg\\\/#primaryimage\"},\"image\":{\"@id\":\"https:\\\/\\\/nivegy.com\\\/de\\\/termek\\\/gaestehaus-am-balazs-berg\\\/#primaryimage\"},\"thumbnailUrl\":\"https:\\\/\\\/nivegy.com\\\/wp-content\\\/uploads\\\/2024\\\/05\\\/Balazs-hegyi-Vendeghaz.webp\",\"datePublished\":\"2024-06-21T12:58:41+00:00\",\"dateModified\":\"2024-06-28T15:55:56+00:00\",\"description\":\"A Bal\u00e1zs-hegyi Vend\u00e9gh\u00e1z a Balaton parti fest\u0151i Nivegy-v\u00f6lgyben, Szentantalf\u00e1n a Szent Bal\u00e1zs-hegyen v\u00e1rja vend\u00e9geit. Maxim\u00e1lis l\u00e9tsz\u00e1m 10 + 2 f\u0151.\",\"breadcrumb\":{\"@id\":\"https:\\\/\\\/nivegy.com\\\/de\\\/termek\\\/gaestehaus-am-balazs-berg\\\/#breadcrumb\"},\"inLanguage\":\"de\",\"potentialAction\":[{\"@type\":\"ReadAction\",\"target\":[\"https:\\\/\\\/nivegy.com\\\/de\\\/termek\\\/gaestehaus-am-balazs-berg\\\/\"]}]},{\"@type\":\"ImageObject\",\"inLanguage\":\"de\",\"@id\":\"https:\\\/\\\/nivegy.com\\\/de\\\/termek\\\/gaestehaus-am-balazs-berg\\\/#primaryimage\",\"url\":\"https:\\\/\\\/nivegy.com\\\/wp-content\\\/uploads\\\/2024\\\/05\\\/Balazs-hegyi-Vendeghaz.webp\",\"contentUrl\":\"https:\\\/\\\/nivegy.com\\\/wp-content\\\/uploads\\\/2024\\\/05\\\/Balazs-hegyi-Vendeghaz.webp\",\"width\":1000,\"height\":1000,\"caption\":\"Bal\u00e1zs-hegyi Vend\u00e9gh\u00e1z\"},{\"@type\":\"BreadcrumbList\",\"@id\":\"https:\\\/\\\/nivegy.com\\\/de\\\/termek\\\/gaestehaus-am-balazs-berg\\\/#breadcrumb\",\"itemListElement\":[{\"@type\":\"ListItem\",\"position\":1,\"name\":\"Kezd\u0151lap\",\"item\":\"https:\\\/\\\/nivegy.com\\\/de\\\/\"},{\"@type\":\"ListItem\",\"position\":2,\"name\":\"G\u00e4stehaus am Bal\u00e1zs-Berg\"}]},{\"@type\":\"WebSite\",\"@id\":\"https:\\\/\\\/nivegy.com\\\/#website\",\"url\":\"https:\\\/\\\/nivegy.com\\\/\",\"name\":\"Nivegy.com\",\"description\":\"Egy v\u00f6lgy, \u00f6t falu, v\u00e9gtelen csoda\",\"potentialAction\":[{\"@type\":\"SearchAction\",\"target\":{\"@type\":\"EntryPoint\",\"urlTemplate\":\"https:\\\/\\\/nivegy.com\\\/?s={search_term_string}\"},\"query-input\":{\"@type\":\"PropertyValueSpecification\",\"valueRequired\":true,\"valueName\":\"search_term_string\"}}],\"inLanguage\":\"de\"}]}<\/script>\n<!-- \/ Yoast SEO plugin. -->","yoast_head_json":{"title":"G\u00e4stehaus am Bal\u00e1zs-Berg - Nivegy.com","description":"A Bal\u00e1zs-hegyi Vend\u00e9gh\u00e1z a Balaton parti fest\u0151i Nivegy-v\u00f6lgyben, Szentantalf\u00e1n a Szent Bal\u00e1zs-hegyen v\u00e1rja vend\u00e9geit. Maxim\u00e1lis l\u00e9tsz\u00e1m 10 + 2 f\u0151.","robots":{"index":"index","follow":"follow","max-snippet":"max-snippet:-1","max-image-preview":"max-image-preview:large","max-video-preview":"max-video-preview:-1"},"canonical":"https:\/\/nivegy.com\/de\/termek\/gaestehaus-am-balazs-berg\/","og_locale":"de_DE","og_type":"article","og_title":"G\u00e4stehaus am Bal\u00e1zs-Berg - Nivegy.com","og_description":"A Bal\u00e1zs-hegyi Vend\u00e9gh\u00e1z a Balaton parti fest\u0151i Nivegy-v\u00f6lgyben, Szentantalf\u00e1n a Szent Bal\u00e1zs-hegyen v\u00e1rja vend\u00e9geit. Maxim\u00e1lis l\u00e9tsz\u00e1m 10 + 2 f\u0151.","og_url":"https:\/\/nivegy.com\/de\/termek\/gaestehaus-am-balazs-berg\/","og_site_name":"Nivegy.com","article_publisher":"https:\/\/www.facebook.com\/nivegy","article_modified_time":"2024-06-28T15:55:56+00:00","og_image":[{"width":1000,"height":1000,"url":"https:\/\/nivegy.com\/wp-content\/uploads\/2024\/05\/Balazs-hegyi-Vendeghaz.webp","type":"image\/webp"}],"twitter_card":"summary_large_image","twitter_misc":{"Gesch\u00e4tzte Lesezeit":"2\u00a0Minuten"},"schema":{"@context":"https:\/\/schema.org","@graph":[{"@type":"WebPage","@id":"https:\/\/nivegy.com\/de\/termek\/gaestehaus-am-balazs-berg\/","url":"https:\/\/nivegy.com\/de\/termek\/gaestehaus-am-balazs-berg\/","name":"G\u00e4stehaus am Bal\u00e1zs-Berg - Nivegy.com","isPartOf":{"@id":"https:\/\/nivegy.com\/#website"},"primaryImageOfPage":{"@id":"https:\/\/nivegy.com\/de\/termek\/gaestehaus-am-balazs-berg\/#primaryimage"},"image":{"@id":"https:\/\/nivegy.com\/de\/termek\/gaestehaus-am-balazs-berg\/#primaryimage"},"thumbnailUrl":"https:\/\/nivegy.com\/wp-content\/uploads\/2024\/05\/Balazs-hegyi-Vendeghaz.webp","datePublished":"2024-06-21T12:58:41+00:00","dateModified":"2024-06-28T15:55:56+00:00","description":"A Bal\u00e1zs-hegyi Vend\u00e9gh\u00e1z a Balaton parti fest\u0151i Nivegy-v\u00f6lgyben, Szentantalf\u00e1n a Szent Bal\u00e1zs-hegyen v\u00e1rja vend\u00e9geit. Maxim\u00e1lis l\u00e9tsz\u00e1m 10 + 2 f\u0151.","breadcrumb":{"@id":"https:\/\/nivegy.com\/de\/termek\/gaestehaus-am-balazs-berg\/#breadcrumb"},"inLanguage":"de","potentialAction":[{"@type":"ReadAction","target":["https:\/\/nivegy.com\/de\/termek\/gaestehaus-am-balazs-berg\/"]}]},{"@type":"ImageObject","inLanguage":"de","@id":"https:\/\/nivegy.com\/de\/termek\/gaestehaus-am-balazs-berg\/#primaryimage","url":"https:\/\/nivegy.com\/wp-content\/uploads\/2024\/05\/Balazs-hegyi-Vendeghaz.webp","contentUrl":"https:\/\/nivegy.com\/wp-content\/uploads\/2024\/05\/Balazs-hegyi-Vendeghaz.webp","width":1000,"height":1000,"caption":"Bal\u00e1zs-hegyi Vend\u00e9gh\u00e1z"},{"@type":"BreadcrumbList","@id":"https:\/\/nivegy.com\/de\/termek\/gaestehaus-am-balazs-berg\/#breadcrumb","itemListElement":[{"@type":"ListItem","position":1,"name":"Kezd\u0151lap","item":"https:\/\/nivegy.com\/de\/"},{"@type":"ListItem","position":2,"name":"G\u00e4stehaus am Bal\u00e1zs-Berg"}]},{"@type":"WebSite","@id":"https:\/\/nivegy.com\/#website","url":"https:\/\/nivegy.com\/","name":"Nivegy.com","description":"Egy v\u00f6lgy, \u00f6t falu, v\u00e9gtelen csoda","potentialAction":[{"@type":"SearchAction","target":{"@type":"EntryPoint","urlTemplate":"https:\/\/nivegy.com\/?s={search_term_string}"},"query-input":{"@type":"PropertyValueSpecification","valueRequired":true,"valueName":"search_term_string"}}],"inLanguage":"de"}]}},"_links":{"self":[{"href":"https:\/\/nivegy.com\/de\/wp-json\/wp\/v2\/product\/5619","targetHints":{"allow":["GET"]}}],"collection":[{"href":"https:\/\/nivegy.com\/de\/wp-json\/wp\/v2\/product"}],"about":[{"href":"https:\/\/nivegy.com\/de\/wp-json\/wp\/v2\/types\/product"}],"replies":[{"embeddable":true,"href":"https:\/\/nivegy.com\/de\/wp-json\/wp\/v2\/comments?post=5619"}],"wp:featuredmedia":[{"embeddable":true,"href":"https:\/\/nivegy.com\/de\/wp-json\/wp\/v2\/media\/5496"}],"wp:attachment":[{"href":"https:\/\/nivegy.com\/de\/wp-json\/wp\/v2\/media?parent=5619"}],"wp:term":[{"taxonomy":"product_brand","embeddable":true,"href":"https:\/\/nivegy.com\/de\/wp-json\/wp\/v2\/product_brand?post=5619"},{"taxonomy":"product_cat","embeddable":true,"href":"https:\/\/nivegy.com\/de\/wp-json\/wp\/v2\/product_cat?post=5619"},{"taxonomy":"product_tag","embeddable":true,"href":"https:\/\/nivegy.com\/de\/wp-json\/wp\/v2\/product_tag?post=5619"}],"curies":[{"name":"wp","href":"https:\/\/api.w.org\/{rel}","templated":true}]}}