{"id":5604,"date":"2024-06-26T13:30:44","date_gmt":"2024-06-26T13:30:44","guid":{"rendered":"https:\/\/nivegy.com\/?post_type=product&#038;p=5604"},"modified":"2024-07-04T13:52:24","modified_gmt":"2024-07-04T13:52:24","slug":"1-hektar-tagyon","status":"publish","type":"product","link":"https:\/\/nivegy.com\/de\/termek\/1-hektar-tagyon\/","title":{"rendered":"1HA Tagyon"},"content":{"rendered":"<p><strong>1 Hektar Tagyon liegt auf dem Weinberg von Tagyon im Balaton-Oberland und ist ein idealer Ort f\u00fcr diejenigen, die sich im Nivegy-Tal erholen m\u00f6chten.<\/strong><\/p>\n<p>Das G\u00e4stehaus ist von einem ein Hektar gro\u00dfen Lavendel- und Weingarten umgeben. Von der gro\u00dfen Terrasse aus hat man einen atemberaubenden Blick, der vom Balaton bis nach Hegyest\u0171 reicht. Dieses stilvoll eingerichtete und komfortable Geb\u00e4ude steht ausschlie\u00dflich den G\u00e4sten zur Verf\u00fcgung und besitzt einen eigenen Parkplatz. Das kinderfreundliche Haus ist ideal f\u00fcr zwei Erwachsene und zwei kleine Kinder.<\/p>\n<p>Das Anwesen ist still, friedlich und ruhig, die <a href=\"https:\/\/nivegy.com\/de\/keller\/\">Weinkeller<\/a>, Weinterrassen und Restaurants sind jedoch nur einen kurzen Spaziergang entfernt. Die Umgebung bietet ein breites Spektrum an kulturellen und gastronomischen Aktivit\u00e4ten sowie Sport- und Wanderm\u00f6glichkeiten.<\/p>\n<p>Das G\u00e4stehaus ist ein Selbstversorgerhaus und der Check-in und Check-out erfolgt kontaktlos. Das Fr\u00fchst\u00fcck kann auf Anfrage geliefert werden (mehr Informationen: <a href=\"https:\/\/rokanekosara.hu\/\">R\u00f3k\u00e1n\u00e9 Kosara<\/a> \u2013 Der Korb von Frau R\u00f3ka).<\/p>\n<p>Entdecken Sie eines der Juwelen des Nivegy-Tals und entspannen Sie sich im G\u00e4stehaus 1 Hektar Tagyon!<\/p>\n","protected":false},"excerpt":{"rendered":"<p>1 Hektar Tagyon liegt auf dem Weinberg von Tagyon im Balaton-Oberland und ist ein idealer Ort f\u00fcr diejenigen, die sich im Nivegy-Tal erholen m\u00f6chten. Das G\u00e4stehaus ist von einem ein Hektar gro\u00dfen Lavendel- und Weingarten umgeben. Von der gro\u00dfen Terrasse aus hat man einen atemberaubenden Blick, der vom Balaton bis nach Hegyest\u0171 reicht. Dieses stilvoll [&hellip;]<\/p>\n","protected":false},"featured_media":5575,"comment_status":"open","ping_status":"closed","template":"","meta":{"_acf_changed":false},"product_brand":[],"product_cat":[481],"product_tag":[],"class_list":{"0":"post-5604","1":"product","2":"type-product","3":"status-publish","4":"has-post-thumbnail","6":"product_cat-unterkunft","8":"first","9":"instock","10":"shipping-taxable","11":"product-type-simple"},"acf":[],"yoast_head":"<!-- This site is optimized with the Yoast SEO plugin v27.5 - https:\/\/yoast.com\/product\/yoast-seo-wordpress\/ -->\n<title>1 Hektar Tagyon - Nivegy.com<\/title>\n<meta name=\"description\" content=\"1 hektar Tagyon liegt auf dem Weinberg von Tagyon im Balaton-Oberland und ist ein idealer Ort f\u00fcr diejenigen, die sich im Nivegy-Tal erholen m\u00f6chten.\" \/>\n<meta name=\"robots\" content=\"index, follow, max-snippet:-1, max-image-preview:large, max-video-preview:-1\" \/>\n<link rel=\"canonical\" href=\"https:\/\/nivegy.com\/de\/termek\/1-hektar-tagyon\/\" \/>\n<meta property=\"og:locale\" content=\"de_DE\" \/>\n<meta property=\"og:type\" content=\"article\" \/>\n<meta property=\"og:title\" content=\"1 Hektar Tagyon - Nivegy.com\" \/>\n<meta property=\"og:description\" content=\"1 hektar Tagyon liegt auf dem Weinberg von Tagyon im Balaton-Oberland und ist ein idealer Ort f\u00fcr diejenigen, die sich im Nivegy-Tal erholen m\u00f6chten.\" \/>\n<meta property=\"og:url\" content=\"https:\/\/nivegy.com\/de\/termek\/1-hektar-tagyon\/\" \/>\n<meta property=\"og:site_name\" content=\"Nivegy.com\" \/>\n<meta property=\"article:publisher\" content=\"https:\/\/www.facebook.com\/nivegy\" \/>\n<meta property=\"article:modified_time\" content=\"2024-07-04T13:52:24+00:00\" \/>\n<meta property=\"og:image\" content=\"https:\/\/nivegy.com\/wp-content\/uploads\/2024\/06\/1HA-Tagyon.webp\" \/>\n\t<meta property=\"og:image:width\" content=\"1000\" \/>\n\t<meta property=\"og:image:height\" content=\"1000\" \/>\n\t<meta property=\"og:image:type\" content=\"image\/webp\" \/>\n<meta name=\"twitter:card\" content=\"summary_large_image\" \/>\n<meta name=\"twitter:label1\" content=\"Gesch\u00e4tzte Lesezeit\" \/>\n\t<meta name=\"twitter:data1\" content=\"2\u00a0Minuten\" \/>\n<script type=\"application\/ld+json\" class=\"yoast-schema-graph\">{\"@context\":\"https:\\\/\\\/schema.org\",\"@graph\":[{\"@type\":\"WebPage\",\"@id\":\"https:\\\/\\\/nivegy.com\\\/de\\\/termek\\\/1-hektar-tagyon\\\/\",\"url\":\"https:\\\/\\\/nivegy.com\\\/de\\\/termek\\\/1-hektar-tagyon\\\/\",\"name\":\"1 Hektar Tagyon - Nivegy.com\",\"isPartOf\":{\"@id\":\"https:\\\/\\\/nivegy.com\\\/#website\"},\"primaryImageOfPage\":{\"@id\":\"https:\\\/\\\/nivegy.com\\\/de\\\/termek\\\/1-hektar-tagyon\\\/#primaryimage\"},\"image\":{\"@id\":\"https:\\\/\\\/nivegy.com\\\/de\\\/termek\\\/1-hektar-tagyon\\\/#primaryimage\"},\"thumbnailUrl\":\"https:\\\/\\\/nivegy.com\\\/wp-content\\\/uploads\\\/2024\\\/06\\\/1HA-Tagyon.webp\",\"datePublished\":\"2024-06-26T13:30:44+00:00\",\"dateModified\":\"2024-07-04T13:52:24+00:00\",\"description\":\"1 hektar Tagyon liegt auf dem Weinberg von Tagyon im Balaton-Oberland und ist ein idealer Ort f\u00fcr diejenigen, die sich im Nivegy-Tal erholen m\u00f6chten.\",\"breadcrumb\":{\"@id\":\"https:\\\/\\\/nivegy.com\\\/de\\\/termek\\\/1-hektar-tagyon\\\/#breadcrumb\"},\"inLanguage\":\"de\",\"potentialAction\":[{\"@type\":\"ReadAction\",\"target\":[\"https:\\\/\\\/nivegy.com\\\/de\\\/termek\\\/1-hektar-tagyon\\\/\"]}]},{\"@type\":\"ImageObject\",\"inLanguage\":\"de\",\"@id\":\"https:\\\/\\\/nivegy.com\\\/de\\\/termek\\\/1-hektar-tagyon\\\/#primaryimage\",\"url\":\"https:\\\/\\\/nivegy.com\\\/wp-content\\\/uploads\\\/2024\\\/06\\\/1HA-Tagyon.webp\",\"contentUrl\":\"https:\\\/\\\/nivegy.com\\\/wp-content\\\/uploads\\\/2024\\\/06\\\/1HA-Tagyon.webp\",\"width\":1000,\"height\":1000,\"caption\":\"1HA Tagyon\"},{\"@type\":\"BreadcrumbList\",\"@id\":\"https:\\\/\\\/nivegy.com\\\/de\\\/termek\\\/1-hektar-tagyon\\\/#breadcrumb\",\"itemListElement\":[{\"@type\":\"ListItem\",\"position\":1,\"name\":\"Kezd\u0151lap\",\"item\":\"https:\\\/\\\/nivegy.com\\\/de\\\/\"},{\"@type\":\"ListItem\",\"position\":2,\"name\":\"1HA Tagyon\"}]},{\"@type\":\"WebSite\",\"@id\":\"https:\\\/\\\/nivegy.com\\\/#website\",\"url\":\"https:\\\/\\\/nivegy.com\\\/\",\"name\":\"Nivegy.com\",\"description\":\"Egy v\u00f6lgy, \u00f6t falu, v\u00e9gtelen csoda\",\"potentialAction\":[{\"@type\":\"SearchAction\",\"target\":{\"@type\":\"EntryPoint\",\"urlTemplate\":\"https:\\\/\\\/nivegy.com\\\/?s={search_term_string}\"},\"query-input\":{\"@type\":\"PropertyValueSpecification\",\"valueRequired\":true,\"valueName\":\"search_term_string\"}}],\"inLanguage\":\"de\"}]}<\/script>\n<!-- \/ Yoast SEO plugin. -->","yoast_head_json":{"title":"1 Hektar Tagyon - Nivegy.com","description":"1 hektar Tagyon liegt auf dem Weinberg von Tagyon im Balaton-Oberland und ist ein idealer Ort f\u00fcr diejenigen, die sich im Nivegy-Tal erholen m\u00f6chten.","robots":{"index":"index","follow":"follow","max-snippet":"max-snippet:-1","max-image-preview":"max-image-preview:large","max-video-preview":"max-video-preview:-1"},"canonical":"https:\/\/nivegy.com\/de\/termek\/1-hektar-tagyon\/","og_locale":"de_DE","og_type":"article","og_title":"1 Hektar Tagyon - Nivegy.com","og_description":"1 hektar Tagyon liegt auf dem Weinberg von Tagyon im Balaton-Oberland und ist ein idealer Ort f\u00fcr diejenigen, die sich im Nivegy-Tal erholen m\u00f6chten.","og_url":"https:\/\/nivegy.com\/de\/termek\/1-hektar-tagyon\/","og_site_name":"Nivegy.com","article_publisher":"https:\/\/www.facebook.com\/nivegy","article_modified_time":"2024-07-04T13:52:24+00:00","og_image":[{"width":1000,"height":1000,"url":"https:\/\/nivegy.com\/wp-content\/uploads\/2024\/06\/1HA-Tagyon.webp","type":"image\/webp"}],"twitter_card":"summary_large_image","twitter_misc":{"Gesch\u00e4tzte Lesezeit":"2\u00a0Minuten"},"schema":{"@context":"https:\/\/schema.org","@graph":[{"@type":"WebPage","@id":"https:\/\/nivegy.com\/de\/termek\/1-hektar-tagyon\/","url":"https:\/\/nivegy.com\/de\/termek\/1-hektar-tagyon\/","name":"1 Hektar Tagyon - Nivegy.com","isPartOf":{"@id":"https:\/\/nivegy.com\/#website"},"primaryImageOfPage":{"@id":"https:\/\/nivegy.com\/de\/termek\/1-hektar-tagyon\/#primaryimage"},"image":{"@id":"https:\/\/nivegy.com\/de\/termek\/1-hektar-tagyon\/#primaryimage"},"thumbnailUrl":"https:\/\/nivegy.com\/wp-content\/uploads\/2024\/06\/1HA-Tagyon.webp","datePublished":"2024-06-26T13:30:44+00:00","dateModified":"2024-07-04T13:52:24+00:00","description":"1 hektar Tagyon liegt auf dem Weinberg von Tagyon im Balaton-Oberland und ist ein idealer Ort f\u00fcr diejenigen, die sich im Nivegy-Tal erholen m\u00f6chten.","breadcrumb":{"@id":"https:\/\/nivegy.com\/de\/termek\/1-hektar-tagyon\/#breadcrumb"},"inLanguage":"de","potentialAction":[{"@type":"ReadAction","target":["https:\/\/nivegy.com\/de\/termek\/1-hektar-tagyon\/"]}]},{"@type":"ImageObject","inLanguage":"de","@id":"https:\/\/nivegy.com\/de\/termek\/1-hektar-tagyon\/#primaryimage","url":"https:\/\/nivegy.com\/wp-content\/uploads\/2024\/06\/1HA-Tagyon.webp","contentUrl":"https:\/\/nivegy.com\/wp-content\/uploads\/2024\/06\/1HA-Tagyon.webp","width":1000,"height":1000,"caption":"1HA Tagyon"},{"@type":"BreadcrumbList","@id":"https:\/\/nivegy.com\/de\/termek\/1-hektar-tagyon\/#breadcrumb","itemListElement":[{"@type":"ListItem","position":1,"name":"Kezd\u0151lap","item":"https:\/\/nivegy.com\/de\/"},{"@type":"ListItem","position":2,"name":"1HA Tagyon"}]},{"@type":"WebSite","@id":"https:\/\/nivegy.com\/#website","url":"https:\/\/nivegy.com\/","name":"Nivegy.com","description":"Egy v\u00f6lgy, \u00f6t falu, v\u00e9gtelen csoda","potentialAction":[{"@type":"SearchAction","target":{"@type":"EntryPoint","urlTemplate":"https:\/\/nivegy.com\/?s={search_term_string}"},"query-input":{"@type":"PropertyValueSpecification","valueRequired":true,"valueName":"search_term_string"}}],"inLanguage":"de"}]}},"_links":{"self":[{"href":"https:\/\/nivegy.com\/de\/wp-json\/wp\/v2\/product\/5604","targetHints":{"allow":["GET"]}}],"collection":[{"href":"https:\/\/nivegy.com\/de\/wp-json\/wp\/v2\/product"}],"about":[{"href":"https:\/\/nivegy.com\/de\/wp-json\/wp\/v2\/types\/product"}],"replies":[{"embeddable":true,"href":"https:\/\/nivegy.com\/de\/wp-json\/wp\/v2\/comments?post=5604"}],"wp:featuredmedia":[{"embeddable":true,"href":"https:\/\/nivegy.com\/de\/wp-json\/wp\/v2\/media\/5575"}],"wp:attachment":[{"href":"https:\/\/nivegy.com\/de\/wp-json\/wp\/v2\/media?parent=5604"}],"wp:term":[{"taxonomy":"product_brand","embeddable":true,"href":"https:\/\/nivegy.com\/de\/wp-json\/wp\/v2\/product_brand?post=5604"},{"taxonomy":"product_cat","embeddable":true,"href":"https:\/\/nivegy.com\/de\/wp-json\/wp\/v2\/product_cat?post=5604"},{"taxonomy":"product_tag","embeddable":true,"href":"https:\/\/nivegy.com\/de\/wp-json\/wp\/v2\/product_tag?post=5604"}],"curies":[{"name":"wp","href":"https:\/\/api.w.org\/{rel}","templated":true}]}}