{"id":5333,"date":"2023-07-15T14:09:53","date_gmt":"2023-07-15T14:09:53","guid":{"rendered":"https:\/\/nivegy.com\/?post_type=product&#038;p=5333"},"modified":"2024-08-11T08:31:54","modified_gmt":"2024-08-11T08:31:54","slug":"heiliger-blasius","status":"publish","type":"product","link":"https:\/\/nivegy.com\/de\/termek\/heiliger-blasius\/","title":{"rendered":"Die Kirchenruine Heiliger Blasius"},"content":{"rendered":"<p><strong>Jedes Jahr im Februar, im Anschluss an den Namenstag von Blasius, ist eine der meistbesuchten Veranstaltungen im Nivegy-Tal die Blasius-Segnung.<\/strong> Schauplatz dieser beliebten Veranstaltung (unter freiem Himmel) ist die Kirche des Heiligen Blasius, auf Ungarisch Szent Bal\u00e1zs, die in der Arpadenzeit im 12. und 13. Jahrhundert erbaut und w\u00e4hrend der T\u00fcrkenkriege teilweise zerst\u00f6rt wurde.<\/p>\n<p>Es handelt sich um ein romanisches bzw. gotisches Geb\u00e4ude mit einem einzigen Kirchenschiff und einem Westturm. Im 20. Jahrhundert wurde es von J\u00f6rg Lanz, dem Gr\u00fcnder des Neutemplerordens, gekauft, der dann in die Kirche einzog. W\u00e4hrend dieser Zeit nahm er kleinere Ver\u00e4nderungen vor, die bei der teilweisen Restaurierung der Ruine entfernt wurden. Seit den Arbeiten im Jahr 2001 ist das jahrhundertealte Geb\u00e4ude in der Form wie auf den Bildern zu sehen.<\/p>\n<p><strong>Bei einem Spaziergang vor der Kirche bietet sich ein malerischer Blick auf den Balaton, das Nivegy-Tal und die nahe gelegenen Zeugenberge.<\/strong> Das Ambiente der Kirche und das atemberaubende Panorama ziehen neben den Ausfl\u00fcglern auch viele zuk\u00fcnftige Ehepaare als Hochzeitsort an.<\/p>\n<p><strong>Zugang:<\/strong> zu Fu\u00df aus Richtung Szentantalfa auf dem gr\u00fcnen Wegweiser oder mit dem Auto<\/p>\n<p><strong>Parkm\u00f6glichkeiten:<\/strong> auf einem nahe gelegenen Feld<\/p>\n<p><strong>Weinbaubetriebe in der N\u00e4he der Sehensw\u00fcrdigkeit:\u00a0<\/strong><\/p>\n<p><strong>A l\u00e1tnival\u00f3hoz k\u00f6zel es\u0151 bor\u00e1szatok: <\/strong><a href=\"https:\/\/nivegy.com\/de\/termek\/familienkellerei-molnar\/\">Familienkellerei Moln\u00e1r<\/a>, <a href=\"https:\/\/nivegy.com\/termek\/dombi-pince\/\">Kellerei Dombi<\/a>, <a href=\"https:\/\/nivegy.com\/termek\/gergely-borhaz-2\/\">Weinhaus Gergely<\/a>, <a href=\"https:\/\/www.kisspince.com\/\">Kisskellerei<\/a><\/p>\n<p>&nbsp;<\/p>\n","protected":false},"excerpt":{"rendered":"<p>Jedes Jahr im Februar, im Anschluss an den Namenstag von Blasius, ist eine der meistbesuchten Veranstaltungen im Nivegy-Tal die Blasius-Segnung. Schauplatz dieser beliebten Veranstaltung (unter freiem Himmel) ist die Kirche des Heiligen Blasius, auf Ungarisch Szent Bal\u00e1zs, die in der Arpadenzeit im 12. und 13. Jahrhundert erbaut und w\u00e4hrend der T\u00fcrkenkriege teilweise zerst\u00f6rt wurde. Es [&hellip;]<\/p>\n","protected":false},"featured_media":4263,"comment_status":"closed","ping_status":"closed","template":"","meta":{"_acf_changed":false},"product_brand":[],"product_cat":[484],"product_tag":[],"class_list":{"0":"post-5333","1":"product","2":"type-product","3":"status-publish","4":"has-post-thumbnail","6":"product_cat-regular-programme","8":"first","9":"instock","10":"shipping-taxable","11":"product-type-simple"},"acf":[],"yoast_head":"<!-- This site is optimized with the Yoast SEO plugin v27.5 - https:\/\/yoast.com\/product\/yoast-seo-wordpress\/ -->\n<title>Die Kirchenruine Heiliger Blasius - Nivegy.com<\/title>\n<meta name=\"description\" content=\"Bei einem Spaziergang vor die Kirchenruine Heiliger Blasius bietet sich ein malerischer Blick auf den Balaton, das Nivegy-Tal und die nahe gelegenen ...\" \/>\n<meta name=\"robots\" content=\"index, follow, max-snippet:-1, max-image-preview:large, max-video-preview:-1\" \/>\n<link rel=\"canonical\" href=\"https:\/\/nivegy.com\/de\/termek\/heiliger-blasius\/\" \/>\n<meta property=\"og:locale\" content=\"de_DE\" \/>\n<meta property=\"og:type\" content=\"article\" \/>\n<meta property=\"og:title\" content=\"Die Kirchenruine Heiliger Blasius - Nivegy.com\" \/>\n<meta property=\"og:description\" content=\"Minden \u00e9v febru\u00e1rj\u00e1ban, Bal\u00e1zs n\u00e9vnapot k\u00f6vet\u0151en a Nivegy-v\u00f6lgy egyik legl\u00e1togatottabb esem\u00e9nye a Bal\u00e1zs-\u00e1ld\u00e1s. Ezen n\u00e9pszer\u0171 (szabadt\u00e9ri) esem\u00e9ny helysz\u00edne a Szent Bal\u00e1zs templomrom.\" \/>\n<meta property=\"og:url\" content=\"https:\/\/nivegy.com\/de\/termek\/heiliger-blasius\/\" \/>\n<meta property=\"og:site_name\" content=\"Nivegy.com\" \/>\n<meta property=\"article:publisher\" content=\"https:\/\/www.facebook.com\/nivegy\" \/>\n<meta property=\"article:modified_time\" content=\"2024-08-11T08:31:54+00:00\" \/>\n<meta property=\"og:image\" content=\"https:\/\/nivegy.com\/wp-content\/uploads\/2023\/05\/3.kep_DSCF7650-Enhanced-NR.jpg\" \/>\n\t<meta property=\"og:image:width\" content=\"2000\" \/>\n\t<meta property=\"og:image:height\" content=\"1000\" \/>\n\t<meta property=\"og:image:type\" content=\"image\/jpeg\" \/>\n<meta name=\"twitter:card\" content=\"summary_large_image\" \/>\n<meta name=\"twitter:label1\" content=\"Gesch\u00e4tzte Lesezeit\" \/>\n\t<meta name=\"twitter:data1\" content=\"2\u00a0Minuten\" \/>\n<script type=\"application\/ld+json\" class=\"yoast-schema-graph\">{\"@context\":\"https:\\\/\\\/schema.org\",\"@graph\":[{\"@type\":\"WebPage\",\"@id\":\"https:\\\/\\\/nivegy.com\\\/de\\\/termek\\\/heiliger-blasius\\\/\",\"url\":\"https:\\\/\\\/nivegy.com\\\/de\\\/termek\\\/heiliger-blasius\\\/\",\"name\":\"Die Kirchenruine Heiliger Blasius - Nivegy.com\",\"isPartOf\":{\"@id\":\"https:\\\/\\\/nivegy.com\\\/#website\"},\"primaryImageOfPage\":{\"@id\":\"https:\\\/\\\/nivegy.com\\\/de\\\/termek\\\/heiliger-blasius\\\/#primaryimage\"},\"image\":{\"@id\":\"https:\\\/\\\/nivegy.com\\\/de\\\/termek\\\/heiliger-blasius\\\/#primaryimage\"},\"thumbnailUrl\":\"https:\\\/\\\/nivegy.com\\\/wp-content\\\/uploads\\\/2023\\\/07\\\/Szent-Balazs-templom.webp\",\"datePublished\":\"2023-07-15T14:09:53+00:00\",\"dateModified\":\"2024-08-11T08:31:54+00:00\",\"description\":\"Bei einem Spaziergang vor die Kirchenruine Heiliger Blasius bietet sich ein malerischer Blick auf den Balaton, das Nivegy-Tal und die nahe gelegenen ...\",\"breadcrumb\":{\"@id\":\"https:\\\/\\\/nivegy.com\\\/de\\\/termek\\\/heiliger-blasius\\\/#breadcrumb\"},\"inLanguage\":\"de\",\"potentialAction\":[{\"@type\":\"ReadAction\",\"target\":[\"https:\\\/\\\/nivegy.com\\\/de\\\/termek\\\/heiliger-blasius\\\/\"]}]},{\"@type\":\"ImageObject\",\"inLanguage\":\"de\",\"@id\":\"https:\\\/\\\/nivegy.com\\\/de\\\/termek\\\/heiliger-blasius\\\/#primaryimage\",\"url\":\"https:\\\/\\\/nivegy.com\\\/wp-content\\\/uploads\\\/2023\\\/07\\\/Szent-Balazs-templom.webp\",\"contentUrl\":\"https:\\\/\\\/nivegy.com\\\/wp-content\\\/uploads\\\/2023\\\/07\\\/Szent-Balazs-templom.webp\",\"width\":1000,\"height\":1000},{\"@type\":\"BreadcrumbList\",\"@id\":\"https:\\\/\\\/nivegy.com\\\/de\\\/termek\\\/heiliger-blasius\\\/#breadcrumb\",\"itemListElement\":[{\"@type\":\"ListItem\",\"position\":1,\"name\":\"Kezd\u0151lap\",\"item\":\"https:\\\/\\\/nivegy.com\\\/de\\\/\"},{\"@type\":\"ListItem\",\"position\":2,\"name\":\"Die Kirchenruine Heiliger Blasius\"}]},{\"@type\":\"WebSite\",\"@id\":\"https:\\\/\\\/nivegy.com\\\/#website\",\"url\":\"https:\\\/\\\/nivegy.com\\\/\",\"name\":\"Nivegy.com\",\"description\":\"Egy v\u00f6lgy, \u00f6t falu, v\u00e9gtelen csoda\",\"potentialAction\":[{\"@type\":\"SearchAction\",\"target\":{\"@type\":\"EntryPoint\",\"urlTemplate\":\"https:\\\/\\\/nivegy.com\\\/?s={search_term_string}\"},\"query-input\":{\"@type\":\"PropertyValueSpecification\",\"valueRequired\":true,\"valueName\":\"search_term_string\"}}],\"inLanguage\":\"de\"}]}<\/script>\n<!-- \/ Yoast SEO plugin. -->","yoast_head_json":{"title":"Die Kirchenruine Heiliger Blasius - Nivegy.com","description":"Bei einem Spaziergang vor die Kirchenruine Heiliger Blasius bietet sich ein malerischer Blick auf den Balaton, das Nivegy-Tal und die nahe gelegenen ...","robots":{"index":"index","follow":"follow","max-snippet":"max-snippet:-1","max-image-preview":"max-image-preview:large","max-video-preview":"max-video-preview:-1"},"canonical":"https:\/\/nivegy.com\/de\/termek\/heiliger-blasius\/","og_locale":"de_DE","og_type":"article","og_title":"Die Kirchenruine Heiliger Blasius - Nivegy.com","og_description":"Minden \u00e9v febru\u00e1rj\u00e1ban, Bal\u00e1zs n\u00e9vnapot k\u00f6vet\u0151en a Nivegy-v\u00f6lgy egyik legl\u00e1togatottabb esem\u00e9nye a Bal\u00e1zs-\u00e1ld\u00e1s. Ezen n\u00e9pszer\u0171 (szabadt\u00e9ri) esem\u00e9ny helysz\u00edne a Szent Bal\u00e1zs templomrom.","og_url":"https:\/\/nivegy.com\/de\/termek\/heiliger-blasius\/","og_site_name":"Nivegy.com","article_publisher":"https:\/\/www.facebook.com\/nivegy","article_modified_time":"2024-08-11T08:31:54+00:00","og_image":[{"width":2000,"height":1000,"url":"https:\/\/nivegy.com\/wp-content\/uploads\/2023\/05\/3.kep_DSCF7650-Enhanced-NR.jpg","type":"image\/jpeg"}],"twitter_card":"summary_large_image","twitter_misc":{"Gesch\u00e4tzte Lesezeit":"2\u00a0Minuten"},"schema":{"@context":"https:\/\/schema.org","@graph":[{"@type":"WebPage","@id":"https:\/\/nivegy.com\/de\/termek\/heiliger-blasius\/","url":"https:\/\/nivegy.com\/de\/termek\/heiliger-blasius\/","name":"Die Kirchenruine Heiliger Blasius - Nivegy.com","isPartOf":{"@id":"https:\/\/nivegy.com\/#website"},"primaryImageOfPage":{"@id":"https:\/\/nivegy.com\/de\/termek\/heiliger-blasius\/#primaryimage"},"image":{"@id":"https:\/\/nivegy.com\/de\/termek\/heiliger-blasius\/#primaryimage"},"thumbnailUrl":"https:\/\/nivegy.com\/wp-content\/uploads\/2023\/07\/Szent-Balazs-templom.webp","datePublished":"2023-07-15T14:09:53+00:00","dateModified":"2024-08-11T08:31:54+00:00","description":"Bei einem Spaziergang vor die Kirchenruine Heiliger Blasius bietet sich ein malerischer Blick auf den Balaton, das Nivegy-Tal und die nahe gelegenen ...","breadcrumb":{"@id":"https:\/\/nivegy.com\/de\/termek\/heiliger-blasius\/#breadcrumb"},"inLanguage":"de","potentialAction":[{"@type":"ReadAction","target":["https:\/\/nivegy.com\/de\/termek\/heiliger-blasius\/"]}]},{"@type":"ImageObject","inLanguage":"de","@id":"https:\/\/nivegy.com\/de\/termek\/heiliger-blasius\/#primaryimage","url":"https:\/\/nivegy.com\/wp-content\/uploads\/2023\/07\/Szent-Balazs-templom.webp","contentUrl":"https:\/\/nivegy.com\/wp-content\/uploads\/2023\/07\/Szent-Balazs-templom.webp","width":1000,"height":1000},{"@type":"BreadcrumbList","@id":"https:\/\/nivegy.com\/de\/termek\/heiliger-blasius\/#breadcrumb","itemListElement":[{"@type":"ListItem","position":1,"name":"Kezd\u0151lap","item":"https:\/\/nivegy.com\/de\/"},{"@type":"ListItem","position":2,"name":"Die Kirchenruine Heiliger Blasius"}]},{"@type":"WebSite","@id":"https:\/\/nivegy.com\/#website","url":"https:\/\/nivegy.com\/","name":"Nivegy.com","description":"Egy v\u00f6lgy, \u00f6t falu, v\u00e9gtelen csoda","potentialAction":[{"@type":"SearchAction","target":{"@type":"EntryPoint","urlTemplate":"https:\/\/nivegy.com\/?s={search_term_string}"},"query-input":{"@type":"PropertyValueSpecification","valueRequired":true,"valueName":"search_term_string"}}],"inLanguage":"de"}]}},"_links":{"self":[{"href":"https:\/\/nivegy.com\/de\/wp-json\/wp\/v2\/product\/5333","targetHints":{"allow":["GET"]}}],"collection":[{"href":"https:\/\/nivegy.com\/de\/wp-json\/wp\/v2\/product"}],"about":[{"href":"https:\/\/nivegy.com\/de\/wp-json\/wp\/v2\/types\/product"}],"replies":[{"embeddable":true,"href":"https:\/\/nivegy.com\/de\/wp-json\/wp\/v2\/comments?post=5333"}],"wp:featuredmedia":[{"embeddable":true,"href":"https:\/\/nivegy.com\/de\/wp-json\/wp\/v2\/media\/4263"}],"wp:attachment":[{"href":"https:\/\/nivegy.com\/de\/wp-json\/wp\/v2\/media?parent=5333"}],"wp:term":[{"taxonomy":"product_brand","embeddable":true,"href":"https:\/\/nivegy.com\/de\/wp-json\/wp\/v2\/product_brand?post=5333"},{"taxonomy":"product_cat","embeddable":true,"href":"https:\/\/nivegy.com\/de\/wp-json\/wp\/v2\/product_cat?post=5333"},{"taxonomy":"product_tag","embeddable":true,"href":"https:\/\/nivegy.com\/de\/wp-json\/wp\/v2\/product_tag?post=5333"}],"curies":[{"name":"wp","href":"https:\/\/api.w.org\/{rel}","templated":true}]}}