{"id":5332,"date":"2023-11-11T14:39:00","date_gmt":"2023-11-11T14:39:00","guid":{"rendered":"https:\/\/nivegy.com\/?post_type=product&#038;p=5332"},"modified":"2024-03-28T21:25:46","modified_gmt":"2024-03-28T21:25:46","slug":"hamuhaz-quelle","status":"publish","type":"product","link":"https:\/\/nivegy.com\/de\/termek\/hamuhaz-quelle\/","title":{"rendered":"Hamuh\u00e1z-Quelle"},"content":{"rendered":"<p><strong>Die Hamuh\u00e1z-Quelle befindet sich in der N\u00e4he der Balaton-Oberland <a href=\"https:\/\/www.bakonyerdo.hu\/okoturisztika\/erdei-iskolak\/balaton-felvidek\">Forstwaldschule<\/a>, an der Grenze zwischen den D\u00f6rfern Balatoncsics\u00f3 und Vig\u00e1ntpetend.<\/strong> Ihren Namen verdankt sie der aus der Verbrennung von Holz entstandenen Holzasche, auch Pottasche genannt, die im 18. Jahrhundert ein Exportprodukt Ungarns war.<\/p>\n<p>Im Jahr 2003 wurden die Quelle und ihre Umgebung renoviert und laden nun mit einer Schutzh\u00fctte, einer Feuerstelle, Tischen und B\u00e4nken Wanderer und Ausfl\u00fcgler zum Verweilen ein. Die Gegend eignet sich ideal, um sich zu entspannen und die N\u00e4he der Natur zu genie\u00dfen.<\/p>\n<p>Entlang der Hamuh\u00e1z-Quelle verlaufen zwei kleine Wanderwege (3,6 und 6,8 km), auf denen Naturfreunde die Gegend erkunden k\u00f6nnen. Es ist auch erw\u00e4hnenswert, dass die <a href=\"https:\/\/nivegy.com\/de\/termek\/landestour\/\">Blaue Landestour<\/a> nur 100 Meter von der Hamuh\u00e1z-Quelle entfernt verl\u00e4uft. Dieser ber\u00fchmte Wanderweg verbindet die sch\u00f6nsten Landschaften und das kulturelle Erbe des Balaton-Oberlandes miteinander.<\/p>\n<p><strong>Parkm\u00f6glichkeiten:<\/strong> auf einem nahe gelegenen Feld, am Stra\u00dfenrand<\/p>\n","protected":false},"excerpt":{"rendered":"<p>Die Hamuh\u00e1z-Quelle befindet sich in der N\u00e4he der Balaton-Oberland Forstwaldschule, an der Grenze zwischen den D\u00f6rfern Balatoncsics\u00f3 und Vig\u00e1ntpetend. Ihren Namen verdankt sie der aus der Verbrennung von Holz entstandenen Holzasche, auch Pottasche genannt, die im 18. Jahrhundert ein Exportprodukt Ungarns war. Im Jahr 2003 wurden die Quelle und ihre Umgebung renoviert und laden nun [&hellip;]<\/p>\n","protected":false},"featured_media":4529,"comment_status":"closed","ping_status":"closed","template":"","meta":{"_acf_changed":false},"product_brand":[],"product_cat":[484],"product_tag":[],"class_list":{"0":"post-5332","1":"product","2":"type-product","3":"status-publish","4":"has-post-thumbnail","6":"product_cat-regular-programme","8":"first","9":"instock","10":"shipping-taxable","11":"product-type-simple"},"acf":[],"yoast_head":"<!-- This site is optimized with the Yoast SEO plugin v27.5 - https:\/\/yoast.com\/product\/yoast-seo-wordpress\/ -->\n<title>Hamuh\u00e1z-Quelle - Nivegy.com<\/title>\n<meta name=\"description\" content=\"Die Hamuh\u00e1z-Quelle befindet sich in der N\u00e4he der Balaton-Oberland Forstwaldschule, an der Grenze zwischen den D\u00f6rfern Balatoncsics\u00f3 und Vig\u00e1ntpetend.\" \/>\n<meta name=\"robots\" content=\"index, follow, max-snippet:-1, max-image-preview:large, max-video-preview:-1\" \/>\n<link rel=\"canonical\" href=\"https:\/\/nivegy.com\/de\/termek\/hamuhaz-quelle\/\" \/>\n<meta property=\"og:locale\" content=\"de_DE\" \/>\n<meta property=\"og:type\" content=\"article\" \/>\n<meta property=\"og:title\" content=\"Hamuh\u00e1z-Quelle - Nivegy.com\" \/>\n<meta property=\"og:description\" content=\"Balatoncsics\u00f3 \u00e9s Vig\u00e1ntpetend k\u00f6zs\u00e9gek hat\u00e1r\u00e1n tal\u00e1lhat\u00f3 a Hamuh\u00e1zi-forr\u00e1s. Nev\u00e9t a f\u00e1k el\u00e9get\u00e9s\u00e9vel keletkez\u0151 fahamur\u00f3l, m\u00e1s n\u00e9ven hamuzs\u00edrr\u00f3l kapta.\" \/>\n<meta property=\"og:url\" content=\"https:\/\/nivegy.com\/de\/termek\/hamuhaz-quelle\/\" \/>\n<meta property=\"og:site_name\" content=\"Nivegy.com\" \/>\n<meta property=\"article:publisher\" content=\"https:\/\/www.facebook.com\/nivegy\" \/>\n<meta property=\"article:modified_time\" content=\"2024-03-28T21:25:46+00:00\" \/>\n<meta name=\"twitter:card\" content=\"summary_large_image\" \/>\n<meta name=\"twitter:image\" content=\"https:\/\/nivegy.com\/wp-content\/uploads\/2023\/06\/Hamuhazi-Forras-11.webp\" \/>\n<meta name=\"twitter:label1\" content=\"Gesch\u00e4tzte Lesezeit\" \/>\n\t<meta name=\"twitter:data1\" content=\"1\u00a0Minute\" \/>\n<script type=\"application\/ld+json\" class=\"yoast-schema-graph\">{\"@context\":\"https:\\\/\\\/schema.org\",\"@graph\":[{\"@type\":\"WebPage\",\"@id\":\"https:\\\/\\\/nivegy.com\\\/de\\\/termek\\\/hamuhaz-quelle\\\/\",\"url\":\"https:\\\/\\\/nivegy.com\\\/de\\\/termek\\\/hamuhaz-quelle\\\/\",\"name\":\"Hamuh\u00e1z-Quelle - Nivegy.com\",\"isPartOf\":{\"@id\":\"https:\\\/\\\/nivegy.com\\\/#website\"},\"primaryImageOfPage\":{\"@id\":\"https:\\\/\\\/nivegy.com\\\/de\\\/termek\\\/hamuhaz-quelle\\\/#primaryimage\"},\"image\":{\"@id\":\"https:\\\/\\\/nivegy.com\\\/de\\\/termek\\\/hamuhaz-quelle\\\/#primaryimage\"},\"thumbnailUrl\":\"https:\\\/\\\/nivegy.com\\\/wp-content\\\/uploads\\\/2023\\\/06\\\/Hamuhazi-Forras-11.webp\",\"datePublished\":\"2023-11-11T14:39:00+00:00\",\"dateModified\":\"2024-03-28T21:25:46+00:00\",\"description\":\"Die Hamuh\u00e1z-Quelle befindet sich in der N\u00e4he der Balaton-Oberland Forstwaldschule, an der Grenze zwischen den D\u00f6rfern Balatoncsics\u00f3 und Vig\u00e1ntpetend.\",\"breadcrumb\":{\"@id\":\"https:\\\/\\\/nivegy.com\\\/de\\\/termek\\\/hamuhaz-quelle\\\/#breadcrumb\"},\"inLanguage\":\"de\",\"potentialAction\":[{\"@type\":\"ReadAction\",\"target\":[\"https:\\\/\\\/nivegy.com\\\/de\\\/termek\\\/hamuhaz-quelle\\\/\"]}]},{\"@type\":\"ImageObject\",\"inLanguage\":\"de\",\"@id\":\"https:\\\/\\\/nivegy.com\\\/de\\\/termek\\\/hamuhaz-quelle\\\/#primaryimage\",\"url\":\"https:\\\/\\\/nivegy.com\\\/wp-content\\\/uploads\\\/2023\\\/06\\\/Hamuhazi-Forras-11.webp\",\"contentUrl\":\"https:\\\/\\\/nivegy.com\\\/wp-content\\\/uploads\\\/2023\\\/06\\\/Hamuhazi-Forras-11.webp\",\"width\":1000,\"height\":1000,\"caption\":\"Hamuh\u00e1zi Forr\u00e1s\"},{\"@type\":\"BreadcrumbList\",\"@id\":\"https:\\\/\\\/nivegy.com\\\/de\\\/termek\\\/hamuhaz-quelle\\\/#breadcrumb\",\"itemListElement\":[{\"@type\":\"ListItem\",\"position\":1,\"name\":\"Kezd\u0151lap\",\"item\":\"https:\\\/\\\/nivegy.com\\\/de\\\/\"},{\"@type\":\"ListItem\",\"position\":2,\"name\":\"Hamuh\u00e1z-Quelle\"}]},{\"@type\":\"WebSite\",\"@id\":\"https:\\\/\\\/nivegy.com\\\/#website\",\"url\":\"https:\\\/\\\/nivegy.com\\\/\",\"name\":\"Nivegy.com\",\"description\":\"Egy v\u00f6lgy, \u00f6t falu, v\u00e9gtelen csoda\",\"potentialAction\":[{\"@type\":\"SearchAction\",\"target\":{\"@type\":\"EntryPoint\",\"urlTemplate\":\"https:\\\/\\\/nivegy.com\\\/?s={search_term_string}\"},\"query-input\":{\"@type\":\"PropertyValueSpecification\",\"valueRequired\":true,\"valueName\":\"search_term_string\"}}],\"inLanguage\":\"de\"}]}<\/script>\n<!-- \/ Yoast SEO plugin. -->","yoast_head_json":{"title":"Hamuh\u00e1z-Quelle - Nivegy.com","description":"Die Hamuh\u00e1z-Quelle befindet sich in der N\u00e4he der Balaton-Oberland Forstwaldschule, an der Grenze zwischen den D\u00f6rfern Balatoncsics\u00f3 und Vig\u00e1ntpetend.","robots":{"index":"index","follow":"follow","max-snippet":"max-snippet:-1","max-image-preview":"max-image-preview:large","max-video-preview":"max-video-preview:-1"},"canonical":"https:\/\/nivegy.com\/de\/termek\/hamuhaz-quelle\/","og_locale":"de_DE","og_type":"article","og_title":"Hamuh\u00e1z-Quelle - Nivegy.com","og_description":"Balatoncsics\u00f3 \u00e9s Vig\u00e1ntpetend k\u00f6zs\u00e9gek hat\u00e1r\u00e1n tal\u00e1lhat\u00f3 a Hamuh\u00e1zi-forr\u00e1s. Nev\u00e9t a f\u00e1k el\u00e9get\u00e9s\u00e9vel keletkez\u0151 fahamur\u00f3l, m\u00e1s n\u00e9ven hamuzs\u00edrr\u00f3l kapta.","og_url":"https:\/\/nivegy.com\/de\/termek\/hamuhaz-quelle\/","og_site_name":"Nivegy.com","article_publisher":"https:\/\/www.facebook.com\/nivegy","article_modified_time":"2024-03-28T21:25:46+00:00","twitter_card":"summary_large_image","twitter_image":"https:\/\/nivegy.com\/wp-content\/uploads\/2023\/06\/Hamuhazi-Forras-11.webp","twitter_misc":{"Gesch\u00e4tzte Lesezeit":"1\u00a0Minute"},"schema":{"@context":"https:\/\/schema.org","@graph":[{"@type":"WebPage","@id":"https:\/\/nivegy.com\/de\/termek\/hamuhaz-quelle\/","url":"https:\/\/nivegy.com\/de\/termek\/hamuhaz-quelle\/","name":"Hamuh\u00e1z-Quelle - Nivegy.com","isPartOf":{"@id":"https:\/\/nivegy.com\/#website"},"primaryImageOfPage":{"@id":"https:\/\/nivegy.com\/de\/termek\/hamuhaz-quelle\/#primaryimage"},"image":{"@id":"https:\/\/nivegy.com\/de\/termek\/hamuhaz-quelle\/#primaryimage"},"thumbnailUrl":"https:\/\/nivegy.com\/wp-content\/uploads\/2023\/06\/Hamuhazi-Forras-11.webp","datePublished":"2023-11-11T14:39:00+00:00","dateModified":"2024-03-28T21:25:46+00:00","description":"Die Hamuh\u00e1z-Quelle befindet sich in der N\u00e4he der Balaton-Oberland Forstwaldschule, an der Grenze zwischen den D\u00f6rfern Balatoncsics\u00f3 und Vig\u00e1ntpetend.","breadcrumb":{"@id":"https:\/\/nivegy.com\/de\/termek\/hamuhaz-quelle\/#breadcrumb"},"inLanguage":"de","potentialAction":[{"@type":"ReadAction","target":["https:\/\/nivegy.com\/de\/termek\/hamuhaz-quelle\/"]}]},{"@type":"ImageObject","inLanguage":"de","@id":"https:\/\/nivegy.com\/de\/termek\/hamuhaz-quelle\/#primaryimage","url":"https:\/\/nivegy.com\/wp-content\/uploads\/2023\/06\/Hamuhazi-Forras-11.webp","contentUrl":"https:\/\/nivegy.com\/wp-content\/uploads\/2023\/06\/Hamuhazi-Forras-11.webp","width":1000,"height":1000,"caption":"Hamuh\u00e1zi Forr\u00e1s"},{"@type":"BreadcrumbList","@id":"https:\/\/nivegy.com\/de\/termek\/hamuhaz-quelle\/#breadcrumb","itemListElement":[{"@type":"ListItem","position":1,"name":"Kezd\u0151lap","item":"https:\/\/nivegy.com\/de\/"},{"@type":"ListItem","position":2,"name":"Hamuh\u00e1z-Quelle"}]},{"@type":"WebSite","@id":"https:\/\/nivegy.com\/#website","url":"https:\/\/nivegy.com\/","name":"Nivegy.com","description":"Egy v\u00f6lgy, \u00f6t falu, v\u00e9gtelen csoda","potentialAction":[{"@type":"SearchAction","target":{"@type":"EntryPoint","urlTemplate":"https:\/\/nivegy.com\/?s={search_term_string}"},"query-input":{"@type":"PropertyValueSpecification","valueRequired":true,"valueName":"search_term_string"}}],"inLanguage":"de"}]}},"_links":{"self":[{"href":"https:\/\/nivegy.com\/de\/wp-json\/wp\/v2\/product\/5332","targetHints":{"allow":["GET"]}}],"collection":[{"href":"https:\/\/nivegy.com\/de\/wp-json\/wp\/v2\/product"}],"about":[{"href":"https:\/\/nivegy.com\/de\/wp-json\/wp\/v2\/types\/product"}],"replies":[{"embeddable":true,"href":"https:\/\/nivegy.com\/de\/wp-json\/wp\/v2\/comments?post=5332"}],"wp:featuredmedia":[{"embeddable":true,"href":"https:\/\/nivegy.com\/de\/wp-json\/wp\/v2\/media\/4529"}],"wp:attachment":[{"href":"https:\/\/nivegy.com\/de\/wp-json\/wp\/v2\/media?parent=5332"}],"wp:term":[{"taxonomy":"product_brand","embeddable":true,"href":"https:\/\/nivegy.com\/de\/wp-json\/wp\/v2\/product_brand?post=5332"},{"taxonomy":"product_cat","embeddable":true,"href":"https:\/\/nivegy.com\/de\/wp-json\/wp\/v2\/product_cat?post=5332"},{"taxonomy":"product_tag","embeddable":true,"href":"https:\/\/nivegy.com\/de\/wp-json\/wp\/v2\/product_tag?post=5332"}],"curies":[{"name":"wp","href":"https:\/\/api.w.org\/{rel}","templated":true}]}}