{"id":5331,"date":"2023-11-11T15:06:43","date_gmt":"2023-11-11T15:06:43","guid":{"rendered":"https:\/\/nivegy.com\/?post_type=product&#038;p=5331"},"modified":"2024-05-03T07:22:20","modified_gmt":"2024-05-03T07:22:20","slug":"erholungspark","status":"publish","type":"product","link":"https:\/\/nivegy.com\/de\/termek\/erholungspark\/","title":{"rendered":"Waschhaus \u00d3budav\u00e1r, St. Martin Erholungspark"},"content":{"rendered":"<p><strong>Der St. Martin Erholungspark l\u00e4dt in eine sch\u00f6ne und sehr ruhige Umgebung ein.<\/strong> Das geschnitzte Holztor am Eingang zum Park ist von der Hauptstra\u00dfe aus sichtbar. Sobald man die Stufen hinabsteigt, erreicht man den gew\u00f6lbten Keller des Waschhauses, in dem die Quelle entspringt. Dieser Ort erinnert an die alten Zeiten, als die Frauen des Dorfes hier ihre W\u00e4sche wuschen.<\/p>\n<p>Im Jahr 2007 wurde neben der Renovierung des Waschhauses auch ein Veranstaltungsraum mit einer Kapazit\u00e4t von bis zu 50 Personen gebaut. Der Erholungspark und das Geb\u00e4ude eignen sich hervorragend f\u00fcr einen Grillabend, ein Treffen mit Freunden oder eine Feier, aber auch f\u00fcr kleine <a href=\"https:\/\/nivegy.com\/termek\/nivegy-eskuvo\/\">Hochzeiten<\/a>. Reservierungen k\u00f6nnen im Voraus bei der <a href=\"https:\/\/www.obudavar.hu\/kezdolap.php\">Gemeinde \u00d3budav\u00e1r<\/a> vorgenommen werden.<\/p>\n<p>Nur wenige Schritte von der Hauptstra\u00dfe entfernt ist der Park ein verborgener Schatz im Nivegy-Tal.<\/p>\n","protected":false},"excerpt":{"rendered":"<p>Der St. Martin Erholungspark l\u00e4dt in eine sch\u00f6ne und sehr ruhige Umgebung ein. Das geschnitzte Holztor am Eingang zum Park ist von der Hauptstra\u00dfe aus sichtbar. Sobald man die Stufen hinabsteigt, erreicht man den gew\u00f6lbten Keller des Waschhauses, in dem die Quelle entspringt. Dieser Ort erinnert an die alten Zeiten, als die Frauen des Dorfes [&hellip;]<\/p>\n","protected":false},"featured_media":4552,"comment_status":"open","ping_status":"closed","template":"","meta":{"_acf_changed":false},"product_brand":[],"product_cat":[484],"product_tag":[],"class_list":{"0":"post-5331","1":"product","2":"type-product","3":"status-publish","4":"has-post-thumbnail","6":"product_cat-regular-programme","8":"first","9":"instock","10":"shipping-taxable","11":"product-type-simple"},"acf":[],"yoast_head":"<!-- This site is optimized with the Yoast SEO plugin v27.5 - https:\/\/yoast.com\/product\/yoast-seo-wordpress\/ -->\n<title>Waschhaus \u00d3budav\u00e1r, St. Martin Erholungspark - Nivegy.com<\/title>\n<meta name=\"description\" content=\"Der St. Martin Erholungspark l\u00e4dt in eine sch\u00f6ne und sehr ruhige Umgebung ein. Das geschnitzte Holztor am Eingang zum Park ist von ..\" \/>\n<meta name=\"robots\" content=\"index, follow, max-snippet:-1, max-image-preview:large, max-video-preview:-1\" \/>\n<link rel=\"canonical\" href=\"https:\/\/nivegy.com\/de\/termek\/erholungspark\/\" \/>\n<meta property=\"og:locale\" content=\"de_DE\" \/>\n<meta property=\"og:type\" content=\"article\" \/>\n<meta property=\"og:title\" content=\"Waschhaus \u00d3budav\u00e1r, St. Martin Erholungspark - Nivegy.com\" \/>\n<meta property=\"og:description\" content=\"Der St. Martin Erholungspark l\u00e4dt in eine sch\u00f6ne und sehr ruhige Umgebung ein. Das geschnitzte Holztor am Eingang zum Park ist von ..\" \/>\n<meta property=\"og:url\" content=\"https:\/\/nivegy.com\/de\/termek\/erholungspark\/\" \/>\n<meta property=\"og:site_name\" content=\"Nivegy.com\" \/>\n<meta property=\"article:publisher\" content=\"https:\/\/www.facebook.com\/nivegy\" \/>\n<meta property=\"article:modified_time\" content=\"2024-05-03T07:22:20+00:00\" \/>\n<meta property=\"og:image\" content=\"https:\/\/nivegy.com\/wp-content\/uploads\/2023\/11\/Obudavari-moso-11.webp\" \/>\n\t<meta property=\"og:image:width\" content=\"1000\" \/>\n\t<meta property=\"og:image:height\" content=\"1000\" \/>\n\t<meta property=\"og:image:type\" content=\"image\/webp\" \/>\n<meta name=\"twitter:card\" content=\"summary_large_image\" \/>\n<meta name=\"twitter:label1\" content=\"Gesch\u00e4tzte Lesezeit\" \/>\n\t<meta name=\"twitter:data1\" content=\"1\u00a0Minute\" \/>\n<script type=\"application\/ld+json\" class=\"yoast-schema-graph\">{\"@context\":\"https:\\\/\\\/schema.org\",\"@graph\":[{\"@type\":\"WebPage\",\"@id\":\"https:\\\/\\\/nivegy.com\\\/de\\\/termek\\\/erholungspark\\\/\",\"url\":\"https:\\\/\\\/nivegy.com\\\/de\\\/termek\\\/erholungspark\\\/\",\"name\":\"Waschhaus \u00d3budav\u00e1r, St. Martin Erholungspark - Nivegy.com\",\"isPartOf\":{\"@id\":\"https:\\\/\\\/nivegy.com\\\/#website\"},\"primaryImageOfPage\":{\"@id\":\"https:\\\/\\\/nivegy.com\\\/de\\\/termek\\\/erholungspark\\\/#primaryimage\"},\"image\":{\"@id\":\"https:\\\/\\\/nivegy.com\\\/de\\\/termek\\\/erholungspark\\\/#primaryimage\"},\"thumbnailUrl\":\"https:\\\/\\\/nivegy.com\\\/wp-content\\\/uploads\\\/2023\\\/11\\\/Obudavari-moso-11.webp\",\"datePublished\":\"2023-11-11T15:06:43+00:00\",\"dateModified\":\"2024-05-03T07:22:20+00:00\",\"description\":\"Der St. Martin Erholungspark l\u00e4dt in eine sch\u00f6ne und sehr ruhige Umgebung ein. Das geschnitzte Holztor am Eingang zum Park ist von ..\",\"breadcrumb\":{\"@id\":\"https:\\\/\\\/nivegy.com\\\/de\\\/termek\\\/erholungspark\\\/#breadcrumb\"},\"inLanguage\":\"de\",\"potentialAction\":[{\"@type\":\"ReadAction\",\"target\":[\"https:\\\/\\\/nivegy.com\\\/de\\\/termek\\\/erholungspark\\\/\"]}]},{\"@type\":\"ImageObject\",\"inLanguage\":\"de\",\"@id\":\"https:\\\/\\\/nivegy.com\\\/de\\\/termek\\\/erholungspark\\\/#primaryimage\",\"url\":\"https:\\\/\\\/nivegy.com\\\/wp-content\\\/uploads\\\/2023\\\/11\\\/Obudavari-moso-11.webp\",\"contentUrl\":\"https:\\\/\\\/nivegy.com\\\/wp-content\\\/uploads\\\/2023\\\/11\\\/Obudavari-moso-11.webp\",\"width\":1000,\"height\":1000,\"caption\":\"\u00d3budav\u00e1ri mos\u00f3\"},{\"@type\":\"BreadcrumbList\",\"@id\":\"https:\\\/\\\/nivegy.com\\\/de\\\/termek\\\/erholungspark\\\/#breadcrumb\",\"itemListElement\":[{\"@type\":\"ListItem\",\"position\":1,\"name\":\"Kezd\u0151lap\",\"item\":\"https:\\\/\\\/nivegy.com\\\/de\\\/\"},{\"@type\":\"ListItem\",\"position\":2,\"name\":\"Waschhaus \u00d3budav\u00e1r, St. Martin Erholungspark\"}]},{\"@type\":\"WebSite\",\"@id\":\"https:\\\/\\\/nivegy.com\\\/#website\",\"url\":\"https:\\\/\\\/nivegy.com\\\/\",\"name\":\"Nivegy.com\",\"description\":\"Egy v\u00f6lgy, \u00f6t falu, v\u00e9gtelen csoda\",\"potentialAction\":[{\"@type\":\"SearchAction\",\"target\":{\"@type\":\"EntryPoint\",\"urlTemplate\":\"https:\\\/\\\/nivegy.com\\\/?s={search_term_string}\"},\"query-input\":{\"@type\":\"PropertyValueSpecification\",\"valueRequired\":true,\"valueName\":\"search_term_string\"}}],\"inLanguage\":\"de\"}]}<\/script>\n<!-- \/ Yoast SEO plugin. -->","yoast_head_json":{"title":"Waschhaus \u00d3budav\u00e1r, St. Martin Erholungspark - Nivegy.com","description":"Der St. Martin Erholungspark l\u00e4dt in eine sch\u00f6ne und sehr ruhige Umgebung ein. Das geschnitzte Holztor am Eingang zum Park ist von ..","robots":{"index":"index","follow":"follow","max-snippet":"max-snippet:-1","max-image-preview":"max-image-preview:large","max-video-preview":"max-video-preview:-1"},"canonical":"https:\/\/nivegy.com\/de\/termek\/erholungspark\/","og_locale":"de_DE","og_type":"article","og_title":"Waschhaus \u00d3budav\u00e1r, St. Martin Erholungspark - Nivegy.com","og_description":"Der St. Martin Erholungspark l\u00e4dt in eine sch\u00f6ne und sehr ruhige Umgebung ein. Das geschnitzte Holztor am Eingang zum Park ist von ..","og_url":"https:\/\/nivegy.com\/de\/termek\/erholungspark\/","og_site_name":"Nivegy.com","article_publisher":"https:\/\/www.facebook.com\/nivegy","article_modified_time":"2024-05-03T07:22:20+00:00","og_image":[{"width":1000,"height":1000,"url":"https:\/\/nivegy.com\/wp-content\/uploads\/2023\/11\/Obudavari-moso-11.webp","type":"image\/webp"}],"twitter_card":"summary_large_image","twitter_misc":{"Gesch\u00e4tzte Lesezeit":"1\u00a0Minute"},"schema":{"@context":"https:\/\/schema.org","@graph":[{"@type":"WebPage","@id":"https:\/\/nivegy.com\/de\/termek\/erholungspark\/","url":"https:\/\/nivegy.com\/de\/termek\/erholungspark\/","name":"Waschhaus \u00d3budav\u00e1r, St. Martin Erholungspark - Nivegy.com","isPartOf":{"@id":"https:\/\/nivegy.com\/#website"},"primaryImageOfPage":{"@id":"https:\/\/nivegy.com\/de\/termek\/erholungspark\/#primaryimage"},"image":{"@id":"https:\/\/nivegy.com\/de\/termek\/erholungspark\/#primaryimage"},"thumbnailUrl":"https:\/\/nivegy.com\/wp-content\/uploads\/2023\/11\/Obudavari-moso-11.webp","datePublished":"2023-11-11T15:06:43+00:00","dateModified":"2024-05-03T07:22:20+00:00","description":"Der St. Martin Erholungspark l\u00e4dt in eine sch\u00f6ne und sehr ruhige Umgebung ein. Das geschnitzte Holztor am Eingang zum Park ist von ..","breadcrumb":{"@id":"https:\/\/nivegy.com\/de\/termek\/erholungspark\/#breadcrumb"},"inLanguage":"de","potentialAction":[{"@type":"ReadAction","target":["https:\/\/nivegy.com\/de\/termek\/erholungspark\/"]}]},{"@type":"ImageObject","inLanguage":"de","@id":"https:\/\/nivegy.com\/de\/termek\/erholungspark\/#primaryimage","url":"https:\/\/nivegy.com\/wp-content\/uploads\/2023\/11\/Obudavari-moso-11.webp","contentUrl":"https:\/\/nivegy.com\/wp-content\/uploads\/2023\/11\/Obudavari-moso-11.webp","width":1000,"height":1000,"caption":"\u00d3budav\u00e1ri mos\u00f3"},{"@type":"BreadcrumbList","@id":"https:\/\/nivegy.com\/de\/termek\/erholungspark\/#breadcrumb","itemListElement":[{"@type":"ListItem","position":1,"name":"Kezd\u0151lap","item":"https:\/\/nivegy.com\/de\/"},{"@type":"ListItem","position":2,"name":"Waschhaus \u00d3budav\u00e1r, St. Martin Erholungspark"}]},{"@type":"WebSite","@id":"https:\/\/nivegy.com\/#website","url":"https:\/\/nivegy.com\/","name":"Nivegy.com","description":"Egy v\u00f6lgy, \u00f6t falu, v\u00e9gtelen csoda","potentialAction":[{"@type":"SearchAction","target":{"@type":"EntryPoint","urlTemplate":"https:\/\/nivegy.com\/?s={search_term_string}"},"query-input":{"@type":"PropertyValueSpecification","valueRequired":true,"valueName":"search_term_string"}}],"inLanguage":"de"}]}},"_links":{"self":[{"href":"https:\/\/nivegy.com\/de\/wp-json\/wp\/v2\/product\/5331","targetHints":{"allow":["GET"]}}],"collection":[{"href":"https:\/\/nivegy.com\/de\/wp-json\/wp\/v2\/product"}],"about":[{"href":"https:\/\/nivegy.com\/de\/wp-json\/wp\/v2\/types\/product"}],"replies":[{"embeddable":true,"href":"https:\/\/nivegy.com\/de\/wp-json\/wp\/v2\/comments?post=5331"}],"wp:featuredmedia":[{"embeddable":true,"href":"https:\/\/nivegy.com\/de\/wp-json\/wp\/v2\/media\/4552"}],"wp:attachment":[{"href":"https:\/\/nivegy.com\/de\/wp-json\/wp\/v2\/media?parent=5331"}],"wp:term":[{"taxonomy":"product_brand","embeddable":true,"href":"https:\/\/nivegy.com\/de\/wp-json\/wp\/v2\/product_brand?post=5331"},{"taxonomy":"product_cat","embeddable":true,"href":"https:\/\/nivegy.com\/de\/wp-json\/wp\/v2\/product_cat?post=5331"},{"taxonomy":"product_tag","embeddable":true,"href":"https:\/\/nivegy.com\/de\/wp-json\/wp\/v2\/product_tag?post=5331"}],"curies":[{"name":"wp","href":"https:\/\/api.w.org\/{rel}","templated":true}]}}