{"id":5328,"date":"2023-11-16T07:53:23","date_gmt":"2023-11-16T07:53:23","guid":{"rendered":"https:\/\/nivegy.com\/?post_type=product&#038;p=5328"},"modified":"2024-03-28T21:04:35","modified_gmt":"2024-03-28T21:04:35","slug":"panorama-radweg","status":"publish","type":"product","link":"https:\/\/nivegy.com\/de\/termek\/panorama-radweg\/","title":{"rendered":"Der Panorama-Radweg"},"content":{"rendered":"<p><strong>Der Panorama-Radweg ist ein Netz von vier bis f\u00fcnf Radwegen im <a href=\"https:\/\/www.bfnp.hu\/hu\">Balaton-Oberland<\/a>, mit einem bedeutenden Abschnitt im malerischen Nivegy-Tal.<\/strong><\/p>\n<p>Der Schwierigkeitsgrad des Radweges ist abwechslungsreich und umfasst verschiedene anspruchsvolle und manchmal sehr schwierige Abschnitte. In der N\u00e4he jedes Abschnitts gibt es mehrere lokale Weinbaubetriebe, die zur Entspannung und Verkostung besucht werden k\u00f6nnen. Die Kombination aus den Sch\u00f6nheiten der Natur, erlesenen Weinen und frischer Luft ist eine perfekte Verbindung von Sport, Gastronomie und Natur, die zum Radfahren im Balaton-Oberland einfach dazugeh\u00f6rt.<\/p>\n<p><strong>Panorama-Radweg\u00a0<\/strong><strong><a href=\"http:\/\/bitly.ws\/KHTE\">Route<\/a>:<\/strong>\u00a0Z\u00e1nka \u2013 Hegyest\u0171 \u2013 Tagyon \u2013 Szentantalfa \u2013 Monoszl\u00f3 \u2013 Balatonhenye \u2013 Balatoncsics\u00f3 \u2013 Mencshely \u2013 D\u00f6rgicse \u2013 Z\u00e1nka<\/p>\n<p><strong>Die gesamte L\u00e4nge des Radweges:<\/strong> 49 km<\/p>\n<p><strong>Dauer:<\/strong> 3 &#8211; 5 Stunden<\/p>\n<p><strong>Weinbaubetriebe in der N\u00e4he der Route: <\/strong><a href=\"https:\/\/tanczospince.hu\/\">Kellerei T\u00e1nczos<\/a>, <a href=\"https:\/\/tagyonbirtok.hu\/\">Gutshof Tagyon<\/a>, <a href=\"https:\/\/nivegy.com\/termek\/horvath-borhaz\/\">Weinhaus Horv\u00e1th<\/a>, <a href=\"https:\/\/szaboesfia.hu\/\">Weinkellerei Szab\u00f3 und Sohn<\/a>, <a href=\"http:\/\/gergelyborhaz.hu\/\" target=\"_blank\" rel=\"noopener\">Weinhaus Gergely<\/a><\/p>\n","protected":false},"excerpt":{"rendered":"<p>Der Panorama-Radweg ist ein Netz von vier bis f\u00fcnf Radwegen im Balaton-Oberland, mit einem bedeutenden Abschnitt im malerischen Nivegy-Tal. Der Schwierigkeitsgrad des Radweges ist abwechslungsreich und umfasst verschiedene anspruchsvolle und manchmal sehr schwierige Abschnitte. In der N\u00e4he jedes Abschnitts gibt es mehrere lokale Weinbaubetriebe, die zur Entspannung und Verkostung besucht werden k\u00f6nnen. Die Kombination aus [&hellip;]<\/p>\n","protected":false},"featured_media":4503,"comment_status":"open","ping_status":"closed","template":"","meta":{"_acf_changed":false},"product_brand":[],"product_cat":[484],"product_tag":[],"class_list":{"0":"post-5328","1":"product","2":"type-product","3":"status-publish","4":"has-post-thumbnail","6":"product_cat-regular-programme","8":"first","9":"instock","10":"shipping-taxable","11":"product-type-simple"},"acf":[],"yoast_head":"<!-- This site is optimized with the Yoast SEO plugin v27.5 - https:\/\/yoast.com\/product\/yoast-seo-wordpress\/ -->\n<title>Panorama-Radweg - Nivegy.com<\/title>\n<meta name=\"description\" content=\"Der Panorama-Radweg ist ein Netz von vier bis f\u00fcnf Radwegen im Balaton-Oberland, mit einem bedeutenden Abschnitt im malerischen Nivegy-Tal.\" \/>\n<meta name=\"robots\" content=\"index, follow, max-snippet:-1, max-image-preview:large, max-video-preview:-1\" \/>\n<link rel=\"canonical\" href=\"https:\/\/nivegy.com\/de\/termek\/panorama-radweg\/\" \/>\n<meta property=\"og:locale\" content=\"de_DE\" \/>\n<meta property=\"og:type\" content=\"article\" \/>\n<meta property=\"og:title\" content=\"Panorama-Radweg - Nivegy.com\" \/>\n<meta property=\"og:description\" content=\"Der Panorama-Radweg ist ein Netz von vier bis f\u00fcnf Radwegen im Balaton-Oberland, mit einem bedeutenden Abschnitt im malerischen Nivegy-Tal.\" \/>\n<meta property=\"og:url\" content=\"https:\/\/nivegy.com\/de\/termek\/panorama-radweg\/\" \/>\n<meta property=\"og:site_name\" content=\"Nivegy.com\" \/>\n<meta property=\"article:publisher\" content=\"https:\/\/www.facebook.com\/nivegy\" \/>\n<meta property=\"article:modified_time\" content=\"2024-03-28T21:04:35+00:00\" \/>\n<meta property=\"og:image\" content=\"https:\/\/nivegy.com\/wp-content\/uploads\/2023\/10\/Panorama-kerekparut_11.webp\" \/>\n\t<meta property=\"og:image:width\" content=\"1000\" \/>\n\t<meta property=\"og:image:height\" content=\"1000\" \/>\n\t<meta property=\"og:image:type\" content=\"image\/webp\" \/>\n<meta name=\"twitter:card\" content=\"summary_large_image\" \/>\n<meta name=\"twitter:label1\" content=\"Gesch\u00e4tzte Lesezeit\" \/>\n\t<meta name=\"twitter:data1\" content=\"1\u00a0Minute\" \/>\n<script type=\"application\/ld+json\" class=\"yoast-schema-graph\">{\"@context\":\"https:\\\/\\\/schema.org\",\"@graph\":[{\"@type\":\"WebPage\",\"@id\":\"https:\\\/\\\/nivegy.com\\\/de\\\/termek\\\/panorama-radweg\\\/\",\"url\":\"https:\\\/\\\/nivegy.com\\\/de\\\/termek\\\/panorama-radweg\\\/\",\"name\":\"Panorama-Radweg - Nivegy.com\",\"isPartOf\":{\"@id\":\"https:\\\/\\\/nivegy.com\\\/#website\"},\"primaryImageOfPage\":{\"@id\":\"https:\\\/\\\/nivegy.com\\\/de\\\/termek\\\/panorama-radweg\\\/#primaryimage\"},\"image\":{\"@id\":\"https:\\\/\\\/nivegy.com\\\/de\\\/termek\\\/panorama-radweg\\\/#primaryimage\"},\"thumbnailUrl\":\"https:\\\/\\\/nivegy.com\\\/wp-content\\\/uploads\\\/2023\\\/10\\\/Panorama-kerekparut_11.webp\",\"datePublished\":\"2023-11-16T07:53:23+00:00\",\"dateModified\":\"2024-03-28T21:04:35+00:00\",\"description\":\"Der Panorama-Radweg ist ein Netz von vier bis f\u00fcnf Radwegen im Balaton-Oberland, mit einem bedeutenden Abschnitt im malerischen Nivegy-Tal.\",\"breadcrumb\":{\"@id\":\"https:\\\/\\\/nivegy.com\\\/de\\\/termek\\\/panorama-radweg\\\/#breadcrumb\"},\"inLanguage\":\"de\",\"potentialAction\":[{\"@type\":\"ReadAction\",\"target\":[\"https:\\\/\\\/nivegy.com\\\/de\\\/termek\\\/panorama-radweg\\\/\"]}]},{\"@type\":\"ImageObject\",\"inLanguage\":\"de\",\"@id\":\"https:\\\/\\\/nivegy.com\\\/de\\\/termek\\\/panorama-radweg\\\/#primaryimage\",\"url\":\"https:\\\/\\\/nivegy.com\\\/wp-content\\\/uploads\\\/2023\\\/10\\\/Panorama-kerekparut_11.webp\",\"contentUrl\":\"https:\\\/\\\/nivegy.com\\\/wp-content\\\/uploads\\\/2023\\\/10\\\/Panorama-kerekparut_11.webp\",\"width\":1000,\"height\":1000,\"caption\":\"Panor\u00e1ma ker\u00e9kp\u00e1r\u00fat\"},{\"@type\":\"BreadcrumbList\",\"@id\":\"https:\\\/\\\/nivegy.com\\\/de\\\/termek\\\/panorama-radweg\\\/#breadcrumb\",\"itemListElement\":[{\"@type\":\"ListItem\",\"position\":1,\"name\":\"Kezd\u0151lap\",\"item\":\"https:\\\/\\\/nivegy.com\\\/de\\\/\"},{\"@type\":\"ListItem\",\"position\":2,\"name\":\"Der Panorama-Radweg\"}]},{\"@type\":\"WebSite\",\"@id\":\"https:\\\/\\\/nivegy.com\\\/#website\",\"url\":\"https:\\\/\\\/nivegy.com\\\/\",\"name\":\"Nivegy.com\",\"description\":\"Egy v\u00f6lgy, \u00f6t falu, v\u00e9gtelen csoda\",\"potentialAction\":[{\"@type\":\"SearchAction\",\"target\":{\"@type\":\"EntryPoint\",\"urlTemplate\":\"https:\\\/\\\/nivegy.com\\\/?s={search_term_string}\"},\"query-input\":{\"@type\":\"PropertyValueSpecification\",\"valueRequired\":true,\"valueName\":\"search_term_string\"}}],\"inLanguage\":\"de\"}]}<\/script>\n<!-- \/ Yoast SEO plugin. -->","yoast_head_json":{"title":"Panorama-Radweg - Nivegy.com","description":"Der Panorama-Radweg ist ein Netz von vier bis f\u00fcnf Radwegen im Balaton-Oberland, mit einem bedeutenden Abschnitt im malerischen Nivegy-Tal.","robots":{"index":"index","follow":"follow","max-snippet":"max-snippet:-1","max-image-preview":"max-image-preview:large","max-video-preview":"max-video-preview:-1"},"canonical":"https:\/\/nivegy.com\/de\/termek\/panorama-radweg\/","og_locale":"de_DE","og_type":"article","og_title":"Panorama-Radweg - Nivegy.com","og_description":"Der Panorama-Radweg ist ein Netz von vier bis f\u00fcnf Radwegen im Balaton-Oberland, mit einem bedeutenden Abschnitt im malerischen Nivegy-Tal.","og_url":"https:\/\/nivegy.com\/de\/termek\/panorama-radweg\/","og_site_name":"Nivegy.com","article_publisher":"https:\/\/www.facebook.com\/nivegy","article_modified_time":"2024-03-28T21:04:35+00:00","og_image":[{"width":1000,"height":1000,"url":"https:\/\/nivegy.com\/wp-content\/uploads\/2023\/10\/Panorama-kerekparut_11.webp","type":"image\/webp"}],"twitter_card":"summary_large_image","twitter_misc":{"Gesch\u00e4tzte Lesezeit":"1\u00a0Minute"},"schema":{"@context":"https:\/\/schema.org","@graph":[{"@type":"WebPage","@id":"https:\/\/nivegy.com\/de\/termek\/panorama-radweg\/","url":"https:\/\/nivegy.com\/de\/termek\/panorama-radweg\/","name":"Panorama-Radweg - Nivegy.com","isPartOf":{"@id":"https:\/\/nivegy.com\/#website"},"primaryImageOfPage":{"@id":"https:\/\/nivegy.com\/de\/termek\/panorama-radweg\/#primaryimage"},"image":{"@id":"https:\/\/nivegy.com\/de\/termek\/panorama-radweg\/#primaryimage"},"thumbnailUrl":"https:\/\/nivegy.com\/wp-content\/uploads\/2023\/10\/Panorama-kerekparut_11.webp","datePublished":"2023-11-16T07:53:23+00:00","dateModified":"2024-03-28T21:04:35+00:00","description":"Der Panorama-Radweg ist ein Netz von vier bis f\u00fcnf Radwegen im Balaton-Oberland, mit einem bedeutenden Abschnitt im malerischen Nivegy-Tal.","breadcrumb":{"@id":"https:\/\/nivegy.com\/de\/termek\/panorama-radweg\/#breadcrumb"},"inLanguage":"de","potentialAction":[{"@type":"ReadAction","target":["https:\/\/nivegy.com\/de\/termek\/panorama-radweg\/"]}]},{"@type":"ImageObject","inLanguage":"de","@id":"https:\/\/nivegy.com\/de\/termek\/panorama-radweg\/#primaryimage","url":"https:\/\/nivegy.com\/wp-content\/uploads\/2023\/10\/Panorama-kerekparut_11.webp","contentUrl":"https:\/\/nivegy.com\/wp-content\/uploads\/2023\/10\/Panorama-kerekparut_11.webp","width":1000,"height":1000,"caption":"Panor\u00e1ma ker\u00e9kp\u00e1r\u00fat"},{"@type":"BreadcrumbList","@id":"https:\/\/nivegy.com\/de\/termek\/panorama-radweg\/#breadcrumb","itemListElement":[{"@type":"ListItem","position":1,"name":"Kezd\u0151lap","item":"https:\/\/nivegy.com\/de\/"},{"@type":"ListItem","position":2,"name":"Der Panorama-Radweg"}]},{"@type":"WebSite","@id":"https:\/\/nivegy.com\/#website","url":"https:\/\/nivegy.com\/","name":"Nivegy.com","description":"Egy v\u00f6lgy, \u00f6t falu, v\u00e9gtelen csoda","potentialAction":[{"@type":"SearchAction","target":{"@type":"EntryPoint","urlTemplate":"https:\/\/nivegy.com\/?s={search_term_string}"},"query-input":{"@type":"PropertyValueSpecification","valueRequired":true,"valueName":"search_term_string"}}],"inLanguage":"de"}]}},"_links":{"self":[{"href":"https:\/\/nivegy.com\/de\/wp-json\/wp\/v2\/product\/5328","targetHints":{"allow":["GET"]}}],"collection":[{"href":"https:\/\/nivegy.com\/de\/wp-json\/wp\/v2\/product"}],"about":[{"href":"https:\/\/nivegy.com\/de\/wp-json\/wp\/v2\/types\/product"}],"replies":[{"embeddable":true,"href":"https:\/\/nivegy.com\/de\/wp-json\/wp\/v2\/comments?post=5328"}],"wp:featuredmedia":[{"embeddable":true,"href":"https:\/\/nivegy.com\/de\/wp-json\/wp\/v2\/media\/4503"}],"wp:attachment":[{"href":"https:\/\/nivegy.com\/de\/wp-json\/wp\/v2\/media?parent=5328"}],"wp:term":[{"taxonomy":"product_brand","embeddable":true,"href":"https:\/\/nivegy.com\/de\/wp-json\/wp\/v2\/product_brand?post=5328"},{"taxonomy":"product_cat","embeddable":true,"href":"https:\/\/nivegy.com\/de\/wp-json\/wp\/v2\/product_cat?post=5328"},{"taxonomy":"product_tag","embeddable":true,"href":"https:\/\/nivegy.com\/de\/wp-json\/wp\/v2\/product_tag?post=5328"}],"curies":[{"name":"wp","href":"https:\/\/api.w.org\/{rel}","templated":true}]}}