{"id":5326,"date":"2023-11-16T08:14:50","date_gmt":"2023-11-16T08:14:50","guid":{"rendered":"https:\/\/nivegy.com\/?post_type=product&#038;p=5326"},"modified":"2024-03-28T15:27:59","modified_gmt":"2024-03-28T15:27:59","slug":"landestour","status":"publish","type":"product","link":"https:\/\/nivegy.com\/de\/termek\/landestour\/","title":{"rendered":"Abschnitt der Blauen Landestour"},"content":{"rendered":"<p><strong>Die Blaue Landestour ist Teil des 2584 Kilometer langen Blauen Kreises und umfasst einen kleinen Teil des sch\u00f6nen <a href=\"https:\/\/nivegy.com\/de\/\">Nivegy-Tals<\/a>.<\/strong><\/p>\n<p>Der angenehme Abschnitt beginnt in Balatonhenye und man braucht etwa zwei Stunden, um die 6,2 Kilometer lange Etappe zu bew\u00e4ltigen. Der Weg umgeht die aussichtsreichen Gebiete rund um den Balaton und f\u00fchrt stattdessen vor allem durch bewaldete Gebiete. Die <strong>Stempelstation<\/strong> befindet sich an einem Holzpfosten vor der Waldschule in Balatoncsics\u00f3. Dieser Punkt auf dem Fenyves-Berg bietet auch einen Tisch und eine Bank f\u00fcr diejenigen, die sich ausruhen m\u00f6chten.<\/p>\n<p>Nach weiteren 7,9 Kilometern gelangen Wanderfreunde nach Nagyv\u00e1zsony und zur beeindruckenden <a href=\"https:\/\/kinizsivar.hu\">Burg Kinizsi<\/a>, die im Jahr 2023 renoviert wurde. Diese beiden Abschnitte geh\u00f6ren zu den leichteren Strecken, sodass auch weniger erfahrene Wanderer die nat\u00fcrliche Sch\u00f6nheit und die kulturellen Sehensw\u00fcrdigkeiten genie\u00dfen k\u00f6nnen.<\/p>\n<p>Die empfohlenen <strong>Parkpl\u00e4tze<\/strong> f\u00fcr den Abschnitt der Blauen Landestour sind: Nagyv\u00e1zsony und der Bahnhof Badacsonyt\u00f6rdemic-Szigliget.<\/p>\n<p><a href=\"https:\/\/www.kektura.hu\/okt-szakasz\/okt-06\">Weitere Informationen.<\/a><\/p>\n","protected":false},"excerpt":{"rendered":"<p>Die Blaue Landestour ist Teil des 2584 Kilometer langen Blauen Kreises und umfasst einen kleinen Teil des sch\u00f6nen Nivegy-Tals. Der angenehme Abschnitt beginnt in Balatonhenye und man braucht etwa zwei Stunden, um die 6,2 Kilometer lange Etappe zu bew\u00e4ltigen. Der Weg umgeht die aussichtsreichen Gebiete rund um den Balaton und f\u00fchrt stattdessen vor allem durch [&hellip;]<\/p>\n","protected":false},"featured_media":4516,"comment_status":"open","ping_status":"closed","template":"","meta":{"_acf_changed":false},"product_brand":[],"product_cat":[484],"product_tag":[],"class_list":{"0":"post-5326","1":"product","2":"type-product","3":"status-publish","4":"has-post-thumbnail","6":"product_cat-regular-programme","8":"first","9":"instock","10":"shipping-taxable","11":"product-type-simple"},"acf":[],"yoast_head":"<!-- This site is optimized with the Yoast SEO plugin v27.5 - https:\/\/yoast.com\/product\/yoast-seo-wordpress\/ -->\n<title>Landestour - Nivegy.com<\/title>\n<meta name=\"description\" content=\"Die Blaue Landestour ist Teil des 2584 Kilometer langen Blauen Kreises und umfasst einen kleinen Teil des sch\u00f6nen Nivegy-Tals.\" \/>\n<meta name=\"robots\" content=\"index, follow, max-snippet:-1, max-image-preview:large, max-video-preview:-1\" \/>\n<link rel=\"canonical\" href=\"https:\/\/nivegy.com\/de\/termek\/landestour\/\" \/>\n<meta property=\"og:locale\" content=\"de_DE\" \/>\n<meta property=\"og:type\" content=\"article\" \/>\n<meta property=\"og:title\" content=\"Landestour - Nivegy.com\" \/>\n<meta property=\"og:description\" content=\"Die Blaue Landestour ist Teil des 2584 Kilometer langen Blauen Kreises und umfasst einen kleinen Teil des sch\u00f6nen Nivegy-Tals.\" \/>\n<meta property=\"og:url\" content=\"https:\/\/nivegy.com\/de\/termek\/landestour\/\" \/>\n<meta property=\"og:site_name\" content=\"Nivegy.com\" \/>\n<meta property=\"article:publisher\" content=\"https:\/\/www.facebook.com\/nivegy\" \/>\n<meta property=\"article:modified_time\" content=\"2024-03-28T15:27:59+00:00\" \/>\n<meta property=\"og:image\" content=\"https:\/\/nivegy.com\/wp-content\/uploads\/2023\/11\/Orszagos-Kektura-11.webp\" \/>\n\t<meta property=\"og:image:width\" content=\"1000\" \/>\n\t<meta property=\"og:image:height\" content=\"1000\" \/>\n\t<meta property=\"og:image:type\" content=\"image\/webp\" \/>\n<meta name=\"twitter:card\" content=\"summary_large_image\" \/>\n<meta name=\"twitter:label1\" content=\"Gesch\u00e4tzte Lesezeit\" \/>\n\t<meta name=\"twitter:data1\" content=\"1\u00a0Minute\" \/>\n<script type=\"application\/ld+json\" class=\"yoast-schema-graph\">{\"@context\":\"https:\\\/\\\/schema.org\",\"@graph\":[{\"@type\":\"WebPage\",\"@id\":\"https:\\\/\\\/nivegy.com\\\/de\\\/termek\\\/landestour\\\/\",\"url\":\"https:\\\/\\\/nivegy.com\\\/de\\\/termek\\\/landestour\\\/\",\"name\":\"Landestour - Nivegy.com\",\"isPartOf\":{\"@id\":\"https:\\\/\\\/nivegy.com\\\/#website\"},\"primaryImageOfPage\":{\"@id\":\"https:\\\/\\\/nivegy.com\\\/de\\\/termek\\\/landestour\\\/#primaryimage\"},\"image\":{\"@id\":\"https:\\\/\\\/nivegy.com\\\/de\\\/termek\\\/landestour\\\/#primaryimage\"},\"thumbnailUrl\":\"https:\\\/\\\/nivegy.com\\\/wp-content\\\/uploads\\\/2023\\\/11\\\/Orszagos-Kektura-11.webp\",\"datePublished\":\"2023-11-16T08:14:50+00:00\",\"dateModified\":\"2024-03-28T15:27:59+00:00\",\"description\":\"Die Blaue Landestour ist Teil des 2584 Kilometer langen Blauen Kreises und umfasst einen kleinen Teil des sch\u00f6nen Nivegy-Tals.\",\"breadcrumb\":{\"@id\":\"https:\\\/\\\/nivegy.com\\\/de\\\/termek\\\/landestour\\\/#breadcrumb\"},\"inLanguage\":\"de\",\"potentialAction\":[{\"@type\":\"ReadAction\",\"target\":[\"https:\\\/\\\/nivegy.com\\\/de\\\/termek\\\/landestour\\\/\"]}]},{\"@type\":\"ImageObject\",\"inLanguage\":\"de\",\"@id\":\"https:\\\/\\\/nivegy.com\\\/de\\\/termek\\\/landestour\\\/#primaryimage\",\"url\":\"https:\\\/\\\/nivegy.com\\\/wp-content\\\/uploads\\\/2023\\\/11\\\/Orszagos-Kektura-11.webp\",\"contentUrl\":\"https:\\\/\\\/nivegy.com\\\/wp-content\\\/uploads\\\/2023\\\/11\\\/Orszagos-Kektura-11.webp\",\"width\":1000,\"height\":1000,\"caption\":\"Orsz\u00e1gos K\u00e9kt\u00fara\"},{\"@type\":\"BreadcrumbList\",\"@id\":\"https:\\\/\\\/nivegy.com\\\/de\\\/termek\\\/landestour\\\/#breadcrumb\",\"itemListElement\":[{\"@type\":\"ListItem\",\"position\":1,\"name\":\"Kezd\u0151lap\",\"item\":\"https:\\\/\\\/nivegy.com\\\/de\\\/\"},{\"@type\":\"ListItem\",\"position\":2,\"name\":\"Abschnitt der Blauen Landestour\"}]},{\"@type\":\"WebSite\",\"@id\":\"https:\\\/\\\/nivegy.com\\\/#website\",\"url\":\"https:\\\/\\\/nivegy.com\\\/\",\"name\":\"Nivegy.com\",\"description\":\"Egy v\u00f6lgy, \u00f6t falu, v\u00e9gtelen csoda\",\"potentialAction\":[{\"@type\":\"SearchAction\",\"target\":{\"@type\":\"EntryPoint\",\"urlTemplate\":\"https:\\\/\\\/nivegy.com\\\/?s={search_term_string}\"},\"query-input\":{\"@type\":\"PropertyValueSpecification\",\"valueRequired\":true,\"valueName\":\"search_term_string\"}}],\"inLanguage\":\"de\"}]}<\/script>\n<!-- \/ Yoast SEO plugin. -->","yoast_head_json":{"title":"Landestour - Nivegy.com","description":"Die Blaue Landestour ist Teil des 2584 Kilometer langen Blauen Kreises und umfasst einen kleinen Teil des sch\u00f6nen Nivegy-Tals.","robots":{"index":"index","follow":"follow","max-snippet":"max-snippet:-1","max-image-preview":"max-image-preview:large","max-video-preview":"max-video-preview:-1"},"canonical":"https:\/\/nivegy.com\/de\/termek\/landestour\/","og_locale":"de_DE","og_type":"article","og_title":"Landestour - Nivegy.com","og_description":"Die Blaue Landestour ist Teil des 2584 Kilometer langen Blauen Kreises und umfasst einen kleinen Teil des sch\u00f6nen Nivegy-Tals.","og_url":"https:\/\/nivegy.com\/de\/termek\/landestour\/","og_site_name":"Nivegy.com","article_publisher":"https:\/\/www.facebook.com\/nivegy","article_modified_time":"2024-03-28T15:27:59+00:00","og_image":[{"width":1000,"height":1000,"url":"https:\/\/nivegy.com\/wp-content\/uploads\/2023\/11\/Orszagos-Kektura-11.webp","type":"image\/webp"}],"twitter_card":"summary_large_image","twitter_misc":{"Gesch\u00e4tzte Lesezeit":"1\u00a0Minute"},"schema":{"@context":"https:\/\/schema.org","@graph":[{"@type":"WebPage","@id":"https:\/\/nivegy.com\/de\/termek\/landestour\/","url":"https:\/\/nivegy.com\/de\/termek\/landestour\/","name":"Landestour - Nivegy.com","isPartOf":{"@id":"https:\/\/nivegy.com\/#website"},"primaryImageOfPage":{"@id":"https:\/\/nivegy.com\/de\/termek\/landestour\/#primaryimage"},"image":{"@id":"https:\/\/nivegy.com\/de\/termek\/landestour\/#primaryimage"},"thumbnailUrl":"https:\/\/nivegy.com\/wp-content\/uploads\/2023\/11\/Orszagos-Kektura-11.webp","datePublished":"2023-11-16T08:14:50+00:00","dateModified":"2024-03-28T15:27:59+00:00","description":"Die Blaue Landestour ist Teil des 2584 Kilometer langen Blauen Kreises und umfasst einen kleinen Teil des sch\u00f6nen Nivegy-Tals.","breadcrumb":{"@id":"https:\/\/nivegy.com\/de\/termek\/landestour\/#breadcrumb"},"inLanguage":"de","potentialAction":[{"@type":"ReadAction","target":["https:\/\/nivegy.com\/de\/termek\/landestour\/"]}]},{"@type":"ImageObject","inLanguage":"de","@id":"https:\/\/nivegy.com\/de\/termek\/landestour\/#primaryimage","url":"https:\/\/nivegy.com\/wp-content\/uploads\/2023\/11\/Orszagos-Kektura-11.webp","contentUrl":"https:\/\/nivegy.com\/wp-content\/uploads\/2023\/11\/Orszagos-Kektura-11.webp","width":1000,"height":1000,"caption":"Orsz\u00e1gos K\u00e9kt\u00fara"},{"@type":"BreadcrumbList","@id":"https:\/\/nivegy.com\/de\/termek\/landestour\/#breadcrumb","itemListElement":[{"@type":"ListItem","position":1,"name":"Kezd\u0151lap","item":"https:\/\/nivegy.com\/de\/"},{"@type":"ListItem","position":2,"name":"Abschnitt der Blauen Landestour"}]},{"@type":"WebSite","@id":"https:\/\/nivegy.com\/#website","url":"https:\/\/nivegy.com\/","name":"Nivegy.com","description":"Egy v\u00f6lgy, \u00f6t falu, v\u00e9gtelen csoda","potentialAction":[{"@type":"SearchAction","target":{"@type":"EntryPoint","urlTemplate":"https:\/\/nivegy.com\/?s={search_term_string}"},"query-input":{"@type":"PropertyValueSpecification","valueRequired":true,"valueName":"search_term_string"}}],"inLanguage":"de"}]}},"_links":{"self":[{"href":"https:\/\/nivegy.com\/de\/wp-json\/wp\/v2\/product\/5326","targetHints":{"allow":["GET"]}}],"collection":[{"href":"https:\/\/nivegy.com\/de\/wp-json\/wp\/v2\/product"}],"about":[{"href":"https:\/\/nivegy.com\/de\/wp-json\/wp\/v2\/types\/product"}],"replies":[{"embeddable":true,"href":"https:\/\/nivegy.com\/de\/wp-json\/wp\/v2\/comments?post=5326"}],"wp:featuredmedia":[{"embeddable":true,"href":"https:\/\/nivegy.com\/de\/wp-json\/wp\/v2\/media\/4516"}],"wp:attachment":[{"href":"https:\/\/nivegy.com\/de\/wp-json\/wp\/v2\/media?parent=5326"}],"wp:term":[{"taxonomy":"product_brand","embeddable":true,"href":"https:\/\/nivegy.com\/de\/wp-json\/wp\/v2\/product_brand?post=5326"},{"taxonomy":"product_cat","embeddable":true,"href":"https:\/\/nivegy.com\/de\/wp-json\/wp\/v2\/product_cat?post=5326"},{"taxonomy":"product_tag","embeddable":true,"href":"https:\/\/nivegy.com\/de\/wp-json\/wp\/v2\/product_tag?post=5326"}],"curies":[{"name":"wp","href":"https:\/\/api.w.org\/{rel}","templated":true}]}}