{"id":5325,"date":"2023-11-16T08:36:16","date_gmt":"2023-11-16T08:36:16","guid":{"rendered":"https:\/\/nivegy.com\/?post_type=product&#038;p=5325"},"modified":"2024-03-28T15:26:24","modified_gmt":"2024-03-28T15:26:24","slug":"kirchenruine","status":"publish","type":"product","link":"https:\/\/nivegy.com\/de\/termek\/kirchenruine\/","title":{"rendered":"Kirchenruine von \u00c1rokt\u0151"},"content":{"rendered":"<p>In der N\u00e4he von <a href=\"https:\/\/balatoncsicso.hu\/\">Balatoncsics\u00f3<\/a>, in einem heute bewaldeten Gebiet, liegt die <strong>Kirchenruine von \u00c1rokt\u0151<\/strong>, die in der Arpadenzeit zu Szentbereckfalva geh\u00f6rte. Die erste schriftliche Erw\u00e4hnung stammt aus dem Jahr 1353. Die Siedlung wurde f\u00fcr gew\u00f6hnlich zusammen mit dem Nachbardorf \u00c1rokf\u0151 erw\u00e4hnt.<\/p>\n<p>Diese Kirche wurde vermutlich im 13. Jahrhundert erbaut. Sie hat ein einziges Kirchenschiff mit einem geradlinigen Altarraum und einem nach Westen ausgerichteten Eingang. Die Siedlung wurde w\u00e4hrend der T\u00fcrkenzeit zerst\u00f6rt und verlassen. Die Kirchenruine befindet sich seither in einem Zustand des st\u00e4ndigen Verfalls. Heute sind nur noch die Reste der Seitenmauern und T\u00fcrme sowie die Tr\u00fcmmer zu sehen.<\/p>\n","protected":false},"excerpt":{"rendered":"<p>In der N\u00e4he von Balatoncsics\u00f3, in einem heute bewaldeten Gebiet, liegt die Kirchenruine von \u00c1rokt\u0151, die in der Arpadenzeit zu Szentbereckfalva geh\u00f6rte. Die erste schriftliche Erw\u00e4hnung stammt aus dem Jahr 1353. Die Siedlung wurde f\u00fcr gew\u00f6hnlich zusammen mit dem Nachbardorf \u00c1rokf\u0151 erw\u00e4hnt. Diese Kirche wurde vermutlich im 13. Jahrhundert erbaut. Sie hat ein einziges Kirchenschiff [&hellip;]<\/p>\n","protected":false},"featured_media":4542,"comment_status":"open","ping_status":"closed","template":"","meta":{"_acf_changed":false},"product_brand":[],"product_cat":[484],"product_tag":[],"class_list":{"0":"post-5325","1":"product","2":"type-product","3":"status-publish","4":"has-post-thumbnail","6":"product_cat-regular-programme","8":"first","9":"instock","10":"shipping-taxable","11":"product-type-simple"},"acf":[],"yoast_head":"<!-- This site is optimized with the Yoast SEO plugin v27.5 - https:\/\/yoast.com\/product\/yoast-seo-wordpress\/ -->\n<title>Kirchenruine von \u00c1rokt\u0151 - Nivegy.com<\/title>\n<meta name=\"description\" content=\"In der N\u00e4he von Balatoncsics\u00f3, in einem heute bewaldeten Gebiet, liegt die Kirchenruine von \u00c1rokt\u0151, die in der Arpadenzeit zu Szentbereckfalva geh\u00f6rte.\" \/>\n<meta name=\"robots\" content=\"index, follow, max-snippet:-1, max-image-preview:large, max-video-preview:-1\" \/>\n<link rel=\"canonical\" href=\"https:\/\/nivegy.com\/de\/termek\/kirchenruine\/\" \/>\n<meta property=\"og:locale\" content=\"de_DE\" \/>\n<meta property=\"og:type\" content=\"article\" \/>\n<meta property=\"og:title\" content=\"Kirchenruine von \u00c1rokt\u0151 - Nivegy.com\" \/>\n<meta property=\"og:description\" content=\"In der N\u00e4he von Balatoncsics\u00f3, in einem heute bewaldeten Gebiet, liegt die Kirchenruine von \u00c1rokt\u0151, die in der Arpadenzeit zu Szentbereckfalva geh\u00f6rte.\" \/>\n<meta property=\"og:url\" content=\"https:\/\/nivegy.com\/de\/termek\/kirchenruine\/\" \/>\n<meta property=\"og:site_name\" content=\"Nivegy.com\" \/>\n<meta property=\"article:publisher\" content=\"https:\/\/www.facebook.com\/nivegy\" \/>\n<meta property=\"article:modified_time\" content=\"2024-03-28T15:26:24+00:00\" \/>\n<meta property=\"og:image\" content=\"https:\/\/nivegy.com\/wp-content\/uploads\/2023\/11\/Arokfoi-templomrom-11.webp\" \/>\n\t<meta property=\"og:image:width\" content=\"1000\" \/>\n\t<meta property=\"og:image:height\" content=\"1000\" \/>\n\t<meta property=\"og:image:type\" content=\"image\/webp\" \/>\n<meta name=\"twitter:card\" content=\"summary_large_image\" \/>\n<meta name=\"twitter:label1\" content=\"Gesch\u00e4tzte Lesezeit\" \/>\n\t<meta name=\"twitter:data1\" content=\"1\u00a0Minute\" \/>\n<script type=\"application\/ld+json\" class=\"yoast-schema-graph\">{\"@context\":\"https:\\\/\\\/schema.org\",\"@graph\":[{\"@type\":\"WebPage\",\"@id\":\"https:\\\/\\\/nivegy.com\\\/de\\\/termek\\\/kirchenruine\\\/\",\"url\":\"https:\\\/\\\/nivegy.com\\\/de\\\/termek\\\/kirchenruine\\\/\",\"name\":\"Kirchenruine von \u00c1rokt\u0151 - Nivegy.com\",\"isPartOf\":{\"@id\":\"https:\\\/\\\/nivegy.com\\\/#website\"},\"primaryImageOfPage\":{\"@id\":\"https:\\\/\\\/nivegy.com\\\/de\\\/termek\\\/kirchenruine\\\/#primaryimage\"},\"image\":{\"@id\":\"https:\\\/\\\/nivegy.com\\\/de\\\/termek\\\/kirchenruine\\\/#primaryimage\"},\"thumbnailUrl\":\"https:\\\/\\\/nivegy.com\\\/wp-content\\\/uploads\\\/2023\\\/11\\\/Arokfoi-templomrom-11.webp\",\"datePublished\":\"2023-11-16T08:36:16+00:00\",\"dateModified\":\"2024-03-28T15:26:24+00:00\",\"description\":\"In der N\u00e4he von Balatoncsics\u00f3, in einem heute bewaldeten Gebiet, liegt die Kirchenruine von \u00c1rokt\u0151, die in der Arpadenzeit zu Szentbereckfalva geh\u00f6rte.\",\"breadcrumb\":{\"@id\":\"https:\\\/\\\/nivegy.com\\\/de\\\/termek\\\/kirchenruine\\\/#breadcrumb\"},\"inLanguage\":\"de\",\"potentialAction\":[{\"@type\":\"ReadAction\",\"target\":[\"https:\\\/\\\/nivegy.com\\\/de\\\/termek\\\/kirchenruine\\\/\"]}]},{\"@type\":\"ImageObject\",\"inLanguage\":\"de\",\"@id\":\"https:\\\/\\\/nivegy.com\\\/de\\\/termek\\\/kirchenruine\\\/#primaryimage\",\"url\":\"https:\\\/\\\/nivegy.com\\\/wp-content\\\/uploads\\\/2023\\\/11\\\/Arokfoi-templomrom-11.webp\",\"contentUrl\":\"https:\\\/\\\/nivegy.com\\\/wp-content\\\/uploads\\\/2023\\\/11\\\/Arokfoi-templomrom-11.webp\",\"width\":1000,\"height\":1000,\"caption\":\"\u00c1rokf\u0151i templomrom\"},{\"@type\":\"BreadcrumbList\",\"@id\":\"https:\\\/\\\/nivegy.com\\\/de\\\/termek\\\/kirchenruine\\\/#breadcrumb\",\"itemListElement\":[{\"@type\":\"ListItem\",\"position\":1,\"name\":\"Kezd\u0151lap\",\"item\":\"https:\\\/\\\/nivegy.com\\\/de\\\/\"},{\"@type\":\"ListItem\",\"position\":2,\"name\":\"Kirchenruine von \u00c1rokt\u0151\"}]},{\"@type\":\"WebSite\",\"@id\":\"https:\\\/\\\/nivegy.com\\\/#website\",\"url\":\"https:\\\/\\\/nivegy.com\\\/\",\"name\":\"Nivegy.com\",\"description\":\"Egy v\u00f6lgy, \u00f6t falu, v\u00e9gtelen csoda\",\"potentialAction\":[{\"@type\":\"SearchAction\",\"target\":{\"@type\":\"EntryPoint\",\"urlTemplate\":\"https:\\\/\\\/nivegy.com\\\/?s={search_term_string}\"},\"query-input\":{\"@type\":\"PropertyValueSpecification\",\"valueRequired\":true,\"valueName\":\"search_term_string\"}}],\"inLanguage\":\"de\"}]}<\/script>\n<!-- \/ Yoast SEO plugin. -->","yoast_head_json":{"title":"Kirchenruine von \u00c1rokt\u0151 - Nivegy.com","description":"In der N\u00e4he von Balatoncsics\u00f3, in einem heute bewaldeten Gebiet, liegt die Kirchenruine von \u00c1rokt\u0151, die in der Arpadenzeit zu Szentbereckfalva geh\u00f6rte.","robots":{"index":"index","follow":"follow","max-snippet":"max-snippet:-1","max-image-preview":"max-image-preview:large","max-video-preview":"max-video-preview:-1"},"canonical":"https:\/\/nivegy.com\/de\/termek\/kirchenruine\/","og_locale":"de_DE","og_type":"article","og_title":"Kirchenruine von \u00c1rokt\u0151 - Nivegy.com","og_description":"In der N\u00e4he von Balatoncsics\u00f3, in einem heute bewaldeten Gebiet, liegt die Kirchenruine von \u00c1rokt\u0151, die in der Arpadenzeit zu Szentbereckfalva geh\u00f6rte.","og_url":"https:\/\/nivegy.com\/de\/termek\/kirchenruine\/","og_site_name":"Nivegy.com","article_publisher":"https:\/\/www.facebook.com\/nivegy","article_modified_time":"2024-03-28T15:26:24+00:00","og_image":[{"width":1000,"height":1000,"url":"https:\/\/nivegy.com\/wp-content\/uploads\/2023\/11\/Arokfoi-templomrom-11.webp","type":"image\/webp"}],"twitter_card":"summary_large_image","twitter_misc":{"Gesch\u00e4tzte Lesezeit":"1\u00a0Minute"},"schema":{"@context":"https:\/\/schema.org","@graph":[{"@type":"WebPage","@id":"https:\/\/nivegy.com\/de\/termek\/kirchenruine\/","url":"https:\/\/nivegy.com\/de\/termek\/kirchenruine\/","name":"Kirchenruine von \u00c1rokt\u0151 - Nivegy.com","isPartOf":{"@id":"https:\/\/nivegy.com\/#website"},"primaryImageOfPage":{"@id":"https:\/\/nivegy.com\/de\/termek\/kirchenruine\/#primaryimage"},"image":{"@id":"https:\/\/nivegy.com\/de\/termek\/kirchenruine\/#primaryimage"},"thumbnailUrl":"https:\/\/nivegy.com\/wp-content\/uploads\/2023\/11\/Arokfoi-templomrom-11.webp","datePublished":"2023-11-16T08:36:16+00:00","dateModified":"2024-03-28T15:26:24+00:00","description":"In der N\u00e4he von Balatoncsics\u00f3, in einem heute bewaldeten Gebiet, liegt die Kirchenruine von \u00c1rokt\u0151, die in der Arpadenzeit zu Szentbereckfalva geh\u00f6rte.","breadcrumb":{"@id":"https:\/\/nivegy.com\/de\/termek\/kirchenruine\/#breadcrumb"},"inLanguage":"de","potentialAction":[{"@type":"ReadAction","target":["https:\/\/nivegy.com\/de\/termek\/kirchenruine\/"]}]},{"@type":"ImageObject","inLanguage":"de","@id":"https:\/\/nivegy.com\/de\/termek\/kirchenruine\/#primaryimage","url":"https:\/\/nivegy.com\/wp-content\/uploads\/2023\/11\/Arokfoi-templomrom-11.webp","contentUrl":"https:\/\/nivegy.com\/wp-content\/uploads\/2023\/11\/Arokfoi-templomrom-11.webp","width":1000,"height":1000,"caption":"\u00c1rokf\u0151i templomrom"},{"@type":"BreadcrumbList","@id":"https:\/\/nivegy.com\/de\/termek\/kirchenruine\/#breadcrumb","itemListElement":[{"@type":"ListItem","position":1,"name":"Kezd\u0151lap","item":"https:\/\/nivegy.com\/de\/"},{"@type":"ListItem","position":2,"name":"Kirchenruine von \u00c1rokt\u0151"}]},{"@type":"WebSite","@id":"https:\/\/nivegy.com\/#website","url":"https:\/\/nivegy.com\/","name":"Nivegy.com","description":"Egy v\u00f6lgy, \u00f6t falu, v\u00e9gtelen csoda","potentialAction":[{"@type":"SearchAction","target":{"@type":"EntryPoint","urlTemplate":"https:\/\/nivegy.com\/?s={search_term_string}"},"query-input":{"@type":"PropertyValueSpecification","valueRequired":true,"valueName":"search_term_string"}}],"inLanguage":"de"}]}},"_links":{"self":[{"href":"https:\/\/nivegy.com\/de\/wp-json\/wp\/v2\/product\/5325","targetHints":{"allow":["GET"]}}],"collection":[{"href":"https:\/\/nivegy.com\/de\/wp-json\/wp\/v2\/product"}],"about":[{"href":"https:\/\/nivegy.com\/de\/wp-json\/wp\/v2\/types\/product"}],"replies":[{"embeddable":true,"href":"https:\/\/nivegy.com\/de\/wp-json\/wp\/v2\/comments?post=5325"}],"wp:featuredmedia":[{"embeddable":true,"href":"https:\/\/nivegy.com\/de\/wp-json\/wp\/v2\/media\/4542"}],"wp:attachment":[{"href":"https:\/\/nivegy.com\/de\/wp-json\/wp\/v2\/media?parent=5325"}],"wp:term":[{"taxonomy":"product_brand","embeddable":true,"href":"https:\/\/nivegy.com\/de\/wp-json\/wp\/v2\/product_brand?post=5325"},{"taxonomy":"product_cat","embeddable":true,"href":"https:\/\/nivegy.com\/de\/wp-json\/wp\/v2\/product_cat?post=5325"},{"taxonomy":"product_tag","embeddable":true,"href":"https:\/\/nivegy.com\/de\/wp-json\/wp\/v2\/product_tag?post=5325"}],"curies":[{"name":"wp","href":"https:\/\/api.w.org\/{rel}","templated":true}]}}