{"id":5264,"date":"2024-03-09T06:47:43","date_gmt":"2024-03-09T06:47:43","guid":{"rendered":"https:\/\/nivegy.com\/?post_type=product&#038;p=5264"},"modified":"2026-02-24T18:18:02","modified_gmt":"2026-02-24T18:18:02","slug":"kobor-tour","status":"publish","type":"product","link":"https:\/\/nivegy.com\/de\/termek\/kobor-tour\/","title":{"rendered":"K\u00f3Bor Tour"},"content":{"rendered":"<p><strong>Die K\u00f3Bor (Wanderungstour) Tour wurde von drei Weing\u00fctern im Balaton-Hochland ins Leben gerufen.<\/strong><\/p>\n<p>Ihr Ziel ist es, w\u00e4hrend einer organisierten Tour die hochwertigen und vielf\u00e4ltigen lokalen Weine sowie die gro\u00dfartigen ungarischen Gerichte in dem wundersch\u00f6nen mediterranen Nivegy-Tal vorzustellen. Die Teilnehmer werden das ganze Jahr \u00fcber jeden Freitag mit ihrem eigenen Weintaxi zwischen den Weing\u00fctern transportiert. In den drei Familienkellern werden jeweils 3 verschiedene Weinsorten angeboten, und am Ende des Programms werden die G\u00e4ste im Weingutszentrum Dobosi mit einem vorab vereinbarten 2-G\u00e4nge-Men\u00fc (Hauptgang + Dessert) empfangen, bei dem die Weine zum Abendessen serviert werden.<\/p>\n<h4>MEN\u00dc<\/h4>\n<p><strong>Abfahrt:<\/strong> Jeden Freitag um 15:45 Uhr. Dauer: 3,5-4 Stunden<\/p>\n<p><strong>Preis der Weintour: 16.900 HUF\/Person<\/strong><br \/>\nF\u00fcr Nicht-Weintrinker: 11.700 HUF\/Person<\/p>\n<p><strong>Im Preis enthalten:<\/strong> Weintaxi, Wein-Snacks, alkoholfreie\/Weinverkostung in den Weing\u00fctern und Abendessen aus dem aktuellen Saisonmen\u00fc. Die Bezahlung mit der SZ\u00c9P-Karte ist auf der K\u00f3Bor-Tour m\u00f6glich. G\u00e4sten unter 18 Jahren oder die keine alkoholischen Getr\u00e4nke konsumieren, werden Traubensaft oder Softdrinks serviert.<\/p>\n<p><strong>Balatonf\u00fcred und Veszpr\u00e9m Stationen sind ab mindestens 8 Personen gegen Aufpreis verf\u00fcgbar:<\/strong><\/p>\n<ul>\n<li>In Balatonf\u00fcred wird eine zus\u00e4tzliche Geb\u00fchr von 2.000 HUF\/Person erhoben, w\u00e4hrend in Veszpr\u00e9m der Aufpreis 2.500 HUF\/Person betr\u00e4gt.<\/li>\n<li>Die Teilnahme f\u00fcr Kinder bis 6 Jahre ist kostenlos.<\/li>\n<li>F\u00fcr Kinder unter 6 Jahren ist im Zs\u00f3ka Gasthaus ein Kinder-Men\u00fc erh\u00e4ltlich, dessen Kosten im Restaurant beglichen werden k\u00f6nnen.<\/li>\n<\/ul>\n<h4>MITGLIEDER<\/h4>\n<ul>\n<li><a href=\"https:\/\/nivegy.com\/de\/termek\/weingutszentrum-dobosi\/\">Weingutszentrum Dobosi<\/a><\/li>\n<li>Holl\u00f3 Weingut<\/li>\n<li><a href=\"https:\/\/nivegy.com\/de\/termek\/kisskeller\/\">kissweingut<\/a><\/li>\n<\/ul>\n<p><strong>WICHTIGE INFORMATIONEN<\/strong><\/p>\n<ul>\n<li>Die Weintour startet ab einer Mindestteilnehmerzahl von 4 Personen.<\/li>\n<li>Wenn die Abfahrt aufgrund von G\u00e4sten verz\u00f6gert wird und die Verz\u00f6gerung 30 Minuten erreicht, wird die Tour um einen Stopp verk\u00fcrzt.<\/li>\n<li>Vermeiden Sie vor der Weintour den Konsum von Alkohol.<\/li>\n<li>Mit betrunkenen Personen kann die Tour nicht gestartet werden.<\/li>\n<li>Die Bezahlung erfolgt bei jeder Gelegenheit im Dobosi Estate Center.<\/li>\n<li>Vegane Ern\u00e4hrung, Gluten- und Laktoseintoleranz bitte im Voraus anmelden.<\/li>\n<li>Der Bus erkundet w\u00e4hrend der Tour die sch\u00f6nsten Teile des Nivegy-Tals.<\/li>\n<li>Es wird empfohlen, sich entsprechend dem Wetter zu kleiden, da es auch einen Au\u00dfenbereich zwischen den Weing\u00fctern gibt.<\/li>\n<\/ul>\n<p><a href=\"https:\/\/www.kobortura.hu\">Weitere Informationen<\/a><\/p>\n","protected":false},"excerpt":{"rendered":"<p>Die K\u00f3Bor (Wanderungstour) Tour wurde von drei Weing\u00fctern im Balaton-Hochland ins Leben gerufen. Ihr Ziel ist es, w\u00e4hrend einer organisierten Tour die hochwertigen und vielf\u00e4ltigen lokalen Weine sowie die gro\u00dfartigen ungarischen Gerichte in dem wundersch\u00f6nen mediterranen Nivegy-Tal vorzustellen. Die Teilnehmer werden das ganze Jahr \u00fcber jeden Freitag mit ihrem eigenen Weintaxi zwischen den Weing\u00fctern transportiert. [&hellip;]<\/p>\n","protected":false},"featured_media":5262,"comment_status":"open","ping_status":"closed","template":"","meta":{"_acf_changed":false},"product_brand":[],"product_cat":[485],"product_tag":[],"class_list":{"0":"post-5264","1":"product","2":"type-product","3":"status-publish","4":"has-post-thumbnail","6":"product_cat-sonderprogramme","8":"first","9":"instock","10":"shipping-taxable","11":"product-type-simple"},"acf":[],"yoast_head":"<!-- This site is optimized with the Yoast SEO plugin v27.5 - https:\/\/yoast.com\/product\/yoast-seo-wordpress\/ -->\n<title>K\u00f3Bor Tour - Nivegy.com<\/title>\n<meta name=\"description\" content=\"Die K\u00f3Bor (Wanderungstour mit wein) Tour wurde von vier Weing\u00fctern und einem Restaurant im Balaton-Hochland ins Leben gerufen.\" \/>\n<meta name=\"robots\" content=\"index, follow, max-snippet:-1, max-image-preview:large, max-video-preview:-1\" \/>\n<link rel=\"canonical\" href=\"https:\/\/nivegy.com\/de\/termek\/kobor-tour\/\" \/>\n<meta property=\"og:locale\" content=\"de_DE\" \/>\n<meta property=\"og:type\" content=\"article\" \/>\n<meta property=\"og:title\" content=\"K\u00f3Bor Tour - Nivegy.com\" \/>\n<meta property=\"og:description\" content=\"Die K\u00f3Bor (Wanderungstour mit wein) Tour wurde von vier Weing\u00fctern und einem Restaurant im Balaton-Hochland ins Leben gerufen.\" \/>\n<meta property=\"og:url\" content=\"https:\/\/nivegy.com\/de\/termek\/kobor-tour\/\" \/>\n<meta property=\"og:site_name\" content=\"Nivegy.com\" \/>\n<meta property=\"article:publisher\" content=\"https:\/\/www.facebook.com\/nivegy\" \/>\n<meta property=\"article:modified_time\" content=\"2026-02-24T18:18:02+00:00\" \/>\n<meta property=\"og:image\" content=\"https:\/\/nivegy.com\/wp-content\/uploads\/2024\/03\/KoBor-Tura.webp\" \/>\n\t<meta property=\"og:image:width\" content=\"720\" \/>\n\t<meta property=\"og:image:height\" content=\"720\" \/>\n\t<meta property=\"og:image:type\" content=\"image\/webp\" \/>\n<meta name=\"twitter:card\" content=\"summary_large_image\" \/>\n<meta name=\"twitter:label1\" content=\"Gesch\u00e4tzte Lesezeit\" \/>\n\t<meta name=\"twitter:data1\" content=\"2\u00a0Minuten\" \/>\n<script type=\"application\/ld+json\" class=\"yoast-schema-graph\">{\"@context\":\"https:\\\/\\\/schema.org\",\"@graph\":[{\"@type\":\"WebPage\",\"@id\":\"https:\\\/\\\/nivegy.com\\\/de\\\/termek\\\/kobor-tour\\\/\",\"url\":\"https:\\\/\\\/nivegy.com\\\/de\\\/termek\\\/kobor-tour\\\/\",\"name\":\"K\u00f3Bor Tour - Nivegy.com\",\"isPartOf\":{\"@id\":\"https:\\\/\\\/nivegy.com\\\/#website\"},\"primaryImageOfPage\":{\"@id\":\"https:\\\/\\\/nivegy.com\\\/de\\\/termek\\\/kobor-tour\\\/#primaryimage\"},\"image\":{\"@id\":\"https:\\\/\\\/nivegy.com\\\/de\\\/termek\\\/kobor-tour\\\/#primaryimage\"},\"thumbnailUrl\":\"https:\\\/\\\/nivegy.com\\\/wp-content\\\/uploads\\\/2024\\\/03\\\/KoBor-Tura.webp\",\"datePublished\":\"2024-03-09T06:47:43+00:00\",\"dateModified\":\"2026-02-24T18:18:02+00:00\",\"description\":\"Die K\u00f3Bor (Wanderungstour mit wein) Tour wurde von vier Weing\u00fctern und einem Restaurant im Balaton-Hochland ins Leben gerufen.\",\"breadcrumb\":{\"@id\":\"https:\\\/\\\/nivegy.com\\\/de\\\/termek\\\/kobor-tour\\\/#breadcrumb\"},\"inLanguage\":\"de\",\"potentialAction\":[{\"@type\":\"ReadAction\",\"target\":[\"https:\\\/\\\/nivegy.com\\\/de\\\/termek\\\/kobor-tour\\\/\"]}]},{\"@type\":\"ImageObject\",\"inLanguage\":\"de\",\"@id\":\"https:\\\/\\\/nivegy.com\\\/de\\\/termek\\\/kobor-tour\\\/#primaryimage\",\"url\":\"https:\\\/\\\/nivegy.com\\\/wp-content\\\/uploads\\\/2024\\\/03\\\/KoBor-Tura.webp\",\"contentUrl\":\"https:\\\/\\\/nivegy.com\\\/wp-content\\\/uploads\\\/2024\\\/03\\\/KoBor-Tura.webp\",\"width\":720,\"height\":720},{\"@type\":\"BreadcrumbList\",\"@id\":\"https:\\\/\\\/nivegy.com\\\/de\\\/termek\\\/kobor-tour\\\/#breadcrumb\",\"itemListElement\":[{\"@type\":\"ListItem\",\"position\":1,\"name\":\"Kezd\u0151lap\",\"item\":\"https:\\\/\\\/nivegy.com\\\/de\\\/\"},{\"@type\":\"ListItem\",\"position\":2,\"name\":\"K\u00f3Bor Tour\"}]},{\"@type\":\"WebSite\",\"@id\":\"https:\\\/\\\/nivegy.com\\\/#website\",\"url\":\"https:\\\/\\\/nivegy.com\\\/\",\"name\":\"Nivegy.com\",\"description\":\"Egy v\u00f6lgy, \u00f6t falu, v\u00e9gtelen csoda\",\"potentialAction\":[{\"@type\":\"SearchAction\",\"target\":{\"@type\":\"EntryPoint\",\"urlTemplate\":\"https:\\\/\\\/nivegy.com\\\/?s={search_term_string}\"},\"query-input\":{\"@type\":\"PropertyValueSpecification\",\"valueRequired\":true,\"valueName\":\"search_term_string\"}}],\"inLanguage\":\"de\"}]}<\/script>\n<!-- \/ Yoast SEO plugin. -->","yoast_head_json":{"title":"K\u00f3Bor Tour - Nivegy.com","description":"Die K\u00f3Bor (Wanderungstour mit wein) Tour wurde von vier Weing\u00fctern und einem Restaurant im Balaton-Hochland ins Leben gerufen.","robots":{"index":"index","follow":"follow","max-snippet":"max-snippet:-1","max-image-preview":"max-image-preview:large","max-video-preview":"max-video-preview:-1"},"canonical":"https:\/\/nivegy.com\/de\/termek\/kobor-tour\/","og_locale":"de_DE","og_type":"article","og_title":"K\u00f3Bor Tour - Nivegy.com","og_description":"Die K\u00f3Bor (Wanderungstour mit wein) Tour wurde von vier Weing\u00fctern und einem Restaurant im Balaton-Hochland ins Leben gerufen.","og_url":"https:\/\/nivegy.com\/de\/termek\/kobor-tour\/","og_site_name":"Nivegy.com","article_publisher":"https:\/\/www.facebook.com\/nivegy","article_modified_time":"2026-02-24T18:18:02+00:00","og_image":[{"width":720,"height":720,"url":"https:\/\/nivegy.com\/wp-content\/uploads\/2024\/03\/KoBor-Tura.webp","type":"image\/webp"}],"twitter_card":"summary_large_image","twitter_misc":{"Gesch\u00e4tzte Lesezeit":"2\u00a0Minuten"},"schema":{"@context":"https:\/\/schema.org","@graph":[{"@type":"WebPage","@id":"https:\/\/nivegy.com\/de\/termek\/kobor-tour\/","url":"https:\/\/nivegy.com\/de\/termek\/kobor-tour\/","name":"K\u00f3Bor Tour - Nivegy.com","isPartOf":{"@id":"https:\/\/nivegy.com\/#website"},"primaryImageOfPage":{"@id":"https:\/\/nivegy.com\/de\/termek\/kobor-tour\/#primaryimage"},"image":{"@id":"https:\/\/nivegy.com\/de\/termek\/kobor-tour\/#primaryimage"},"thumbnailUrl":"https:\/\/nivegy.com\/wp-content\/uploads\/2024\/03\/KoBor-Tura.webp","datePublished":"2024-03-09T06:47:43+00:00","dateModified":"2026-02-24T18:18:02+00:00","description":"Die K\u00f3Bor (Wanderungstour mit wein) Tour wurde von vier Weing\u00fctern und einem Restaurant im Balaton-Hochland ins Leben gerufen.","breadcrumb":{"@id":"https:\/\/nivegy.com\/de\/termek\/kobor-tour\/#breadcrumb"},"inLanguage":"de","potentialAction":[{"@type":"ReadAction","target":["https:\/\/nivegy.com\/de\/termek\/kobor-tour\/"]}]},{"@type":"ImageObject","inLanguage":"de","@id":"https:\/\/nivegy.com\/de\/termek\/kobor-tour\/#primaryimage","url":"https:\/\/nivegy.com\/wp-content\/uploads\/2024\/03\/KoBor-Tura.webp","contentUrl":"https:\/\/nivegy.com\/wp-content\/uploads\/2024\/03\/KoBor-Tura.webp","width":720,"height":720},{"@type":"BreadcrumbList","@id":"https:\/\/nivegy.com\/de\/termek\/kobor-tour\/#breadcrumb","itemListElement":[{"@type":"ListItem","position":1,"name":"Kezd\u0151lap","item":"https:\/\/nivegy.com\/de\/"},{"@type":"ListItem","position":2,"name":"K\u00f3Bor Tour"}]},{"@type":"WebSite","@id":"https:\/\/nivegy.com\/#website","url":"https:\/\/nivegy.com\/","name":"Nivegy.com","description":"Egy v\u00f6lgy, \u00f6t falu, v\u00e9gtelen csoda","potentialAction":[{"@type":"SearchAction","target":{"@type":"EntryPoint","urlTemplate":"https:\/\/nivegy.com\/?s={search_term_string}"},"query-input":{"@type":"PropertyValueSpecification","valueRequired":true,"valueName":"search_term_string"}}],"inLanguage":"de"}]}},"_links":{"self":[{"href":"https:\/\/nivegy.com\/de\/wp-json\/wp\/v2\/product\/5264","targetHints":{"allow":["GET"]}}],"collection":[{"href":"https:\/\/nivegy.com\/de\/wp-json\/wp\/v2\/product"}],"about":[{"href":"https:\/\/nivegy.com\/de\/wp-json\/wp\/v2\/types\/product"}],"replies":[{"embeddable":true,"href":"https:\/\/nivegy.com\/de\/wp-json\/wp\/v2\/comments?post=5264"}],"wp:featuredmedia":[{"embeddable":true,"href":"https:\/\/nivegy.com\/de\/wp-json\/wp\/v2\/media\/5262"}],"wp:attachment":[{"href":"https:\/\/nivegy.com\/de\/wp-json\/wp\/v2\/media?parent=5264"}],"wp:term":[{"taxonomy":"product_brand","embeddable":true,"href":"https:\/\/nivegy.com\/de\/wp-json\/wp\/v2\/product_brand?post=5264"},{"taxonomy":"product_cat","embeddable":true,"href":"https:\/\/nivegy.com\/de\/wp-json\/wp\/v2\/product_cat?post=5264"},{"taxonomy":"product_tag","embeddable":true,"href":"https:\/\/nivegy.com\/de\/wp-json\/wp\/v2\/product_tag?post=5264"}],"curies":[{"name":"wp","href":"https:\/\/api.w.org\/{rel}","templated":true}]}}