{"id":5234,"date":"2023-06-14T10:17:33","date_gmt":"2023-06-14T10:17:33","guid":{"rendered":"https:\/\/nivegy.com\/?post_type=product&#038;p=5234"},"modified":"2024-06-26T10:22:59","modified_gmt":"2024-06-26T10:22:59","slug":"guthofs-tagyon","status":"publish","type":"product","link":"https:\/\/nivegy.com\/de\/termek\/guthofs-tagyon\/","title":{"rendered":"Gutshof Tagyon"},"content":{"rendered":"<p><strong>Das <a href=\"https:\/\/tagyonbirtok.hu\/etterem\/\">Restaurant<\/a> des Guthofs Tagyon ist der Ort, an dem die wunderbare Sch\u00f6nheit der Natur, k\u00f6stliche Speisen und ausgezeichnete Getr\u00e4nke aufeinandertreffen. Diese Terrasse befindet sich in einer herrlichen Lage mit Blick auf den Balaton und die nahegelegenen Zeugenberge und garantiert ein unvergessliches Erlebnis f\u00fcr alle Besucher.<\/strong><\/p>\n<p>Die Speisekarte wechselt w\u00f6chentlich, wobei der Fokus auf Saisonalit\u00e4t, Frische und Vielfalt liegt. Die lokale Weinkultur wird besonders ber\u00fccksichtigt, sodass die Weinkarte nicht nur die eigenen Weine, sondern auch die ausgezeichneten Weine aus den Weinbergen des Nivegy-Tals enth\u00e4lt.<\/p>\n<p><em>Entdecken Sie die Harmonie von Gastronomie und Natur im Gutshof Tagyon!<\/em><\/p>\n","protected":false},"excerpt":{"rendered":"<p>Das Restaurant des Guthofs Tagyon ist der Ort, an dem die wunderbare Sch\u00f6nheit der Natur, k\u00f6stliche Speisen und ausgezeichnete Getr\u00e4nke aufeinandertreffen. Diese Terrasse befindet sich in einer herrlichen Lage mit Blick auf den Balaton und die nahegelegenen Zeugenberge und garantiert ein unvergessliches Erlebnis f\u00fcr alle Besucher. Die Speisekarte wechselt w\u00f6chentlich, wobei der Fokus auf Saisonalit\u00e4t, [&hellip;]<\/p>\n","protected":false},"featured_media":4261,"comment_status":"closed","ping_status":"closed","template":"","meta":{"_acf_changed":false},"product_brand":[],"product_cat":[482],"product_tag":[],"class_list":{"0":"post-5234","1":"product","2":"type-product","3":"status-publish","4":"has-post-thumbnail","6":"product_cat-gastronomie","8":"first","9":"instock","10":"shipping-taxable","11":"product-type-simple"},"acf":[],"yoast_head":"<!-- This site is optimized with the Yoast SEO plugin v27.5 - https:\/\/yoast.com\/product\/yoast-seo-wordpress\/ -->\n<title>Guthofs Tagyon - Nivegy.com<\/title>\n<meta name=\"description\" content=\"Das Restaurant des Guthofs Tagyon ist der Ort, an dem die wunderbare Sch\u00f6nheit der Natur, k\u00f6stliche Speisen und ausgezeichnete Getr\u00e4nke aufeinandertreffen.\" \/>\n<meta name=\"robots\" content=\"index, follow, max-snippet:-1, max-image-preview:large, max-video-preview:-1\" \/>\n<link rel=\"canonical\" href=\"https:\/\/nivegy.com\/de\/termek\/guthofs-tagyon\/\" \/>\n<meta property=\"og:locale\" content=\"de_DE\" \/>\n<meta property=\"og:type\" content=\"article\" \/>\n<meta property=\"og:title\" content=\"Guthofs Tagyon - Nivegy.com\" \/>\n<meta property=\"og:description\" content=\"Das Restaurant des Guthofs Tagyon ist der Ort, an dem die wunderbare Sch\u00f6nheit der Natur, k\u00f6stliche Speisen und ausgezeichnete Getr\u00e4nke aufeinandertreffen.\" \/>\n<meta property=\"og:url\" content=\"https:\/\/nivegy.com\/de\/termek\/guthofs-tagyon\/\" \/>\n<meta property=\"og:site_name\" content=\"Nivegy.com\" \/>\n<meta property=\"article:publisher\" content=\"https:\/\/www.facebook.com\/nivegy\" \/>\n<meta property=\"article:modified_time\" content=\"2024-06-26T10:22:59+00:00\" \/>\n<meta property=\"og:image\" content=\"https:\/\/nivegy.com\/wp-content\/uploads\/2023\/06\/G-Tagyon-Birtok-1.1.webp\" \/>\n\t<meta property=\"og:image:width\" content=\"1000\" \/>\n\t<meta property=\"og:image:height\" content=\"1000\" \/>\n\t<meta property=\"og:image:type\" content=\"image\/webp\" \/>\n<meta name=\"twitter:card\" content=\"summary_large_image\" \/>\n<meta name=\"twitter:label1\" content=\"Gesch\u00e4tzte Lesezeit\" \/>\n\t<meta name=\"twitter:data1\" content=\"1\u00a0Minute\" \/>\n<script type=\"application\/ld+json\" class=\"yoast-schema-graph\">{\"@context\":\"https:\\\/\\\/schema.org\",\"@graph\":[{\"@type\":\"WebPage\",\"@id\":\"https:\\\/\\\/nivegy.com\\\/de\\\/termek\\\/guthofs-tagyon\\\/\",\"url\":\"https:\\\/\\\/nivegy.com\\\/de\\\/termek\\\/guthofs-tagyon\\\/\",\"name\":\"Guthofs Tagyon - Nivegy.com\",\"isPartOf\":{\"@id\":\"https:\\\/\\\/nivegy.com\\\/#website\"},\"primaryImageOfPage\":{\"@id\":\"https:\\\/\\\/nivegy.com\\\/de\\\/termek\\\/guthofs-tagyon\\\/#primaryimage\"},\"image\":{\"@id\":\"https:\\\/\\\/nivegy.com\\\/de\\\/termek\\\/guthofs-tagyon\\\/#primaryimage\"},\"thumbnailUrl\":\"https:\\\/\\\/nivegy.com\\\/wp-content\\\/uploads\\\/2023\\\/06\\\/G-Tagyon-Birtok-1.1.webp\",\"datePublished\":\"2023-06-14T10:17:33+00:00\",\"dateModified\":\"2024-06-26T10:22:59+00:00\",\"description\":\"Das Restaurant des Guthofs Tagyon ist der Ort, an dem die wunderbare Sch\u00f6nheit der Natur, k\u00f6stliche Speisen und ausgezeichnete Getr\u00e4nke aufeinandertreffen.\",\"breadcrumb\":{\"@id\":\"https:\\\/\\\/nivegy.com\\\/de\\\/termek\\\/guthofs-tagyon\\\/#breadcrumb\"},\"inLanguage\":\"de\",\"potentialAction\":[{\"@type\":\"ReadAction\",\"target\":[\"https:\\\/\\\/nivegy.com\\\/de\\\/termek\\\/guthofs-tagyon\\\/\"]}]},{\"@type\":\"ImageObject\",\"inLanguage\":\"de\",\"@id\":\"https:\\\/\\\/nivegy.com\\\/de\\\/termek\\\/guthofs-tagyon\\\/#primaryimage\",\"url\":\"https:\\\/\\\/nivegy.com\\\/wp-content\\\/uploads\\\/2023\\\/06\\\/G-Tagyon-Birtok-1.1.webp\",\"contentUrl\":\"https:\\\/\\\/nivegy.com\\\/wp-content\\\/uploads\\\/2023\\\/06\\\/G-Tagyon-Birtok-1.1.webp\",\"width\":1000,\"height\":1000},{\"@type\":\"BreadcrumbList\",\"@id\":\"https:\\\/\\\/nivegy.com\\\/de\\\/termek\\\/guthofs-tagyon\\\/#breadcrumb\",\"itemListElement\":[{\"@type\":\"ListItem\",\"position\":1,\"name\":\"Kezd\u0151lap\",\"item\":\"https:\\\/\\\/nivegy.com\\\/de\\\/\"},{\"@type\":\"ListItem\",\"position\":2,\"name\":\"Gutshof Tagyon\"}]},{\"@type\":\"WebSite\",\"@id\":\"https:\\\/\\\/nivegy.com\\\/#website\",\"url\":\"https:\\\/\\\/nivegy.com\\\/\",\"name\":\"Nivegy.com\",\"description\":\"Egy v\u00f6lgy, \u00f6t falu, v\u00e9gtelen csoda\",\"potentialAction\":[{\"@type\":\"SearchAction\",\"target\":{\"@type\":\"EntryPoint\",\"urlTemplate\":\"https:\\\/\\\/nivegy.com\\\/?s={search_term_string}\"},\"query-input\":{\"@type\":\"PropertyValueSpecification\",\"valueRequired\":true,\"valueName\":\"search_term_string\"}}],\"inLanguage\":\"de\"}]}<\/script>\n<!-- \/ Yoast SEO plugin. -->","yoast_head_json":{"title":"Guthofs Tagyon - Nivegy.com","description":"Das Restaurant des Guthofs Tagyon ist der Ort, an dem die wunderbare Sch\u00f6nheit der Natur, k\u00f6stliche Speisen und ausgezeichnete Getr\u00e4nke aufeinandertreffen.","robots":{"index":"index","follow":"follow","max-snippet":"max-snippet:-1","max-image-preview":"max-image-preview:large","max-video-preview":"max-video-preview:-1"},"canonical":"https:\/\/nivegy.com\/de\/termek\/guthofs-tagyon\/","og_locale":"de_DE","og_type":"article","og_title":"Guthofs Tagyon - Nivegy.com","og_description":"Das Restaurant des Guthofs Tagyon ist der Ort, an dem die wunderbare Sch\u00f6nheit der Natur, k\u00f6stliche Speisen und ausgezeichnete Getr\u00e4nke aufeinandertreffen.","og_url":"https:\/\/nivegy.com\/de\/termek\/guthofs-tagyon\/","og_site_name":"Nivegy.com","article_publisher":"https:\/\/www.facebook.com\/nivegy","article_modified_time":"2024-06-26T10:22:59+00:00","og_image":[{"width":1000,"height":1000,"url":"https:\/\/nivegy.com\/wp-content\/uploads\/2023\/06\/G-Tagyon-Birtok-1.1.webp","type":"image\/webp"}],"twitter_card":"summary_large_image","twitter_misc":{"Gesch\u00e4tzte Lesezeit":"1\u00a0Minute"},"schema":{"@context":"https:\/\/schema.org","@graph":[{"@type":"WebPage","@id":"https:\/\/nivegy.com\/de\/termek\/guthofs-tagyon\/","url":"https:\/\/nivegy.com\/de\/termek\/guthofs-tagyon\/","name":"Guthofs Tagyon - Nivegy.com","isPartOf":{"@id":"https:\/\/nivegy.com\/#website"},"primaryImageOfPage":{"@id":"https:\/\/nivegy.com\/de\/termek\/guthofs-tagyon\/#primaryimage"},"image":{"@id":"https:\/\/nivegy.com\/de\/termek\/guthofs-tagyon\/#primaryimage"},"thumbnailUrl":"https:\/\/nivegy.com\/wp-content\/uploads\/2023\/06\/G-Tagyon-Birtok-1.1.webp","datePublished":"2023-06-14T10:17:33+00:00","dateModified":"2024-06-26T10:22:59+00:00","description":"Das Restaurant des Guthofs Tagyon ist der Ort, an dem die wunderbare Sch\u00f6nheit der Natur, k\u00f6stliche Speisen und ausgezeichnete Getr\u00e4nke aufeinandertreffen.","breadcrumb":{"@id":"https:\/\/nivegy.com\/de\/termek\/guthofs-tagyon\/#breadcrumb"},"inLanguage":"de","potentialAction":[{"@type":"ReadAction","target":["https:\/\/nivegy.com\/de\/termek\/guthofs-tagyon\/"]}]},{"@type":"ImageObject","inLanguage":"de","@id":"https:\/\/nivegy.com\/de\/termek\/guthofs-tagyon\/#primaryimage","url":"https:\/\/nivegy.com\/wp-content\/uploads\/2023\/06\/G-Tagyon-Birtok-1.1.webp","contentUrl":"https:\/\/nivegy.com\/wp-content\/uploads\/2023\/06\/G-Tagyon-Birtok-1.1.webp","width":1000,"height":1000},{"@type":"BreadcrumbList","@id":"https:\/\/nivegy.com\/de\/termek\/guthofs-tagyon\/#breadcrumb","itemListElement":[{"@type":"ListItem","position":1,"name":"Kezd\u0151lap","item":"https:\/\/nivegy.com\/de\/"},{"@type":"ListItem","position":2,"name":"Gutshof Tagyon"}]},{"@type":"WebSite","@id":"https:\/\/nivegy.com\/#website","url":"https:\/\/nivegy.com\/","name":"Nivegy.com","description":"Egy v\u00f6lgy, \u00f6t falu, v\u00e9gtelen csoda","potentialAction":[{"@type":"SearchAction","target":{"@type":"EntryPoint","urlTemplate":"https:\/\/nivegy.com\/?s={search_term_string}"},"query-input":{"@type":"PropertyValueSpecification","valueRequired":true,"valueName":"search_term_string"}}],"inLanguage":"de"}]}},"_links":{"self":[{"href":"https:\/\/nivegy.com\/de\/wp-json\/wp\/v2\/product\/5234","targetHints":{"allow":["GET"]}}],"collection":[{"href":"https:\/\/nivegy.com\/de\/wp-json\/wp\/v2\/product"}],"about":[{"href":"https:\/\/nivegy.com\/de\/wp-json\/wp\/v2\/types\/product"}],"replies":[{"embeddable":true,"href":"https:\/\/nivegy.com\/de\/wp-json\/wp\/v2\/comments?post=5234"}],"wp:featuredmedia":[{"embeddable":true,"href":"https:\/\/nivegy.com\/de\/wp-json\/wp\/v2\/media\/4261"}],"wp:attachment":[{"href":"https:\/\/nivegy.com\/de\/wp-json\/wp\/v2\/media?parent=5234"}],"wp:term":[{"taxonomy":"product_brand","embeddable":true,"href":"https:\/\/nivegy.com\/de\/wp-json\/wp\/v2\/product_brand?post=5234"},{"taxonomy":"product_cat","embeddable":true,"href":"https:\/\/nivegy.com\/de\/wp-json\/wp\/v2\/product_cat?post=5234"},{"taxonomy":"product_tag","embeddable":true,"href":"https:\/\/nivegy.com\/de\/wp-json\/wp\/v2\/product_tag?post=5234"}],"curies":[{"name":"wp","href":"https:\/\/api.w.org\/{rel}","templated":true}]}}