{"id":5233,"date":"2023-06-14T12:22:35","date_gmt":"2023-06-14T12:22:35","guid":{"rendered":"https:\/\/nivegy.com\/?post_type=product&#038;p=5233"},"modified":"2024-09-14T11:53:48","modified_gmt":"2024-09-14T11:53:48","slug":"a-la-carte","status":"publish","type":"product","link":"https:\/\/nivegy.com\/de\/termek\/a-la-carte\/","title":{"rendered":"Weinhaus Gergely"},"content":{"rendered":"<p><strong>\u00c0-la-carte-Restaurant auf der Terrasse des Weinhauses Gergely. Da die Nachfrage nach k\u00f6stlichen Speisen zu den <a href=\"http:\/\/gergelyborhaz.hu\/boraszat\/boraink\/\">Weinen<\/a> gro\u00df war, er\u00f6ffnete das Weinhaus im Juni 2022 sein Restaurant.<\/strong><\/p>\n<p>Die G\u00e4ste k\u00f6nnen nun nicht nur den Panoramablick auf den Balaton genie\u00dfen, sondern sich auch mit k\u00f6stlichen Weinen und Speisen verw\u00f6hnen lassen \u2013 sogar auf der Terrasse des Restaurants. Die neu gestaltete K\u00fcche ist mit moderner Technik ausgestattet. Das Restaurant bietet Gerichte nach ungarischer Art in einem modernen Gewand. Die Speisekarte wird st\u00e4ndig aktualisiert, damit auch f\u00fcr wiederkehrende G\u00e4ste immer etwas Neues dabei ist.<\/p>\n<p>Bei der h\u00e4ufig erneuerten Speisekarte wird darauf geachtet, dass stets lokale Zutaten und saisonale Gerichte angeboten werden.<\/p>\n<p>Das Restaurant des Weinhauses Gergely ist ein hervorragender Ort f\u00fcr Weinverkostungen, Hochzeiten, Veranstaltungen und Empf\u00e4nge. Der Veranstaltungsraum bietet Platz f\u00fcr 80 Personen und die Terrasse f\u00fcr 95 Personen.<\/p>\n<p><em>* Das Restaurant ist hundefreundlich, wobei Haustiere nur im Terrassenbereich erlaubt sind!<\/em><\/p>\n","protected":false},"excerpt":{"rendered":"<p>\u00c0-la-carte-Restaurant auf der Terrasse des Weinhauses Gergely. Da die Nachfrage nach k\u00f6stlichen Speisen zu den Weinen gro\u00df war, er\u00f6ffnete das Weinhaus im Juni 2022 sein Restaurant. Die G\u00e4ste k\u00f6nnen nun nicht nur den Panoramablick auf den Balaton genie\u00dfen, sondern sich auch mit k\u00f6stlichen Weinen und Speisen verw\u00f6hnen lassen \u2013 sogar auf der Terrasse des Restaurants. [&hellip;]<\/p>\n","protected":false},"featured_media":4259,"comment_status":"closed","ping_status":"closed","template":"","meta":{"_acf_changed":false},"product_brand":[],"product_cat":[482],"product_tag":[],"class_list":{"0":"post-5233","1":"product","2":"type-product","3":"status-publish","4":"has-post-thumbnail","6":"product_cat-gastronomie","8":"first","9":"instock","10":"shipping-taxable","11":"product-type-simple"},"acf":[],"yoast_head":"<!-- This site is optimized with the Yoast SEO plugin v27.5 - https:\/\/yoast.com\/product\/yoast-seo-wordpress\/ -->\n<title>\u00c0-la-carte-Restaurant - Nivegy.com<\/title>\n<meta name=\"description\" content=\"\u00c0-la-carte-Restaurant auf der Terrasse des Weinhauses Gergely (Balatoncsics\u00f3), er\u00f6ffnete das Weinhaus im Juni 2022 sein Restaurant.\" \/>\n<meta name=\"robots\" content=\"index, follow, max-snippet:-1, max-image-preview:large, max-video-preview:-1\" \/>\n<link rel=\"canonical\" href=\"https:\/\/nivegy.com\/de\/termek\/a-la-carte\/\" \/>\n<meta property=\"og:locale\" content=\"de_DE\" \/>\n<meta property=\"og:type\" content=\"article\" \/>\n<meta property=\"og:title\" content=\"\u00c0-la-carte-Restaurant - Nivegy.com\" \/>\n<meta property=\"og:description\" content=\"\u00c0-la-carte-Restaurant auf der Terrasse des Weinhauses Gergely (Balatoncsics\u00f3), er\u00f6ffnete das Weinhaus im Juni 2022 sein Restaurant.\" \/>\n<meta property=\"og:url\" content=\"https:\/\/nivegy.com\/de\/termek\/a-la-carte\/\" \/>\n<meta property=\"og:site_name\" content=\"Nivegy.com\" \/>\n<meta property=\"article:publisher\" content=\"https:\/\/www.facebook.com\/nivegy\" \/>\n<meta property=\"article:modified_time\" content=\"2024-09-14T11:53:48+00:00\" \/>\n<meta property=\"og:image\" content=\"https:\/\/nivegy.com\/wp-content\/uploads\/2023\/06\/G-Gergely-1.1.webp\" \/>\n\t<meta property=\"og:image:width\" content=\"1000\" \/>\n\t<meta property=\"og:image:height\" content=\"1000\" \/>\n\t<meta property=\"og:image:type\" content=\"image\/webp\" \/>\n<meta name=\"twitter:card\" content=\"summary_large_image\" \/>\n<meta name=\"twitter:label1\" content=\"Gesch\u00e4tzte Lesezeit\" \/>\n\t<meta name=\"twitter:data1\" content=\"1\u00a0Minute\" \/>\n<script type=\"application\/ld+json\" class=\"yoast-schema-graph\">{\"@context\":\"https:\\\/\\\/schema.org\",\"@graph\":[{\"@type\":\"WebPage\",\"@id\":\"https:\\\/\\\/nivegy.com\\\/de\\\/termek\\\/a-la-carte\\\/\",\"url\":\"https:\\\/\\\/nivegy.com\\\/de\\\/termek\\\/a-la-carte\\\/\",\"name\":\"\u00c0-la-carte-Restaurant - Nivegy.com\",\"isPartOf\":{\"@id\":\"https:\\\/\\\/nivegy.com\\\/#website\"},\"primaryImageOfPage\":{\"@id\":\"https:\\\/\\\/nivegy.com\\\/de\\\/termek\\\/a-la-carte\\\/#primaryimage\"},\"image\":{\"@id\":\"https:\\\/\\\/nivegy.com\\\/de\\\/termek\\\/a-la-carte\\\/#primaryimage\"},\"thumbnailUrl\":\"https:\\\/\\\/nivegy.com\\\/wp-content\\\/uploads\\\/2023\\\/06\\\/G-Gergely-1.1.webp\",\"datePublished\":\"2023-06-14T12:22:35+00:00\",\"dateModified\":\"2024-09-14T11:53:48+00:00\",\"description\":\"\u00c0-la-carte-Restaurant auf der Terrasse des Weinhauses Gergely (Balatoncsics\u00f3), er\u00f6ffnete das Weinhaus im Juni 2022 sein Restaurant.\",\"breadcrumb\":{\"@id\":\"https:\\\/\\\/nivegy.com\\\/de\\\/termek\\\/a-la-carte\\\/#breadcrumb\"},\"inLanguage\":\"de\",\"potentialAction\":[{\"@type\":\"ReadAction\",\"target\":[\"https:\\\/\\\/nivegy.com\\\/de\\\/termek\\\/a-la-carte\\\/\"]}]},{\"@type\":\"ImageObject\",\"inLanguage\":\"de\",\"@id\":\"https:\\\/\\\/nivegy.com\\\/de\\\/termek\\\/a-la-carte\\\/#primaryimage\",\"url\":\"https:\\\/\\\/nivegy.com\\\/wp-content\\\/uploads\\\/2023\\\/06\\\/G-Gergely-1.1.webp\",\"contentUrl\":\"https:\\\/\\\/nivegy.com\\\/wp-content\\\/uploads\\\/2023\\\/06\\\/G-Gergely-1.1.webp\",\"width\":1000,\"height\":1000},{\"@type\":\"BreadcrumbList\",\"@id\":\"https:\\\/\\\/nivegy.com\\\/de\\\/termek\\\/a-la-carte\\\/#breadcrumb\",\"itemListElement\":[{\"@type\":\"ListItem\",\"position\":1,\"name\":\"Kezd\u0151lap\",\"item\":\"https:\\\/\\\/nivegy.com\\\/de\\\/\"},{\"@type\":\"ListItem\",\"position\":2,\"name\":\"Weinhaus Gergely\"}]},{\"@type\":\"WebSite\",\"@id\":\"https:\\\/\\\/nivegy.com\\\/#website\",\"url\":\"https:\\\/\\\/nivegy.com\\\/\",\"name\":\"Nivegy.com\",\"description\":\"Egy v\u00f6lgy, \u00f6t falu, v\u00e9gtelen csoda\",\"potentialAction\":[{\"@type\":\"SearchAction\",\"target\":{\"@type\":\"EntryPoint\",\"urlTemplate\":\"https:\\\/\\\/nivegy.com\\\/?s={search_term_string}\"},\"query-input\":{\"@type\":\"PropertyValueSpecification\",\"valueRequired\":true,\"valueName\":\"search_term_string\"}}],\"inLanguage\":\"de\"}]}<\/script>\n<!-- \/ Yoast SEO plugin. -->","yoast_head_json":{"title":"\u00c0-la-carte-Restaurant - Nivegy.com","description":"\u00c0-la-carte-Restaurant auf der Terrasse des Weinhauses Gergely (Balatoncsics\u00f3), er\u00f6ffnete das Weinhaus im Juni 2022 sein Restaurant.","robots":{"index":"index","follow":"follow","max-snippet":"max-snippet:-1","max-image-preview":"max-image-preview:large","max-video-preview":"max-video-preview:-1"},"canonical":"https:\/\/nivegy.com\/de\/termek\/a-la-carte\/","og_locale":"de_DE","og_type":"article","og_title":"\u00c0-la-carte-Restaurant - Nivegy.com","og_description":"\u00c0-la-carte-Restaurant auf der Terrasse des Weinhauses Gergely (Balatoncsics\u00f3), er\u00f6ffnete das Weinhaus im Juni 2022 sein Restaurant.","og_url":"https:\/\/nivegy.com\/de\/termek\/a-la-carte\/","og_site_name":"Nivegy.com","article_publisher":"https:\/\/www.facebook.com\/nivegy","article_modified_time":"2024-09-14T11:53:48+00:00","og_image":[{"width":1000,"height":1000,"url":"https:\/\/nivegy.com\/wp-content\/uploads\/2023\/06\/G-Gergely-1.1.webp","type":"image\/webp"}],"twitter_card":"summary_large_image","twitter_misc":{"Gesch\u00e4tzte Lesezeit":"1\u00a0Minute"},"schema":{"@context":"https:\/\/schema.org","@graph":[{"@type":"WebPage","@id":"https:\/\/nivegy.com\/de\/termek\/a-la-carte\/","url":"https:\/\/nivegy.com\/de\/termek\/a-la-carte\/","name":"\u00c0-la-carte-Restaurant - Nivegy.com","isPartOf":{"@id":"https:\/\/nivegy.com\/#website"},"primaryImageOfPage":{"@id":"https:\/\/nivegy.com\/de\/termek\/a-la-carte\/#primaryimage"},"image":{"@id":"https:\/\/nivegy.com\/de\/termek\/a-la-carte\/#primaryimage"},"thumbnailUrl":"https:\/\/nivegy.com\/wp-content\/uploads\/2023\/06\/G-Gergely-1.1.webp","datePublished":"2023-06-14T12:22:35+00:00","dateModified":"2024-09-14T11:53:48+00:00","description":"\u00c0-la-carte-Restaurant auf der Terrasse des Weinhauses Gergely (Balatoncsics\u00f3), er\u00f6ffnete das Weinhaus im Juni 2022 sein Restaurant.","breadcrumb":{"@id":"https:\/\/nivegy.com\/de\/termek\/a-la-carte\/#breadcrumb"},"inLanguage":"de","potentialAction":[{"@type":"ReadAction","target":["https:\/\/nivegy.com\/de\/termek\/a-la-carte\/"]}]},{"@type":"ImageObject","inLanguage":"de","@id":"https:\/\/nivegy.com\/de\/termek\/a-la-carte\/#primaryimage","url":"https:\/\/nivegy.com\/wp-content\/uploads\/2023\/06\/G-Gergely-1.1.webp","contentUrl":"https:\/\/nivegy.com\/wp-content\/uploads\/2023\/06\/G-Gergely-1.1.webp","width":1000,"height":1000},{"@type":"BreadcrumbList","@id":"https:\/\/nivegy.com\/de\/termek\/a-la-carte\/#breadcrumb","itemListElement":[{"@type":"ListItem","position":1,"name":"Kezd\u0151lap","item":"https:\/\/nivegy.com\/de\/"},{"@type":"ListItem","position":2,"name":"Weinhaus Gergely"}]},{"@type":"WebSite","@id":"https:\/\/nivegy.com\/#website","url":"https:\/\/nivegy.com\/","name":"Nivegy.com","description":"Egy v\u00f6lgy, \u00f6t falu, v\u00e9gtelen csoda","potentialAction":[{"@type":"SearchAction","target":{"@type":"EntryPoint","urlTemplate":"https:\/\/nivegy.com\/?s={search_term_string}"},"query-input":{"@type":"PropertyValueSpecification","valueRequired":true,"valueName":"search_term_string"}}],"inLanguage":"de"}]}},"_links":{"self":[{"href":"https:\/\/nivegy.com\/de\/wp-json\/wp\/v2\/product\/5233","targetHints":{"allow":["GET"]}}],"collection":[{"href":"https:\/\/nivegy.com\/de\/wp-json\/wp\/v2\/product"}],"about":[{"href":"https:\/\/nivegy.com\/de\/wp-json\/wp\/v2\/types\/product"}],"replies":[{"embeddable":true,"href":"https:\/\/nivegy.com\/de\/wp-json\/wp\/v2\/comments?post=5233"}],"wp:featuredmedia":[{"embeddable":true,"href":"https:\/\/nivegy.com\/de\/wp-json\/wp\/v2\/media\/4259"}],"wp:attachment":[{"href":"https:\/\/nivegy.com\/de\/wp-json\/wp\/v2\/media?parent=5233"}],"wp:term":[{"taxonomy":"product_brand","embeddable":true,"href":"https:\/\/nivegy.com\/de\/wp-json\/wp\/v2\/product_brand?post=5233"},{"taxonomy":"product_cat","embeddable":true,"href":"https:\/\/nivegy.com\/de\/wp-json\/wp\/v2\/product_cat?post=5233"},{"taxonomy":"product_tag","embeddable":true,"href":"https:\/\/nivegy.com\/de\/wp-json\/wp\/v2\/product_tag?post=5233"}],"curies":[{"name":"wp","href":"https:\/\/api.w.org\/{rel}","templated":true}]}}