{"id":5232,"date":"2024-03-07T08:40:51","date_gmt":"2024-03-07T08:40:51","guid":{"rendered":"https:\/\/nivegy.com\/?post_type=product&#038;p=5232"},"modified":"2024-03-07T13:44:13","modified_gmt":"2024-03-07T13:44:13","slug":"pizza","status":"publish","type":"product","link":"https:\/\/nivegy.com\/de\/termek\/pizza\/","title":{"rendered":"Kegelbahn und Pizzeria"},"content":{"rendered":"<p><strong>Pizza nach neapolitanischer Art in Szentantalfa im Nivegy-Tal, in unmittelbarer N\u00e4he der F\u0151-Stra\u00dfe. Die Kegelbahn und Pizzeria bietet das ganze Jahr \u00fcber eine gem\u00fctliche Umgebung, k\u00f6stliche Speisen und eine Vielzahl von Unterhaltungsangeboten.<\/strong><\/p>\n<p>Die speziellen Pizzen nach neapolitanischer Art werden auf Stein gebacken, was die Eigent\u00fcmerin, Timi, unter anderem direkt vom <a href=\"https:\/\/szabiapek.hu\/\">B\u00e4cker Szabi<\/a> gelernt hat. Neben dem unvergleichlichen italienischen Geschmackserlebnis steht eine Auswahl an k\u00f6stlichen Burgern, Gyros und Fertiggerichten zur Verf\u00fcgung, die alle mit frischen, hochwertigen Zutaten zubereitet werden. Neben den Speisen gibt es auch eine gro\u00dfe Auswahl an Getr\u00e4nken, die auf den hochwertigen Weinen des Nivegy-Tals basieren.<\/p>\n<p>Egal, ob es sich um eine Familien- oder Firmenveranstaltung, eine Geburtstagsfeier oder einen anderen Anlass handelt. Das Restaurant und die Pizzeria k\u00f6nnen Gruppen von bis zu 40-50 Personen empfangen.<\/p>\n<p>F\u00fcr diejenigen, die sich gerne aktiv entspannen, gibt es viele Aktivit\u00e4ten zur Auswahl. Es gibt eine Kegelbahn*, einen Billardtisch und eine Tischtennisplatte, die das ganze Jahr \u00fcber zur Verf\u00fcgung stehen.<\/p>\n<p>F\u00fcr diejenigen, die eine geistige Herausforderung suchen, gibt es eine Reihe von Brettspielen, bei denen es um strategisches Denken, lustige Momente oder Teamwork geht.<\/p>\n<p><em>* F\u00fcr die Benutzung der Kegelbahn sind Leihschuhe erforderlich.<\/em><\/p>\n","protected":false},"excerpt":{"rendered":"<p>Pizza nach neapolitanischer Art in Szentantalfa im Nivegy-Tal, in unmittelbarer N\u00e4he der F\u0151-Stra\u00dfe. Die Kegelbahn und Pizzeria bietet das ganze Jahr \u00fcber eine gem\u00fctliche Umgebung, k\u00f6stliche Speisen und eine Vielzahl von Unterhaltungsangeboten. Die speziellen Pizzen nach neapolitanischer Art werden auf Stein gebacken, was die Eigent\u00fcmerin, Timi, unter anderem direkt vom B\u00e4cker Szabi gelernt hat. Neben [&hellip;]<\/p>\n","protected":false},"featured_media":5185,"comment_status":"open","ping_status":"closed","template":"","meta":{"_acf_changed":false},"product_brand":[],"product_cat":[482],"product_tag":[],"class_list":{"0":"post-5232","1":"product","2":"type-product","3":"status-publish","4":"has-post-thumbnail","6":"product_cat-gastronomie","8":"first","9":"instock","10":"shipping-taxable","11":"product-type-simple"},"acf":[],"yoast_head":"<!-- This site is optimized with the Yoast SEO plugin v27.5 - https:\/\/yoast.com\/product\/yoast-seo-wordpress\/ -->\n<title>Pizza - Nivegy.com<\/title>\n<meta name=\"description\" content=\"Pizza nach neapolitanischer Art in Szentantalfa im Nivegy-Tal, in unmittelbarer N\u00e4he der F\u0151-Stra\u00dfe. Die Kegelbahn und Pizzeria bietet das ganze Jahr.\" \/>\n<meta name=\"robots\" content=\"index, follow, max-snippet:-1, max-image-preview:large, max-video-preview:-1\" \/>\n<link rel=\"canonical\" href=\"https:\/\/nivegy.com\/de\/termek\/pizza\/\" \/>\n<meta property=\"og:locale\" content=\"de_DE\" \/>\n<meta property=\"og:type\" content=\"article\" \/>\n<meta property=\"og:title\" content=\"Pizza - Nivegy.com\" \/>\n<meta property=\"og:description\" content=\"Pizza nach neapolitanischer Art in Szentantalfa im Nivegy-Tal, in unmittelbarer N\u00e4he der F\u0151-Stra\u00dfe. Die Kegelbahn und Pizzeria bietet das ganze Jahr.\" \/>\n<meta property=\"og:url\" content=\"https:\/\/nivegy.com\/de\/termek\/pizza\/\" \/>\n<meta property=\"og:site_name\" content=\"Nivegy.com\" \/>\n<meta property=\"article:publisher\" content=\"https:\/\/www.facebook.com\/nivegy\" \/>\n<meta property=\"article:modified_time\" content=\"2024-03-07T13:44:13+00:00\" \/>\n<meta property=\"og:image\" content=\"https:\/\/nivegy.com\/wp-content\/uploads\/2024\/02\/Pizzeria.webp\" \/>\n\t<meta property=\"og:image:width\" content=\"749\" \/>\n\t<meta property=\"og:image:height\" content=\"749\" \/>\n\t<meta property=\"og:image:type\" content=\"image\/webp\" \/>\n<meta name=\"twitter:card\" content=\"summary_large_image\" \/>\n<meta name=\"twitter:label1\" content=\"Gesch\u00e4tzte Lesezeit\" \/>\n\t<meta name=\"twitter:data1\" content=\"2\u00a0Minuten\" \/>\n<script type=\"application\/ld+json\" class=\"yoast-schema-graph\">{\"@context\":\"https:\\\/\\\/schema.org\",\"@graph\":[{\"@type\":\"WebPage\",\"@id\":\"https:\\\/\\\/nivegy.com\\\/de\\\/termek\\\/pizza\\\/\",\"url\":\"https:\\\/\\\/nivegy.com\\\/de\\\/termek\\\/pizza\\\/\",\"name\":\"Pizza - Nivegy.com\",\"isPartOf\":{\"@id\":\"https:\\\/\\\/nivegy.com\\\/#website\"},\"primaryImageOfPage\":{\"@id\":\"https:\\\/\\\/nivegy.com\\\/de\\\/termek\\\/pizza\\\/#primaryimage\"},\"image\":{\"@id\":\"https:\\\/\\\/nivegy.com\\\/de\\\/termek\\\/pizza\\\/#primaryimage\"},\"thumbnailUrl\":\"https:\\\/\\\/nivegy.com\\\/wp-content\\\/uploads\\\/2024\\\/02\\\/Pizzeria.webp\",\"datePublished\":\"2024-03-07T08:40:51+00:00\",\"dateModified\":\"2024-03-07T13:44:13+00:00\",\"description\":\"Pizza nach neapolitanischer Art in Szentantalfa im Nivegy-Tal, in unmittelbarer N\u00e4he der F\u0151-Stra\u00dfe. Die Kegelbahn und Pizzeria bietet das ganze Jahr.\",\"breadcrumb\":{\"@id\":\"https:\\\/\\\/nivegy.com\\\/de\\\/termek\\\/pizza\\\/#breadcrumb\"},\"inLanguage\":\"de\",\"potentialAction\":[{\"@type\":\"ReadAction\",\"target\":[\"https:\\\/\\\/nivegy.com\\\/de\\\/termek\\\/pizza\\\/\"]}]},{\"@type\":\"ImageObject\",\"inLanguage\":\"de\",\"@id\":\"https:\\\/\\\/nivegy.com\\\/de\\\/termek\\\/pizza\\\/#primaryimage\",\"url\":\"https:\\\/\\\/nivegy.com\\\/wp-content\\\/uploads\\\/2024\\\/02\\\/Pizzeria.webp\",\"contentUrl\":\"https:\\\/\\\/nivegy.com\\\/wp-content\\\/uploads\\\/2024\\\/02\\\/Pizzeria.webp\",\"width\":749,\"height\":749,\"caption\":\"Tek\u00e9z\u0151 \u00e9s Pizz\u00e9ria Pizza\"},{\"@type\":\"BreadcrumbList\",\"@id\":\"https:\\\/\\\/nivegy.com\\\/de\\\/termek\\\/pizza\\\/#breadcrumb\",\"itemListElement\":[{\"@type\":\"ListItem\",\"position\":1,\"name\":\"Kezd\u0151lap\",\"item\":\"https:\\\/\\\/nivegy.com\\\/de\\\/\"},{\"@type\":\"ListItem\",\"position\":2,\"name\":\"Kegelbahn und Pizzeria\"}]},{\"@type\":\"WebSite\",\"@id\":\"https:\\\/\\\/nivegy.com\\\/#website\",\"url\":\"https:\\\/\\\/nivegy.com\\\/\",\"name\":\"Nivegy.com\",\"description\":\"Egy v\u00f6lgy, \u00f6t falu, v\u00e9gtelen csoda\",\"potentialAction\":[{\"@type\":\"SearchAction\",\"target\":{\"@type\":\"EntryPoint\",\"urlTemplate\":\"https:\\\/\\\/nivegy.com\\\/?s={search_term_string}\"},\"query-input\":{\"@type\":\"PropertyValueSpecification\",\"valueRequired\":true,\"valueName\":\"search_term_string\"}}],\"inLanguage\":\"de\"}]}<\/script>\n<!-- \/ Yoast SEO plugin. -->","yoast_head_json":{"title":"Pizza - Nivegy.com","description":"Pizza nach neapolitanischer Art in Szentantalfa im Nivegy-Tal, in unmittelbarer N\u00e4he der F\u0151-Stra\u00dfe. Die Kegelbahn und Pizzeria bietet das ganze Jahr.","robots":{"index":"index","follow":"follow","max-snippet":"max-snippet:-1","max-image-preview":"max-image-preview:large","max-video-preview":"max-video-preview:-1"},"canonical":"https:\/\/nivegy.com\/de\/termek\/pizza\/","og_locale":"de_DE","og_type":"article","og_title":"Pizza - Nivegy.com","og_description":"Pizza nach neapolitanischer Art in Szentantalfa im Nivegy-Tal, in unmittelbarer N\u00e4he der F\u0151-Stra\u00dfe. Die Kegelbahn und Pizzeria bietet das ganze Jahr.","og_url":"https:\/\/nivegy.com\/de\/termek\/pizza\/","og_site_name":"Nivegy.com","article_publisher":"https:\/\/www.facebook.com\/nivegy","article_modified_time":"2024-03-07T13:44:13+00:00","og_image":[{"width":749,"height":749,"url":"https:\/\/nivegy.com\/wp-content\/uploads\/2024\/02\/Pizzeria.webp","type":"image\/webp"}],"twitter_card":"summary_large_image","twitter_misc":{"Gesch\u00e4tzte Lesezeit":"2\u00a0Minuten"},"schema":{"@context":"https:\/\/schema.org","@graph":[{"@type":"WebPage","@id":"https:\/\/nivegy.com\/de\/termek\/pizza\/","url":"https:\/\/nivegy.com\/de\/termek\/pizza\/","name":"Pizza - Nivegy.com","isPartOf":{"@id":"https:\/\/nivegy.com\/#website"},"primaryImageOfPage":{"@id":"https:\/\/nivegy.com\/de\/termek\/pizza\/#primaryimage"},"image":{"@id":"https:\/\/nivegy.com\/de\/termek\/pizza\/#primaryimage"},"thumbnailUrl":"https:\/\/nivegy.com\/wp-content\/uploads\/2024\/02\/Pizzeria.webp","datePublished":"2024-03-07T08:40:51+00:00","dateModified":"2024-03-07T13:44:13+00:00","description":"Pizza nach neapolitanischer Art in Szentantalfa im Nivegy-Tal, in unmittelbarer N\u00e4he der F\u0151-Stra\u00dfe. Die Kegelbahn und Pizzeria bietet das ganze Jahr.","breadcrumb":{"@id":"https:\/\/nivegy.com\/de\/termek\/pizza\/#breadcrumb"},"inLanguage":"de","potentialAction":[{"@type":"ReadAction","target":["https:\/\/nivegy.com\/de\/termek\/pizza\/"]}]},{"@type":"ImageObject","inLanguage":"de","@id":"https:\/\/nivegy.com\/de\/termek\/pizza\/#primaryimage","url":"https:\/\/nivegy.com\/wp-content\/uploads\/2024\/02\/Pizzeria.webp","contentUrl":"https:\/\/nivegy.com\/wp-content\/uploads\/2024\/02\/Pizzeria.webp","width":749,"height":749,"caption":"Tek\u00e9z\u0151 \u00e9s Pizz\u00e9ria Pizza"},{"@type":"BreadcrumbList","@id":"https:\/\/nivegy.com\/de\/termek\/pizza\/#breadcrumb","itemListElement":[{"@type":"ListItem","position":1,"name":"Kezd\u0151lap","item":"https:\/\/nivegy.com\/de\/"},{"@type":"ListItem","position":2,"name":"Kegelbahn und Pizzeria"}]},{"@type":"WebSite","@id":"https:\/\/nivegy.com\/#website","url":"https:\/\/nivegy.com\/","name":"Nivegy.com","description":"Egy v\u00f6lgy, \u00f6t falu, v\u00e9gtelen csoda","potentialAction":[{"@type":"SearchAction","target":{"@type":"EntryPoint","urlTemplate":"https:\/\/nivegy.com\/?s={search_term_string}"},"query-input":{"@type":"PropertyValueSpecification","valueRequired":true,"valueName":"search_term_string"}}],"inLanguage":"de"}]}},"_links":{"self":[{"href":"https:\/\/nivegy.com\/de\/wp-json\/wp\/v2\/product\/5232","targetHints":{"allow":["GET"]}}],"collection":[{"href":"https:\/\/nivegy.com\/de\/wp-json\/wp\/v2\/product"}],"about":[{"href":"https:\/\/nivegy.com\/de\/wp-json\/wp\/v2\/types\/product"}],"replies":[{"embeddable":true,"href":"https:\/\/nivegy.com\/de\/wp-json\/wp\/v2\/comments?post=5232"}],"wp:featuredmedia":[{"embeddable":true,"href":"https:\/\/nivegy.com\/de\/wp-json\/wp\/v2\/media\/5185"}],"wp:attachment":[{"href":"https:\/\/nivegy.com\/de\/wp-json\/wp\/v2\/media?parent=5232"}],"wp:term":[{"taxonomy":"product_brand","embeddable":true,"href":"https:\/\/nivegy.com\/de\/wp-json\/wp\/v2\/product_brand?post=5232"},{"taxonomy":"product_cat","embeddable":true,"href":"https:\/\/nivegy.com\/de\/wp-json\/wp\/v2\/product_cat?post=5232"},{"taxonomy":"product_tag","embeddable":true,"href":"https:\/\/nivegy.com\/de\/wp-json\/wp\/v2\/product_tag?post=5232"}],"curies":[{"name":"wp","href":"https:\/\/api.w.org\/{rel}","templated":true}]}}