{"id":5230,"date":"2023-06-14T11:14:27","date_gmt":"2023-06-14T11:14:27","guid":{"rendered":"https:\/\/nivegy.com\/?post_type=product&#038;p=5230"},"modified":"2024-03-07T07:43:23","modified_gmt":"2024-03-07T07:43:23","slug":"weingutszentrum-dobosi","status":"publish","type":"product","link":"https:\/\/nivegy.com\/de\/termek\/weingutszentrum-dobosi\/","title":{"rendered":"Weingutszentrum Dobosi"},"content":{"rendered":"<p><strong>Im Restaurant des Weingutszentrums Dobosi treffen Wein und Gastronomie auf faszinierende Weise aufeinander.<\/strong><\/p>\n<p>Gastronomie ist die Kunst des Gleichgewichts. Sie beginnt in den Weinbergen, wo die Erhaltung des nat\u00fcrlichen Gleichgewichts im Vordergrund steht, und setzt sich in der Kreation von harmonischen Geschmacksrichtungen fort. Hervorragende Weine, Gerichte mit Zutaten von lokalen Erzeugern, eine ruhige Umgebung, gute Gesellschaft, sanfte Musik \u2013 all das verst\u00e4rkt sich gegenseitig und kann dennoch harmonisch wirken. F\u00fcr das Weingutszentrum Dobosi besteht dieses Gleichgewicht in der Kunst der Gastronomie. Dieses Erlebnis bieten sie ihren G\u00e4sten auf ihrer Speisekarte an.<\/p>\n<p>Ihr Restaurant bietet bequem Platz f\u00fcr bis zu 50 Personen. Die Speisekarte wird mit Zutaten aus lokalen Familienbetrieben angereichert, sodass alle Kostbarkeiten des Balaton-Oberlandes auf der Speisekarte zu finden sind. Die Geschmacksrichtungen sind vielf\u00e4ltig und harmonisch und werden durch die hochwertigen <a href=\"https:\/\/dobosi.com\/collections\/termekeink\">Weine<\/a> perfekt erg\u00e4nzt.<\/p>\n<p>Das Restaurant mit Panoramablick auf den Balaton ist ein hervorragender Ort f\u00fcr Weinverkostungen, Hochzeiten und andere Veranstaltungen.<\/p>\n","protected":false},"excerpt":{"rendered":"<p>Im Restaurant des Weingutszentrums Dobosi treffen Wein und Gastronomie auf faszinierende Weise aufeinander. Gastronomie ist die Kunst des Gleichgewichts. Sie beginnt in den Weinbergen, wo die Erhaltung des nat\u00fcrlichen Gleichgewichts im Vordergrund steht, und setzt sich in der Kreation von harmonischen Geschmacksrichtungen fort. Hervorragende Weine, Gerichte mit Zutaten von lokalen Erzeugern, eine ruhige Umgebung, gute [&hellip;]<\/p>\n","protected":false},"featured_media":3310,"comment_status":"closed","ping_status":"closed","template":"","meta":{"_acf_changed":false},"product_brand":[],"product_cat":[482],"product_tag":[],"class_list":{"0":"post-5230","1":"product","2":"type-product","3":"status-publish","4":"has-post-thumbnail","6":"product_cat-gastronomie","8":"first","9":"instock","10":"shipping-taxable","11":"product-type-simple"},"acf":[],"yoast_head":"<!-- This site is optimized with the Yoast SEO plugin v27.4 - https:\/\/yoast.com\/product\/yoast-seo-wordpress\/ -->\n<title>Dobosi Weingutszentrum - Nivegy.com<\/title>\n<meta name=\"description\" content=\"Im Restaurant des Weingutszentrums Dobosi treffen Wein und Gastronomie auf faszinierende Weise aufeinander. Ganzj\u00e4hrig ge\u00f6ffnet, in Szentantalfa.\" \/>\n<meta name=\"robots\" content=\"index, follow, max-snippet:-1, max-image-preview:large, max-video-preview:-1\" \/>\n<link rel=\"canonical\" href=\"https:\/\/nivegy.com\/de\/termek\/weingutszentrum-dobosi\/\" \/>\n<meta property=\"og:locale\" content=\"de_DE\" \/>\n<meta property=\"og:type\" content=\"article\" \/>\n<meta property=\"og:title\" content=\"Dobosi Weingutszentrum - Nivegy.com\" \/>\n<meta property=\"og:description\" content=\"Im Restaurant des Weingutszentrums Dobosi treffen Wein und Gastronomie auf faszinierende Weise aufeinander. Ganzj\u00e4hrig ge\u00f6ffnet, in Szentantalfa.\" \/>\n<meta property=\"og:url\" content=\"https:\/\/nivegy.com\/de\/termek\/weingutszentrum-dobosi\/\" \/>\n<meta property=\"og:site_name\" content=\"Nivegy.com\" \/>\n<meta property=\"article:publisher\" content=\"https:\/\/www.facebook.com\/nivegy\" \/>\n<meta property=\"article:modified_time\" content=\"2024-03-07T07:43:23+00:00\" \/>\n<meta property=\"og:image\" content=\"https:\/\/nivegy.com\/wp-content\/uploads\/2023\/06\/G-Dobosi-1.1.webp\" \/>\n\t<meta property=\"og:image:width\" content=\"1000\" \/>\n\t<meta property=\"og:image:height\" content=\"1000\" \/>\n\t<meta property=\"og:image:type\" content=\"image\/webp\" \/>\n<meta name=\"twitter:card\" content=\"summary_large_image\" \/>\n<meta name=\"twitter:label1\" content=\"Gesch\u00e4tzte Lesezeit\" \/>\n\t<meta name=\"twitter:data1\" content=\"2\u00a0Minuten\" \/>\n<script type=\"application\/ld+json\" class=\"yoast-schema-graph\">{\"@context\":\"https:\\\/\\\/schema.org\",\"@graph\":[{\"@type\":\"WebPage\",\"@id\":\"https:\\\/\\\/nivegy.com\\\/de\\\/termek\\\/weingutszentrum-dobosi\\\/\",\"url\":\"https:\\\/\\\/nivegy.com\\\/de\\\/termek\\\/weingutszentrum-dobosi\\\/\",\"name\":\"Dobosi Weingutszentrum - Nivegy.com\",\"isPartOf\":{\"@id\":\"https:\\\/\\\/nivegy.com\\\/#website\"},\"primaryImageOfPage\":{\"@id\":\"https:\\\/\\\/nivegy.com\\\/de\\\/termek\\\/weingutszentrum-dobosi\\\/#primaryimage\"},\"image\":{\"@id\":\"https:\\\/\\\/nivegy.com\\\/de\\\/termek\\\/weingutszentrum-dobosi\\\/#primaryimage\"},\"thumbnailUrl\":\"https:\\\/\\\/nivegy.com\\\/wp-content\\\/uploads\\\/2023\\\/06\\\/G-Dobosi-1.1.webp\",\"datePublished\":\"2023-06-14T11:14:27+00:00\",\"dateModified\":\"2024-03-07T07:43:23+00:00\",\"description\":\"Im Restaurant des Weingutszentrums Dobosi treffen Wein und Gastronomie auf faszinierende Weise aufeinander. Ganzj\u00e4hrig ge\u00f6ffnet, in Szentantalfa.\",\"breadcrumb\":{\"@id\":\"https:\\\/\\\/nivegy.com\\\/de\\\/termek\\\/weingutszentrum-dobosi\\\/#breadcrumb\"},\"inLanguage\":\"de\",\"potentialAction\":[{\"@type\":\"ReadAction\",\"target\":[\"https:\\\/\\\/nivegy.com\\\/de\\\/termek\\\/weingutszentrum-dobosi\\\/\"]}]},{\"@type\":\"ImageObject\",\"inLanguage\":\"de\",\"@id\":\"https:\\\/\\\/nivegy.com\\\/de\\\/termek\\\/weingutszentrum-dobosi\\\/#primaryimage\",\"url\":\"https:\\\/\\\/nivegy.com\\\/wp-content\\\/uploads\\\/2023\\\/06\\\/G-Dobosi-1.1.webp\",\"contentUrl\":\"https:\\\/\\\/nivegy.com\\\/wp-content\\\/uploads\\\/2023\\\/06\\\/G-Dobosi-1.1.webp\",\"width\":1000,\"height\":1000,\"caption\":\"Dobosi Birtokk\u00f6zpont Property Centre\"},{\"@type\":\"BreadcrumbList\",\"@id\":\"https:\\\/\\\/nivegy.com\\\/de\\\/termek\\\/weingutszentrum-dobosi\\\/#breadcrumb\",\"itemListElement\":[{\"@type\":\"ListItem\",\"position\":1,\"name\":\"Kezd\u0151lap\",\"item\":\"https:\\\/\\\/nivegy.com\\\/de\\\/\"},{\"@type\":\"ListItem\",\"position\":2,\"name\":\"Weingutszentrum Dobosi\"}]},{\"@type\":\"WebSite\",\"@id\":\"https:\\\/\\\/nivegy.com\\\/#website\",\"url\":\"https:\\\/\\\/nivegy.com\\\/\",\"name\":\"Nivegy.com\",\"description\":\"Egy v\u00f6lgy, \u00f6t falu, v\u00e9gtelen csoda\",\"potentialAction\":[{\"@type\":\"SearchAction\",\"target\":{\"@type\":\"EntryPoint\",\"urlTemplate\":\"https:\\\/\\\/nivegy.com\\\/?s={search_term_string}\"},\"query-input\":{\"@type\":\"PropertyValueSpecification\",\"valueRequired\":true,\"valueName\":\"search_term_string\"}}],\"inLanguage\":\"de\"}]}<\/script>\n<!-- \/ Yoast SEO plugin. -->","yoast_head_json":{"title":"Dobosi Weingutszentrum - Nivegy.com","description":"Im Restaurant des Weingutszentrums Dobosi treffen Wein und Gastronomie auf faszinierende Weise aufeinander. Ganzj\u00e4hrig ge\u00f6ffnet, in Szentantalfa.","robots":{"index":"index","follow":"follow","max-snippet":"max-snippet:-1","max-image-preview":"max-image-preview:large","max-video-preview":"max-video-preview:-1"},"canonical":"https:\/\/nivegy.com\/de\/termek\/weingutszentrum-dobosi\/","og_locale":"de_DE","og_type":"article","og_title":"Dobosi Weingutszentrum - Nivegy.com","og_description":"Im Restaurant des Weingutszentrums Dobosi treffen Wein und Gastronomie auf faszinierende Weise aufeinander. Ganzj\u00e4hrig ge\u00f6ffnet, in Szentantalfa.","og_url":"https:\/\/nivegy.com\/de\/termek\/weingutszentrum-dobosi\/","og_site_name":"Nivegy.com","article_publisher":"https:\/\/www.facebook.com\/nivegy","article_modified_time":"2024-03-07T07:43:23+00:00","og_image":[{"width":1000,"height":1000,"url":"https:\/\/nivegy.com\/wp-content\/uploads\/2023\/06\/G-Dobosi-1.1.webp","type":"image\/webp"}],"twitter_card":"summary_large_image","twitter_misc":{"Gesch\u00e4tzte Lesezeit":"2\u00a0Minuten"},"schema":{"@context":"https:\/\/schema.org","@graph":[{"@type":"WebPage","@id":"https:\/\/nivegy.com\/de\/termek\/weingutszentrum-dobosi\/","url":"https:\/\/nivegy.com\/de\/termek\/weingutszentrum-dobosi\/","name":"Dobosi Weingutszentrum - Nivegy.com","isPartOf":{"@id":"https:\/\/nivegy.com\/#website"},"primaryImageOfPage":{"@id":"https:\/\/nivegy.com\/de\/termek\/weingutszentrum-dobosi\/#primaryimage"},"image":{"@id":"https:\/\/nivegy.com\/de\/termek\/weingutszentrum-dobosi\/#primaryimage"},"thumbnailUrl":"https:\/\/nivegy.com\/wp-content\/uploads\/2023\/06\/G-Dobosi-1.1.webp","datePublished":"2023-06-14T11:14:27+00:00","dateModified":"2024-03-07T07:43:23+00:00","description":"Im Restaurant des Weingutszentrums Dobosi treffen Wein und Gastronomie auf faszinierende Weise aufeinander. Ganzj\u00e4hrig ge\u00f6ffnet, in Szentantalfa.","breadcrumb":{"@id":"https:\/\/nivegy.com\/de\/termek\/weingutszentrum-dobosi\/#breadcrumb"},"inLanguage":"de","potentialAction":[{"@type":"ReadAction","target":["https:\/\/nivegy.com\/de\/termek\/weingutszentrum-dobosi\/"]}]},{"@type":"ImageObject","inLanguage":"de","@id":"https:\/\/nivegy.com\/de\/termek\/weingutszentrum-dobosi\/#primaryimage","url":"https:\/\/nivegy.com\/wp-content\/uploads\/2023\/06\/G-Dobosi-1.1.webp","contentUrl":"https:\/\/nivegy.com\/wp-content\/uploads\/2023\/06\/G-Dobosi-1.1.webp","width":1000,"height":1000,"caption":"Dobosi Birtokk\u00f6zpont Property Centre"},{"@type":"BreadcrumbList","@id":"https:\/\/nivegy.com\/de\/termek\/weingutszentrum-dobosi\/#breadcrumb","itemListElement":[{"@type":"ListItem","position":1,"name":"Kezd\u0151lap","item":"https:\/\/nivegy.com\/de\/"},{"@type":"ListItem","position":2,"name":"Weingutszentrum Dobosi"}]},{"@type":"WebSite","@id":"https:\/\/nivegy.com\/#website","url":"https:\/\/nivegy.com\/","name":"Nivegy.com","description":"Egy v\u00f6lgy, \u00f6t falu, v\u00e9gtelen csoda","potentialAction":[{"@type":"SearchAction","target":{"@type":"EntryPoint","urlTemplate":"https:\/\/nivegy.com\/?s={search_term_string}"},"query-input":{"@type":"PropertyValueSpecification","valueRequired":true,"valueName":"search_term_string"}}],"inLanguage":"de"}]}},"_links":{"self":[{"href":"https:\/\/nivegy.com\/de\/wp-json\/wp\/v2\/product\/5230","targetHints":{"allow":["GET"]}}],"collection":[{"href":"https:\/\/nivegy.com\/de\/wp-json\/wp\/v2\/product"}],"about":[{"href":"https:\/\/nivegy.com\/de\/wp-json\/wp\/v2\/types\/product"}],"replies":[{"embeddable":true,"href":"https:\/\/nivegy.com\/de\/wp-json\/wp\/v2\/comments?post=5230"}],"wp:featuredmedia":[{"embeddable":true,"href":"https:\/\/nivegy.com\/de\/wp-json\/wp\/v2\/media\/3310"}],"wp:attachment":[{"href":"https:\/\/nivegy.com\/de\/wp-json\/wp\/v2\/media?parent=5230"}],"wp:term":[{"taxonomy":"product_brand","embeddable":true,"href":"https:\/\/nivegy.com\/de\/wp-json\/wp\/v2\/product_brand?post=5230"},{"taxonomy":"product_cat","embeddable":true,"href":"https:\/\/nivegy.com\/de\/wp-json\/wp\/v2\/product_cat?post=5230"},{"taxonomy":"product_tag","embeddable":true,"href":"https:\/\/nivegy.com\/de\/wp-json\/wp\/v2\/product_tag?post=5230"}],"curies":[{"name":"wp","href":"https:\/\/api.w.org\/{rel}","templated":true}]}}