{"id":5109,"date":"2023-06-27T13:09:42","date_gmt":"2023-06-27T13:09:42","guid":{"rendered":"https:\/\/nivegy.com\/?post_type=product&#038;p=5109"},"modified":"2025-07-19T11:18:00","modified_gmt":"2025-07-19T11:18:00","slug":"honigkoenigin","status":"publish","type":"product","link":"https:\/\/nivegy.com\/de\/termek\/honigkoenigin\/","title":{"rendered":"Honigk\u00f6nigin"},"content":{"rendered":"<p><strong>Eliza und Rafael bauen seit \u00fcber 7 Jahren das Imkerimperium M\u00e9zkir\u00e1lyn\u0151 (Honigk\u00f6nigin) auf. <\/strong><strong>Eliza stieg 2017 in das Leben der Familie Dobosi ein. <\/strong><strong>Denn die Familie lebt im <a href=\"https:\/\/nivegy.com\/de\/\">Nivegy-Tal<\/a> und widmet sich seit Jahrzehnten mit Leidenschaft der Imkerei und Honigproduktion.<\/strong><\/p>\n<p>Da sich die Imkerei Dobosi im vergangenen Jahr vollst\u00e4ndig neu ausrichtete, entstand daraus ein neuer Look und ein neuer Name: M\u00e9zkir\u00e1lyn\u0151.<\/p>\n<p>Die Qualit\u00e4t ihres Honigs spiegelt die Erfahrung vieler Jahre wider. Auch heute noch arbeiten Gro\u00dfen und Kleinen der Familie daf\u00fcr, dass alle Honigliebhaber reinen und k\u00f6stlichen Honig genie\u00dfen k\u00f6nnen. Sie sind oft damit konfrontiert, wie wenig die meisten Menschen \u00fcber Bienen wissen. Auch wissen viele nicht, was mit dem Honig passiert, bis er auf den Tisch kommt.\u00a0Aus diesem Grund entstand die Idee, den Menschen die magische Welt der Bienen n\u00e4herzubringen. Sie geben gerne Tipps, wie Honig im Alltag verwendet werden kann. Au\u00dferdem erkl\u00e4ren sie die Eigenschaften jeder Honigsorte.<\/p>\n<p>Der <a href=\"https:\/\/www.mezkiralyno.hu\/\">Webshop<\/a> der Honigk\u00f6nigin bietet eine Vielzahl von verschiedenen Honigsorten und Verpackungen, damit jeder den richtigen Honig f\u00fcr sich finden kann, nach dem Motto \u201emit Honig wird&#8217;s besser\u201c!<\/p>\n<h4>Auswahl an Honigsorten<\/h4>\n<p>Akazienhonig, Phaceliahonig, Lindenhonig, Lavendelhonig, Honigtauhonig, Sonnenblumen-Cremehonig, Raps-Cremehonig, Fr\u00fchlingshonig und Gemischter Bl\u00fctenhonig<\/p>\n","protected":false},"excerpt":{"rendered":"<p>Eliza und Rafael bauen seit \u00fcber 7 Jahren das Imkerimperium M\u00e9zkir\u00e1lyn\u0151 (Honigk\u00f6nigin) auf. Eliza stieg 2017 in das Leben der Familie Dobosi ein. Denn die Familie lebt im Nivegy-Tal und widmet sich seit Jahrzehnten mit Leidenschaft der Imkerei und Honigproduktion. Da sich die Imkerei Dobosi im vergangenen Jahr vollst\u00e4ndig neu ausrichtete, entstand daraus ein neuer [&hellip;]<\/p>\n","protected":false},"featured_media":5607,"comment_status":"closed","ping_status":"closed","template":"","meta":{"_acf_changed":false},"product_brand":[],"product_cat":[487],"product_tag":[],"class_list":{"0":"post-5109","1":"product","2":"type-product","3":"status-publish","4":"has-post-thumbnail","6":"product_cat-erzeuger","8":"first","9":"instock","10":"shipping-taxable","11":"product-type-simple"},"acf":[],"yoast_head":"<!-- This site is optimized with the Yoast SEO plugin v27.4 - https:\/\/yoast.com\/product\/yoast-seo-wordpress\/ -->\n<title>Honig - Honigk\u00f6nigin - Nivegy.com<\/title>\n<meta name=\"description\" content=\"Sie geben gerne Ideen und Tipps zu den vielen M\u00f6glichkeiten, wie Honig im Alltag verwendet werden kann, oder zu den Eigenschaften.\" \/>\n<meta name=\"robots\" content=\"index, follow, max-snippet:-1, max-image-preview:large, max-video-preview:-1\" \/>\n<link rel=\"canonical\" href=\"https:\/\/nivegy.com\/de\/termek\/honigkoenigin\/\" \/>\n<meta property=\"og:locale\" content=\"de_DE\" \/>\n<meta property=\"og:type\" content=\"article\" \/>\n<meta property=\"og:title\" content=\"Honig - Honigk\u00f6nigin - Nivegy.com\" \/>\n<meta property=\"og:description\" content=\"Sie geben gerne Ideen und Tipps zu den vielen M\u00f6glichkeiten, wie Honig im Alltag verwendet werden kann, oder zu den Eigenschaften.\" \/>\n<meta property=\"og:url\" content=\"https:\/\/nivegy.com\/de\/termek\/honigkoenigin\/\" \/>\n<meta property=\"og:site_name\" content=\"Nivegy.com\" \/>\n<meta property=\"article:publisher\" content=\"https:\/\/www.facebook.com\/nivegy\" \/>\n<meta property=\"article:modified_time\" content=\"2025-07-19T11:18:00+00:00\" \/>\n<meta property=\"og:image\" content=\"https:\/\/nivegy.com\/wp-content\/uploads\/2023\/06\/Mezkiralyno-Queen-Bee.webp\" \/>\n\t<meta property=\"og:image:width\" content=\"1000\" \/>\n\t<meta property=\"og:image:height\" content=\"1000\" \/>\n\t<meta property=\"og:image:type\" content=\"image\/webp\" \/>\n<meta name=\"twitter:card\" content=\"summary_large_image\" \/>\n<meta name=\"twitter:label1\" content=\"Gesch\u00e4tzte Lesezeit\" \/>\n\t<meta name=\"twitter:data1\" content=\"2\u00a0Minuten\" \/>\n<script type=\"application\/ld+json\" class=\"yoast-schema-graph\">{\"@context\":\"https:\\\/\\\/schema.org\",\"@graph\":[{\"@type\":\"WebPage\",\"@id\":\"https:\\\/\\\/nivegy.com\\\/de\\\/termek\\\/honigkoenigin\\\/\",\"url\":\"https:\\\/\\\/nivegy.com\\\/de\\\/termek\\\/honigkoenigin\\\/\",\"name\":\"Honig - Honigk\u00f6nigin - Nivegy.com\",\"isPartOf\":{\"@id\":\"https:\\\/\\\/nivegy.com\\\/#website\"},\"primaryImageOfPage\":{\"@id\":\"https:\\\/\\\/nivegy.com\\\/de\\\/termek\\\/honigkoenigin\\\/#primaryimage\"},\"image\":{\"@id\":\"https:\\\/\\\/nivegy.com\\\/de\\\/termek\\\/honigkoenigin\\\/#primaryimage\"},\"thumbnailUrl\":\"https:\\\/\\\/nivegy.com\\\/wp-content\\\/uploads\\\/2023\\\/06\\\/Mezkiralyno-Queen-Bee.webp\",\"datePublished\":\"2023-06-27T13:09:42+00:00\",\"dateModified\":\"2025-07-19T11:18:00+00:00\",\"description\":\"Sie geben gerne Ideen und Tipps zu den vielen M\u00f6glichkeiten, wie Honig im Alltag verwendet werden kann, oder zu den Eigenschaften.\",\"breadcrumb\":{\"@id\":\"https:\\\/\\\/nivegy.com\\\/de\\\/termek\\\/honigkoenigin\\\/#breadcrumb\"},\"inLanguage\":\"de\",\"potentialAction\":[{\"@type\":\"ReadAction\",\"target\":[\"https:\\\/\\\/nivegy.com\\\/de\\\/termek\\\/honigkoenigin\\\/\"]}]},{\"@type\":\"ImageObject\",\"inLanguage\":\"de\",\"@id\":\"https:\\\/\\\/nivegy.com\\\/de\\\/termek\\\/honigkoenigin\\\/#primaryimage\",\"url\":\"https:\\\/\\\/nivegy.com\\\/wp-content\\\/uploads\\\/2023\\\/06\\\/Mezkiralyno-Queen-Bee.webp\",\"contentUrl\":\"https:\\\/\\\/nivegy.com\\\/wp-content\\\/uploads\\\/2023\\\/06\\\/Mezkiralyno-Queen-Bee.webp\",\"width\":1000,\"height\":1000,\"caption\":\"M\u00e9zkir\u00e1lyn\u0151\"},{\"@type\":\"BreadcrumbList\",\"@id\":\"https:\\\/\\\/nivegy.com\\\/de\\\/termek\\\/honigkoenigin\\\/#breadcrumb\",\"itemListElement\":[{\"@type\":\"ListItem\",\"position\":1,\"name\":\"Kezd\u0151lap\",\"item\":\"https:\\\/\\\/nivegy.com\\\/de\\\/\"},{\"@type\":\"ListItem\",\"position\":2,\"name\":\"Honigk\u00f6nigin\"}]},{\"@type\":\"WebSite\",\"@id\":\"https:\\\/\\\/nivegy.com\\\/#website\",\"url\":\"https:\\\/\\\/nivegy.com\\\/\",\"name\":\"Nivegy.com\",\"description\":\"Egy v\u00f6lgy, \u00f6t falu, v\u00e9gtelen csoda\",\"potentialAction\":[{\"@type\":\"SearchAction\",\"target\":{\"@type\":\"EntryPoint\",\"urlTemplate\":\"https:\\\/\\\/nivegy.com\\\/?s={search_term_string}\"},\"query-input\":{\"@type\":\"PropertyValueSpecification\",\"valueRequired\":true,\"valueName\":\"search_term_string\"}}],\"inLanguage\":\"de\"}]}<\/script>\n<!-- \/ Yoast SEO plugin. -->","yoast_head_json":{"title":"Honig - Honigk\u00f6nigin - Nivegy.com","description":"Sie geben gerne Ideen und Tipps zu den vielen M\u00f6glichkeiten, wie Honig im Alltag verwendet werden kann, oder zu den Eigenschaften.","robots":{"index":"index","follow":"follow","max-snippet":"max-snippet:-1","max-image-preview":"max-image-preview:large","max-video-preview":"max-video-preview:-1"},"canonical":"https:\/\/nivegy.com\/de\/termek\/honigkoenigin\/","og_locale":"de_DE","og_type":"article","og_title":"Honig - Honigk\u00f6nigin - Nivegy.com","og_description":"Sie geben gerne Ideen und Tipps zu den vielen M\u00f6glichkeiten, wie Honig im Alltag verwendet werden kann, oder zu den Eigenschaften.","og_url":"https:\/\/nivegy.com\/de\/termek\/honigkoenigin\/","og_site_name":"Nivegy.com","article_publisher":"https:\/\/www.facebook.com\/nivegy","article_modified_time":"2025-07-19T11:18:00+00:00","og_image":[{"width":1000,"height":1000,"url":"https:\/\/nivegy.com\/wp-content\/uploads\/2023\/06\/Mezkiralyno-Queen-Bee.webp","type":"image\/webp"}],"twitter_card":"summary_large_image","twitter_misc":{"Gesch\u00e4tzte Lesezeit":"2\u00a0Minuten"},"schema":{"@context":"https:\/\/schema.org","@graph":[{"@type":"WebPage","@id":"https:\/\/nivegy.com\/de\/termek\/honigkoenigin\/","url":"https:\/\/nivegy.com\/de\/termek\/honigkoenigin\/","name":"Honig - Honigk\u00f6nigin - Nivegy.com","isPartOf":{"@id":"https:\/\/nivegy.com\/#website"},"primaryImageOfPage":{"@id":"https:\/\/nivegy.com\/de\/termek\/honigkoenigin\/#primaryimage"},"image":{"@id":"https:\/\/nivegy.com\/de\/termek\/honigkoenigin\/#primaryimage"},"thumbnailUrl":"https:\/\/nivegy.com\/wp-content\/uploads\/2023\/06\/Mezkiralyno-Queen-Bee.webp","datePublished":"2023-06-27T13:09:42+00:00","dateModified":"2025-07-19T11:18:00+00:00","description":"Sie geben gerne Ideen und Tipps zu den vielen M\u00f6glichkeiten, wie Honig im Alltag verwendet werden kann, oder zu den Eigenschaften.","breadcrumb":{"@id":"https:\/\/nivegy.com\/de\/termek\/honigkoenigin\/#breadcrumb"},"inLanguage":"de","potentialAction":[{"@type":"ReadAction","target":["https:\/\/nivegy.com\/de\/termek\/honigkoenigin\/"]}]},{"@type":"ImageObject","inLanguage":"de","@id":"https:\/\/nivegy.com\/de\/termek\/honigkoenigin\/#primaryimage","url":"https:\/\/nivegy.com\/wp-content\/uploads\/2023\/06\/Mezkiralyno-Queen-Bee.webp","contentUrl":"https:\/\/nivegy.com\/wp-content\/uploads\/2023\/06\/Mezkiralyno-Queen-Bee.webp","width":1000,"height":1000,"caption":"M\u00e9zkir\u00e1lyn\u0151"},{"@type":"BreadcrumbList","@id":"https:\/\/nivegy.com\/de\/termek\/honigkoenigin\/#breadcrumb","itemListElement":[{"@type":"ListItem","position":1,"name":"Kezd\u0151lap","item":"https:\/\/nivegy.com\/de\/"},{"@type":"ListItem","position":2,"name":"Honigk\u00f6nigin"}]},{"@type":"WebSite","@id":"https:\/\/nivegy.com\/#website","url":"https:\/\/nivegy.com\/","name":"Nivegy.com","description":"Egy v\u00f6lgy, \u00f6t falu, v\u00e9gtelen csoda","potentialAction":[{"@type":"SearchAction","target":{"@type":"EntryPoint","urlTemplate":"https:\/\/nivegy.com\/?s={search_term_string}"},"query-input":{"@type":"PropertyValueSpecification","valueRequired":true,"valueName":"search_term_string"}}],"inLanguage":"de"}]}},"_links":{"self":[{"href":"https:\/\/nivegy.com\/de\/wp-json\/wp\/v2\/product\/5109","targetHints":{"allow":["GET"]}}],"collection":[{"href":"https:\/\/nivegy.com\/de\/wp-json\/wp\/v2\/product"}],"about":[{"href":"https:\/\/nivegy.com\/de\/wp-json\/wp\/v2\/types\/product"}],"replies":[{"embeddable":true,"href":"https:\/\/nivegy.com\/de\/wp-json\/wp\/v2\/comments?post=5109"}],"wp:featuredmedia":[{"embeddable":true,"href":"https:\/\/nivegy.com\/de\/wp-json\/wp\/v2\/media\/5607"}],"wp:attachment":[{"href":"https:\/\/nivegy.com\/de\/wp-json\/wp\/v2\/media?parent=5109"}],"wp:term":[{"taxonomy":"product_brand","embeddable":true,"href":"https:\/\/nivegy.com\/de\/wp-json\/wp\/v2\/product_brand?post=5109"},{"taxonomy":"product_cat","embeddable":true,"href":"https:\/\/nivegy.com\/de\/wp-json\/wp\/v2\/product_cat?post=5109"},{"taxonomy":"product_tag","embeddable":true,"href":"https:\/\/nivegy.com\/de\/wp-json\/wp\/v2\/product_tag?post=5109"}],"curies":[{"name":"wp","href":"https:\/\/api.w.org\/{rel}","templated":true}]}}