{"id":5108,"date":"2023-06-27T08:31:15","date_gmt":"2023-06-27T08:31:15","guid":{"rendered":"https:\/\/nivegy.com\/?post_type=product&#038;p=5108"},"modified":"2025-07-20T09:34:32","modified_gmt":"2025-07-20T09:34:32","slug":"sirupen-von-tagyon","status":"publish","type":"product","link":"https:\/\/nivegy.com\/de\/termek\/sirupen-von-tagyon\/","title":{"rendered":"Die Geheime Kammer von Tagyon"},"content":{"rendered":"<p><strong>Die Geheime Kammer von <a href=\"https:\/\/maps.app.goo.gl\/RQnqDPxkbdHiSKx67\">Tagyon<\/a>, ein Familienunternehmen, stellt seit 2014 hausgemachte Sirupen und Konfit\u00fcren her.<\/strong><\/p>\n<p>Ein wirklich guter Sirup oder eine gute Marmelade kann nur aus nat\u00fcrlichen Zutaten hergestellt werden. Das Unternehmen hat es sich zum Ziel gesetzt, qualitativ hochwertige, nachhaltige Produkte zu erschwinglichen Preisen anzubieten.<\/p>\n<p>Neben selbst angebautem Obst und Gem\u00fcse legt das Unternehmen gro\u00dfen Wert auf die Verwendung von Wildkr\u00e4utern aus dem <a href=\"https:\/\/nivegy.com\/de\/\">Nivegy-Tal<\/a>. F\u00fcr die handwerklichen Produkte werden je nach Jahreszeit die besten und sch\u00f6nsten Fr\u00fcchte ausgew\u00e4hlt.<\/p>\n<p>Neben den Konfit\u00fcren und Sirupen ist eines der einzigartigsten Produkte der Geheimen Kammer von Tagyon die Topinambur-Chips, die aus getrockneten Topinambur-Knollen hergestellt werden. Da Topinambur reich an Ballaststoffen, Vitaminen und Mineralien ist, bieten sie eine viel ges\u00fcndere Alternative zu herk\u00f6mmlichen Kartoffelchips<\/p>\n<h4>Auswahl an Sirupen<\/h4>\n<p>Quitte, Holunder, Zitronengras, Hagebutte, Erdbeere, Thymian, Lavendel, Himbeere, Kirsche, Minze, Salbei<\/p>\n<h4>Auswahl an Marmeladen<\/h4>\n<p>Hagebutte, Erdbeere, Himbeere, Kirsche, Aprikose, Pflaume<\/p>\n<p>Die aktuelle Auswahl kann saisonal variieren!<\/p>\n","protected":false},"excerpt":{"rendered":"<p>Die Geheime Kammer von Tagyon, ein Familienunternehmen, stellt seit 2014 hausgemachte Sirupen und Konfit\u00fcren her. Ein wirklich guter Sirup oder eine gute Marmelade kann nur aus nat\u00fcrlichen Zutaten hergestellt werden. Das Unternehmen hat es sich zum Ziel gesetzt, qualitativ hochwertige, nachhaltige Produkte zu erschwinglichen Preisen anzubieten. Neben selbst angebautem Obst und Gem\u00fcse legt das Unternehmen [&hellip;]<\/p>\n","protected":false},"featured_media":4253,"comment_status":"closed","ping_status":"closed","template":"","meta":{"_acf_changed":false},"product_brand":[],"product_cat":[487],"product_tag":[],"class_list":{"0":"post-5108","1":"product","2":"type-product","3":"status-publish","4":"has-post-thumbnail","6":"product_cat-erzeuger","8":"first","9":"instock","10":"shipping-taxable","11":"product-type-simple"},"acf":[],"yoast_head":"<!-- This site is optimized with the Yoast SEO plugin v27.4 - https:\/\/yoast.com\/product\/yoast-seo-wordpress\/ -->\n<title>Sirupen und Konfit\u00fcren - Nivegy.com<\/title>\n<meta name=\"description\" content=\"Die Geheime Kammer von Tagyon, ein Familienunternehmen, stellt seit 2014 hausgemachte Sirupen und Marmeladen, Konfit\u00fcren her.\" \/>\n<meta name=\"robots\" content=\"index, follow, max-snippet:-1, max-image-preview:large, max-video-preview:-1\" \/>\n<link rel=\"canonical\" href=\"https:\/\/nivegy.com\/de\/termek\/sirupen-von-tagyon\/\" \/>\n<meta property=\"og:locale\" content=\"de_DE\" \/>\n<meta property=\"og:type\" content=\"article\" \/>\n<meta property=\"og:title\" content=\"Sirupen und Konfit\u00fcren - Nivegy.com\" \/>\n<meta property=\"og:description\" content=\"Die Geheime Kammer von Tagyon, ein Familienunternehmen, stellt seit 2014 hausgemachte Sirupen und Marmeladen, Konfit\u00fcren her.\" \/>\n<meta property=\"og:url\" content=\"https:\/\/nivegy.com\/de\/termek\/sirupen-von-tagyon\/\" \/>\n<meta property=\"og:site_name\" content=\"Nivegy.com\" \/>\n<meta property=\"article:publisher\" content=\"https:\/\/www.facebook.com\/nivegy\" \/>\n<meta property=\"article:modified_time\" content=\"2025-07-20T09:34:32+00:00\" \/>\n<meta property=\"og:image\" content=\"https:\/\/nivegy.com\/wp-content\/uploads\/2023\/06\/T-Tagyon-titkos-kamraja.webp\" \/>\n\t<meta property=\"og:image:width\" content=\"1000\" \/>\n\t<meta property=\"og:image:height\" content=\"1000\" \/>\n\t<meta property=\"og:image:type\" content=\"image\/webp\" \/>\n<meta name=\"twitter:card\" content=\"summary_large_image\" \/>\n<meta name=\"twitter:label1\" content=\"Gesch\u00e4tzte Lesezeit\" \/>\n\t<meta name=\"twitter:data1\" content=\"2\u00a0Minuten\" \/>\n<script type=\"application\/ld+json\" class=\"yoast-schema-graph\">{\"@context\":\"https:\\\/\\\/schema.org\",\"@graph\":[{\"@type\":\"WebPage\",\"@id\":\"https:\\\/\\\/nivegy.com\\\/de\\\/termek\\\/sirupen-von-tagyon\\\/\",\"url\":\"https:\\\/\\\/nivegy.com\\\/de\\\/termek\\\/sirupen-von-tagyon\\\/\",\"name\":\"Sirupen und Konfit\u00fcren - Nivegy.com\",\"isPartOf\":{\"@id\":\"https:\\\/\\\/nivegy.com\\\/#website\"},\"primaryImageOfPage\":{\"@id\":\"https:\\\/\\\/nivegy.com\\\/de\\\/termek\\\/sirupen-von-tagyon\\\/#primaryimage\"},\"image\":{\"@id\":\"https:\\\/\\\/nivegy.com\\\/de\\\/termek\\\/sirupen-von-tagyon\\\/#primaryimage\"},\"thumbnailUrl\":\"https:\\\/\\\/nivegy.com\\\/wp-content\\\/uploads\\\/2023\\\/06\\\/T-Tagyon-titkos-kamraja.webp\",\"datePublished\":\"2023-06-27T08:31:15+00:00\",\"dateModified\":\"2025-07-20T09:34:32+00:00\",\"description\":\"Die Geheime Kammer von Tagyon, ein Familienunternehmen, stellt seit 2014 hausgemachte Sirupen und Marmeladen, Konfit\u00fcren her.\",\"breadcrumb\":{\"@id\":\"https:\\\/\\\/nivegy.com\\\/de\\\/termek\\\/sirupen-von-tagyon\\\/#breadcrumb\"},\"inLanguage\":\"de\",\"potentialAction\":[{\"@type\":\"ReadAction\",\"target\":[\"https:\\\/\\\/nivegy.com\\\/de\\\/termek\\\/sirupen-von-tagyon\\\/\"]}]},{\"@type\":\"ImageObject\",\"inLanguage\":\"de\",\"@id\":\"https:\\\/\\\/nivegy.com\\\/de\\\/termek\\\/sirupen-von-tagyon\\\/#primaryimage\",\"url\":\"https:\\\/\\\/nivegy.com\\\/wp-content\\\/uploads\\\/2023\\\/06\\\/T-Tagyon-titkos-kamraja.webp\",\"contentUrl\":\"https:\\\/\\\/nivegy.com\\\/wp-content\\\/uploads\\\/2023\\\/06\\\/T-Tagyon-titkos-kamraja.webp\",\"width\":1000,\"height\":1000,\"caption\":\"Tagyon\u2019s Secret Pantry\"},{\"@type\":\"BreadcrumbList\",\"@id\":\"https:\\\/\\\/nivegy.com\\\/de\\\/termek\\\/sirupen-von-tagyon\\\/#breadcrumb\",\"itemListElement\":[{\"@type\":\"ListItem\",\"position\":1,\"name\":\"Kezd\u0151lap\",\"item\":\"https:\\\/\\\/nivegy.com\\\/de\\\/\"},{\"@type\":\"ListItem\",\"position\":2,\"name\":\"Die Geheime Kammer von Tagyon\"}]},{\"@type\":\"WebSite\",\"@id\":\"https:\\\/\\\/nivegy.com\\\/#website\",\"url\":\"https:\\\/\\\/nivegy.com\\\/\",\"name\":\"Nivegy.com\",\"description\":\"Egy v\u00f6lgy, \u00f6t falu, v\u00e9gtelen csoda\",\"potentialAction\":[{\"@type\":\"SearchAction\",\"target\":{\"@type\":\"EntryPoint\",\"urlTemplate\":\"https:\\\/\\\/nivegy.com\\\/?s={search_term_string}\"},\"query-input\":{\"@type\":\"PropertyValueSpecification\",\"valueRequired\":true,\"valueName\":\"search_term_string\"}}],\"inLanguage\":\"de\"}]}<\/script>\n<!-- \/ Yoast SEO plugin. -->","yoast_head_json":{"title":"Sirupen und Konfit\u00fcren - Nivegy.com","description":"Die Geheime Kammer von Tagyon, ein Familienunternehmen, stellt seit 2014 hausgemachte Sirupen und Marmeladen, Konfit\u00fcren her.","robots":{"index":"index","follow":"follow","max-snippet":"max-snippet:-1","max-image-preview":"max-image-preview:large","max-video-preview":"max-video-preview:-1"},"canonical":"https:\/\/nivegy.com\/de\/termek\/sirupen-von-tagyon\/","og_locale":"de_DE","og_type":"article","og_title":"Sirupen und Konfit\u00fcren - Nivegy.com","og_description":"Die Geheime Kammer von Tagyon, ein Familienunternehmen, stellt seit 2014 hausgemachte Sirupen und Marmeladen, Konfit\u00fcren her.","og_url":"https:\/\/nivegy.com\/de\/termek\/sirupen-von-tagyon\/","og_site_name":"Nivegy.com","article_publisher":"https:\/\/www.facebook.com\/nivegy","article_modified_time":"2025-07-20T09:34:32+00:00","og_image":[{"width":1000,"height":1000,"url":"https:\/\/nivegy.com\/wp-content\/uploads\/2023\/06\/T-Tagyon-titkos-kamraja.webp","type":"image\/webp"}],"twitter_card":"summary_large_image","twitter_misc":{"Gesch\u00e4tzte Lesezeit":"2\u00a0Minuten"},"schema":{"@context":"https:\/\/schema.org","@graph":[{"@type":"WebPage","@id":"https:\/\/nivegy.com\/de\/termek\/sirupen-von-tagyon\/","url":"https:\/\/nivegy.com\/de\/termek\/sirupen-von-tagyon\/","name":"Sirupen und Konfit\u00fcren - Nivegy.com","isPartOf":{"@id":"https:\/\/nivegy.com\/#website"},"primaryImageOfPage":{"@id":"https:\/\/nivegy.com\/de\/termek\/sirupen-von-tagyon\/#primaryimage"},"image":{"@id":"https:\/\/nivegy.com\/de\/termek\/sirupen-von-tagyon\/#primaryimage"},"thumbnailUrl":"https:\/\/nivegy.com\/wp-content\/uploads\/2023\/06\/T-Tagyon-titkos-kamraja.webp","datePublished":"2023-06-27T08:31:15+00:00","dateModified":"2025-07-20T09:34:32+00:00","description":"Die Geheime Kammer von Tagyon, ein Familienunternehmen, stellt seit 2014 hausgemachte Sirupen und Marmeladen, Konfit\u00fcren her.","breadcrumb":{"@id":"https:\/\/nivegy.com\/de\/termek\/sirupen-von-tagyon\/#breadcrumb"},"inLanguage":"de","potentialAction":[{"@type":"ReadAction","target":["https:\/\/nivegy.com\/de\/termek\/sirupen-von-tagyon\/"]}]},{"@type":"ImageObject","inLanguage":"de","@id":"https:\/\/nivegy.com\/de\/termek\/sirupen-von-tagyon\/#primaryimage","url":"https:\/\/nivegy.com\/wp-content\/uploads\/2023\/06\/T-Tagyon-titkos-kamraja.webp","contentUrl":"https:\/\/nivegy.com\/wp-content\/uploads\/2023\/06\/T-Tagyon-titkos-kamraja.webp","width":1000,"height":1000,"caption":"Tagyon\u2019s Secret Pantry"},{"@type":"BreadcrumbList","@id":"https:\/\/nivegy.com\/de\/termek\/sirupen-von-tagyon\/#breadcrumb","itemListElement":[{"@type":"ListItem","position":1,"name":"Kezd\u0151lap","item":"https:\/\/nivegy.com\/de\/"},{"@type":"ListItem","position":2,"name":"Die Geheime Kammer von Tagyon"}]},{"@type":"WebSite","@id":"https:\/\/nivegy.com\/#website","url":"https:\/\/nivegy.com\/","name":"Nivegy.com","description":"Egy v\u00f6lgy, \u00f6t falu, v\u00e9gtelen csoda","potentialAction":[{"@type":"SearchAction","target":{"@type":"EntryPoint","urlTemplate":"https:\/\/nivegy.com\/?s={search_term_string}"},"query-input":{"@type":"PropertyValueSpecification","valueRequired":true,"valueName":"search_term_string"}}],"inLanguage":"de"}]}},"_links":{"self":[{"href":"https:\/\/nivegy.com\/de\/wp-json\/wp\/v2\/product\/5108","targetHints":{"allow":["GET"]}}],"collection":[{"href":"https:\/\/nivegy.com\/de\/wp-json\/wp\/v2\/product"}],"about":[{"href":"https:\/\/nivegy.com\/de\/wp-json\/wp\/v2\/types\/product"}],"replies":[{"embeddable":true,"href":"https:\/\/nivegy.com\/de\/wp-json\/wp\/v2\/comments?post=5108"}],"wp:featuredmedia":[{"embeddable":true,"href":"https:\/\/nivegy.com\/de\/wp-json\/wp\/v2\/media\/4253"}],"wp:attachment":[{"href":"https:\/\/nivegy.com\/de\/wp-json\/wp\/v2\/media?parent=5108"}],"wp:term":[{"taxonomy":"product_brand","embeddable":true,"href":"https:\/\/nivegy.com\/de\/wp-json\/wp\/v2\/product_brand?post=5108"},{"taxonomy":"product_cat","embeddable":true,"href":"https:\/\/nivegy.com\/de\/wp-json\/wp\/v2\/product_cat?post=5108"},{"taxonomy":"product_tag","embeddable":true,"href":"https:\/\/nivegy.com\/de\/wp-json\/wp\/v2\/product_tag?post=5108"}],"curies":[{"name":"wp","href":"https:\/\/api.w.org\/{rel}","templated":true}]}}