{"id":5107,"date":"2023-06-27T12:39:33","date_gmt":"2023-06-27T12:39:33","guid":{"rendered":"https:\/\/nivegy.com\/?post_type=product&#038;p=5107"},"modified":"2025-07-19T12:21:39","modified_gmt":"2025-07-19T12:21:39","slug":"backerei","status":"publish","type":"product","link":"https:\/\/nivegy.com\/de\/termek\/backerei\/","title":{"rendered":"Handwerksb\u00e4ckerei Makra"},"content":{"rendered":"<p><strong>Die Handwerksb\u00e4ckerei <a href=\"https:\/\/www.facebook.com\/profile.php?id=100084066257727\" target=\"_blank\" rel=\"noopener\">Makra<\/a> ist die Verwirklichung eines 10-j\u00e4hrigen Traums, der durch die Zusammenarbeit einer Familie entstanden ist. B\u00e4ckerei befindet sich in der S\u00f3si Stra\u00dfe in Szentantalfa und \u00f6ffnete ihre T\u00fcren im August 2022.<\/strong><\/p>\n<p>Die beliebten Sauerteigprodukte werden auf nat\u00fcrliche Weise und ohne k\u00fcnstliche Zusatzstoffe hergestellt. Die Brote und anderen herzhaften K\u00f6stlichkeiten im Sortiment der B\u00e4ckerei werden mit Parajd-Salz und Sauerteig hergestellt. Das st\u00e4ndige Sortiment umfasst Baguettes, Hamburgerbr\u00f6tchen, Kornspitz, Ciabatta, Brezeln, Teegeb\u00e4ck und verschiedene Brotsorten.<\/p>\n<p>Neben den herzhaften Produkten bietet die Handwerksb\u00e4ckerei Makra auch handgeformte knusprige Kipferl und s\u00fc\u00dfe Leckereien an. Butter ist eine wichtige Zutat in den Kipferln, da sie f\u00fcr einen reichhaltigen Geschmack und eine cremige Textur sorgt. Das Sortiment wird st\u00e4ndig erweitert und erneuert, sodass man mittlerweile auch Geb\u00e4ck aus Hefeteig, Hefezopf und Apfelkuchen findet. Die Dauerbrenner des Sortiments sind Kakao- und Walnussschnecken, Marmeladenbuchteln und Quarktaschen.<\/p>\n<p>Die gesamte Produktpalette ist auch auf den lokalen M\u00e4rkten in Balatonakali, <a href=\"https:\/\/www.facebook.com\/profile.php?id=100095367500086\" target=\"_blank\" rel=\"noopener\">Lit\u00e9r<\/a>, Nemesv\u00e1mos und R\u00e9vf\u00fcl\u00f6p zu finden. Au\u00dferdem werden die frischen Backwaren freitags zwischen 17.00 und 20.00 Uhr auf dem Markt Nivegy Liget in Szentantalfa verkauft.<\/p>\n<p>Die handgemachten Produkte der B\u00e4ckerei sind nicht nur auf M\u00e4rkten zu finden, sondern auch im \u00f6rtlichen Fr\u00fchst\u00fcckscaf\u00e9 (<a href=\"https:\/\/nivegy.com\/de\/termek\/dns-fruehstuecksrestaurant\/\">DNS<\/a>).<br \/>\nAu\u00dferdem sind sie in der Auswahl von<a href=\"https:\/\/nivegy.com\/de\/termek\/fruehstueckslieferung\/\"> R\u00f3k\u00e1n\u00e9\u2019s Korb<\/a> sowie inzwischen im eigenen Laden in Lit\u00e9r erh\u00e4ltlich.<\/p>\n<p>Au\u00dferdem nimmt die Makra K\u00e9zm\u0171ves P\u00e9ks\u00e9g gerne Vorbestellungen f\u00fcr Hochzeiten sowie kleinere Veranstaltungen entgegen.<\/p>\n","protected":false},"excerpt":{"rendered":"<p>Die Handwerksb\u00e4ckerei Makra ist die Verwirklichung eines 10-j\u00e4hrigen Traums, der durch die Zusammenarbeit einer Familie entstanden ist. B\u00e4ckerei befindet sich in der S\u00f3si Stra\u00dfe in Szentantalfa und \u00f6ffnete ihre T\u00fcren im August 2022. Die beliebten Sauerteigprodukte werden auf nat\u00fcrliche Weise und ohne k\u00fcnstliche Zusatzstoffe hergestellt. Die Brote und anderen herzhaften K\u00f6stlichkeiten im Sortiment der B\u00e4ckerei [&hellip;]<\/p>\n","protected":false},"featured_media":5869,"comment_status":"closed","ping_status":"closed","template":"","meta":{"_acf_changed":false},"product_brand":[],"product_cat":[487],"product_tag":[],"class_list":{"0":"post-5107","1":"product","2":"type-product","3":"status-publish","4":"has-post-thumbnail","6":"product_cat-erzeuger","8":"first","9":"instock","10":"shipping-taxable","11":"product-type-simple"},"acf":[],"yoast_head":"<!-- This site is optimized with the Yoast SEO plugin v27.4 - https:\/\/yoast.com\/product\/yoast-seo-wordpress\/ -->\n<title>B\u00e4ckerei - Handwerksb\u00e4ckerei Makra - Nivegy.com<\/title>\n<meta name=\"description\" content=\"Die B\u00e4ckerei (Handwerksb\u00e4ckerei Makra) befindet sich in der S\u00f3si Stra\u00dfe in Szentantalfa und \u00f6ffnete ihre T\u00fcren im August 2022.\" \/>\n<meta name=\"robots\" content=\"index, follow, max-snippet:-1, max-image-preview:large, max-video-preview:-1\" \/>\n<link rel=\"canonical\" href=\"https:\/\/nivegy.com\/de\/termek\/backerei\/\" \/>\n<meta property=\"og:locale\" content=\"de_DE\" \/>\n<meta property=\"og:type\" content=\"article\" \/>\n<meta property=\"og:title\" content=\"B\u00e4ckerei - Handwerksb\u00e4ckerei Makra - Nivegy.com\" \/>\n<meta property=\"og:description\" content=\"Die B\u00e4ckerei (Handwerksb\u00e4ckerei Makra) befindet sich in der S\u00f3si Stra\u00dfe in Szentantalfa und \u00f6ffnete ihre T\u00fcren im August 2022.\" \/>\n<meta property=\"og:url\" content=\"https:\/\/nivegy.com\/de\/termek\/backerei\/\" \/>\n<meta property=\"og:site_name\" content=\"Nivegy.com\" \/>\n<meta property=\"article:publisher\" content=\"https:\/\/www.facebook.com\/nivegy\" \/>\n<meta property=\"article:modified_time\" content=\"2025-07-19T12:21:39+00:00\" \/>\n<meta property=\"og:image\" content=\"https:\/\/nivegy.com\/wp-content\/uploads\/2023\/06\/Makra-Kezmuves-Pekseg.webp\" \/>\n\t<meta property=\"og:image:width\" content=\"850\" \/>\n\t<meta property=\"og:image:height\" content=\"850\" \/>\n\t<meta property=\"og:image:type\" content=\"image\/webp\" \/>\n<meta name=\"twitter:card\" content=\"summary_large_image\" \/>\n<meta name=\"twitter:label1\" content=\"Gesch\u00e4tzte Lesezeit\" \/>\n\t<meta name=\"twitter:data1\" content=\"2\u00a0Minuten\" \/>\n<script type=\"application\/ld+json\" class=\"yoast-schema-graph\">{\"@context\":\"https:\\\/\\\/schema.org\",\"@graph\":[{\"@type\":\"WebPage\",\"@id\":\"https:\\\/\\\/nivegy.com\\\/de\\\/termek\\\/backerei\\\/\",\"url\":\"https:\\\/\\\/nivegy.com\\\/de\\\/termek\\\/backerei\\\/\",\"name\":\"B\u00e4ckerei - Handwerksb\u00e4ckerei Makra - Nivegy.com\",\"isPartOf\":{\"@id\":\"https:\\\/\\\/nivegy.com\\\/#website\"},\"primaryImageOfPage\":{\"@id\":\"https:\\\/\\\/nivegy.com\\\/de\\\/termek\\\/backerei\\\/#primaryimage\"},\"image\":{\"@id\":\"https:\\\/\\\/nivegy.com\\\/de\\\/termek\\\/backerei\\\/#primaryimage\"},\"thumbnailUrl\":\"https:\\\/\\\/nivegy.com\\\/wp-content\\\/uploads\\\/2023\\\/06\\\/Makra-Kezmuves-Pekseg.webp\",\"datePublished\":\"2023-06-27T12:39:33+00:00\",\"dateModified\":\"2025-07-19T12:21:39+00:00\",\"description\":\"Die B\u00e4ckerei (Handwerksb\u00e4ckerei Makra) befindet sich in der S\u00f3si Stra\u00dfe in Szentantalfa und \u00f6ffnete ihre T\u00fcren im August 2022.\",\"breadcrumb\":{\"@id\":\"https:\\\/\\\/nivegy.com\\\/de\\\/termek\\\/backerei\\\/#breadcrumb\"},\"inLanguage\":\"de\",\"potentialAction\":[{\"@type\":\"ReadAction\",\"target\":[\"https:\\\/\\\/nivegy.com\\\/de\\\/termek\\\/backerei\\\/\"]}]},{\"@type\":\"ImageObject\",\"inLanguage\":\"de\",\"@id\":\"https:\\\/\\\/nivegy.com\\\/de\\\/termek\\\/backerei\\\/#primaryimage\",\"url\":\"https:\\\/\\\/nivegy.com\\\/wp-content\\\/uploads\\\/2023\\\/06\\\/Makra-Kezmuves-Pekseg.webp\",\"contentUrl\":\"https:\\\/\\\/nivegy.com\\\/wp-content\\\/uploads\\\/2023\\\/06\\\/Makra-Kezmuves-Pekseg.webp\",\"width\":850,\"height\":850,\"caption\":\"Makra K\u00e9zm\u0171ves P\u00e9ks\u00e9g Makra Artisanal Bakery\"},{\"@type\":\"BreadcrumbList\",\"@id\":\"https:\\\/\\\/nivegy.com\\\/de\\\/termek\\\/backerei\\\/#breadcrumb\",\"itemListElement\":[{\"@type\":\"ListItem\",\"position\":1,\"name\":\"Kezd\u0151lap\",\"item\":\"https:\\\/\\\/nivegy.com\\\/de\\\/\"},{\"@type\":\"ListItem\",\"position\":2,\"name\":\"Handwerksb\u00e4ckerei Makra\"}]},{\"@type\":\"WebSite\",\"@id\":\"https:\\\/\\\/nivegy.com\\\/#website\",\"url\":\"https:\\\/\\\/nivegy.com\\\/\",\"name\":\"Nivegy.com\",\"description\":\"Egy v\u00f6lgy, \u00f6t falu, v\u00e9gtelen csoda\",\"potentialAction\":[{\"@type\":\"SearchAction\",\"target\":{\"@type\":\"EntryPoint\",\"urlTemplate\":\"https:\\\/\\\/nivegy.com\\\/?s={search_term_string}\"},\"query-input\":{\"@type\":\"PropertyValueSpecification\",\"valueRequired\":true,\"valueName\":\"search_term_string\"}}],\"inLanguage\":\"de\"}]}<\/script>\n<!-- \/ Yoast SEO plugin. -->","yoast_head_json":{"title":"B\u00e4ckerei - Handwerksb\u00e4ckerei Makra - Nivegy.com","description":"Die B\u00e4ckerei (Handwerksb\u00e4ckerei Makra) befindet sich in der S\u00f3si Stra\u00dfe in Szentantalfa und \u00f6ffnete ihre T\u00fcren im August 2022.","robots":{"index":"index","follow":"follow","max-snippet":"max-snippet:-1","max-image-preview":"max-image-preview:large","max-video-preview":"max-video-preview:-1"},"canonical":"https:\/\/nivegy.com\/de\/termek\/backerei\/","og_locale":"de_DE","og_type":"article","og_title":"B\u00e4ckerei - Handwerksb\u00e4ckerei Makra - Nivegy.com","og_description":"Die B\u00e4ckerei (Handwerksb\u00e4ckerei Makra) befindet sich in der S\u00f3si Stra\u00dfe in Szentantalfa und \u00f6ffnete ihre T\u00fcren im August 2022.","og_url":"https:\/\/nivegy.com\/de\/termek\/backerei\/","og_site_name":"Nivegy.com","article_publisher":"https:\/\/www.facebook.com\/nivegy","article_modified_time":"2025-07-19T12:21:39+00:00","og_image":[{"width":850,"height":850,"url":"https:\/\/nivegy.com\/wp-content\/uploads\/2023\/06\/Makra-Kezmuves-Pekseg.webp","type":"image\/webp"}],"twitter_card":"summary_large_image","twitter_misc":{"Gesch\u00e4tzte Lesezeit":"2\u00a0Minuten"},"schema":{"@context":"https:\/\/schema.org","@graph":[{"@type":"WebPage","@id":"https:\/\/nivegy.com\/de\/termek\/backerei\/","url":"https:\/\/nivegy.com\/de\/termek\/backerei\/","name":"B\u00e4ckerei - Handwerksb\u00e4ckerei Makra - Nivegy.com","isPartOf":{"@id":"https:\/\/nivegy.com\/#website"},"primaryImageOfPage":{"@id":"https:\/\/nivegy.com\/de\/termek\/backerei\/#primaryimage"},"image":{"@id":"https:\/\/nivegy.com\/de\/termek\/backerei\/#primaryimage"},"thumbnailUrl":"https:\/\/nivegy.com\/wp-content\/uploads\/2023\/06\/Makra-Kezmuves-Pekseg.webp","datePublished":"2023-06-27T12:39:33+00:00","dateModified":"2025-07-19T12:21:39+00:00","description":"Die B\u00e4ckerei (Handwerksb\u00e4ckerei Makra) befindet sich in der S\u00f3si Stra\u00dfe in Szentantalfa und \u00f6ffnete ihre T\u00fcren im August 2022.","breadcrumb":{"@id":"https:\/\/nivegy.com\/de\/termek\/backerei\/#breadcrumb"},"inLanguage":"de","potentialAction":[{"@type":"ReadAction","target":["https:\/\/nivegy.com\/de\/termek\/backerei\/"]}]},{"@type":"ImageObject","inLanguage":"de","@id":"https:\/\/nivegy.com\/de\/termek\/backerei\/#primaryimage","url":"https:\/\/nivegy.com\/wp-content\/uploads\/2023\/06\/Makra-Kezmuves-Pekseg.webp","contentUrl":"https:\/\/nivegy.com\/wp-content\/uploads\/2023\/06\/Makra-Kezmuves-Pekseg.webp","width":850,"height":850,"caption":"Makra K\u00e9zm\u0171ves P\u00e9ks\u00e9g Makra Artisanal Bakery"},{"@type":"BreadcrumbList","@id":"https:\/\/nivegy.com\/de\/termek\/backerei\/#breadcrumb","itemListElement":[{"@type":"ListItem","position":1,"name":"Kezd\u0151lap","item":"https:\/\/nivegy.com\/de\/"},{"@type":"ListItem","position":2,"name":"Handwerksb\u00e4ckerei Makra"}]},{"@type":"WebSite","@id":"https:\/\/nivegy.com\/#website","url":"https:\/\/nivegy.com\/","name":"Nivegy.com","description":"Egy v\u00f6lgy, \u00f6t falu, v\u00e9gtelen csoda","potentialAction":[{"@type":"SearchAction","target":{"@type":"EntryPoint","urlTemplate":"https:\/\/nivegy.com\/?s={search_term_string}"},"query-input":{"@type":"PropertyValueSpecification","valueRequired":true,"valueName":"search_term_string"}}],"inLanguage":"de"}]}},"_links":{"self":[{"href":"https:\/\/nivegy.com\/de\/wp-json\/wp\/v2\/product\/5107","targetHints":{"allow":["GET"]}}],"collection":[{"href":"https:\/\/nivegy.com\/de\/wp-json\/wp\/v2\/product"}],"about":[{"href":"https:\/\/nivegy.com\/de\/wp-json\/wp\/v2\/types\/product"}],"replies":[{"embeddable":true,"href":"https:\/\/nivegy.com\/de\/wp-json\/wp\/v2\/comments?post=5107"}],"wp:featuredmedia":[{"embeddable":true,"href":"https:\/\/nivegy.com\/de\/wp-json\/wp\/v2\/media\/5869"}],"wp:attachment":[{"href":"https:\/\/nivegy.com\/de\/wp-json\/wp\/v2\/media?parent=5107"}],"wp:term":[{"taxonomy":"product_brand","embeddable":true,"href":"https:\/\/nivegy.com\/de\/wp-json\/wp\/v2\/product_brand?post=5107"},{"taxonomy":"product_cat","embeddable":true,"href":"https:\/\/nivegy.com\/de\/wp-json\/wp\/v2\/product_cat?post=5107"},{"taxonomy":"product_tag","embeddable":true,"href":"https:\/\/nivegy.com\/de\/wp-json\/wp\/v2\/product_tag?post=5107"}],"curies":[{"name":"wp","href":"https:\/\/api.w.org\/{rel}","templated":true}]}}