{"id":5044,"date":"2023-06-14T14:49:48","date_gmt":"2023-06-14T14:49:48","guid":{"rendered":"https:\/\/nivegy.com\/?post_type=product&#038;p=5044"},"modified":"2025-07-20T14:05:02","modified_gmt":"2025-07-20T14:05:02","slug":"royesfarm","status":"publish","type":"product","link":"https:\/\/nivegy.com\/de\/termek\/royesfarm\/","title":{"rendered":"ROYESFARM Milch &#038; K\u00e4se"},"content":{"rendered":"<p><strong>ROYESFARM Milch &amp; K\u00e4se ist ein Einzelunternehmen, das im Sommer 2014 mit ein paar Milchk\u00fchen in dem kleinen Dorf Szentantalfa im<a href=\"https:\/\/nivegy.com\/de\/\"> Nivegy-Tal<\/a>, nur 5 km vom Plattensee entfernt, in der N\u00e4he von Z\u00e1nka gegr\u00fcndet wurde.<\/strong><\/p>\n<p>Der Landwirt Royes verwirklichte seinen Kindheitstraum und baute seinen Hof mit viel Ausdauer, Geduld und harter Arbeit auf. Heute liefern mehr als 20 in Freilandhaltung lebende Milchk\u00fche das Rohmaterial f\u00fcr verschiedene K\u00e4sesorten und andere Milchprodukte.<\/p>\n<h4><strong>Handwerkliche Produktee<\/strong><\/h4>\n<p>Es werden nur Produkte verkauft, die selbst angebaut und hergestellt wurden. Alle handwerklich hergestellten K\u00e4sesorten werden im Haus entwickelt und spezialisiert, sodass man ganz einzigartige Produkte probieren kann, die anderen K\u00e4sesorten nur teilweise \u00e4hneln.<\/p>\n<h4>Hausgemachtes Geschmackserlebnis<\/h4>\n<p>Ihre <a href=\"https:\/\/farm.royes.hu\/webshop\/\" target=\"_blank\" rel=\"noopener\">Produkte<\/a> enthalten keine Farbstoffe, Konservierungsmittel oder k\u00fcnstliche Zus\u00e4tze. Die Zutaten sind rohe Kuhmilch, nat\u00fcrliche Milchs\u00e4urebakterienkulturen, tierisches Lab, \u00f6sterreichisches jodfreies Bergbausalz und Gew\u00fcrze. Alles andere ist aufgrund der unterschiedlichen Verh\u00e4ltnisse der Technologie und der Vermischung der Zutaten einzigartig!<\/p>\n<p>Die Milchprodukte der Royesfarm k\u00f6nnen online oder pers\u00f6nlich auf den M\u00e4rkten in Balatonakali, Keszthely, Szentantalfa und Veszpr\u00e9m erworben werden.<\/p>\n","protected":false},"excerpt":{"rendered":"<p>ROYESFARM Milch &amp; K\u00e4se ist ein Einzelunternehmen, das im Sommer 2014 mit ein paar Milchk\u00fchen in dem kleinen Dorf Szentantalfa im Nivegy-Tal, nur 5 km vom Plattensee entfernt, in der N\u00e4he von Z\u00e1nka gegr\u00fcndet wurde. Der Landwirt Royes verwirklichte seinen Kindheitstraum und baute seinen Hof mit viel Ausdauer, Geduld und harter Arbeit auf. Heute liefern [&hellip;]<\/p>\n","protected":false},"featured_media":4251,"comment_status":"closed","ping_status":"closed","template":"","meta":{"_acf_changed":false},"product_brand":[],"product_cat":[487],"product_tag":[],"class_list":{"0":"post-5044","1":"product","2":"type-product","3":"status-publish","4":"has-post-thumbnail","6":"product_cat-erzeuger","8":"first","9":"instock","10":"shipping-taxable","11":"product-type-simple"},"acf":[],"yoast_head":"<!-- This site is optimized with the Yoast SEO plugin v27.4 - https:\/\/yoast.com\/product\/yoast-seo-wordpress\/ -->\n<title>Milchprodukte - ROYESFARM Milch &amp; K\u00e4se - Nivegy.com<\/title>\n<meta name=\"description\" content=\"Die Milchprodukte der Royesfarm k\u00f6nnen online oder pers\u00f6nlich auf den M\u00e4rkten in Balatonakali, Keszthely, Szentantalfa und Veszpr\u00e9m erworben werden.\" \/>\n<meta name=\"robots\" content=\"index, follow, max-snippet:-1, max-image-preview:large, max-video-preview:-1\" \/>\n<link rel=\"canonical\" href=\"https:\/\/nivegy.com\/de\/termek\/royesfarm\/\" \/>\n<meta property=\"og:locale\" content=\"de_DE\" \/>\n<meta property=\"og:type\" content=\"article\" \/>\n<meta property=\"og:title\" content=\"Milchprodukte - ROYESFARM Milch &amp; K\u00e4se - Nivegy.com\" \/>\n<meta property=\"og:description\" content=\"Die Milchprodukte der Royesfarm k\u00f6nnen online oder pers\u00f6nlich auf den M\u00e4rkten in Balatonakali, Keszthely, Szentantalfa und Veszpr\u00e9m erworben werden.\" \/>\n<meta property=\"og:url\" content=\"https:\/\/nivegy.com\/de\/termek\/royesfarm\/\" \/>\n<meta property=\"og:site_name\" content=\"Nivegy.com\" \/>\n<meta property=\"article:publisher\" content=\"https:\/\/www.facebook.com\/nivegy\" \/>\n<meta property=\"article:modified_time\" content=\"2025-07-20T14:05:02+00:00\" \/>\n<meta property=\"og:image\" content=\"https:\/\/nivegy.com\/wp-content\/uploads\/2023\/06\/T-Royesfarm.webp\" \/>\n\t<meta property=\"og:image:width\" content=\"1000\" \/>\n\t<meta property=\"og:image:height\" content=\"1000\" \/>\n\t<meta property=\"og:image:type\" content=\"image\/webp\" \/>\n<meta name=\"twitter:card\" content=\"summary_large_image\" \/>\n<meta name=\"twitter:label1\" content=\"Gesch\u00e4tzte Lesezeit\" \/>\n\t<meta name=\"twitter:data1\" content=\"2\u00a0Minuten\" \/>\n<script type=\"application\/ld+json\" class=\"yoast-schema-graph\">{\"@context\":\"https:\\\/\\\/schema.org\",\"@graph\":[{\"@type\":\"WebPage\",\"@id\":\"https:\\\/\\\/nivegy.com\\\/de\\\/termek\\\/royesfarm\\\/\",\"url\":\"https:\\\/\\\/nivegy.com\\\/de\\\/termek\\\/royesfarm\\\/\",\"name\":\"Milchprodukte - ROYESFARM Milch & K\u00e4se - Nivegy.com\",\"isPartOf\":{\"@id\":\"https:\\\/\\\/nivegy.com\\\/#website\"},\"primaryImageOfPage\":{\"@id\":\"https:\\\/\\\/nivegy.com\\\/de\\\/termek\\\/royesfarm\\\/#primaryimage\"},\"image\":{\"@id\":\"https:\\\/\\\/nivegy.com\\\/de\\\/termek\\\/royesfarm\\\/#primaryimage\"},\"thumbnailUrl\":\"https:\\\/\\\/nivegy.com\\\/wp-content\\\/uploads\\\/2023\\\/06\\\/T-Royesfarm.webp\",\"datePublished\":\"2023-06-14T14:49:48+00:00\",\"dateModified\":\"2025-07-20T14:05:02+00:00\",\"description\":\"Die Milchprodukte der Royesfarm k\u00f6nnen online oder pers\u00f6nlich auf den M\u00e4rkten in Balatonakali, Keszthely, Szentantalfa und Veszpr\u00e9m erworben werden.\",\"breadcrumb\":{\"@id\":\"https:\\\/\\\/nivegy.com\\\/de\\\/termek\\\/royesfarm\\\/#breadcrumb\"},\"inLanguage\":\"de\",\"potentialAction\":[{\"@type\":\"ReadAction\",\"target\":[\"https:\\\/\\\/nivegy.com\\\/de\\\/termek\\\/royesfarm\\\/\"]}]},{\"@type\":\"ImageObject\",\"inLanguage\":\"de\",\"@id\":\"https:\\\/\\\/nivegy.com\\\/de\\\/termek\\\/royesfarm\\\/#primaryimage\",\"url\":\"https:\\\/\\\/nivegy.com\\\/wp-content\\\/uploads\\\/2023\\\/06\\\/T-Royesfarm.webp\",\"contentUrl\":\"https:\\\/\\\/nivegy.com\\\/wp-content\\\/uploads\\\/2023\\\/06\\\/T-Royesfarm.webp\",\"width\":1000,\"height\":1000,\"caption\":\"Royesfarm Cheese\"},{\"@type\":\"BreadcrumbList\",\"@id\":\"https:\\\/\\\/nivegy.com\\\/de\\\/termek\\\/royesfarm\\\/#breadcrumb\",\"itemListElement\":[{\"@type\":\"ListItem\",\"position\":1,\"name\":\"Kezd\u0151lap\",\"item\":\"https:\\\/\\\/nivegy.com\\\/de\\\/\"},{\"@type\":\"ListItem\",\"position\":2,\"name\":\"ROYESFARM Milch &#038; K\u00e4se\"}]},{\"@type\":\"WebSite\",\"@id\":\"https:\\\/\\\/nivegy.com\\\/#website\",\"url\":\"https:\\\/\\\/nivegy.com\\\/\",\"name\":\"Nivegy.com\",\"description\":\"Egy v\u00f6lgy, \u00f6t falu, v\u00e9gtelen csoda\",\"potentialAction\":[{\"@type\":\"SearchAction\",\"target\":{\"@type\":\"EntryPoint\",\"urlTemplate\":\"https:\\\/\\\/nivegy.com\\\/?s={search_term_string}\"},\"query-input\":{\"@type\":\"PropertyValueSpecification\",\"valueRequired\":true,\"valueName\":\"search_term_string\"}}],\"inLanguage\":\"de\"}]}<\/script>\n<!-- \/ Yoast SEO plugin. -->","yoast_head_json":{"title":"Milchprodukte - ROYESFARM Milch & K\u00e4se - Nivegy.com","description":"Die Milchprodukte der Royesfarm k\u00f6nnen online oder pers\u00f6nlich auf den M\u00e4rkten in Balatonakali, Keszthely, Szentantalfa und Veszpr\u00e9m erworben werden.","robots":{"index":"index","follow":"follow","max-snippet":"max-snippet:-1","max-image-preview":"max-image-preview:large","max-video-preview":"max-video-preview:-1"},"canonical":"https:\/\/nivegy.com\/de\/termek\/royesfarm\/","og_locale":"de_DE","og_type":"article","og_title":"Milchprodukte - ROYESFARM Milch & K\u00e4se - Nivegy.com","og_description":"Die Milchprodukte der Royesfarm k\u00f6nnen online oder pers\u00f6nlich auf den M\u00e4rkten in Balatonakali, Keszthely, Szentantalfa und Veszpr\u00e9m erworben werden.","og_url":"https:\/\/nivegy.com\/de\/termek\/royesfarm\/","og_site_name":"Nivegy.com","article_publisher":"https:\/\/www.facebook.com\/nivegy","article_modified_time":"2025-07-20T14:05:02+00:00","og_image":[{"width":1000,"height":1000,"url":"https:\/\/nivegy.com\/wp-content\/uploads\/2023\/06\/T-Royesfarm.webp","type":"image\/webp"}],"twitter_card":"summary_large_image","twitter_misc":{"Gesch\u00e4tzte Lesezeit":"2\u00a0Minuten"},"schema":{"@context":"https:\/\/schema.org","@graph":[{"@type":"WebPage","@id":"https:\/\/nivegy.com\/de\/termek\/royesfarm\/","url":"https:\/\/nivegy.com\/de\/termek\/royesfarm\/","name":"Milchprodukte - ROYESFARM Milch & K\u00e4se - Nivegy.com","isPartOf":{"@id":"https:\/\/nivegy.com\/#website"},"primaryImageOfPage":{"@id":"https:\/\/nivegy.com\/de\/termek\/royesfarm\/#primaryimage"},"image":{"@id":"https:\/\/nivegy.com\/de\/termek\/royesfarm\/#primaryimage"},"thumbnailUrl":"https:\/\/nivegy.com\/wp-content\/uploads\/2023\/06\/T-Royesfarm.webp","datePublished":"2023-06-14T14:49:48+00:00","dateModified":"2025-07-20T14:05:02+00:00","description":"Die Milchprodukte der Royesfarm k\u00f6nnen online oder pers\u00f6nlich auf den M\u00e4rkten in Balatonakali, Keszthely, Szentantalfa und Veszpr\u00e9m erworben werden.","breadcrumb":{"@id":"https:\/\/nivegy.com\/de\/termek\/royesfarm\/#breadcrumb"},"inLanguage":"de","potentialAction":[{"@type":"ReadAction","target":["https:\/\/nivegy.com\/de\/termek\/royesfarm\/"]}]},{"@type":"ImageObject","inLanguage":"de","@id":"https:\/\/nivegy.com\/de\/termek\/royesfarm\/#primaryimage","url":"https:\/\/nivegy.com\/wp-content\/uploads\/2023\/06\/T-Royesfarm.webp","contentUrl":"https:\/\/nivegy.com\/wp-content\/uploads\/2023\/06\/T-Royesfarm.webp","width":1000,"height":1000,"caption":"Royesfarm Cheese"},{"@type":"BreadcrumbList","@id":"https:\/\/nivegy.com\/de\/termek\/royesfarm\/#breadcrumb","itemListElement":[{"@type":"ListItem","position":1,"name":"Kezd\u0151lap","item":"https:\/\/nivegy.com\/de\/"},{"@type":"ListItem","position":2,"name":"ROYESFARM Milch &#038; K\u00e4se"}]},{"@type":"WebSite","@id":"https:\/\/nivegy.com\/#website","url":"https:\/\/nivegy.com\/","name":"Nivegy.com","description":"Egy v\u00f6lgy, \u00f6t falu, v\u00e9gtelen csoda","potentialAction":[{"@type":"SearchAction","target":{"@type":"EntryPoint","urlTemplate":"https:\/\/nivegy.com\/?s={search_term_string}"},"query-input":{"@type":"PropertyValueSpecification","valueRequired":true,"valueName":"search_term_string"}}],"inLanguage":"de"}]}},"_links":{"self":[{"href":"https:\/\/nivegy.com\/de\/wp-json\/wp\/v2\/product\/5044","targetHints":{"allow":["GET"]}}],"collection":[{"href":"https:\/\/nivegy.com\/de\/wp-json\/wp\/v2\/product"}],"about":[{"href":"https:\/\/nivegy.com\/de\/wp-json\/wp\/v2\/types\/product"}],"replies":[{"embeddable":true,"href":"https:\/\/nivegy.com\/de\/wp-json\/wp\/v2\/comments?post=5044"}],"wp:featuredmedia":[{"embeddable":true,"href":"https:\/\/nivegy.com\/de\/wp-json\/wp\/v2\/media\/4251"}],"wp:attachment":[{"href":"https:\/\/nivegy.com\/de\/wp-json\/wp\/v2\/media?parent=5044"}],"wp:term":[{"taxonomy":"product_brand","embeddable":true,"href":"https:\/\/nivegy.com\/de\/wp-json\/wp\/v2\/product_brand?post=5044"},{"taxonomy":"product_cat","embeddable":true,"href":"https:\/\/nivegy.com\/de\/wp-json\/wp\/v2\/product_cat?post=5044"},{"taxonomy":"product_tag","embeddable":true,"href":"https:\/\/nivegy.com\/de\/wp-json\/wp\/v2\/product_tag?post=5044"}],"curies":[{"name":"wp","href":"https:\/\/api.w.org\/{rel}","templated":true}]}}