{"id":5043,"date":"2023-07-20T13:05:42","date_gmt":"2023-07-20T13:05:42","guid":{"rendered":"https:\/\/nivegy.com\/?post_type=product&#038;p=5043"},"modified":"2025-01-04T11:02:21","modified_gmt":"2025-01-04T11:02:21","slug":"dns-fruehstuecksrestaurant","status":"publish","type":"product","link":"https:\/\/nivegy.com\/de\/termek\/dns-fruehstuecksrestaurant\/","title":{"rendered":"DNS"},"content":{"rendered":"<p><strong>DNS \u2013 \u201eDay and Night at the Stars\u201c also \u201eTag und Nacht bei der Familie Csillag\u201c<\/strong><\/p>\n<p>An der Grenze zwischen Tagyon und Szentantalfa liegt DNS, ein Fr\u00fchst\u00fccksrestaurant und zugleich das Weinhaus Nivegy-Tal. Es \u00f6ffnete seine T\u00fcren im Jahr 2023.<\/p>\n<p>Ricsi Csillag erwartet die G\u00e4ste am Morgen und auch am Abend! Das authentische italienische Erlebnis ist vom Morgengrauen bis zur Abendd\u00e4mmerung durch frisch ger\u00f6steten italienischen Kaffee garantiert. Wenn die Sonne untergeht, \u00fcbernehmen hochwertige italienische Schinken, Salami, frische Focaccia und eiskalte Peroni die Hauptrolle.<\/p>\n<p>Die Kombination aus gem\u00fctlichem Ambiente und kulinarischem Genuss erm\u00f6glicht es den Besuchern, einen Hauch des toskanischen Zaubers mit dem unverkennbaren Flair des Nivegy-Tals zu erleben. Verkosten Sie hier die besten Weine der Region an einem Ort!<\/p>\n<h4>Verf\u00fcgbare Kellereien:<\/h4>\n<p>Familienkellerei Cseh, <a href=\"https:\/\/dobosi.com\/\">Weingutszentrum Dobosi<\/a>, Kellerei Dombi, Weinhaus Gergely, Kellerei Holl\u00f3, Weinhaus Horv\u00e1th, <a href=\"https:\/\/nivegy.com\/de\/termek\/kisskeller\/\">kisskellerei<\/a>, Weinhaus Martinus, Weinkellerei Soma, Weinkellerei Szab\u00f3 und Sohn, Kellerei T\u00e1nczos, Winzerei der Gebr\u00fcder V\u00e9gh, Z\u00e1nka und Umgebung Kellereigenossenschaft der Lebensmittelindustrie<\/p>\n","protected":false},"excerpt":{"rendered":"<p>DNS \u2013 \u201eDay and Night at the Stars\u201c also \u201eTag und Nacht bei der Familie Csillag\u201c An der Grenze zwischen Tagyon und Szentantalfa liegt DNS, ein Fr\u00fchst\u00fccksrestaurant und zugleich das Weinhaus Nivegy-Tal. Es \u00f6ffnete seine T\u00fcren im Jahr 2023. Ricsi Csillag erwartet die G\u00e4ste am Morgen und auch am Abend! Das authentische italienische Erlebnis ist [&hellip;]<\/p>\n","protected":false},"featured_media":4255,"comment_status":"closed","ping_status":"closed","template":"","meta":{"_acf_changed":false},"product_brand":[],"product_cat":[482],"product_tag":[],"class_list":{"0":"post-5043","1":"product","2":"type-product","3":"status-publish","4":"has-post-thumbnail","6":"product_cat-gastronomie","8":"first","9":"instock","10":"shipping-taxable","11":"product-type-simple"},"acf":[],"yoast_head":"<!-- This site is optimized with the Yoast SEO plugin v27.4 - https:\/\/yoast.com\/product\/yoast-seo-wordpress\/ -->\n<title>Fr\u00fchst\u00fccksrestaurant - DNS - Nivegy.com<\/title>\n<meta name=\"description\" content=\"Das an der Grenze zwischen Tagyon und Szentantalfa gelegene DNS ist ein Fr\u00fchst\u00fccksrestaurant und zugleich das Weinhaus Nivegy-Tal.\" \/>\n<meta name=\"robots\" content=\"index, follow, max-snippet:-1, max-image-preview:large, max-video-preview:-1\" \/>\n<link rel=\"canonical\" href=\"https:\/\/nivegy.com\/de\/termek\/dns-fruehstuecksrestaurant\/\" \/>\n<meta property=\"og:locale\" content=\"de_DE\" \/>\n<meta property=\"og:type\" content=\"article\" \/>\n<meta property=\"og:title\" content=\"Fr\u00fchst\u00fccksrestaurant - DNS - Nivegy.com\" \/>\n<meta property=\"og:description\" content=\"Das an der Grenze zwischen Tagyon und Szentantalfa gelegene DNS ist ein Fr\u00fchst\u00fccksrestaurant und zugleich das Weinhaus Nivegy-Tal.\" \/>\n<meta property=\"og:url\" content=\"https:\/\/nivegy.com\/de\/termek\/dns-fruehstuecksrestaurant\/\" \/>\n<meta property=\"og:site_name\" content=\"Nivegy.com\" \/>\n<meta property=\"article:publisher\" content=\"https:\/\/www.facebook.com\/nivegy\" \/>\n<meta property=\"article:modified_time\" content=\"2025-01-04T11:02:21+00:00\" \/>\n<meta property=\"og:image\" content=\"https:\/\/nivegy.com\/wp-content\/uploads\/2023\/07\/G-DNS-1.1.webp\" \/>\n\t<meta property=\"og:image:width\" content=\"1000\" \/>\n\t<meta property=\"og:image:height\" content=\"1000\" \/>\n\t<meta property=\"og:image:type\" content=\"image\/webp\" \/>\n<meta name=\"twitter:card\" content=\"summary_large_image\" \/>\n<meta name=\"twitter:label1\" content=\"Gesch\u00e4tzte Lesezeit\" \/>\n\t<meta name=\"twitter:data1\" content=\"2\u00a0Minuten\" \/>\n<script type=\"application\/ld+json\" class=\"yoast-schema-graph\">{\"@context\":\"https:\\\/\\\/schema.org\",\"@graph\":[{\"@type\":\"WebPage\",\"@id\":\"https:\\\/\\\/nivegy.com\\\/de\\\/termek\\\/dns-fruehstuecksrestaurant\\\/\",\"url\":\"https:\\\/\\\/nivegy.com\\\/de\\\/termek\\\/dns-fruehstuecksrestaurant\\\/\",\"name\":\"Fr\u00fchst\u00fccksrestaurant - DNS - Nivegy.com\",\"isPartOf\":{\"@id\":\"https:\\\/\\\/nivegy.com\\\/#website\"},\"primaryImageOfPage\":{\"@id\":\"https:\\\/\\\/nivegy.com\\\/de\\\/termek\\\/dns-fruehstuecksrestaurant\\\/#primaryimage\"},\"image\":{\"@id\":\"https:\\\/\\\/nivegy.com\\\/de\\\/termek\\\/dns-fruehstuecksrestaurant\\\/#primaryimage\"},\"thumbnailUrl\":\"https:\\\/\\\/nivegy.com\\\/wp-content\\\/uploads\\\/2023\\\/07\\\/G-DNS-1.1.webp\",\"datePublished\":\"2023-07-20T13:05:42+00:00\",\"dateModified\":\"2025-01-04T11:02:21+00:00\",\"description\":\"Das an der Grenze zwischen Tagyon und Szentantalfa gelegene DNS ist ein Fr\u00fchst\u00fccksrestaurant und zugleich das Weinhaus Nivegy-Tal.\",\"breadcrumb\":{\"@id\":\"https:\\\/\\\/nivegy.com\\\/de\\\/termek\\\/dns-fruehstuecksrestaurant\\\/#breadcrumb\"},\"inLanguage\":\"de\",\"potentialAction\":[{\"@type\":\"ReadAction\",\"target\":[\"https:\\\/\\\/nivegy.com\\\/de\\\/termek\\\/dns-fruehstuecksrestaurant\\\/\"]}]},{\"@type\":\"ImageObject\",\"inLanguage\":\"de\",\"@id\":\"https:\\\/\\\/nivegy.com\\\/de\\\/termek\\\/dns-fruehstuecksrestaurant\\\/#primaryimage\",\"url\":\"https:\\\/\\\/nivegy.com\\\/wp-content\\\/uploads\\\/2023\\\/07\\\/G-DNS-1.1.webp\",\"contentUrl\":\"https:\\\/\\\/nivegy.com\\\/wp-content\\\/uploads\\\/2023\\\/07\\\/G-DNS-1.1.webp\",\"width\":1000,\"height\":1000},{\"@type\":\"BreadcrumbList\",\"@id\":\"https:\\\/\\\/nivegy.com\\\/de\\\/termek\\\/dns-fruehstuecksrestaurant\\\/#breadcrumb\",\"itemListElement\":[{\"@type\":\"ListItem\",\"position\":1,\"name\":\"Kezd\u0151lap\",\"item\":\"https:\\\/\\\/nivegy.com\\\/de\\\/\"},{\"@type\":\"ListItem\",\"position\":2,\"name\":\"DNS\"}]},{\"@type\":\"WebSite\",\"@id\":\"https:\\\/\\\/nivegy.com\\\/#website\",\"url\":\"https:\\\/\\\/nivegy.com\\\/\",\"name\":\"Nivegy.com\",\"description\":\"Egy v\u00f6lgy, \u00f6t falu, v\u00e9gtelen csoda\",\"potentialAction\":[{\"@type\":\"SearchAction\",\"target\":{\"@type\":\"EntryPoint\",\"urlTemplate\":\"https:\\\/\\\/nivegy.com\\\/?s={search_term_string}\"},\"query-input\":{\"@type\":\"PropertyValueSpecification\",\"valueRequired\":true,\"valueName\":\"search_term_string\"}}],\"inLanguage\":\"de\"}]}<\/script>\n<!-- \/ Yoast SEO plugin. -->","yoast_head_json":{"title":"Fr\u00fchst\u00fccksrestaurant - DNS - Nivegy.com","description":"Das an der Grenze zwischen Tagyon und Szentantalfa gelegene DNS ist ein Fr\u00fchst\u00fccksrestaurant und zugleich das Weinhaus Nivegy-Tal.","robots":{"index":"index","follow":"follow","max-snippet":"max-snippet:-1","max-image-preview":"max-image-preview:large","max-video-preview":"max-video-preview:-1"},"canonical":"https:\/\/nivegy.com\/de\/termek\/dns-fruehstuecksrestaurant\/","og_locale":"de_DE","og_type":"article","og_title":"Fr\u00fchst\u00fccksrestaurant - DNS - Nivegy.com","og_description":"Das an der Grenze zwischen Tagyon und Szentantalfa gelegene DNS ist ein Fr\u00fchst\u00fccksrestaurant und zugleich das Weinhaus Nivegy-Tal.","og_url":"https:\/\/nivegy.com\/de\/termek\/dns-fruehstuecksrestaurant\/","og_site_name":"Nivegy.com","article_publisher":"https:\/\/www.facebook.com\/nivegy","article_modified_time":"2025-01-04T11:02:21+00:00","og_image":[{"width":1000,"height":1000,"url":"https:\/\/nivegy.com\/wp-content\/uploads\/2023\/07\/G-DNS-1.1.webp","type":"image\/webp"}],"twitter_card":"summary_large_image","twitter_misc":{"Gesch\u00e4tzte Lesezeit":"2\u00a0Minuten"},"schema":{"@context":"https:\/\/schema.org","@graph":[{"@type":"WebPage","@id":"https:\/\/nivegy.com\/de\/termek\/dns-fruehstuecksrestaurant\/","url":"https:\/\/nivegy.com\/de\/termek\/dns-fruehstuecksrestaurant\/","name":"Fr\u00fchst\u00fccksrestaurant - DNS - Nivegy.com","isPartOf":{"@id":"https:\/\/nivegy.com\/#website"},"primaryImageOfPage":{"@id":"https:\/\/nivegy.com\/de\/termek\/dns-fruehstuecksrestaurant\/#primaryimage"},"image":{"@id":"https:\/\/nivegy.com\/de\/termek\/dns-fruehstuecksrestaurant\/#primaryimage"},"thumbnailUrl":"https:\/\/nivegy.com\/wp-content\/uploads\/2023\/07\/G-DNS-1.1.webp","datePublished":"2023-07-20T13:05:42+00:00","dateModified":"2025-01-04T11:02:21+00:00","description":"Das an der Grenze zwischen Tagyon und Szentantalfa gelegene DNS ist ein Fr\u00fchst\u00fccksrestaurant und zugleich das Weinhaus Nivegy-Tal.","breadcrumb":{"@id":"https:\/\/nivegy.com\/de\/termek\/dns-fruehstuecksrestaurant\/#breadcrumb"},"inLanguage":"de","potentialAction":[{"@type":"ReadAction","target":["https:\/\/nivegy.com\/de\/termek\/dns-fruehstuecksrestaurant\/"]}]},{"@type":"ImageObject","inLanguage":"de","@id":"https:\/\/nivegy.com\/de\/termek\/dns-fruehstuecksrestaurant\/#primaryimage","url":"https:\/\/nivegy.com\/wp-content\/uploads\/2023\/07\/G-DNS-1.1.webp","contentUrl":"https:\/\/nivegy.com\/wp-content\/uploads\/2023\/07\/G-DNS-1.1.webp","width":1000,"height":1000},{"@type":"BreadcrumbList","@id":"https:\/\/nivegy.com\/de\/termek\/dns-fruehstuecksrestaurant\/#breadcrumb","itemListElement":[{"@type":"ListItem","position":1,"name":"Kezd\u0151lap","item":"https:\/\/nivegy.com\/de\/"},{"@type":"ListItem","position":2,"name":"DNS"}]},{"@type":"WebSite","@id":"https:\/\/nivegy.com\/#website","url":"https:\/\/nivegy.com\/","name":"Nivegy.com","description":"Egy v\u00f6lgy, \u00f6t falu, v\u00e9gtelen csoda","potentialAction":[{"@type":"SearchAction","target":{"@type":"EntryPoint","urlTemplate":"https:\/\/nivegy.com\/?s={search_term_string}"},"query-input":{"@type":"PropertyValueSpecification","valueRequired":true,"valueName":"search_term_string"}}],"inLanguage":"de"}]}},"_links":{"self":[{"href":"https:\/\/nivegy.com\/de\/wp-json\/wp\/v2\/product\/5043","targetHints":{"allow":["GET"]}}],"collection":[{"href":"https:\/\/nivegy.com\/de\/wp-json\/wp\/v2\/product"}],"about":[{"href":"https:\/\/nivegy.com\/de\/wp-json\/wp\/v2\/types\/product"}],"replies":[{"embeddable":true,"href":"https:\/\/nivegy.com\/de\/wp-json\/wp\/v2\/comments?post=5043"}],"wp:featuredmedia":[{"embeddable":true,"href":"https:\/\/nivegy.com\/de\/wp-json\/wp\/v2\/media\/4255"}],"wp:attachment":[{"href":"https:\/\/nivegy.com\/de\/wp-json\/wp\/v2\/media?parent=5043"}],"wp:term":[{"taxonomy":"product_brand","embeddable":true,"href":"https:\/\/nivegy.com\/de\/wp-json\/wp\/v2\/product_brand?post=5043"},{"taxonomy":"product_cat","embeddable":true,"href":"https:\/\/nivegy.com\/de\/wp-json\/wp\/v2\/product_cat?post=5043"},{"taxonomy":"product_tag","embeddable":true,"href":"https:\/\/nivegy.com\/de\/wp-json\/wp\/v2\/product_tag?post=5043"}],"curies":[{"name":"wp","href":"https:\/\/api.w.org\/{rel}","templated":true}]}}