{"id":4984,"date":"2023-11-15T08:51:52","date_gmt":"2023-11-15T08:51:52","guid":{"rendered":"https:\/\/nivegy.com\/?post_type=product&#038;p=4984"},"modified":"2023-12-25T13:25:11","modified_gmt":"2023-12-25T13:25:11","slug":"e-bike-verleih","status":"publish","type":"product","link":"https:\/\/nivegy.com\/de\/termek\/e-bike-verleih\/","title":{"rendered":"E-Bike-Verleih"},"content":{"rendered":"<p><strong>E-Bike-Verleih im <a href=\"https:\/\/nivegy.com\/termek\/dobosi-1721\/\">Dobosi<\/a>.<\/strong><\/p>\n<p>Arten von Fahrr\u00e4dern: Kinderfahrrad, Mountainbike, Trekking-E-Bike<\/p>\n<p><strong>T\u00e4glicher Verleih:<\/strong><\/p>\n<ul>\n<li>eTREKKING E-Bike: 12.000 Ft \/ Tag<\/li>\n<li>eMTB Mountainbike: 15.000 Ft \/ Tag<\/li>\n<li>eMTBT Mountainbike: 19.000 Ft \/ Tag<\/li>\n<li>eJUNIOR Mountainbike: 9.500 Ft \/ Tag<\/li>\n<\/ul>\n<p>Das Team von Balaton Bike Tour (BBT) <a href=\"https:\/\/www.balatonbiketour.com\/\">organisiert<\/a> auch gef\u00fchrte Touren (ab 4 Personen). Die Dauer der Tour betr\u00e4gt ca. 3 Stunden.<\/p>\n","protected":false},"excerpt":{"rendered":"<p>E-Bike-Verleih im Dobosi. Arten von Fahrr\u00e4dern: Kinderfahrrad, Mountainbike, Trekking-E-Bike T\u00e4glicher Verleih: eTREKKING E-Bike: 12.000 Ft \/ Tag eMTB Mountainbike: 15.000 Ft \/ Tag eMTBT Mountainbike: 19.000 Ft \/ Tag eJUNIOR Mountainbike: 9.500 Ft \/ Tag Das Team von Balaton Bike Tour (BBT) organisiert auch gef\u00fchrte Touren (ab 4 Personen). Die Dauer der Tour betr\u00e4gt ca. [&hellip;]<\/p>\n","protected":false},"featured_media":4653,"comment_status":"open","ping_status":"closed","template":"","meta":{"_acf_changed":false},"product_brand":[],"product_cat":[486],"product_tag":[],"class_list":{"0":"post-4984","1":"product","2":"type-product","3":"status-publish","4":"has-post-thumbnail","6":"product_cat-diensleister","8":"first","9":"instock","10":"shipping-taxable","11":"product-type-simple"},"acf":[],"yoast_head":"<!-- This site is optimized with the Yoast SEO plugin v27.4 - https:\/\/yoast.com\/product\/yoast-seo-wordpress\/ -->\n<title>E-Bike-Verleih - Nivegy.com<\/title>\n<meta name=\"robots\" content=\"index, follow, max-snippet:-1, max-image-preview:large, max-video-preview:-1\" \/>\n<link rel=\"canonical\" href=\"https:\/\/nivegy.com\/de\/termek\/e-bike-verleih\/\" \/>\n<meta property=\"og:locale\" content=\"de_DE\" \/>\n<meta property=\"og:type\" content=\"article\" \/>\n<meta property=\"og:title\" content=\"E-Bike-Verleih - Nivegy.com\" \/>\n<meta property=\"og:description\" content=\"E-Bike-Verleih im Dobosi. Arten von Fahrr\u00e4dern: Kinderfahrrad, Mountainbike, Trekking-E-Bike T\u00e4glicher Verleih: eTREKKING E-Bike: 12.000 Ft \/ Tag eMTB Mountainbike: 15.000 Ft \/ Tag eMTBT Mountainbike: 19.000 Ft \/ Tag eJUNIOR Mountainbike: 9.500 Ft \/ Tag Das Team von Balaton Bike Tour (BBT) organisiert auch gef\u00fchrte Touren (ab 4 Personen). Die Dauer der Tour betr\u00e4gt ca. [&hellip;]\" \/>\n<meta property=\"og:url\" content=\"https:\/\/nivegy.com\/de\/termek\/e-bike-verleih\/\" \/>\n<meta property=\"og:site_name\" content=\"Nivegy.com\" \/>\n<meta property=\"article:publisher\" content=\"https:\/\/www.facebook.com\/nivegy\" \/>\n<meta property=\"article:modified_time\" content=\"2023-12-25T13:25:11+00:00\" \/>\n<meta property=\"og:image\" content=\"https:\/\/nivegy.com\/wp-content\/uploads\/2023\/11\/E-bike.webp\" \/>\n\t<meta property=\"og:image:width\" content=\"1000\" \/>\n\t<meta property=\"og:image:height\" content=\"1000\" \/>\n\t<meta property=\"og:image:type\" content=\"image\/webp\" \/>\n<meta name=\"twitter:card\" content=\"summary_large_image\" \/>\n<meta name=\"twitter:label1\" content=\"Gesch\u00e4tzte Lesezeit\" \/>\n\t<meta name=\"twitter:data1\" content=\"1\u00a0Minute\" \/>\n<script type=\"application\/ld+json\" class=\"yoast-schema-graph\">{\"@context\":\"https:\\\/\\\/schema.org\",\"@graph\":[{\"@type\":\"WebPage\",\"@id\":\"https:\\\/\\\/nivegy.com\\\/de\\\/termek\\\/e-bike-verleih\\\/\",\"url\":\"https:\\\/\\\/nivegy.com\\\/de\\\/termek\\\/e-bike-verleih\\\/\",\"name\":\"E-Bike-Verleih - Nivegy.com\",\"isPartOf\":{\"@id\":\"https:\\\/\\\/nivegy.com\\\/#website\"},\"primaryImageOfPage\":{\"@id\":\"https:\\\/\\\/nivegy.com\\\/de\\\/termek\\\/e-bike-verleih\\\/#primaryimage\"},\"image\":{\"@id\":\"https:\\\/\\\/nivegy.com\\\/de\\\/termek\\\/e-bike-verleih\\\/#primaryimage\"},\"thumbnailUrl\":\"https:\\\/\\\/nivegy.com\\\/wp-content\\\/uploads\\\/2023\\\/11\\\/E-bike.webp\",\"datePublished\":\"2023-11-15T08:51:52+00:00\",\"dateModified\":\"2023-12-25T13:25:11+00:00\",\"breadcrumb\":{\"@id\":\"https:\\\/\\\/nivegy.com\\\/de\\\/termek\\\/e-bike-verleih\\\/#breadcrumb\"},\"inLanguage\":\"de\",\"potentialAction\":[{\"@type\":\"ReadAction\",\"target\":[\"https:\\\/\\\/nivegy.com\\\/de\\\/termek\\\/e-bike-verleih\\\/\"]}]},{\"@type\":\"ImageObject\",\"inLanguage\":\"de\",\"@id\":\"https:\\\/\\\/nivegy.com\\\/de\\\/termek\\\/e-bike-verleih\\\/#primaryimage\",\"url\":\"https:\\\/\\\/nivegy.com\\\/wp-content\\\/uploads\\\/2023\\\/11\\\/E-bike.webp\",\"contentUrl\":\"https:\\\/\\\/nivegy.com\\\/wp-content\\\/uploads\\\/2023\\\/11\\\/E-bike.webp\",\"width\":1000,\"height\":1000,\"caption\":\"E-bike\"},{\"@type\":\"BreadcrumbList\",\"@id\":\"https:\\\/\\\/nivegy.com\\\/de\\\/termek\\\/e-bike-verleih\\\/#breadcrumb\",\"itemListElement\":[{\"@type\":\"ListItem\",\"position\":1,\"name\":\"Kezd\u0151lap\",\"item\":\"https:\\\/\\\/nivegy.com\\\/de\\\/\"},{\"@type\":\"ListItem\",\"position\":2,\"name\":\"E-Bike-Verleih\"}]},{\"@type\":\"WebSite\",\"@id\":\"https:\\\/\\\/nivegy.com\\\/#website\",\"url\":\"https:\\\/\\\/nivegy.com\\\/\",\"name\":\"Nivegy.com\",\"description\":\"Egy v\u00f6lgy, \u00f6t falu, v\u00e9gtelen csoda\",\"potentialAction\":[{\"@type\":\"SearchAction\",\"target\":{\"@type\":\"EntryPoint\",\"urlTemplate\":\"https:\\\/\\\/nivegy.com\\\/?s={search_term_string}\"},\"query-input\":{\"@type\":\"PropertyValueSpecification\",\"valueRequired\":true,\"valueName\":\"search_term_string\"}}],\"inLanguage\":\"de\"}]}<\/script>\n<!-- \/ Yoast SEO plugin. -->","yoast_head_json":{"title":"E-Bike-Verleih - Nivegy.com","robots":{"index":"index","follow":"follow","max-snippet":"max-snippet:-1","max-image-preview":"max-image-preview:large","max-video-preview":"max-video-preview:-1"},"canonical":"https:\/\/nivegy.com\/de\/termek\/e-bike-verleih\/","og_locale":"de_DE","og_type":"article","og_title":"E-Bike-Verleih - Nivegy.com","og_description":"E-Bike-Verleih im Dobosi. Arten von Fahrr\u00e4dern: Kinderfahrrad, Mountainbike, Trekking-E-Bike T\u00e4glicher Verleih: eTREKKING E-Bike: 12.000 Ft \/ Tag eMTB Mountainbike: 15.000 Ft \/ Tag eMTBT Mountainbike: 19.000 Ft \/ Tag eJUNIOR Mountainbike: 9.500 Ft \/ Tag Das Team von Balaton Bike Tour (BBT) organisiert auch gef\u00fchrte Touren (ab 4 Personen). Die Dauer der Tour betr\u00e4gt ca. [&hellip;]","og_url":"https:\/\/nivegy.com\/de\/termek\/e-bike-verleih\/","og_site_name":"Nivegy.com","article_publisher":"https:\/\/www.facebook.com\/nivegy","article_modified_time":"2023-12-25T13:25:11+00:00","og_image":[{"width":1000,"height":1000,"url":"https:\/\/nivegy.com\/wp-content\/uploads\/2023\/11\/E-bike.webp","type":"image\/webp"}],"twitter_card":"summary_large_image","twitter_misc":{"Gesch\u00e4tzte Lesezeit":"1\u00a0Minute"},"schema":{"@context":"https:\/\/schema.org","@graph":[{"@type":"WebPage","@id":"https:\/\/nivegy.com\/de\/termek\/e-bike-verleih\/","url":"https:\/\/nivegy.com\/de\/termek\/e-bike-verleih\/","name":"E-Bike-Verleih - Nivegy.com","isPartOf":{"@id":"https:\/\/nivegy.com\/#website"},"primaryImageOfPage":{"@id":"https:\/\/nivegy.com\/de\/termek\/e-bike-verleih\/#primaryimage"},"image":{"@id":"https:\/\/nivegy.com\/de\/termek\/e-bike-verleih\/#primaryimage"},"thumbnailUrl":"https:\/\/nivegy.com\/wp-content\/uploads\/2023\/11\/E-bike.webp","datePublished":"2023-11-15T08:51:52+00:00","dateModified":"2023-12-25T13:25:11+00:00","breadcrumb":{"@id":"https:\/\/nivegy.com\/de\/termek\/e-bike-verleih\/#breadcrumb"},"inLanguage":"de","potentialAction":[{"@type":"ReadAction","target":["https:\/\/nivegy.com\/de\/termek\/e-bike-verleih\/"]}]},{"@type":"ImageObject","inLanguage":"de","@id":"https:\/\/nivegy.com\/de\/termek\/e-bike-verleih\/#primaryimage","url":"https:\/\/nivegy.com\/wp-content\/uploads\/2023\/11\/E-bike.webp","contentUrl":"https:\/\/nivegy.com\/wp-content\/uploads\/2023\/11\/E-bike.webp","width":1000,"height":1000,"caption":"E-bike"},{"@type":"BreadcrumbList","@id":"https:\/\/nivegy.com\/de\/termek\/e-bike-verleih\/#breadcrumb","itemListElement":[{"@type":"ListItem","position":1,"name":"Kezd\u0151lap","item":"https:\/\/nivegy.com\/de\/"},{"@type":"ListItem","position":2,"name":"E-Bike-Verleih"}]},{"@type":"WebSite","@id":"https:\/\/nivegy.com\/#website","url":"https:\/\/nivegy.com\/","name":"Nivegy.com","description":"Egy v\u00f6lgy, \u00f6t falu, v\u00e9gtelen csoda","potentialAction":[{"@type":"SearchAction","target":{"@type":"EntryPoint","urlTemplate":"https:\/\/nivegy.com\/?s={search_term_string}"},"query-input":{"@type":"PropertyValueSpecification","valueRequired":true,"valueName":"search_term_string"}}],"inLanguage":"de"}]}},"_links":{"self":[{"href":"https:\/\/nivegy.com\/de\/wp-json\/wp\/v2\/product\/4984","targetHints":{"allow":["GET"]}}],"collection":[{"href":"https:\/\/nivegy.com\/de\/wp-json\/wp\/v2\/product"}],"about":[{"href":"https:\/\/nivegy.com\/de\/wp-json\/wp\/v2\/types\/product"}],"replies":[{"embeddable":true,"href":"https:\/\/nivegy.com\/de\/wp-json\/wp\/v2\/comments?post=4984"}],"wp:featuredmedia":[{"embeddable":true,"href":"https:\/\/nivegy.com\/de\/wp-json\/wp\/v2\/media\/4653"}],"wp:attachment":[{"href":"https:\/\/nivegy.com\/de\/wp-json\/wp\/v2\/media?parent=4984"}],"wp:term":[{"taxonomy":"product_brand","embeddable":true,"href":"https:\/\/nivegy.com\/de\/wp-json\/wp\/v2\/product_brand?post=4984"},{"taxonomy":"product_cat","embeddable":true,"href":"https:\/\/nivegy.com\/de\/wp-json\/wp\/v2\/product_cat?post=4984"},{"taxonomy":"product_tag","embeddable":true,"href":"https:\/\/nivegy.com\/de\/wp-json\/wp\/v2\/product_tag?post=4984"}],"curies":[{"name":"wp","href":"https:\/\/api.w.org\/{rel}","templated":true}]}}