{"id":4983,"date":"2023-06-28T16:06:20","date_gmt":"2023-06-28T16:06:20","guid":{"rendered":"https:\/\/nivegy.com\/?post_type=product&#038;p=4983"},"modified":"2025-07-18T14:06:47","modified_gmt":"2025-07-18T14:06:47","slug":"csicso-keramik","status":"publish","type":"product","link":"https:\/\/nivegy.com\/de\/termek\/csicso-keramik\/","title":{"rendered":"Csics\u00f3 Keramik"},"content":{"rendered":"<p><strong>An einem Ort geboren zu werden, zu leben und zu arbeiten, an dem man noch mit der Welt um einen herum atmet, ist ein seltenes Privileg.<\/strong><\/p>\n<p>Das <a href=\"https:\/\/nivegy.com\/de\/\">Nivegy-Tal<\/a> im Balaton-Oberland \u2013 unsere Heimat \u2013 ist ein solcher Ort. Die Csics\u00f3 Keramik ist hier, in Balatoncsics\u00f3, seit 30 Jahren als Handwerks- und Familienmanufaktur t\u00e4tig.<\/p>\n<p>Der k\u00fcnstlerische und kreative Leiter ist der Keramiker Ferenc Schmidt, der hier nur als \u201eCsics\u00f3\u201c bekannt ist. Er ist st\u00e4ndig auf der Suche nach den Geheimnissen des Tons, nach der Harmonie, die sich in der Einheit von Farben, Formen und Brenntechniken verbirgt. Die Keramikblumen und -figuren entstehen im Geiste dieses spielerischen kreativen Prozesses.<\/p>\n<p>In der Werkstatt wird Tag f\u00fcr Tag von Hand modelliert, glasiert und gebrannt. \u00c4sthetik und Qualit\u00e4t sind f\u00fcr sie gleicherma\u00dfen wichtig. Die hier Arbeitenden sind \u00fcberzeugt, dass durch ihre H\u00e4nde Keramikobjekte entstehen, die nicht nur ihnen selbst Freude bereiten!<\/p>\n<p>Am Stand der Csics\u00f3 Keramik auf dem Markt Liliomkert in K\u00e1ptalant\u00f3ti kann man die Produkte pers\u00f6nlich erwerben.<br \/>\nAlternativ kann man sie \u00fcber den Webshop bestellen.<\/p>\n<p>Eine Dekoration mit den <a href=\"https:\/\/www.csicsokeramia.hu\/\" target=\"_blank\" rel=\"noopener\">Produkten<\/a> der Csics\u00f3 Keramik l\u00e4sst Ihr Zuhause erbl\u00fchen!<\/p>\n","protected":false},"excerpt":{"rendered":"<p>An einem Ort geboren zu werden, zu leben und zu arbeiten, an dem man noch mit der Welt um einen herum atmet, ist ein seltenes Privileg. Das Nivegy-Tal im Balaton-Oberland \u2013 unsere Heimat \u2013 ist ein solcher Ort. Die Csics\u00f3 Keramik ist hier, in Balatoncsics\u00f3, seit 30 Jahren als Handwerks- und Familienmanufaktur t\u00e4tig. Der k\u00fcnstlerische [&hellip;]<\/p>\n","protected":false},"featured_media":4245,"comment_status":"closed","ping_status":"closed","template":"","meta":{"_acf_changed":false},"product_brand":[],"product_cat":[487],"product_tag":[],"class_list":{"0":"post-4983","1":"product","2":"type-product","3":"status-publish","4":"has-post-thumbnail","6":"product_cat-erzeuger","8":"first","9":"instock","10":"shipping-taxable","11":"product-type-simple"},"acf":[],"yoast_head":"<!-- This site is optimized with the Yoast SEO plugin v27.4 - https:\/\/yoast.com\/product\/yoast-seo-wordpress\/ -->\n<title>Csics\u00f3 Keramik - Nivegy.com<\/title>\n<meta name=\"description\" content=\"Die Csics\u00f3 Keramik ist hier, in Balatoncsics\u00f3, seit 30 Jahren als Handwerks- und Familienmanufaktur t\u00e4tig. Der Keramiker ist Ferenc Schmidt.\" \/>\n<meta name=\"robots\" content=\"index, follow, max-snippet:-1, max-image-preview:large, max-video-preview:-1\" \/>\n<link rel=\"canonical\" href=\"https:\/\/nivegy.com\/de\/termek\/csicso-keramik\/\" \/>\n<meta property=\"og:locale\" content=\"de_DE\" \/>\n<meta property=\"og:type\" content=\"article\" \/>\n<meta property=\"og:title\" content=\"Csics\u00f3 Keramik - Nivegy.com\" \/>\n<meta property=\"og:description\" content=\"Die Csics\u00f3 Keramik ist hier, in Balatoncsics\u00f3, seit 30 Jahren als Handwerks- und Familienmanufaktur t\u00e4tig. Der Keramiker ist Ferenc Schmidt.\" \/>\n<meta property=\"og:url\" content=\"https:\/\/nivegy.com\/de\/termek\/csicso-keramik\/\" \/>\n<meta property=\"og:site_name\" content=\"Nivegy.com\" \/>\n<meta property=\"article:publisher\" content=\"https:\/\/www.facebook.com\/nivegy\" \/>\n<meta property=\"article:modified_time\" content=\"2025-07-18T14:06:47+00:00\" \/>\n<meta property=\"og:image\" content=\"https:\/\/nivegy.com\/wp-content\/uploads\/2023\/06\/T-csicsokeramia.webp\" \/>\n\t<meta property=\"og:image:width\" content=\"1000\" \/>\n\t<meta property=\"og:image:height\" content=\"1000\" \/>\n\t<meta property=\"og:image:type\" content=\"image\/webp\" \/>\n<meta name=\"twitter:card\" content=\"summary_large_image\" \/>\n<meta name=\"twitter:label1\" content=\"Gesch\u00e4tzte Lesezeit\" \/>\n\t<meta name=\"twitter:data1\" content=\"2\u00a0Minuten\" \/>\n<script type=\"application\/ld+json\" class=\"yoast-schema-graph\">{\"@context\":\"https:\\\/\\\/schema.org\",\"@graph\":[{\"@type\":\"WebPage\",\"@id\":\"https:\\\/\\\/nivegy.com\\\/de\\\/termek\\\/csicso-keramik\\\/\",\"url\":\"https:\\\/\\\/nivegy.com\\\/de\\\/termek\\\/csicso-keramik\\\/\",\"name\":\"Csics\u00f3 Keramik - Nivegy.com\",\"isPartOf\":{\"@id\":\"https:\\\/\\\/nivegy.com\\\/#website\"},\"primaryImageOfPage\":{\"@id\":\"https:\\\/\\\/nivegy.com\\\/de\\\/termek\\\/csicso-keramik\\\/#primaryimage\"},\"image\":{\"@id\":\"https:\\\/\\\/nivegy.com\\\/de\\\/termek\\\/csicso-keramik\\\/#primaryimage\"},\"thumbnailUrl\":\"https:\\\/\\\/nivegy.com\\\/wp-content\\\/uploads\\\/2023\\\/06\\\/T-csicsokeramia.webp\",\"datePublished\":\"2023-06-28T16:06:20+00:00\",\"dateModified\":\"2025-07-18T14:06:47+00:00\",\"description\":\"Die Csics\u00f3 Keramik ist hier, in Balatoncsics\u00f3, seit 30 Jahren als Handwerks- und Familienmanufaktur t\u00e4tig. Der Keramiker ist Ferenc Schmidt.\",\"breadcrumb\":{\"@id\":\"https:\\\/\\\/nivegy.com\\\/de\\\/termek\\\/csicso-keramik\\\/#breadcrumb\"},\"inLanguage\":\"de\",\"potentialAction\":[{\"@type\":\"ReadAction\",\"target\":[\"https:\\\/\\\/nivegy.com\\\/de\\\/termek\\\/csicso-keramik\\\/\"]}]},{\"@type\":\"ImageObject\",\"inLanguage\":\"de\",\"@id\":\"https:\\\/\\\/nivegy.com\\\/de\\\/termek\\\/csicso-keramik\\\/#primaryimage\",\"url\":\"https:\\\/\\\/nivegy.com\\\/wp-content\\\/uploads\\\/2023\\\/06\\\/T-csicsokeramia.webp\",\"contentUrl\":\"https:\\\/\\\/nivegy.com\\\/wp-content\\\/uploads\\\/2023\\\/06\\\/T-csicsokeramia.webp\",\"width\":1000,\"height\":1000,\"caption\":\"Csics\u00f3 Ceramics\"},{\"@type\":\"BreadcrumbList\",\"@id\":\"https:\\\/\\\/nivegy.com\\\/de\\\/termek\\\/csicso-keramik\\\/#breadcrumb\",\"itemListElement\":[{\"@type\":\"ListItem\",\"position\":1,\"name\":\"Kezd\u0151lap\",\"item\":\"https:\\\/\\\/nivegy.com\\\/de\\\/\"},{\"@type\":\"ListItem\",\"position\":2,\"name\":\"Csics\u00f3 Keramik\"}]},{\"@type\":\"WebSite\",\"@id\":\"https:\\\/\\\/nivegy.com\\\/#website\",\"url\":\"https:\\\/\\\/nivegy.com\\\/\",\"name\":\"Nivegy.com\",\"description\":\"Egy v\u00f6lgy, \u00f6t falu, v\u00e9gtelen csoda\",\"potentialAction\":[{\"@type\":\"SearchAction\",\"target\":{\"@type\":\"EntryPoint\",\"urlTemplate\":\"https:\\\/\\\/nivegy.com\\\/?s={search_term_string}\"},\"query-input\":{\"@type\":\"PropertyValueSpecification\",\"valueRequired\":true,\"valueName\":\"search_term_string\"}}],\"inLanguage\":\"de\"}]}<\/script>\n<!-- \/ Yoast SEO plugin. -->","yoast_head_json":{"title":"Csics\u00f3 Keramik - Nivegy.com","description":"Die Csics\u00f3 Keramik ist hier, in Balatoncsics\u00f3, seit 30 Jahren als Handwerks- und Familienmanufaktur t\u00e4tig. Der Keramiker ist Ferenc Schmidt.","robots":{"index":"index","follow":"follow","max-snippet":"max-snippet:-1","max-image-preview":"max-image-preview:large","max-video-preview":"max-video-preview:-1"},"canonical":"https:\/\/nivegy.com\/de\/termek\/csicso-keramik\/","og_locale":"de_DE","og_type":"article","og_title":"Csics\u00f3 Keramik - Nivegy.com","og_description":"Die Csics\u00f3 Keramik ist hier, in Balatoncsics\u00f3, seit 30 Jahren als Handwerks- und Familienmanufaktur t\u00e4tig. Der Keramiker ist Ferenc Schmidt.","og_url":"https:\/\/nivegy.com\/de\/termek\/csicso-keramik\/","og_site_name":"Nivegy.com","article_publisher":"https:\/\/www.facebook.com\/nivegy","article_modified_time":"2025-07-18T14:06:47+00:00","og_image":[{"width":1000,"height":1000,"url":"https:\/\/nivegy.com\/wp-content\/uploads\/2023\/06\/T-csicsokeramia.webp","type":"image\/webp"}],"twitter_card":"summary_large_image","twitter_misc":{"Gesch\u00e4tzte Lesezeit":"2\u00a0Minuten"},"schema":{"@context":"https:\/\/schema.org","@graph":[{"@type":"WebPage","@id":"https:\/\/nivegy.com\/de\/termek\/csicso-keramik\/","url":"https:\/\/nivegy.com\/de\/termek\/csicso-keramik\/","name":"Csics\u00f3 Keramik - Nivegy.com","isPartOf":{"@id":"https:\/\/nivegy.com\/#website"},"primaryImageOfPage":{"@id":"https:\/\/nivegy.com\/de\/termek\/csicso-keramik\/#primaryimage"},"image":{"@id":"https:\/\/nivegy.com\/de\/termek\/csicso-keramik\/#primaryimage"},"thumbnailUrl":"https:\/\/nivegy.com\/wp-content\/uploads\/2023\/06\/T-csicsokeramia.webp","datePublished":"2023-06-28T16:06:20+00:00","dateModified":"2025-07-18T14:06:47+00:00","description":"Die Csics\u00f3 Keramik ist hier, in Balatoncsics\u00f3, seit 30 Jahren als Handwerks- und Familienmanufaktur t\u00e4tig. Der Keramiker ist Ferenc Schmidt.","breadcrumb":{"@id":"https:\/\/nivegy.com\/de\/termek\/csicso-keramik\/#breadcrumb"},"inLanguage":"de","potentialAction":[{"@type":"ReadAction","target":["https:\/\/nivegy.com\/de\/termek\/csicso-keramik\/"]}]},{"@type":"ImageObject","inLanguage":"de","@id":"https:\/\/nivegy.com\/de\/termek\/csicso-keramik\/#primaryimage","url":"https:\/\/nivegy.com\/wp-content\/uploads\/2023\/06\/T-csicsokeramia.webp","contentUrl":"https:\/\/nivegy.com\/wp-content\/uploads\/2023\/06\/T-csicsokeramia.webp","width":1000,"height":1000,"caption":"Csics\u00f3 Ceramics"},{"@type":"BreadcrumbList","@id":"https:\/\/nivegy.com\/de\/termek\/csicso-keramik\/#breadcrumb","itemListElement":[{"@type":"ListItem","position":1,"name":"Kezd\u0151lap","item":"https:\/\/nivegy.com\/de\/"},{"@type":"ListItem","position":2,"name":"Csics\u00f3 Keramik"}]},{"@type":"WebSite","@id":"https:\/\/nivegy.com\/#website","url":"https:\/\/nivegy.com\/","name":"Nivegy.com","description":"Egy v\u00f6lgy, \u00f6t falu, v\u00e9gtelen csoda","potentialAction":[{"@type":"SearchAction","target":{"@type":"EntryPoint","urlTemplate":"https:\/\/nivegy.com\/?s={search_term_string}"},"query-input":{"@type":"PropertyValueSpecification","valueRequired":true,"valueName":"search_term_string"}}],"inLanguage":"de"}]}},"_links":{"self":[{"href":"https:\/\/nivegy.com\/de\/wp-json\/wp\/v2\/product\/4983","targetHints":{"allow":["GET"]}}],"collection":[{"href":"https:\/\/nivegy.com\/de\/wp-json\/wp\/v2\/product"}],"about":[{"href":"https:\/\/nivegy.com\/de\/wp-json\/wp\/v2\/types\/product"}],"replies":[{"embeddable":true,"href":"https:\/\/nivegy.com\/de\/wp-json\/wp\/v2\/comments?post=4983"}],"wp:featuredmedia":[{"embeddable":true,"href":"https:\/\/nivegy.com\/de\/wp-json\/wp\/v2\/media\/4245"}],"wp:attachment":[{"href":"https:\/\/nivegy.com\/de\/wp-json\/wp\/v2\/media?parent=4983"}],"wp:term":[{"taxonomy":"product_brand","embeddable":true,"href":"https:\/\/nivegy.com\/de\/wp-json\/wp\/v2\/product_brand?post=4983"},{"taxonomy":"product_cat","embeddable":true,"href":"https:\/\/nivegy.com\/de\/wp-json\/wp\/v2\/product_cat?post=4983"},{"taxonomy":"product_tag","embeddable":true,"href":"https:\/\/nivegy.com\/de\/wp-json\/wp\/v2\/product_tag?post=4983"}],"curies":[{"name":"wp","href":"https:\/\/api.w.org\/{rel}","templated":true}]}}