{"id":4982,"date":"2023-10-06T10:44:05","date_gmt":"2023-10-06T10:44:05","guid":{"rendered":"https:\/\/nivegy.com\/?post_type=product&#038;p=4982"},"modified":"2024-03-07T15:33:48","modified_gmt":"2024-03-07T15:33:48","slug":"fruehstueckslieferung","status":"publish","type":"product","link":"https:\/\/nivegy.com\/de\/termek\/fruehstueckslieferung\/","title":{"rendered":"Der Korb von Frau R\u00f3ka"},"content":{"rendered":"<p><strong>R\u00f3k\u00e1n\u00e9 Kosara bietet eine k\u00f6stliche Welt der Fr\u00fchst\u00fcckslieferung von Erzeugern!<\/strong><\/p>\n<p>Das frischeste gastronomische Erlebnis aus dem Nivegy-Tal und seiner Umgebung! Der Service von <a href=\"https:\/\/rokanekosara.hu\/\">R\u00f3k\u00e1n\u00e9 Kosara<\/a> liefert Ihnen jeden Tag ein leckeres Fr\u00fchst\u00fcck mit Produkten von Erzeugern nach Hause.<\/p>\n<p>Ein Urlaub mit gem\u00fctlichem Fr\u00fchst\u00fcck, Kaffee im Bett und k\u00f6stlichen H\u00e4ppchen, alles mit gesunden und frischen Produkten. Das Fr\u00fchst\u00fcck wird mit frischen Zutaten zubereitet, die von lokalen Erzeugern bezogen werden. Gesunde und zusatzstofffreie Lebensmittel geben Ihnen nicht nur Energie, sondern auch den Start in einen guten Tag.<\/p>\n<p>Die feinsten Aromen des Nivegy-Tals und seiner Umgebung: Die von Bergen umgebene Gegend liefert die Zutaten. Um die Gemeinschaft zu unterst\u00fctzen, wird hier jeder Bissen von lokalen Erzeugern aus einem Umkreis von bis zu 20 Kilometern bezogen.<br \/>\nFrische und Gesundheit in jedem Bissen!<\/p>\n<p><strong>Auslieferungen erfolgen nach:<\/strong> Balatoncsics\u00f3, Balatonszepezd, Monoszl\u00f3, \u00d3budav\u00e1r, Szentantalfa, Szentjakabfa, Tagyon, Z\u00e1nka<\/p>\n<h4>SORTIMENT DER K\u00d6RBE:<\/h4>\n<p>Gourmet-Korb, Nivegy-Korb, Premium-Korb<\/p>\n","protected":false},"excerpt":{"rendered":"<p>R\u00f3k\u00e1n\u00e9 Kosara bietet eine k\u00f6stliche Welt der Fr\u00fchst\u00fcckslieferung von Erzeugern! Das frischeste gastronomische Erlebnis aus dem Nivegy-Tal und seiner Umgebung! Der Service von R\u00f3k\u00e1n\u00e9 Kosara liefert Ihnen jeden Tag ein leckeres Fr\u00fchst\u00fcck mit Produkten von Erzeugern nach Hause. Ein Urlaub mit gem\u00fctlichem Fr\u00fchst\u00fcck, Kaffee im Bett und k\u00f6stlichen H\u00e4ppchen, alles mit gesunden und frischen Produkten. [&hellip;]<\/p>\n","protected":false},"featured_media":4379,"comment_status":"open","ping_status":"closed","template":"","meta":{"_acf_changed":false},"product_brand":[],"product_cat":[482],"product_tag":[],"class_list":{"0":"post-4982","1":"product","2":"type-product","3":"status-publish","4":"has-post-thumbnail","6":"product_cat-gastronomie","8":"first","9":"instock","10":"shipping-taxable","11":"product-type-simple"},"acf":[],"yoast_head":"<!-- This site is optimized with the Yoast SEO plugin v27.4 - https:\/\/yoast.com\/product\/yoast-seo-wordpress\/ -->\n<title>Fr\u00fchst\u00fcckslieferung - Nivegy.com<\/title>\n<meta name=\"description\" content=\"R\u00f3k\u00e1n\u00e9 Kosara bietet eine k\u00f6stliche Welt der Fr\u00fchst\u00fcckslieferung von Erzeugern! Auslieferungen erfolgen nach: Nivegy-Tal, Balatonszepezd, Monoszl\u00f3, Z\u00e1nka\" \/>\n<meta name=\"robots\" content=\"index, follow, max-snippet:-1, max-image-preview:large, max-video-preview:-1\" \/>\n<link rel=\"canonical\" href=\"https:\/\/nivegy.com\/de\/termek\/fruehstueckslieferung\/\" \/>\n<meta property=\"og:locale\" content=\"de_DE\" \/>\n<meta property=\"og:type\" content=\"article\" \/>\n<meta property=\"og:title\" content=\"Fr\u00fchst\u00fcckslieferung - Nivegy.com\" \/>\n<meta property=\"og:description\" content=\"R\u00f3k\u00e1n\u00e9 Kosara bietet eine k\u00f6stliche Welt der Fr\u00fchst\u00fcckslieferung von Erzeugern! Auslieferungen erfolgen nach: Nivegy-Tal, Balatonszepezd, Monoszl\u00f3, Z\u00e1nka\" \/>\n<meta property=\"og:url\" content=\"https:\/\/nivegy.com\/de\/termek\/fruehstueckslieferung\/\" \/>\n<meta property=\"og:site_name\" content=\"Nivegy.com\" \/>\n<meta property=\"article:publisher\" content=\"https:\/\/www.facebook.com\/nivegy\" \/>\n<meta property=\"article:modified_time\" content=\"2024-03-07T15:33:48+00:00\" \/>\n<meta property=\"og:image\" content=\"https:\/\/nivegy.com\/wp-content\/uploads\/2023\/10\/Rokane-kosara.webp\" \/>\n\t<meta property=\"og:image:width\" content=\"660\" \/>\n\t<meta property=\"og:image:height\" content=\"659\" \/>\n\t<meta property=\"og:image:type\" content=\"image\/webp\" \/>\n<meta name=\"twitter:card\" content=\"summary_large_image\" \/>\n<meta name=\"twitter:label1\" content=\"Gesch\u00e4tzte Lesezeit\" \/>\n\t<meta name=\"twitter:data1\" content=\"1\u00a0Minute\" \/>\n<script type=\"application\/ld+json\" class=\"yoast-schema-graph\">{\"@context\":\"https:\\\/\\\/schema.org\",\"@graph\":[{\"@type\":\"WebPage\",\"@id\":\"https:\\\/\\\/nivegy.com\\\/de\\\/termek\\\/fruehstueckslieferung\\\/\",\"url\":\"https:\\\/\\\/nivegy.com\\\/de\\\/termek\\\/fruehstueckslieferung\\\/\",\"name\":\"Fr\u00fchst\u00fcckslieferung - Nivegy.com\",\"isPartOf\":{\"@id\":\"https:\\\/\\\/nivegy.com\\\/#website\"},\"primaryImageOfPage\":{\"@id\":\"https:\\\/\\\/nivegy.com\\\/de\\\/termek\\\/fruehstueckslieferung\\\/#primaryimage\"},\"image\":{\"@id\":\"https:\\\/\\\/nivegy.com\\\/de\\\/termek\\\/fruehstueckslieferung\\\/#primaryimage\"},\"thumbnailUrl\":\"https:\\\/\\\/nivegy.com\\\/wp-content\\\/uploads\\\/2023\\\/10\\\/Rokane-kosara.webp\",\"datePublished\":\"2023-10-06T10:44:05+00:00\",\"dateModified\":\"2024-03-07T15:33:48+00:00\",\"description\":\"R\u00f3k\u00e1n\u00e9 Kosara bietet eine k\u00f6stliche Welt der Fr\u00fchst\u00fcckslieferung von Erzeugern! Auslieferungen erfolgen nach: Nivegy-Tal, Balatonszepezd, Monoszl\u00f3, Z\u00e1nka\",\"breadcrumb\":{\"@id\":\"https:\\\/\\\/nivegy.com\\\/de\\\/termek\\\/fruehstueckslieferung\\\/#breadcrumb\"},\"inLanguage\":\"de\",\"potentialAction\":[{\"@type\":\"ReadAction\",\"target\":[\"https:\\\/\\\/nivegy.com\\\/de\\\/termek\\\/fruehstueckslieferung\\\/\"]}]},{\"@type\":\"ImageObject\",\"inLanguage\":\"de\",\"@id\":\"https:\\\/\\\/nivegy.com\\\/de\\\/termek\\\/fruehstueckslieferung\\\/#primaryimage\",\"url\":\"https:\\\/\\\/nivegy.com\\\/wp-content\\\/uploads\\\/2023\\\/10\\\/Rokane-kosara.webp\",\"contentUrl\":\"https:\\\/\\\/nivegy.com\\\/wp-content\\\/uploads\\\/2023\\\/10\\\/Rokane-kosara.webp\",\"width\":660,\"height\":659},{\"@type\":\"BreadcrumbList\",\"@id\":\"https:\\\/\\\/nivegy.com\\\/de\\\/termek\\\/fruehstueckslieferung\\\/#breadcrumb\",\"itemListElement\":[{\"@type\":\"ListItem\",\"position\":1,\"name\":\"Kezd\u0151lap\",\"item\":\"https:\\\/\\\/nivegy.com\\\/de\\\/\"},{\"@type\":\"ListItem\",\"position\":2,\"name\":\"Der Korb von Frau R\u00f3ka\"}]},{\"@type\":\"WebSite\",\"@id\":\"https:\\\/\\\/nivegy.com\\\/#website\",\"url\":\"https:\\\/\\\/nivegy.com\\\/\",\"name\":\"Nivegy.com\",\"description\":\"Egy v\u00f6lgy, \u00f6t falu, v\u00e9gtelen csoda\",\"potentialAction\":[{\"@type\":\"SearchAction\",\"target\":{\"@type\":\"EntryPoint\",\"urlTemplate\":\"https:\\\/\\\/nivegy.com\\\/?s={search_term_string}\"},\"query-input\":{\"@type\":\"PropertyValueSpecification\",\"valueRequired\":true,\"valueName\":\"search_term_string\"}}],\"inLanguage\":\"de\"}]}<\/script>\n<!-- \/ Yoast SEO plugin. -->","yoast_head_json":{"title":"Fr\u00fchst\u00fcckslieferung - Nivegy.com","description":"R\u00f3k\u00e1n\u00e9 Kosara bietet eine k\u00f6stliche Welt der Fr\u00fchst\u00fcckslieferung von Erzeugern! Auslieferungen erfolgen nach: Nivegy-Tal, Balatonszepezd, Monoszl\u00f3, Z\u00e1nka","robots":{"index":"index","follow":"follow","max-snippet":"max-snippet:-1","max-image-preview":"max-image-preview:large","max-video-preview":"max-video-preview:-1"},"canonical":"https:\/\/nivegy.com\/de\/termek\/fruehstueckslieferung\/","og_locale":"de_DE","og_type":"article","og_title":"Fr\u00fchst\u00fcckslieferung - Nivegy.com","og_description":"R\u00f3k\u00e1n\u00e9 Kosara bietet eine k\u00f6stliche Welt der Fr\u00fchst\u00fcckslieferung von Erzeugern! Auslieferungen erfolgen nach: Nivegy-Tal, Balatonszepezd, Monoszl\u00f3, Z\u00e1nka","og_url":"https:\/\/nivegy.com\/de\/termek\/fruehstueckslieferung\/","og_site_name":"Nivegy.com","article_publisher":"https:\/\/www.facebook.com\/nivegy","article_modified_time":"2024-03-07T15:33:48+00:00","og_image":[{"width":660,"height":659,"url":"https:\/\/nivegy.com\/wp-content\/uploads\/2023\/10\/Rokane-kosara.webp","type":"image\/webp"}],"twitter_card":"summary_large_image","twitter_misc":{"Gesch\u00e4tzte Lesezeit":"1\u00a0Minute"},"schema":{"@context":"https:\/\/schema.org","@graph":[{"@type":"WebPage","@id":"https:\/\/nivegy.com\/de\/termek\/fruehstueckslieferung\/","url":"https:\/\/nivegy.com\/de\/termek\/fruehstueckslieferung\/","name":"Fr\u00fchst\u00fcckslieferung - Nivegy.com","isPartOf":{"@id":"https:\/\/nivegy.com\/#website"},"primaryImageOfPage":{"@id":"https:\/\/nivegy.com\/de\/termek\/fruehstueckslieferung\/#primaryimage"},"image":{"@id":"https:\/\/nivegy.com\/de\/termek\/fruehstueckslieferung\/#primaryimage"},"thumbnailUrl":"https:\/\/nivegy.com\/wp-content\/uploads\/2023\/10\/Rokane-kosara.webp","datePublished":"2023-10-06T10:44:05+00:00","dateModified":"2024-03-07T15:33:48+00:00","description":"R\u00f3k\u00e1n\u00e9 Kosara bietet eine k\u00f6stliche Welt der Fr\u00fchst\u00fcckslieferung von Erzeugern! Auslieferungen erfolgen nach: Nivegy-Tal, Balatonszepezd, Monoszl\u00f3, Z\u00e1nka","breadcrumb":{"@id":"https:\/\/nivegy.com\/de\/termek\/fruehstueckslieferung\/#breadcrumb"},"inLanguage":"de","potentialAction":[{"@type":"ReadAction","target":["https:\/\/nivegy.com\/de\/termek\/fruehstueckslieferung\/"]}]},{"@type":"ImageObject","inLanguage":"de","@id":"https:\/\/nivegy.com\/de\/termek\/fruehstueckslieferung\/#primaryimage","url":"https:\/\/nivegy.com\/wp-content\/uploads\/2023\/10\/Rokane-kosara.webp","contentUrl":"https:\/\/nivegy.com\/wp-content\/uploads\/2023\/10\/Rokane-kosara.webp","width":660,"height":659},{"@type":"BreadcrumbList","@id":"https:\/\/nivegy.com\/de\/termek\/fruehstueckslieferung\/#breadcrumb","itemListElement":[{"@type":"ListItem","position":1,"name":"Kezd\u0151lap","item":"https:\/\/nivegy.com\/de\/"},{"@type":"ListItem","position":2,"name":"Der Korb von Frau R\u00f3ka"}]},{"@type":"WebSite","@id":"https:\/\/nivegy.com\/#website","url":"https:\/\/nivegy.com\/","name":"Nivegy.com","description":"Egy v\u00f6lgy, \u00f6t falu, v\u00e9gtelen csoda","potentialAction":[{"@type":"SearchAction","target":{"@type":"EntryPoint","urlTemplate":"https:\/\/nivegy.com\/?s={search_term_string}"},"query-input":{"@type":"PropertyValueSpecification","valueRequired":true,"valueName":"search_term_string"}}],"inLanguage":"de"}]}},"_links":{"self":[{"href":"https:\/\/nivegy.com\/de\/wp-json\/wp\/v2\/product\/4982","targetHints":{"allow":["GET"]}}],"collection":[{"href":"https:\/\/nivegy.com\/de\/wp-json\/wp\/v2\/product"}],"about":[{"href":"https:\/\/nivegy.com\/de\/wp-json\/wp\/v2\/types\/product"}],"replies":[{"embeddable":true,"href":"https:\/\/nivegy.com\/de\/wp-json\/wp\/v2\/comments?post=4982"}],"wp:featuredmedia":[{"embeddable":true,"href":"https:\/\/nivegy.com\/de\/wp-json\/wp\/v2\/media\/4379"}],"wp:attachment":[{"href":"https:\/\/nivegy.com\/de\/wp-json\/wp\/v2\/media?parent=4982"}],"wp:term":[{"taxonomy":"product_brand","embeddable":true,"href":"https:\/\/nivegy.com\/de\/wp-json\/wp\/v2\/product_brand?post=4982"},{"taxonomy":"product_cat","embeddable":true,"href":"https:\/\/nivegy.com\/de\/wp-json\/wp\/v2\/product_cat?post=4982"},{"taxonomy":"product_tag","embeddable":true,"href":"https:\/\/nivegy.com\/de\/wp-json\/wp\/v2\/product_tag?post=4982"}],"curies":[{"name":"wp","href":"https:\/\/api.w.org\/{rel}","templated":true}]}}