{"id":4981,"date":"2023-06-19T22:33:42","date_gmt":"2023-06-19T22:33:42","guid":{"rendered":"https:\/\/nivegy.com\/?post_type=product&#038;p=4981"},"modified":"2024-06-29T05:59:16","modified_gmt":"2024-06-29T05:59:16","slug":"jugendherberge-nivegy-valley","status":"publish","type":"product","link":"https:\/\/nivegy.com\/de\/termek\/jugendherberge-nivegy-valley\/","title":{"rendered":"Jugendherberge Nivegy Valley"},"content":{"rendered":"<p><strong>Die Jugendherberge Nivegy Valley befindet sich in einer ruhigen, friedlichen, park\u00e4hnlichen Umgebung.<\/strong><\/p>\n<p>Von April bis November bietet sie 3-4-Bett-Unterk\u00fcnfte im Herzen des Tals, in Balatoncsics\u00f3, an. Dank ihrer Kapazit\u00e4t von 50 Betten ist sie ein hervorragendes Haus f\u00fcr Schulausfl\u00fcge, Sommerlager, Erstsemesterlager, Trainingslager.<\/p>\n<p>Wir hei\u00dfen auch Wanderer, Familien und Freunde, Hochzeitsg\u00e4ste, Pilger und Wallfahrer auf dem <a href=\"https:\/\/www.kektura.hu\/okt-szakasz\/okt-06\">Nationalen Blauen<\/a> Weg und dem <a href=\"https:\/\/nivegy.com\/termek\/kerekparut\/\">Panorama-Bringa-Weg<\/a> willkommen, die sich am Rande des Dorfes befinden. Die Herberge verf\u00fcgt \u00fcber eine Selbstversorgerk\u00fcche und einen Speisesaal, der auch als Veranstaltungsort f\u00fcr Aktivit\u00e4ten genutzt werden kann. Auf dem angrenzenden Spielplatz kann man Boule spielen und Speck backen.<\/p>\n","protected":false},"excerpt":{"rendered":"<p>Die Jugendherberge Nivegy Valley befindet sich in einer ruhigen, friedlichen, park\u00e4hnlichen Umgebung. Von April bis November bietet sie 3-4-Bett-Unterk\u00fcnfte im Herzen des Tals, in Balatoncsics\u00f3, an. Dank ihrer Kapazit\u00e4t von 50 Betten ist sie ein hervorragendes Haus f\u00fcr Schulausfl\u00fcge, Sommerlager, Erstsemesterlager, Trainingslager. Wir hei\u00dfen auch Wanderer, Familien und Freunde, Hochzeitsg\u00e4ste, Pilger und Wallfahrer auf dem [&hellip;]<\/p>\n","protected":false},"featured_media":4283,"comment_status":"closed","ping_status":"closed","template":"","meta":{"_acf_changed":false},"product_brand":[],"product_cat":[481],"product_tag":[],"class_list":{"0":"post-4981","1":"product","2":"type-product","3":"status-publish","4":"has-post-thumbnail","6":"product_cat-unterkunft","8":"first","9":"instock","10":"shipping-taxable","11":"product-type-simple"},"acf":[],"yoast_head":"<!-- This site is optimized with the Yoast SEO plugin v27.5 - https:\/\/yoast.com\/product\/yoast-seo-wordpress\/ -->\n<title>Jugendherberge Nivegy Valley - Nivegy.com<\/title>\n<meta name=\"description\" content=\"Die Jugendherberge Nivegy Valley liegt in einer ruhigen, friedlichen Landschaft und bietet von April bis November in Balatoncsics\u00f3.\" \/>\n<meta name=\"robots\" content=\"index, follow, max-snippet:-1, max-image-preview:large, max-video-preview:-1\" \/>\n<link rel=\"canonical\" href=\"https:\/\/nivegy.com\/de\/termek\/jugendherberge-nivegy-valley\/\" \/>\n<meta property=\"og:locale\" content=\"de_DE\" \/>\n<meta property=\"og:type\" content=\"article\" \/>\n<meta property=\"og:title\" content=\"Jugendherberge Nivegy Valley - Nivegy.com\" \/>\n<meta property=\"og:description\" content=\"Die Jugendherberge Nivegy Valley liegt in einer ruhigen, friedlichen Landschaft und bietet von April bis November in Balatoncsics\u00f3.\" \/>\n<meta property=\"og:url\" content=\"https:\/\/nivegy.com\/de\/termek\/jugendherberge-nivegy-valley\/\" \/>\n<meta property=\"og:site_name\" content=\"Nivegy.com\" \/>\n<meta property=\"article:publisher\" content=\"https:\/\/www.facebook.com\/nivegy\" \/>\n<meta property=\"article:modified_time\" content=\"2024-06-29T05:59:16+00:00\" \/>\n<meta property=\"og:image\" content=\"https:\/\/nivegy.com\/wp-content\/uploads\/2023\/06\/Sz-Nivegy-ifi-szallo.webp\" \/>\n\t<meta property=\"og:image:width\" content=\"1000\" \/>\n\t<meta property=\"og:image:height\" content=\"1000\" \/>\n\t<meta property=\"og:image:type\" content=\"image\/webp\" \/>\n<meta name=\"twitter:card\" content=\"summary_large_image\" \/>\n<meta name=\"twitter:label1\" content=\"Gesch\u00e4tzte Lesezeit\" \/>\n\t<meta name=\"twitter:data1\" content=\"1\u00a0Minute\" \/>\n<script type=\"application\/ld+json\" class=\"yoast-schema-graph\">{\"@context\":\"https:\\\/\\\/schema.org\",\"@graph\":[{\"@type\":\"WebPage\",\"@id\":\"https:\\\/\\\/nivegy.com\\\/de\\\/termek\\\/jugendherberge-nivegy-valley\\\/\",\"url\":\"https:\\\/\\\/nivegy.com\\\/de\\\/termek\\\/jugendherberge-nivegy-valley\\\/\",\"name\":\"Jugendherberge Nivegy Valley - Nivegy.com\",\"isPartOf\":{\"@id\":\"https:\\\/\\\/nivegy.com\\\/#website\"},\"primaryImageOfPage\":{\"@id\":\"https:\\\/\\\/nivegy.com\\\/de\\\/termek\\\/jugendherberge-nivegy-valley\\\/#primaryimage\"},\"image\":{\"@id\":\"https:\\\/\\\/nivegy.com\\\/de\\\/termek\\\/jugendherberge-nivegy-valley\\\/#primaryimage\"},\"thumbnailUrl\":\"https:\\\/\\\/nivegy.com\\\/wp-content\\\/uploads\\\/2023\\\/06\\\/Sz-Nivegy-ifi-szallo.webp\",\"datePublished\":\"2023-06-19T22:33:42+00:00\",\"dateModified\":\"2024-06-29T05:59:16+00:00\",\"description\":\"Die Jugendherberge Nivegy Valley liegt in einer ruhigen, friedlichen Landschaft und bietet von April bis November in Balatoncsics\u00f3.\",\"breadcrumb\":{\"@id\":\"https:\\\/\\\/nivegy.com\\\/de\\\/termek\\\/jugendherberge-nivegy-valley\\\/#breadcrumb\"},\"inLanguage\":\"de\",\"potentialAction\":[{\"@type\":\"ReadAction\",\"target\":[\"https:\\\/\\\/nivegy.com\\\/de\\\/termek\\\/jugendherberge-nivegy-valley\\\/\"]}]},{\"@type\":\"ImageObject\",\"inLanguage\":\"de\",\"@id\":\"https:\\\/\\\/nivegy.com\\\/de\\\/termek\\\/jugendherberge-nivegy-valley\\\/#primaryimage\",\"url\":\"https:\\\/\\\/nivegy.com\\\/wp-content\\\/uploads\\\/2023\\\/06\\\/Sz-Nivegy-ifi-szallo.webp\",\"contentUrl\":\"https:\\\/\\\/nivegy.com\\\/wp-content\\\/uploads\\\/2023\\\/06\\\/Sz-Nivegy-ifi-szallo.webp\",\"width\":1000,\"height\":1000},{\"@type\":\"BreadcrumbList\",\"@id\":\"https:\\\/\\\/nivegy.com\\\/de\\\/termek\\\/jugendherberge-nivegy-valley\\\/#breadcrumb\",\"itemListElement\":[{\"@type\":\"ListItem\",\"position\":1,\"name\":\"Kezd\u0151lap\",\"item\":\"https:\\\/\\\/nivegy.com\\\/de\\\/\"},{\"@type\":\"ListItem\",\"position\":2,\"name\":\"Jugendherberge Nivegy Valley\"}]},{\"@type\":\"WebSite\",\"@id\":\"https:\\\/\\\/nivegy.com\\\/#website\",\"url\":\"https:\\\/\\\/nivegy.com\\\/\",\"name\":\"Nivegy.com\",\"description\":\"Egy v\u00f6lgy, \u00f6t falu, v\u00e9gtelen csoda\",\"potentialAction\":[{\"@type\":\"SearchAction\",\"target\":{\"@type\":\"EntryPoint\",\"urlTemplate\":\"https:\\\/\\\/nivegy.com\\\/?s={search_term_string}\"},\"query-input\":{\"@type\":\"PropertyValueSpecification\",\"valueRequired\":true,\"valueName\":\"search_term_string\"}}],\"inLanguage\":\"de\"}]}<\/script>\n<!-- \/ Yoast SEO plugin. -->","yoast_head_json":{"title":"Jugendherberge Nivegy Valley - Nivegy.com","description":"Die Jugendherberge Nivegy Valley liegt in einer ruhigen, friedlichen Landschaft und bietet von April bis November in Balatoncsics\u00f3.","robots":{"index":"index","follow":"follow","max-snippet":"max-snippet:-1","max-image-preview":"max-image-preview:large","max-video-preview":"max-video-preview:-1"},"canonical":"https:\/\/nivegy.com\/de\/termek\/jugendherberge-nivegy-valley\/","og_locale":"de_DE","og_type":"article","og_title":"Jugendherberge Nivegy Valley - Nivegy.com","og_description":"Die Jugendherberge Nivegy Valley liegt in einer ruhigen, friedlichen Landschaft und bietet von April bis November in Balatoncsics\u00f3.","og_url":"https:\/\/nivegy.com\/de\/termek\/jugendherberge-nivegy-valley\/","og_site_name":"Nivegy.com","article_publisher":"https:\/\/www.facebook.com\/nivegy","article_modified_time":"2024-06-29T05:59:16+00:00","og_image":[{"width":1000,"height":1000,"url":"https:\/\/nivegy.com\/wp-content\/uploads\/2023\/06\/Sz-Nivegy-ifi-szallo.webp","type":"image\/webp"}],"twitter_card":"summary_large_image","twitter_misc":{"Gesch\u00e4tzte Lesezeit":"1\u00a0Minute"},"schema":{"@context":"https:\/\/schema.org","@graph":[{"@type":"WebPage","@id":"https:\/\/nivegy.com\/de\/termek\/jugendherberge-nivegy-valley\/","url":"https:\/\/nivegy.com\/de\/termek\/jugendherberge-nivegy-valley\/","name":"Jugendherberge Nivegy Valley - Nivegy.com","isPartOf":{"@id":"https:\/\/nivegy.com\/#website"},"primaryImageOfPage":{"@id":"https:\/\/nivegy.com\/de\/termek\/jugendherberge-nivegy-valley\/#primaryimage"},"image":{"@id":"https:\/\/nivegy.com\/de\/termek\/jugendherberge-nivegy-valley\/#primaryimage"},"thumbnailUrl":"https:\/\/nivegy.com\/wp-content\/uploads\/2023\/06\/Sz-Nivegy-ifi-szallo.webp","datePublished":"2023-06-19T22:33:42+00:00","dateModified":"2024-06-29T05:59:16+00:00","description":"Die Jugendherberge Nivegy Valley liegt in einer ruhigen, friedlichen Landschaft und bietet von April bis November in Balatoncsics\u00f3.","breadcrumb":{"@id":"https:\/\/nivegy.com\/de\/termek\/jugendherberge-nivegy-valley\/#breadcrumb"},"inLanguage":"de","potentialAction":[{"@type":"ReadAction","target":["https:\/\/nivegy.com\/de\/termek\/jugendherberge-nivegy-valley\/"]}]},{"@type":"ImageObject","inLanguage":"de","@id":"https:\/\/nivegy.com\/de\/termek\/jugendherberge-nivegy-valley\/#primaryimage","url":"https:\/\/nivegy.com\/wp-content\/uploads\/2023\/06\/Sz-Nivegy-ifi-szallo.webp","contentUrl":"https:\/\/nivegy.com\/wp-content\/uploads\/2023\/06\/Sz-Nivegy-ifi-szallo.webp","width":1000,"height":1000},{"@type":"BreadcrumbList","@id":"https:\/\/nivegy.com\/de\/termek\/jugendherberge-nivegy-valley\/#breadcrumb","itemListElement":[{"@type":"ListItem","position":1,"name":"Kezd\u0151lap","item":"https:\/\/nivegy.com\/de\/"},{"@type":"ListItem","position":2,"name":"Jugendherberge Nivegy Valley"}]},{"@type":"WebSite","@id":"https:\/\/nivegy.com\/#website","url":"https:\/\/nivegy.com\/","name":"Nivegy.com","description":"Egy v\u00f6lgy, \u00f6t falu, v\u00e9gtelen csoda","potentialAction":[{"@type":"SearchAction","target":{"@type":"EntryPoint","urlTemplate":"https:\/\/nivegy.com\/?s={search_term_string}"},"query-input":{"@type":"PropertyValueSpecification","valueRequired":true,"valueName":"search_term_string"}}],"inLanguage":"de"}]}},"_links":{"self":[{"href":"https:\/\/nivegy.com\/de\/wp-json\/wp\/v2\/product\/4981","targetHints":{"allow":["GET"]}}],"collection":[{"href":"https:\/\/nivegy.com\/de\/wp-json\/wp\/v2\/product"}],"about":[{"href":"https:\/\/nivegy.com\/de\/wp-json\/wp\/v2\/types\/product"}],"replies":[{"embeddable":true,"href":"https:\/\/nivegy.com\/de\/wp-json\/wp\/v2\/comments?post=4981"}],"wp:featuredmedia":[{"embeddable":true,"href":"https:\/\/nivegy.com\/de\/wp-json\/wp\/v2\/media\/4283"}],"wp:attachment":[{"href":"https:\/\/nivegy.com\/de\/wp-json\/wp\/v2\/media?parent=4981"}],"wp:term":[{"taxonomy":"product_brand","embeddable":true,"href":"https:\/\/nivegy.com\/de\/wp-json\/wp\/v2\/product_brand?post=4981"},{"taxonomy":"product_cat","embeddable":true,"href":"https:\/\/nivegy.com\/de\/wp-json\/wp\/v2\/product_cat?post=4981"},{"taxonomy":"product_tag","embeddable":true,"href":"https:\/\/nivegy.com\/de\/wp-json\/wp\/v2\/product_tag?post=4981"}],"curies":[{"name":"wp","href":"https:\/\/api.w.org\/{rel}","templated":true}]}}