{"id":4979,"date":"2023-06-14T14:33:31","date_gmt":"2023-06-14T14:33:31","guid":{"rendered":"https:\/\/nivegy.com\/?post_type=product&#038;p=4979"},"modified":"2025-07-20T15:16:05","modified_gmt":"2025-07-20T15:16:05","slug":"kisskeller","status":"publish","type":"product","link":"https:\/\/nivegy.com\/de\/termek\/kisskeller\/","title":{"rendered":"kisskeller"},"content":{"rendered":"<p><strong>Die Kisskellerei ist ein kleines Familienweingut mit einer Fl\u00e4che von 4 Hektar. Die Weinberge befinden sich im malerischen <a href=\"https:\/\/nivegy.com\/de\/\">Nivegy-Tal<\/a>, einem der sch\u00f6nsten Teile des Balaton-Oberlandes.<\/strong><\/p>\n<p>Der Keller und auch ihr Wohnsitz befinden sich in der Mitte des Tals: in Szentantalfa. Wie bei so vielen Weing\u00fctern in der Region ist der Weinanbau auch hier eine Familientradition. F\u00fcr Csabi Kiss, den Eigent\u00fcmer, sind Trauben und Wein seit jeher der Mittelpunkt seines Lebens. Seine Weinkellerei befindet sich immer noch im Keller seiner Gro\u00dfeltern, obwohl seine Weine jetzt mit moderner Technologie hergestellt werden, mit reduktiver und Fassreifung.<\/p>\n<p>Seit 2019 umfasst das Weinsortiment der Kisskellerei auch flaschenvergorene, hochwertige Furmint- und Ros\u00e9-<a href=\"https:\/\/www.kisspince.com\/pezsgok-177\">Sekte<\/a>, die aus Trauben der Weinregion Balatonf\u00fcred-Csopak hergestellt werden.<\/p>\n<h4>Weinauswahl<\/h4>\n<p>Cabernet Sauvignon, Chardonnay, Juhfark, Blaufr\u00e4nkisch, K\u00e9knyel\u0171, Welschriesling, Riesling<\/p>\n","protected":false},"excerpt":{"rendered":"<p>Die Kisskellerei ist ein kleines Familienweingut mit einer Fl\u00e4che von 4 Hektar. Die Weinberge befinden sich im malerischen Nivegy-Tal, einem der sch\u00f6nsten Teile des Balaton-Oberlandes. Der Keller und auch ihr Wohnsitz befinden sich in der Mitte des Tals: in Szentantalfa. Wie bei so vielen Weing\u00fctern in der Region ist der Weinanbau auch hier eine Familientradition. [&hellip;]<\/p>\n","protected":false},"featured_media":5960,"comment_status":"closed","ping_status":"closed","template":"","meta":{"_acf_changed":false},"product_brand":[],"product_cat":[480],"product_tag":[],"class_list":{"0":"post-4979","1":"product","2":"type-product","3":"status-publish","4":"has-post-thumbnail","6":"product_cat-keller","8":"first","9":"instock","10":"shipping-taxable","11":"product-type-simple"},"acf":[],"yoast_head":"<!-- This site is optimized with the Yoast SEO plugin v27.4 - https:\/\/yoast.com\/product\/yoast-seo-wordpress\/ -->\n<title>Kisskellerei - Nivegy.com<\/title>\n<meta name=\"description\" content=\"Die Kisskellerei ist ein kleines Familienweingut mit einer Fl\u00e4che von 4 Hektar. Die Weinberge befinden sich im malerischen Nivegy-Tal, ...\" \/>\n<meta name=\"robots\" content=\"index, follow, max-snippet:-1, max-image-preview:large, max-video-preview:-1\" \/>\n<link rel=\"canonical\" href=\"https:\/\/nivegy.com\/de\/termek\/kisskeller\/\" \/>\n<meta property=\"og:locale\" content=\"de_DE\" \/>\n<meta property=\"og:type\" content=\"article\" \/>\n<meta property=\"og:title\" content=\"Kisskellerei - Nivegy.com\" \/>\n<meta property=\"og:description\" content=\"Die Kisskellerei ist ein kleines Familienweingut mit einer Fl\u00e4che von 4 Hektar. Die Weinberge befinden sich im malerischen Nivegy-Tal, ...\" \/>\n<meta property=\"og:url\" content=\"https:\/\/nivegy.com\/de\/termek\/kisskeller\/\" \/>\n<meta property=\"og:site_name\" content=\"Nivegy.com\" \/>\n<meta property=\"article:publisher\" content=\"https:\/\/www.facebook.com\/nivegy\" \/>\n<meta property=\"article:modified_time\" content=\"2025-07-20T15:16:05+00:00\" \/>\n<meta property=\"og:image\" content=\"https:\/\/nivegy.com\/wp-content\/uploads\/2023\/06\/kisspince-kisswinery-1.webp\" \/>\n\t<meta property=\"og:image:width\" content=\"800\" \/>\n\t<meta property=\"og:image:height\" content=\"800\" \/>\n\t<meta property=\"og:image:type\" content=\"image\/webp\" \/>\n<meta name=\"twitter:card\" content=\"summary_large_image\" \/>\n<meta name=\"twitter:label1\" content=\"Gesch\u00e4tzte Lesezeit\" \/>\n\t<meta name=\"twitter:data1\" content=\"1\u00a0Minute\" \/>\n<script type=\"application\/ld+json\" class=\"yoast-schema-graph\">{\"@context\":\"https:\\\/\\\/schema.org\",\"@graph\":[{\"@type\":\"WebPage\",\"@id\":\"https:\\\/\\\/nivegy.com\\\/de\\\/termek\\\/kisskeller\\\/\",\"url\":\"https:\\\/\\\/nivegy.com\\\/de\\\/termek\\\/kisskeller\\\/\",\"name\":\"Kisskellerei - Nivegy.com\",\"isPartOf\":{\"@id\":\"https:\\\/\\\/nivegy.com\\\/#website\"},\"primaryImageOfPage\":{\"@id\":\"https:\\\/\\\/nivegy.com\\\/de\\\/termek\\\/kisskeller\\\/#primaryimage\"},\"image\":{\"@id\":\"https:\\\/\\\/nivegy.com\\\/de\\\/termek\\\/kisskeller\\\/#primaryimage\"},\"thumbnailUrl\":\"https:\\\/\\\/nivegy.com\\\/wp-content\\\/uploads\\\/2023\\\/06\\\/kisspince-kisswinery-1.webp\",\"datePublished\":\"2023-06-14T14:33:31+00:00\",\"dateModified\":\"2025-07-20T15:16:05+00:00\",\"description\":\"Die Kisskellerei ist ein kleines Familienweingut mit einer Fl\u00e4che von 4 Hektar. Die Weinberge befinden sich im malerischen Nivegy-Tal, ...\",\"breadcrumb\":{\"@id\":\"https:\\\/\\\/nivegy.com\\\/de\\\/termek\\\/kisskeller\\\/#breadcrumb\"},\"inLanguage\":\"de\",\"potentialAction\":[{\"@type\":\"ReadAction\",\"target\":[\"https:\\\/\\\/nivegy.com\\\/de\\\/termek\\\/kisskeller\\\/\"]}]},{\"@type\":\"ImageObject\",\"inLanguage\":\"de\",\"@id\":\"https:\\\/\\\/nivegy.com\\\/de\\\/termek\\\/kisskeller\\\/#primaryimage\",\"url\":\"https:\\\/\\\/nivegy.com\\\/wp-content\\\/uploads\\\/2023\\\/06\\\/kisspince-kisswinery-1.webp\",\"contentUrl\":\"https:\\\/\\\/nivegy.com\\\/wp-content\\\/uploads\\\/2023\\\/06\\\/kisspince-kisswinery-1.webp\",\"width\":800,\"height\":800,\"caption\":\"kisspince kisswiner\"},{\"@type\":\"BreadcrumbList\",\"@id\":\"https:\\\/\\\/nivegy.com\\\/de\\\/termek\\\/kisskeller\\\/#breadcrumb\",\"itemListElement\":[{\"@type\":\"ListItem\",\"position\":1,\"name\":\"Kezd\u0151lap\",\"item\":\"https:\\\/\\\/nivegy.com\\\/de\\\/\"},{\"@type\":\"ListItem\",\"position\":2,\"name\":\"kisskeller\"}]},{\"@type\":\"WebSite\",\"@id\":\"https:\\\/\\\/nivegy.com\\\/#website\",\"url\":\"https:\\\/\\\/nivegy.com\\\/\",\"name\":\"Nivegy.com\",\"description\":\"Egy v\u00f6lgy, \u00f6t falu, v\u00e9gtelen csoda\",\"potentialAction\":[{\"@type\":\"SearchAction\",\"target\":{\"@type\":\"EntryPoint\",\"urlTemplate\":\"https:\\\/\\\/nivegy.com\\\/?s={search_term_string}\"},\"query-input\":{\"@type\":\"PropertyValueSpecification\",\"valueRequired\":true,\"valueName\":\"search_term_string\"}}],\"inLanguage\":\"de\"}]}<\/script>\n<!-- \/ Yoast SEO plugin. -->","yoast_head_json":{"title":"Kisskellerei - Nivegy.com","description":"Die Kisskellerei ist ein kleines Familienweingut mit einer Fl\u00e4che von 4 Hektar. Die Weinberge befinden sich im malerischen Nivegy-Tal, ...","robots":{"index":"index","follow":"follow","max-snippet":"max-snippet:-1","max-image-preview":"max-image-preview:large","max-video-preview":"max-video-preview:-1"},"canonical":"https:\/\/nivegy.com\/de\/termek\/kisskeller\/","og_locale":"de_DE","og_type":"article","og_title":"Kisskellerei - Nivegy.com","og_description":"Die Kisskellerei ist ein kleines Familienweingut mit einer Fl\u00e4che von 4 Hektar. Die Weinberge befinden sich im malerischen Nivegy-Tal, ...","og_url":"https:\/\/nivegy.com\/de\/termek\/kisskeller\/","og_site_name":"Nivegy.com","article_publisher":"https:\/\/www.facebook.com\/nivegy","article_modified_time":"2025-07-20T15:16:05+00:00","og_image":[{"width":800,"height":800,"url":"https:\/\/nivegy.com\/wp-content\/uploads\/2023\/06\/kisspince-kisswinery-1.webp","type":"image\/webp"}],"twitter_card":"summary_large_image","twitter_misc":{"Gesch\u00e4tzte Lesezeit":"1\u00a0Minute"},"schema":{"@context":"https:\/\/schema.org","@graph":[{"@type":"WebPage","@id":"https:\/\/nivegy.com\/de\/termek\/kisskeller\/","url":"https:\/\/nivegy.com\/de\/termek\/kisskeller\/","name":"Kisskellerei - Nivegy.com","isPartOf":{"@id":"https:\/\/nivegy.com\/#website"},"primaryImageOfPage":{"@id":"https:\/\/nivegy.com\/de\/termek\/kisskeller\/#primaryimage"},"image":{"@id":"https:\/\/nivegy.com\/de\/termek\/kisskeller\/#primaryimage"},"thumbnailUrl":"https:\/\/nivegy.com\/wp-content\/uploads\/2023\/06\/kisspince-kisswinery-1.webp","datePublished":"2023-06-14T14:33:31+00:00","dateModified":"2025-07-20T15:16:05+00:00","description":"Die Kisskellerei ist ein kleines Familienweingut mit einer Fl\u00e4che von 4 Hektar. Die Weinberge befinden sich im malerischen Nivegy-Tal, ...","breadcrumb":{"@id":"https:\/\/nivegy.com\/de\/termek\/kisskeller\/#breadcrumb"},"inLanguage":"de","potentialAction":[{"@type":"ReadAction","target":["https:\/\/nivegy.com\/de\/termek\/kisskeller\/"]}]},{"@type":"ImageObject","inLanguage":"de","@id":"https:\/\/nivegy.com\/de\/termek\/kisskeller\/#primaryimage","url":"https:\/\/nivegy.com\/wp-content\/uploads\/2023\/06\/kisspince-kisswinery-1.webp","contentUrl":"https:\/\/nivegy.com\/wp-content\/uploads\/2023\/06\/kisspince-kisswinery-1.webp","width":800,"height":800,"caption":"kisspince kisswiner"},{"@type":"BreadcrumbList","@id":"https:\/\/nivegy.com\/de\/termek\/kisskeller\/#breadcrumb","itemListElement":[{"@type":"ListItem","position":1,"name":"Kezd\u0151lap","item":"https:\/\/nivegy.com\/de\/"},{"@type":"ListItem","position":2,"name":"kisskeller"}]},{"@type":"WebSite","@id":"https:\/\/nivegy.com\/#website","url":"https:\/\/nivegy.com\/","name":"Nivegy.com","description":"Egy v\u00f6lgy, \u00f6t falu, v\u00e9gtelen csoda","potentialAction":[{"@type":"SearchAction","target":{"@type":"EntryPoint","urlTemplate":"https:\/\/nivegy.com\/?s={search_term_string}"},"query-input":{"@type":"PropertyValueSpecification","valueRequired":true,"valueName":"search_term_string"}}],"inLanguage":"de"}]}},"_links":{"self":[{"href":"https:\/\/nivegy.com\/de\/wp-json\/wp\/v2\/product\/4979","targetHints":{"allow":["GET"]}}],"collection":[{"href":"https:\/\/nivegy.com\/de\/wp-json\/wp\/v2\/product"}],"about":[{"href":"https:\/\/nivegy.com\/de\/wp-json\/wp\/v2\/types\/product"}],"replies":[{"embeddable":true,"href":"https:\/\/nivegy.com\/de\/wp-json\/wp\/v2\/comments?post=4979"}],"wp:featuredmedia":[{"embeddable":true,"href":"https:\/\/nivegy.com\/de\/wp-json\/wp\/v2\/media\/5960"}],"wp:attachment":[{"href":"https:\/\/nivegy.com\/de\/wp-json\/wp\/v2\/media?parent=4979"}],"wp:term":[{"taxonomy":"product_brand","embeddable":true,"href":"https:\/\/nivegy.com\/de\/wp-json\/wp\/v2\/product_brand?post=4979"},{"taxonomy":"product_cat","embeddable":true,"href":"https:\/\/nivegy.com\/de\/wp-json\/wp\/v2\/product_cat?post=4979"},{"taxonomy":"product_tag","embeddable":true,"href":"https:\/\/nivegy.com\/de\/wp-json\/wp\/v2\/product_tag?post=4979"}],"curies":[{"name":"wp","href":"https:\/\/api.w.org\/{rel}","templated":true}]}}