{"id":4914,"date":"2023-05-15T18:20:58","date_gmt":"2023-05-15T18:20:58","guid":{"rendered":"https:\/\/nivegy.com\/impresszum\/"},"modified":"2024-08-05T12:11:20","modified_gmt":"2024-08-05T12:11:20","slug":"impresszum","status":"publish","type":"page","link":"https:\/\/nivegy.com\/de\/impresszum\/","title":{"rendered":"Impressum"},"content":{"rendered":"<h3>Der Betreiber der Website<\/h3>\n<p><strong>R\u00f3ka \u00c1d\u00e1m Einzelunternehmer<\/strong><br \/>\n<i class=\"fas fa-home fa-fw\"><\/i> 8272 Balatoncsics\u00f3, Gy\u00f6ngyvir\u00e1g Strasse 12.<br \/>\n<i class=\"fas fa-phone fa-fw\"><\/i> + 36 20 565 7910<br \/>\n<i class=\"fas fa-at fa-fw\"><\/i> <a title=\"\" href=\"mailto:adam@nivegy.com\"> adam@nivegy.com<\/a><br \/>\n<strong>Steuernummer:<\/strong> 41839566-1-39<br \/>\n<strong>Registernummer:<\/strong> 58092624<br \/>\n<strong>Name der Registrierungsstelle:<\/strong> Regierungsstelle des Komitats Veszpr\u00e9m<\/p>\n<h3>Hostingdiensteanbieter<\/h3>\n<p><strong>Rackforest Zrt.<\/strong><br \/>\n<i class=\"fas fa-home fa-fw\"><\/i> 1132 Budapest, Victor Hugo Strasse 11., 5. Stock B05001<br \/>\n<i class=\"fas fa-phone fa-fw\"><\/i> + 36 1 211 0044<br \/>\n<i class=\"fas fa-at fa-fw\"><\/i> <a title=\"\" href=\"mailto:info@rackforest.hu\">info@rackforest.hu<\/a><br \/>\n<i class=\"fab fa-safari\"><\/i> <a title=\"\" href=\"https:\/\/rackforest.com\/\">https:\/\/www.rackforest.com<\/a><\/p>\n","protected":false},"excerpt":{"rendered":"<p>Der Betreiber der Website R\u00f3ka \u00c1d\u00e1m Einzelunternehmer 8272 Balatoncsics\u00f3, Gy\u00f6ngyvir\u00e1g Strasse 12. + 36 20 565 7910 adam@nivegy.com Steuernummer: 41839566-1-39 Registernummer: 58092624 Name der Registrierungsstelle: Regierungsstelle des Komitats Veszpr\u00e9m Hostingdiensteanbieter Rackforest Zrt. 1132 Budapest, Victor Hugo Strasse 11., 5. Stock B05001 + 36 1 211 0044 info@rackforest.hu https:\/\/www.rackforest.com<\/p>\n","protected":false},"author":1,"featured_media":0,"parent":0,"menu_order":0,"comment_status":"closed","ping_status":"closed","template":"page-en.php","meta":{"_acf_changed":false,"footnotes":""},"class_list":["post-4914","page","type-page","status-publish","hentry"],"acf":[],"yoast_head":"<!-- This site is optimized with the Yoast SEO plugin v27.4 - https:\/\/yoast.com\/product\/yoast-seo-wordpress\/ -->\n<title>Impressum - Nivegy.com<\/title>\n<meta name=\"description\" content=\"Impresszum fel\u00fclet\u00fcnk\u00f6n megtal\u00e1lhat\u00f3 a weboldalt \u00fczemeltet\u0151k \u00e9s a t\u00e1rhelyszolg\u00e1ltat\u00f3 telefonos, illetve az elektronikus el\u00e9rhet\u0151s\u00e9ge is.\" \/>\n<meta name=\"robots\" content=\"index, follow, max-snippet:-1, max-image-preview:large, max-video-preview:-1\" \/>\n<link rel=\"canonical\" href=\"https:\/\/nivegy.com\/de\/impresszum\/\" \/>\n<meta property=\"og:locale\" content=\"de_DE\" \/>\n<meta property=\"og:type\" content=\"article\" \/>\n<meta property=\"og:title\" content=\"Impressum - Nivegy.com\" \/>\n<meta property=\"og:description\" content=\"Impresszum fel\u00fclet\u00fcnk\u00f6n megtal\u00e1lhat\u00f3 a weboldalt \u00fczemeltet\u0151k \u00e9s a t\u00e1rhelyszolg\u00e1ltat\u00f3 telefonos, illetve az elektronikus el\u00e9rhet\u0151s\u00e9ge is.\" \/>\n<meta property=\"og:url\" content=\"https:\/\/nivegy.com\/de\/impresszum\/\" \/>\n<meta property=\"og:site_name\" content=\"Nivegy.com\" \/>\n<meta property=\"article:publisher\" content=\"https:\/\/www.facebook.com\/nivegy\" \/>\n<meta property=\"article:modified_time\" content=\"2024-08-05T12:11:20+00:00\" \/>\n<meta name=\"twitter:card\" content=\"summary_large_image\" \/>\n<meta name=\"twitter:label1\" content=\"Gesch\u00e4tzte Lesezeit\" \/>\n\t<meta name=\"twitter:data1\" content=\"1\u00a0Minute\" \/>\n<script type=\"application\/ld+json\" class=\"yoast-schema-graph\">{\"@context\":\"https:\\\/\\\/schema.org\",\"@graph\":[{\"@type\":\"WebPage\",\"@id\":\"https:\\\/\\\/nivegy.com\\\/de\\\/impresszum\\\/\",\"url\":\"https:\\\/\\\/nivegy.com\\\/de\\\/impresszum\\\/\",\"name\":\"Impressum - Nivegy.com\",\"isPartOf\":{\"@id\":\"https:\\\/\\\/nivegy.com\\\/#website\"},\"datePublished\":\"2023-05-15T18:20:58+00:00\",\"dateModified\":\"2024-08-05T12:11:20+00:00\",\"description\":\"Impresszum fel\u00fclet\u00fcnk\u00f6n megtal\u00e1lhat\u00f3 a weboldalt \u00fczemeltet\u0151k \u00e9s a t\u00e1rhelyszolg\u00e1ltat\u00f3 telefonos, illetve az elektronikus el\u00e9rhet\u0151s\u00e9ge is.\",\"breadcrumb\":{\"@id\":\"https:\\\/\\\/nivegy.com\\\/de\\\/impresszum\\\/#breadcrumb\"},\"inLanguage\":\"de\",\"potentialAction\":[{\"@type\":\"ReadAction\",\"target\":[\"https:\\\/\\\/nivegy.com\\\/de\\\/impresszum\\\/\"]}]},{\"@type\":\"BreadcrumbList\",\"@id\":\"https:\\\/\\\/nivegy.com\\\/de\\\/impresszum\\\/#breadcrumb\",\"itemListElement\":[{\"@type\":\"ListItem\",\"position\":1,\"name\":\"Kezd\u0151lap\",\"item\":\"https:\\\/\\\/nivegy.com\\\/de\\\/\"},{\"@type\":\"ListItem\",\"position\":2,\"name\":\"Impressum\"}]},{\"@type\":\"WebSite\",\"@id\":\"https:\\\/\\\/nivegy.com\\\/#website\",\"url\":\"https:\\\/\\\/nivegy.com\\\/\",\"name\":\"Nivegy.com\",\"description\":\"Egy v\u00f6lgy, \u00f6t falu, v\u00e9gtelen csoda\",\"potentialAction\":[{\"@type\":\"SearchAction\",\"target\":{\"@type\":\"EntryPoint\",\"urlTemplate\":\"https:\\\/\\\/nivegy.com\\\/?s={search_term_string}\"},\"query-input\":{\"@type\":\"PropertyValueSpecification\",\"valueRequired\":true,\"valueName\":\"search_term_string\"}}],\"inLanguage\":\"de\"}]}<\/script>\n<!-- \/ Yoast SEO plugin. -->","yoast_head_json":{"title":"Impressum - Nivegy.com","description":"Impresszum fel\u00fclet\u00fcnk\u00f6n megtal\u00e1lhat\u00f3 a weboldalt \u00fczemeltet\u0151k \u00e9s a t\u00e1rhelyszolg\u00e1ltat\u00f3 telefonos, illetve az elektronikus el\u00e9rhet\u0151s\u00e9ge is.","robots":{"index":"index","follow":"follow","max-snippet":"max-snippet:-1","max-image-preview":"max-image-preview:large","max-video-preview":"max-video-preview:-1"},"canonical":"https:\/\/nivegy.com\/de\/impresszum\/","og_locale":"de_DE","og_type":"article","og_title":"Impressum - Nivegy.com","og_description":"Impresszum fel\u00fclet\u00fcnk\u00f6n megtal\u00e1lhat\u00f3 a weboldalt \u00fczemeltet\u0151k \u00e9s a t\u00e1rhelyszolg\u00e1ltat\u00f3 telefonos, illetve az elektronikus el\u00e9rhet\u0151s\u00e9ge is.","og_url":"https:\/\/nivegy.com\/de\/impresszum\/","og_site_name":"Nivegy.com","article_publisher":"https:\/\/www.facebook.com\/nivegy","article_modified_time":"2024-08-05T12:11:20+00:00","twitter_card":"summary_large_image","twitter_misc":{"Gesch\u00e4tzte Lesezeit":"1\u00a0Minute"},"schema":{"@context":"https:\/\/schema.org","@graph":[{"@type":"WebPage","@id":"https:\/\/nivegy.com\/de\/impresszum\/","url":"https:\/\/nivegy.com\/de\/impresszum\/","name":"Impressum - Nivegy.com","isPartOf":{"@id":"https:\/\/nivegy.com\/#website"},"datePublished":"2023-05-15T18:20:58+00:00","dateModified":"2024-08-05T12:11:20+00:00","description":"Impresszum fel\u00fclet\u00fcnk\u00f6n megtal\u00e1lhat\u00f3 a weboldalt \u00fczemeltet\u0151k \u00e9s a t\u00e1rhelyszolg\u00e1ltat\u00f3 telefonos, illetve az elektronikus el\u00e9rhet\u0151s\u00e9ge is.","breadcrumb":{"@id":"https:\/\/nivegy.com\/de\/impresszum\/#breadcrumb"},"inLanguage":"de","potentialAction":[{"@type":"ReadAction","target":["https:\/\/nivegy.com\/de\/impresszum\/"]}]},{"@type":"BreadcrumbList","@id":"https:\/\/nivegy.com\/de\/impresszum\/#breadcrumb","itemListElement":[{"@type":"ListItem","position":1,"name":"Kezd\u0151lap","item":"https:\/\/nivegy.com\/de\/"},{"@type":"ListItem","position":2,"name":"Impressum"}]},{"@type":"WebSite","@id":"https:\/\/nivegy.com\/#website","url":"https:\/\/nivegy.com\/","name":"Nivegy.com","description":"Egy v\u00f6lgy, \u00f6t falu, v\u00e9gtelen csoda","potentialAction":[{"@type":"SearchAction","target":{"@type":"EntryPoint","urlTemplate":"https:\/\/nivegy.com\/?s={search_term_string}"},"query-input":{"@type":"PropertyValueSpecification","valueRequired":true,"valueName":"search_term_string"}}],"inLanguage":"de"}]}},"_links":{"self":[{"href":"https:\/\/nivegy.com\/de\/wp-json\/wp\/v2\/pages\/4914","targetHints":{"allow":["GET"]}}],"collection":[{"href":"https:\/\/nivegy.com\/de\/wp-json\/wp\/v2\/pages"}],"about":[{"href":"https:\/\/nivegy.com\/de\/wp-json\/wp\/v2\/types\/page"}],"author":[{"embeddable":true,"href":"https:\/\/nivegy.com\/de\/wp-json\/wp\/v2\/users\/1"}],"replies":[{"embeddable":true,"href":"https:\/\/nivegy.com\/de\/wp-json\/wp\/v2\/comments?post=4914"}],"version-history":[{"count":2,"href":"https:\/\/nivegy.com\/de\/wp-json\/wp\/v2\/pages\/4914\/revisions"}],"predecessor-version":[{"id":5682,"href":"https:\/\/nivegy.com\/de\/wp-json\/wp\/v2\/pages\/4914\/revisions\/5682"}],"wp:attachment":[{"href":"https:\/\/nivegy.com\/de\/wp-json\/wp\/v2\/media?parent=4914"}],"curies":[{"name":"wp","href":"https:\/\/api.w.org\/{rel}","templated":true}]}}